{"id":1215,"date":"2023-11-14T11:34:50","date_gmt":"2023-11-14T11:34:50","guid":{"rendered":"https:\/\/candasmimarlik.com\/group\/gezenonline\/?page_id=1215"},"modified":"2024-04-09T11:05:19","modified_gmt":"2024-04-09T11:05:19","slug":"bayilik-bilgi-talep","status":"publish","type":"page","link":"https:\/\/candasmimarlik.com\/group\/gezenonline\/bayilik-bilgi-talep\/","title":{"rendered":"Bayilik Bilgi Talep"},"content":{"rendered":"\n<p><strong>1. Vizyon:<\/strong> &#8220;Yerel i\u015fletmelere dijital d\u00f6n\u00fc\u015f\u00fcmle b\u00fcy\u00fcme ve ba\u015far\u0131 f\u0131rsatlar\u0131 sunarak m\u00fc\u015fterilere kolayl\u0131k ve kaliteli hizmet sa\u011flamak.&#8221;<\/p>\n\n\n\n<p><strong>2. Misyon:<\/strong><\/p>\n\n\n\n<ul class=\"wp-block-list\">\n<li>Yerel i\u015fletmelerin dijital d\u00f6n\u00fc\u015f\u00fcm s\u00fcrecinde liderlik etmek ve i\u015f ortaklar\u0131m\u0131za de\u011fer katmak.<\/li>\n\n\n\n<li>M\u00fc\u015fterilere \u00e7e\u015fitli \u00fcr\u00fcn ve hizmet se\u00e7enekleri sunarak, ihtiya\u00e7lar\u0131n\u0131 en iyi \u015fekilde kar\u015f\u0131lamak.<\/li>\n<\/ul>\n\n\n\n<p><strong>3. De\u011ferler:<\/strong><\/p>\n\n\n\n<ul class=\"wp-block-list\">\n<li>\u0130\u015fbirli\u011fi ve Destek: \u0130\u015f ortaklar\u0131m\u0131za g\u00fcvenilir bir ortak olarak destek olmak ve birlikte b\u00fcy\u00fcmek.<\/li>\n\n\n\n<li>Kalite ve M\u00fc\u015fteri Memnuniyeti: Y\u00fcksek kaliteli \u00fcr\u00fcn ve hizmet sunarak m\u00fc\u015fterilerin memnuniyetini sa\u011flamak.<\/li>\n\n\n\n<li>\u0130novasyon ve Teknoloji: S\u00fcrekli olarak yenilik\u00e7i \u00e7\u00f6z\u00fcmler geli\u015ftirerek dijital pazaryerlerinde \u00f6nc\u00fc olmak.<\/li>\n\n\n\n<li>S\u00fcrd\u00fcr\u00fclebilirlik: \u00c7evreye duyarl\u0131 i\u015f uygulamalar\u0131yla topluma ve \u00e7evreye katk\u0131da bulunmak.<\/li>\n<\/ul>\n\n\n\n<p><strong>GEZEN ONL\u0130NE Bayilik Sistemi<\/strong><\/p>\n\n\n\n<p>GEZEN ONL\u0130NE olarak, yerel i\u015fletmelere dijital d\u00f6n\u00fc\u015f\u00fcmle b\u00fcy\u00fcme f\u0131rsatlar\u0131 sunuyoruz.<\/p>\n\n\n\n<ul class=\"wp-block-list\">\n<li>Bayilik program\u0131m\u0131zla, yerel i\u015fletmelere kendi markam\u0131z alt\u0131nda sat\u0131\u015f yapma imkan\u0131 sa\u011fl\u0131yoruz.<\/li>\n\n\n\n<li>Sundu\u011fumuz tedarik, sat\u0131\u015f y\u00f6netimi ve kurye hizmetleriyle i\u015f ortaklar\u0131m\u0131z\u0131n ba\u015far\u0131l\u0131 olmas\u0131n\u0131 destekliyoruz.<\/li>\n\n\n\n<li>M\u00fc\u015fteri memnuniyeti odakl\u0131 yakla\u015f\u0131m\u0131m\u0131z ve yenilik\u00e7i \u00e7\u00f6z\u00fcmlerimizle pazarda \u00f6ne \u00e7\u0131k\u0131yoruz.<\/li>\n<\/ul>\n\n\n\n<hr class=\"wp-block-separator has-alpha-channel-opacity\"\/>\n\n\n\n<p>Sizler de mevcut i\u015fyerinizle veya yeni a\u00e7aca\u011f\u0131n\u0131z i\u015fyerinizle aram\u0131za kat\u0131lmak isterseniz a\u015fa\u011f\u0131daki formu doldurup bize g\u00f6nderiniz. Veya ileti\u015fim bilgilerimizden bize ula\u015f\u0131n\u0131z.<\/p>\n\n\n","protected":false},"excerpt":{"rendered":"<p>1. Vizyon: &#8220;Yerel i\u015fletmelere dijital d\u00f6n\u00fc\u015f\u00fcmle b\u00fcy\u00fcme ve ba\u015far\u0131 f\u0131rsatlar\u0131 sunarak m\u00fc\u015fterilere kolayl\u0131k ve kaliteli hizmet sa\u011flamak.&#8221; 2. Misyon: 3. [&hellip;]<\/p>\n","protected":false},"author":1,"featured_media":0,"parent":0,"menu_order":0,"comment_status":"closed","ping_status":"closed","template":"","meta":{"site-sidebar-layout":"default","site-content-layout":"","ast-site-content-layout":"default","site-content-style":"default","site-sidebar-style":"default","ast-global-header-display":"","ast-banner-title-visibility":"","ast-main-header-display":"","ast-hfb-above-header-display":"","ast-hfb-below-header-display":"","ast-hfb-mobile-header-display":"","site-post-title":"","ast-breadcrumbs-content":"","ast-featured-img":"","footer-sml-layout":"","ast-disable-related-posts":"","theme-transparent-header-meta":"","adv-header-id-meta":"","stick-header-meta":"","header-above-stick-meta":"","header-main-stick-meta":"","header-below-stick-meta":"","astra-migrate-meta-layouts":"default","ast-page-background-enabled":"default","ast-page-background-meta":{"desktop":{"background-color":"var(--ast-global-color-5)","background-image":"","background-repeat":"repeat","background-position":"center center","background-size":"auto","background-attachment":"scroll","background-type":"","background-media":"","overlay-type":"","overlay-color":"","overlay-opacity":"","overlay-gradient":""},"tablet":{"background-color":"","background-image":"","background-repeat":"repeat","background-position":"center center","background-size":"auto","background-attachment":"scroll","background-type":"","background-media":"","overlay-type":"","overlay-color":"","overlay-opacity":"","overlay-gradient":""},"mobile":{"background-color":"","background-image":"","background-repeat":"repeat","background-position":"center center","background-size":"auto","background-attachment":"scroll","background-type":"","background-media":"","overlay-type":"","overlay-color":"","overlay-opacity":"","overlay-gradient":""}},"ast-content-background-meta":{"desktop":{"background-color":"var(--ast-global-color-4)","background-image":"","background-repeat":"repeat","background-position":"center center","background-size":"auto","background-attachment":"scroll","background-type":"","background-media":"","overlay-type":"","overlay-color":"","overlay-opacity":"","overlay-gradient":""},"tablet":{"background-color":"var(--ast-global-color-4)","background-image":"","background-repeat":"repeat","background-position":"center center","background-size":"auto","background-attachment":"scroll","background-type":"","background-media":"","overlay-type":"","overlay-color":"","overlay-opacity":"","overlay-gradient":""},"mobile":{"background-color":"var(--ast-global-color-4)","background-image":"","background-repeat":"repeat","background-position":"center center","background-size":"auto","background-attachment":"scroll","background-type":"","background-media":"","overlay-type":"","overlay-color":"","overlay-opacity":"","overlay-gradient":""}},"_joinchat":[],"footnotes":""},"class_list":["post-1215","page","type-page","status-publish","hentry"],"jetpack-related-posts":[],"jetpack_sharing_enabled":true,"_links":{"self":[{"href":"https:\/\/candasmimarlik.com\/group\/gezenonline\/wp-json\/wp\/v2\/pages\/1215","targetHints":{"allow":["GET"]}}],"collection":[{"href":"https:\/\/candasmimarlik.com\/group\/gezenonline\/wp-json\/wp\/v2\/pages"}],"about":[{"href":"https:\/\/candasmimarlik.com\/group\/gezenonline\/wp-json\/wp\/v2\/types\/page"}],"author":[{"embeddable":true,"href":"https:\/\/candasmimarlik.com\/group\/gezenonline\/wp-json\/wp\/v2\/users\/1"}],"replies":[{"embeddable":true,"href":"https:\/\/candasmimarlik.com\/group\/gezenonline\/wp-json\/wp\/v2\/comments?post=1215"}],"version-history":[{"count":5,"href":"https:\/\/candasmimarlik.com\/group\/gezenonline\/wp-json\/wp\/v2\/pages\/1215\/revisions"}],"predecessor-version":[{"id":1283,"href":"https:\/\/candasmimarlik.com\/group\/gezenonline\/wp-json\/wp\/v2\/pages\/1215\/revisions\/1283"}],"wp:attachment":[{"href":"https:\/\/candasmimarlik.com\/group\/gezenonline\/wp-json\/wp\/v2\/media?parent=1215"}],"curies":[{"name":"wp","href":"https:\/\/api.w.org\/{rel}","templated":true}]}}