{"id":1636,"date":"2024-07-11T10:42:38","date_gmt":"2024-07-11T10:42:38","guid":{"rendered":"https:\/\/candasmimarlik.com\/group\/gezenonline\/?page_id=1636"},"modified":"2024-07-11T11:03:10","modified_gmt":"2024-07-11T11:03:10","slug":"geomer","status":"publish","type":"page","link":"https:\/\/candasmimarlik.com\/group\/gezenonline\/geomer\/","title":{"rendered":"GeoMer (Gezen Operasyon Merkezleri)"},"content":{"rendered":"\n<p>&#8220;Yerel Operasyon G\u00fcc\u00fcn\u00fcz&#8221;<\/p>\n\n\n\n<h3 class=\"wp-block-heading\"><strong>Gezen Online Yerel Operasyon Merkezleri Stratejik Plan\u0131<\/strong><\/h3>\n\n\n\n<h4 class=\"wp-block-heading\"><strong>1. Stratejik Plan<\/strong><\/h4>\n\n\n\n<p><strong>Ama\u00e7 ve Vizyon:<\/strong><\/p>\n\n\n\n<ul class=\"wp-block-list\">\n<li><strong>Ama\u00e7:<\/strong> Gezen Online yerel operasyon merkezleri, her 10 km&#8217;de bir kurularak 5 km \u00e7ap\u0131nda etkin hizmet sa\u011flayacak ve h\u0131zl\u0131, g\u00fcvenilir teslimat, y\u00fcksek m\u00fc\u015fteri memnuniyeti ve operasyonel verimlilik hedefleyecek.<\/li>\n\n\n\n<li><strong>Vizyon:<\/strong> Yerel pazarda lider konumda olmak ve s\u00fcrd\u00fcr\u00fclebilir bir i\u015f modeli ile m\u00fc\u015fteri taleplerine h\u0131zl\u0131 ve kaliteli cevap verebilmek.<\/li>\n<\/ul>\n\n\n\n<p><strong>Stratejik Hedefler:<\/strong><\/p>\n\n\n\n<ol class=\"wp-block-list\">\n<li><strong>H\u0131zl\u0131 Teslimat:<\/strong> 5 km \u00e7ap\u0131nda yerel teslimat s\u00fcresini 30 dakika i\u00e7inde ger\u00e7ekle\u015ftirmek.<\/li>\n\n\n\n<li><strong>Y\u00fcksek M\u00fc\u015fteri Memnuniyeti:<\/strong> M\u00fc\u015fteri memnuniyetini %90&#8217;\u0131n \u00fczerinde tutmak.<\/li>\n\n\n\n<li><strong>Operasyonel Verimlilik:<\/strong> Her merkezde %85&#8217;lik bir operasyonel verimlilik sa\u011flamak.<\/li>\n\n\n\n<li><strong>B\u00fcy\u00fcme:<\/strong> \u0130lk y\u0131l i\u00e7inde 10 merkez kurmak ve 3. y\u0131l\u0131n sonunda 30&#8217;a \u00e7\u0131karmak.<\/li>\n<\/ol>\n\n\n\n<p><strong>De\u011ferler:<\/strong><\/p>\n\n\n\n<ol class=\"wp-block-list\">\n<li><strong>M\u00fc\u015fteri Odakl\u0131l\u0131k:<\/strong> M\u00fc\u015fteri memnuniyetini en y\u00fcksek \u00f6ncelik olarak belirlemek.<\/li>\n\n\n\n<li><strong>\u015eeffafl\u0131k:<\/strong> \u0130\u015f s\u00fcre\u00e7lerinde ve ileti\u015fimde a\u00e7\u0131k ve d\u00fcr\u00fcst olmak.<\/li>\n\n\n\n<li><strong>Kalite:<\/strong> Y\u00fcksek kalite standartlar\u0131n\u0131 s\u00fcrekli olarak sa\u011flamak ve geli\u015ftirmek.<\/li>\n\n\n\n<li><strong>S\u00fcrd\u00fcr\u00fclebilirlik:<\/strong> \u00c7evre dostu operasyonlar ve topluma katk\u0131 sa\u011flamak.<\/li>\n<\/ol>\n\n\n\n<h4 class=\"wp-block-heading\"><strong>2. Optimizasyon Plan\u0131<\/strong><\/h4>\n\n\n\n<p><strong>Altyap\u0131 ve Ekipman:<\/strong><\/p>\n\n\n\n<ul class=\"wp-block-list\">\n<li><strong>Teslimat Ara\u00e7lar\u0131:<\/strong> Elektrikli ara\u00e7lar veya yak\u0131t tasarruflu ara\u00e7lar kullanmak.<\/li>\n\n\n\n<li><strong>Depolama Alanlar\u0131:<\/strong> Stok y\u00f6netimini optimize etmek i\u00e7in ak\u0131ll\u0131 raf sistemleri ve otomasyon kullanmak.<\/li>\n\n\n\n<li><strong>Teknoloji:<\/strong> Sipari\u015f ve lojistik s\u00fcre\u00e7lerini otomatikle\u015ftirmek i\u00e7in geli\u015fmi\u015f yaz\u0131l\u0131m \u00e7\u00f6z\u00fcmleri kullanmak.<\/li>\n<\/ul>\n\n\n\n<p><strong>Operasyonel Verimlilik:<\/strong><\/p>\n\n\n\n<ul class=\"wp-block-list\">\n<li><strong>E\u011fitim:<\/strong> Personeli d\u00fczenli olarak e\u011fitmek ve performanslar\u0131n\u0131 izlemek.<\/li>\n\n\n\n<li><strong>\u0130zleme ve Raporlama:<\/strong> Performans verilerini s\u00fcrekli izlemek ve analiz ederek iyile\u015ftirme yapmak.<\/li>\n<\/ul>\n\n\n\n<p><strong>Tedarik Zinciri Y\u00f6netimi:<\/strong><\/p>\n\n\n\n<ul class=\"wp-block-list\">\n<li><strong>Yerel Tedarik\u00e7iler:<\/strong> Tedarik zincirini k\u0131saltarak teslimat s\u00fcrelerini ve maliyetlerini azaltmak.<\/li>\n\n\n\n<li><strong>Stok Y\u00f6netimi:<\/strong> Talep tahmini ve dinamik stok y\u00f6netimi ile envanter seviyelerini optimize etmek.<\/li>\n<\/ul>\n","protected":false},"excerpt":{"rendered":"<p>&#8220;Yerel Operasyon G\u00fcc\u00fcn\u00fcz&#8221; Gezen Online Yerel Operasyon Merkezleri Stratejik Plan\u0131 1. Stratejik Plan Ama\u00e7 ve Vizyon: Stratejik Hedefler: De\u011ferler: 2. [&hellip;]<\/p>\n","protected":false},"author":1,"featured_media":0,"parent":0,"menu_order":0,"comment_status":"closed","ping_status":"closed","template":"","meta":{"site-sidebar-layout":"default","site-content-layout":"","ast-site-content-layout":"default","site-content-style":"default","site-sidebar-style":"default","ast-global-header-display":"","ast-banner-title-visibility":"","ast-main-header-display":"","ast-hfb-above-header-display":"","ast-hfb-below-header-display":"","ast-hfb-mobile-header-display":"","site-post-title":"","ast-breadcrumbs-content":"","ast-featured-img":"","footer-sml-layout":"","ast-disable-related-posts":"","theme-transparent-header-meta":"","adv-header-id-meta":"","stick-header-meta":"","header-above-stick-meta":"","header-main-stick-meta":"","header-below-stick-meta":"","astra-migrate-meta-layouts":"default","ast-page-background-enabled":"default","ast-page-background-meta":{"desktop":{"background-color":"var(--ast-global-color-5)","background-image":"","background-repeat":"repeat","background-position":"center center","background-size":"auto","background-attachment":"scroll","background-type":"","background-media":"","overlay-type":"","overlay-color":"","overlay-opacity":"","overlay-gradient":""},"tablet":{"background-color":"","background-image":"","background-repeat":"repeat","background-position":"center center","background-size":"auto","background-attachment":"scroll","background-type":"","background-media":"","overlay-type":"","overlay-color":"","overlay-opacity":"","overlay-gradient":""},"mobile":{"background-color":"","background-image":"","background-repeat":"repeat","background-position":"center center","background-size":"auto","background-attachment":"scroll","background-type":"","background-media":"","overlay-type":"","overlay-color":"","overlay-opacity":"","overlay-gradient":""}},"ast-content-background-meta":{"desktop":{"background-color":"var(--ast-global-color-4)","background-image":"","background-repeat":"repeat","background-position":"center center","background-size":"auto","background-attachment":"scroll","background-type":"","background-media":"","overlay-type":"","overlay-color":"","overlay-opacity":"","overlay-gradient":""},"tablet":{"background-color":"var(--ast-global-color-4)","background-image":"","background-repeat":"repeat","background-position":"center center","background-size":"auto","background-attachment":"scroll","background-type":"","background-media":"","overlay-type":"","overlay-color":"","overlay-opacity":"","overlay-gradient":""},"mobile":{"background-color":"var(--ast-global-color-4)","background-image":"","background-repeat":"repeat","background-position":"center center","background-size":"auto","background-attachment":"scroll","background-type":"","background-media":"","overlay-type":"","overlay-color":"","overlay-opacity":"","overlay-gradient":""}},"_joinchat":[],"footnotes":""},"class_list":["post-1636","page","type-page","status-publish","hentry"],"jetpack-related-posts":[],"jetpack_sharing_enabled":true,"_links":{"self":[{"href":"https:\/\/candasmimarlik.com\/group\/gezenonline\/wp-json\/wp\/v2\/pages\/1636","targetHints":{"allow":["GET"]}}],"collection":[{"href":"https:\/\/candasmimarlik.com\/group\/gezenonline\/wp-json\/wp\/v2\/pages"}],"about":[{"href":"https:\/\/candasmimarlik.com\/group\/gezenonline\/wp-json\/wp\/v2\/types\/page"}],"author":[{"embeddable":true,"href":"https:\/\/candasmimarlik.com\/group\/gezenonline\/wp-json\/wp\/v2\/users\/1"}],"replies":[{"embeddable":true,"href":"https:\/\/candasmimarlik.com\/group\/gezenonline\/wp-json\/wp\/v2\/comments?post=1636"}],"version-history":[{"count":3,"href":"https:\/\/candasmimarlik.com\/group\/gezenonline\/wp-json\/wp\/v2\/pages\/1636\/revisions"}],"predecessor-version":[{"id":1643,"href":"https:\/\/candasmimarlik.com\/group\/gezenonline\/wp-json\/wp\/v2\/pages\/1636\/revisions\/1643"}],"wp:attachment":[{"href":"https:\/\/candasmimarlik.com\/group\/gezenonline\/wp-json\/wp\/v2\/media?parent=1636"}],"curies":[{"name":"wp","href":"https:\/\/api.w.org\/{rel}","templated":true}]}}