{"id":1789,"date":"2024-10-23T11:16:19","date_gmt":"2024-10-23T11:16:19","guid":{"rendered":"https:\/\/candasmimarlik.com\/group\/gezenonline\/?page_id=1789"},"modified":"2024-10-23T11:30:26","modified_gmt":"2024-10-23T11:30:26","slug":"toplulugumuza-katilin-whatsapp-gruplari-ile-birlikte-guclenelim","status":"publish","type":"page","link":"https:\/\/candasmimarlik.com\/group\/gezenonline\/toplulugumuza-katilin-whatsapp-gruplari-ile-birlikte-guclenelim\/","title":{"rendered":"Toplulu\u011fumuza Kat\u0131l\u0131n: WhatsApp Gruplar\u0131 ile Birlikte G\u00fc\u00e7lenelim!"},"content":{"rendered":"\n<p>Projelerimizi daha etkin bir \u015fekilde y\u00f6netmek ve siz de\u011ferli \u00fcyelerimize h\u0131zl\u0131 ileti\u015fim sa\u011flamak amac\u0131yla WhatsApp gruplar\u0131m\u0131z\u0131 olu\u015fturduk. Siz de bizimle daha yak\u0131ndan ileti\u015fimde olmak, yerel projelere katk\u0131 sa\u011flamak ve toplulu\u011fumuzun bir par\u00e7as\u0131 olmak istiyorsan\u0131z, size uygun WhatsApp grubumuza kat\u0131labilirsiniz.<\/p>\n\n\n\n<h4 class=\"wp-block-heading\"><strong>Gruplar\u0131m\u0131za Kat\u0131lman\u0131n Avantajlar\u0131:<\/strong><\/h4>\n\n\n\n<ul class=\"wp-block-list\">\n<li>Projelerimiz hakk\u0131nda anl\u0131k duyurular ve geli\u015fmelerden haberdar olursunuz.<\/li>\n\n\n\n<li>Yerel i\u015fbirlikleri ve topluluk etkinlikleri hakk\u0131nda bilgi al\u0131rs\u0131n\u0131z.<\/li>\n\n\n\n<li>\u00dcretici, tedarik\u00e7i ve di\u011fer i\u015f ortaklar\u0131yla direkt ileti\u015fim kurars\u0131n\u0131z.<\/li>\n\n\n\n<li>E\u011fitimler ve bilgilendirme i\u00e7erikleriyle kendinizi geli\u015ftirme f\u0131rsat\u0131 yakalars\u0131n\u0131z.<\/li>\n\n\n\n<li>Geri bildirimlerinizi do\u011frudan y\u00f6netici ekibe ileterek projeye katk\u0131da bulunabilirsiniz.<\/li>\n<\/ul>\n\n\n\n<h4 class=\"wp-block-heading\"><strong>Kat\u0131l\u0131m S\u00fcreci:<\/strong><\/h4>\n\n\n\n<p>WhatsApp gruplar\u0131m\u0131z kapal\u0131 topluluk modeliyle \u00e7al\u0131\u015fmaktad\u0131r, dolay\u0131s\u0131yla belirli bir s\u00fcre\u00e7 sonunda kat\u0131l\u0131m onaylanacakt\u0131r. A\u015fa\u011f\u0131daki ba\u011flant\u0131lar arac\u0131l\u0131\u011f\u0131yla kat\u0131lmak istedi\u011finiz grubu se\u00e7ebilir ve toplulu\u011fumuzun bir par\u00e7as\u0131 olabilirsiniz:<\/p>\n\n\n\n<ul class=\"wp-block-list\">\n<li><strong><a>Genel&nbsp;Bilgilendirme&nbsp;Grubu<\/a><\/strong>&nbsp;Projelerimiz hakk\u0131nda genel duyurular ve geli\u015fmeler i\u00e7in bu gruba kat\u0131labilirsiniz.<\/li>\n\n\n\n<li><strong><a>\u00dcretici&nbsp;ve&nbsp;Tedarik\u00e7i&nbsp;Grubu<\/a><\/strong>&nbsp;Projemizde \u00fcretici ya da tedarik\u00e7i olarak yer almak istiyorsan\u0131z, bu grupta yerinizi al\u0131n.<\/li>\n\n\n\n<li><strong><a>Topluluk&nbsp;Kat\u0131l\u0131m\u0131&nbsp;ve&nbsp;Geri&nbsp;Bildirim&nbsp;Grubu<\/a><\/strong>&nbsp;Projemize katk\u0131da bulunmak, geri bildirim ve \u00f6nerilerinizi payla\u015fmak i\u00e7in bu gruba kat\u0131labilirsiniz.<\/li>\n<\/ul>\n\n\n\n<p>Her bir grubumuzda yer almak i\u00e7in l\u00fctfen a\u015fa\u011f\u0131daki formu doldurun. Ekibimiz, kat\u0131l\u0131m talebinizi inceleyerek en k\u0131sa s\u00fcrede onaylayacakt\u0131r. Siz de toplulu\u011fumuzun bir par\u00e7as\u0131 olun ve projelerimizde aktif rol oynay\u0131n!<\/p>\n\n\n\n<h4 class=\"wp-block-heading\"><strong>Kat\u0131l\u0131m Formu:<\/strong><\/h4>\n\n\n\n<p>\ud83d\udc49&nbsp;<strong><a>Formu&nbsp;Doldurun&nbsp;ve&nbsp;WhatsApp&nbsp;Grubuna&nbsp;Kat\u0131l\u0131n!<\/a><\/strong><\/p>\n\n\n\n<p>Topluluklar\u0131m\u0131z, t\u00fcm \u00fclkede mahalle ve k\u00f6y bazl\u0131 yerel \u00f6l\u00e7eklerde olacakt\u0131r. Siz de b\u00fcnyemizde kendi&nbsp;<strong>Topluluk Grubu<\/strong>&#8216;nuzu kurmak isterseniz, l\u00fctfen bizimle&nbsp;<strong>temasa ge\u00e7iniz<\/strong>.<\/p>\n\n\n\n\n\n<p><\/p>\n","protected":false},"excerpt":{"rendered":"<p>Projelerimizi daha etkin bir \u015fekilde y\u00f6netmek ve siz de\u011ferli \u00fcyelerimize h\u0131zl\u0131 ileti\u015fim sa\u011flamak amac\u0131yla WhatsApp gruplar\u0131m\u0131z\u0131 olu\u015fturduk. Siz de bizimle [&hellip;]<\/p>\n","protected":false},"author":1,"featured_media":0,"parent":0,"menu_order":0,"comment_status":"closed","ping_status":"closed","template":"","meta":{"site-sidebar-layout":"default","site-content-layout":"","ast-site-content-layout":"default","site-content-style":"default","site-sidebar-style":"default","ast-global-header-display":"","ast-banner-title-visibility":"","ast-main-header-display":"","ast-hfb-above-header-display":"","ast-hfb-below-header-display":"","ast-hfb-mobile-header-display":"","site-post-title":"","ast-breadcrumbs-content":"","ast-featured-img":"","footer-sml-layout":"","ast-disable-related-posts":"","theme-transparent-header-meta":"","adv-header-id-meta":"","stick-header-meta":"","header-above-stick-meta":"","header-main-stick-meta":"","header-below-stick-meta":"","astra-migrate-meta-layouts":"default","ast-page-background-enabled":"default","ast-page-background-meta":{"desktop":{"background-color":"var(--ast-global-color-5)","background-image":"","background-repeat":"repeat","background-position":"center center","background-size":"auto","background-attachment":"scroll","background-type":"","background-media":"","overlay-type":"","overlay-color":"","overlay-opacity":"","overlay-gradient":""},"tablet":{"background-color":"","background-image":"","background-repeat":"repeat","background-position":"center center","background-size":"auto","background-attachment":"scroll","background-type":"","background-media":"","overlay-type":"","overlay-color":"","overlay-opacity":"","overlay-gradient":""},"mobile":{"background-color":"","background-image":"","background-repeat":"repeat","background-position":"center center","background-size":"auto","background-attachment":"scroll","background-type":"","background-media":"","overlay-type":"","overlay-color":"","overlay-opacity":"","overlay-gradient":""}},"ast-content-background-meta":{"desktop":{"background-color":"var(--ast-global-color-4)","background-image":"","background-repeat":"repeat","background-position":"center center","background-size":"auto","background-attachment":"scroll","background-type":"","background-media":"","overlay-type":"","overlay-color":"","overlay-opacity":"","overlay-gradient":""},"tablet":{"background-color":"var(--ast-global-color-4)","background-image":"","background-repeat":"repeat","background-position":"center center","background-size":"auto","background-attachment":"scroll","background-type":"","background-media":"","overlay-type":"","overlay-color":"","overlay-opacity":"","overlay-gradient":""},"mobile":{"background-color":"var(--ast-global-color-4)","background-image":"","background-repeat":"repeat","background-position":"center center","background-size":"auto","background-attachment":"scroll","background-type":"","background-media":"","overlay-type":"","overlay-color":"","overlay-opacity":"","overlay-gradient":""}},"_joinchat":[],"footnotes":""},"class_list":["post-1789","page","type-page","status-publish","hentry"],"jetpack-related-posts":[],"jetpack_sharing_enabled":true,"_links":{"self":[{"href":"https:\/\/candasmimarlik.com\/group\/gezenonline\/wp-json\/wp\/v2\/pages\/1789","targetHints":{"allow":["GET"]}}],"collection":[{"href":"https:\/\/candasmimarlik.com\/group\/gezenonline\/wp-json\/wp\/v2\/pages"}],"about":[{"href":"https:\/\/candasmimarlik.com\/group\/gezenonline\/wp-json\/wp\/v2\/types\/page"}],"author":[{"embeddable":true,"href":"https:\/\/candasmimarlik.com\/group\/gezenonline\/wp-json\/wp\/v2\/users\/1"}],"replies":[{"embeddable":true,"href":"https:\/\/candasmimarlik.com\/group\/gezenonline\/wp-json\/wp\/v2\/comments?post=1789"}],"version-history":[{"count":3,"href":"https:\/\/candasmimarlik.com\/group\/gezenonline\/wp-json\/wp\/v2\/pages\/1789\/revisions"}],"predecessor-version":[{"id":1800,"href":"https:\/\/candasmimarlik.com\/group\/gezenonline\/wp-json\/wp\/v2\/pages\/1789\/revisions\/1800"}],"wp:attachment":[{"href":"https:\/\/candasmimarlik.com\/group\/gezenonline\/wp-json\/wp\/v2\/media?parent=1789"}],"curies":[{"name":"wp","href":"https:\/\/api.w.org\/{rel}","templated":true}]}}