{"id":2,"date":"2023-05-26T16:05:28","date_gmt":"2023-05-26T16:05:28","guid":{"rendered":"https:\/\/candasmimarlik.com\/group\/gezenonline\/?page_id=2"},"modified":"2025-10-13T16:59:11","modified_gmt":"2025-10-13T16:59:11","slug":"iletisim","status":"publish","type":"page","link":"https:\/\/candasmimarlik.com\/group\/gezenonline\/iletisim\/","title":{"rendered":"\u0130leti\u015fim"},"content":{"rendered":"\t\t<div data-elementor-type=\"wp-page\" data-elementor-id=\"2\" class=\"elementor elementor-2\">\n\t\t\t\t\t\t<section class=\"elementor-section elementor-top-section elementor-element elementor-element-3e4796b4 elementor-section-boxed elementor-section-height-default elementor-section-height-default\" data-id=\"3e4796b4\" data-element_type=\"section\" data-e-type=\"section\">\n\t\t\t\t\t\t<div class=\"elementor-container elementor-column-gap-default\">\n\t\t\t\t\t<div class=\"elementor-column elementor-col-100 elementor-top-column elementor-element elementor-element-56f302b8\" data-id=\"56f302b8\" data-element_type=\"column\" data-e-type=\"column\">\n\t\t\t<div class=\"elementor-widget-wrap elementor-element-populated\">\n\t\t\t\t\t\t<div class=\"elementor-element elementor-element-73de5ccb elementor-widget elementor-widget-text-editor\" data-id=\"73de5ccb\" data-element_type=\"widget\" data-e-type=\"widget\" data-widget_type=\"text-editor.default\">\n\t\t\t\t<div class=\"elementor-widget-container\">\n\t\t\t\t\t\t\t\t\t\n<p style=\"text-align: center;\"><strong>Gezen Online<\/strong> ekibine ula\u015f\u0131n.<br data-start=\"4589\" data-end=\"4592\" \/>Franchise ba\u015fvurular\u0131, i\u015f ortakl\u0131\u011f\u0131 teklifleri, tedarik\u00e7i kay\u0131tlar\u0131 veya kurumsal i\u015fbirlikleri i\u00e7in ileti\u015fim kanallar\u0131m\u0131z\u0131 kullanabilirsiniz.<\/p>\n<p style=\"text-align: center;\">Bizimle birlikte yeni yolculuklara \u00e7\u0131kmak i\u00e7in a\u015fa\u011f\u0131daki ileti\u015fim bilgilerimizden bize ula\u015fabilirsiniz.<\/p>\n\n<p style=\"text-align: center;\"><a href=\"mailto:gezenonline34@gmail.com\">gezenonline34@gmail.com<\/a><\/p>\n\n<p>\u00a0<\/p>\n\t\t\t\t\t\t\t\t<\/div>\n\t\t\t\t<\/div>\n\t\t\t\t\t<\/div>\n\t\t<\/div>\n\t\t\t\t\t<\/div>\n\t\t<\/section>\n\t\t<div class=\"elementor-element elementor-element-82056dc e-grid e-con-boxed e-con e-parent\" data-id=\"82056dc\" data-element_type=\"container\" data-e-type=\"container\">\n\t\t\t\t\t<div class=\"e-con-inner\">\n\t\t\t\t<div class=\"elementor-element elementor-element-596adab elementor-widget elementor-widget-text-editor\" data-id=\"596adab\" data-element_type=\"widget\" data-e-type=\"widget\" data-widget_type=\"text-editor.default\">\n\t\t\t\t<div class=\"elementor-widget-container\">\n\t\t\t\t\t\t\t\t\t<div class=\"wp-block-column has-text-color has-background has-link-color\" style=\"color: #000000; background-color: #ffe97d; padding: 2em;\">\n<h2 id=\"single\" class=\"wp-block-heading\" style=\"font-size: 40px;\"><strong>Bayiilik<\/strong><\/h2>\n<p><!-- \/wp:heading --><!-- wp:paragraph {\"style\":{\"typography\":{\"lineHeight\":\"1.5\"}},\"fontSize\":\"normal\"} --><\/p>\n<p class=\"has-normal-font-size\" style=\"line-height: 1.5;\"><strong>B\u00fcy\u00fcyen toplulu\u011fumuzu zenginle\u015ftirin.<\/strong><\/p>\n<p><!-- \/wp:paragraph --><!-- wp:separator {\"opacity\":\"css\",\"style\":{\"color\":{\"background\":\"#000000\"}},\"className\":\"is-style-wide\"} --><\/p>\n<hr class=\"wp-block-separator has-text-color has-css-opacity has-background is-style-wide\" style=\"background-color: #000000; color: #000000;\" \/>\n<p><!-- \/wp:separator --><!-- wp:list {\"fontSize\":\"normal\"} --><\/p>\n<ul class=\"has-normal-font-size\">\n<li style=\"list-style-type: none;\">\n<ul class=\"has-normal-font-size\"><!-- wp:list-item --><\/ul>\n<\/li>\n<\/ul>\n<ul class=\"has-normal-font-size\">\n<li style=\"list-style-type: none;\">\n<ul class=\"has-normal-font-size\">\n<li>Verimli \u0130\u015finiz Olsun<\/li>\n<\/ul>\n<\/li>\n<\/ul>\n<p><!-- \/wp:list-item --><!-- wp:list-item --><\/p>\n<ul class=\"has-normal-font-size\">\n<li style=\"list-style-type: none;\">\n<ul class=\"has-normal-font-size\">\n<li>Avantajlarla \u00d6ne Ge\u00e7in<\/li>\n<\/ul>\n<\/li>\n<\/ul>\n<p><!-- \/wp:list-item --><!-- wp:list-item --><\/p>\n<ul class=\"has-normal-font-size\">\n<li style=\"list-style-type: none;\">\n<ul class=\"has-normal-font-size\">\n<li>Birlikte B\u00fcy\u00fcy\u00fcn<\/li>\n<\/ul>\n<\/li>\n<\/ul>\n<p><!-- \/wp:list-item --><\/p>\n<p><!-- \/wp:list --><!-- wp:buttons {\"align\":\"full\",\"layout\":{\"type\":\"flex\",\"justifyContent\":\"center\",\"orientation\":\"horizontal\"}} --><\/p>\n<div class=\"wp-block-buttons alignfull\">\n<p><!-- wp:button {\"textColor\":\"white\",\"width\":100,\"style\":{\"color\":{\"background\":\"#000000\"},\"border\":{\"radius\":0}}} --><\/p>\n<p><!-- \/wp:button --><\/p>\n<\/div>\n<p><!-- \/wp:buttons --><\/p>\n<\/div>\n<p><!-- \/wp:column --><!-- wp:column {\"style\":{\"color\":{\"background\":\"#d1d1e1\",\"text\":\"#000000\"},\"elements\":{\"link\":{\"color\":{\"text\":\"#000000\"}}},\"spacing\":{\"padding\":{\"top\":\"2em\",\"right\":\"2em\",\"bottom\":\"2em\",\"left\":\"2em\"}}}} --><\/p>\n<div class=\"wp-block-column has-text-color has-background has-link-color\" style=\"color: #000000; background-color: #d1d1e1; padding: 2em;\">\n<p><!-- wp:paragraph {\"align\":\"left\",\"style\":{\"typography\":{\"fontSize\":\"40px\"}}} --><\/p>\n<p class=\"has-text-align-left\" style=\"font-size: 40px;\"><strong>\u0130\u015f Ba\u015fvurusu<\/strong><\/p>\n<p><!-- \/wp:paragraph --><!-- wp:paragraph {\"style\":{\"typography\":{\"lineHeight\":\"1.5\"}},\"fontSize\":\"normal\"} --><\/p>\n<p class=\"has-normal-font-size\" style=\"line-height: 1.5;\">Aram\u0131za Kat\u0131l\u0131n<\/p>\n<p><!-- \/wp:paragraph --><!-- wp:separator {\"opacity\":\"css\",\"className\":\"is-style-wide\"} --><\/p>\n<hr class=\"wp-block-separator has-css-opacity is-style-wide\" \/>\n<p><!-- \/wp:separator --><!-- wp:list {\"fontSize\":\"normal\"} --><\/p>\n<ul class=\"has-normal-font-size\">\n<li style=\"list-style-type: none;\">\n<ul class=\"has-normal-font-size\"><!-- wp:list-item --><\/ul>\n<\/li>\n<\/ul>\n<ul class=\"has-normal-font-size\">\n<li style=\"list-style-type: none;\">\n<ul class=\"has-normal-font-size\">\n<li>G\u00fcvenli \u0130\u015fler<\/li>\n<\/ul>\n<\/li>\n<\/ul>\n<p><!-- \/wp:list-item --><!-- wp:list-item --><\/p>\n<ul class=\"has-normal-font-size\">\n<li style=\"list-style-type: none;\">\n<ul class=\"has-normal-font-size\">\n<li>S\u00fcrd\u00fcr\u00fclebilirlik<\/li>\n<\/ul>\n<\/li>\n<\/ul>\n<p><!-- \/wp:list-item --><!-- wp:list-item --><\/p>\n<ul class=\"has-normal-font-size\">\n<li style=\"list-style-type: none;\">\n<ul class=\"has-normal-font-size\">\n<li>\u00c7a\u011fda\u015f \u0130\u015f Ortamlar\u0131<\/li>\n<\/ul>\n<\/li>\n<\/ul>\n<p><!-- \/wp:list-item --><!-- wp:list-item --><\/p>\n<ul class=\"has-normal-font-size\">\n<li style=\"list-style-type: none;\">\n<ul class=\"has-normal-font-size\">\n<li>\u0130yi Gelir<\/li>\n<\/ul>\n<\/li>\n<\/ul>\n<p><!-- \/wp:list-item --><!-- wp:list-item --><\/p>\n<ul class=\"has-normal-font-size\">\n<li style=\"list-style-type: none;\">\n<ul class=\"has-normal-font-size\">\n<li>Geli\u015fmeye A\u00e7\u0131k<\/li>\n<\/ul>\n<\/li>\n<\/ul>\n<p><!-- \/wp:list-item --><\/p>\n<p><!-- \/wp:list --><!-- wp:buttons {\"align\":\"full\",\"layout\":{\"type\":\"flex\",\"justifyContent\":\"center\",\"orientation\":\"horizontal\"}} --><\/p>\n<div class=\"wp-block-buttons alignfull\">\n<p><!-- wp:button {\"textColor\":\"white\",\"width\":100,\"style\":{\"color\":{\"background\":\"#000000\"},\"border\":{\"radius\":0}},\"className\":\"is-style-fill\"} --><\/p>\n<p><!-- \/wp:button --><\/p>\n<\/div>\n<p><!-- \/wp:buttons --><\/p>\n<\/div>\n<p><!-- \/wp:column --><!-- wp:column {\"style\":{\"color\":{\"background\":\"#c0ebf1\",\"text\":\"#000000\"},\"elements\":{\"link\":{\"color\":{\"text\":\"#000000\"}}},\"spacing\":{\"padding\":{\"top\":\"2em\",\"right\":\"2em\",\"bottom\":\"2em\",\"left\":\"2em\"}}}} --><\/p>\n<div class=\"wp-block-column has-text-color has-background has-link-color\" style=\"color: #000000; background-color: #c0ebf1; padding: 2em;\">\n<p><!-- wp:heading {\"style\":{\"typography\":{\"fontSize\":\"40px\"}}} --><\/p>\n<h2 id=\"patron\" class=\"wp-block-heading\" style=\"font-size: 40px;\">Yat\u0131r\u0131mc\u0131<\/h2>\n<p><!-- \/wp:heading --><!-- wp:paragraph {\"fontSize\":\"normal\"} --><\/p>\n<p class=\"has-normal-font-size\"><strong>Varl\u0131\u011f\u0131n\u0131z\u0131 bir sonraki d\u00fczeye \u00e7\u0131kar\u0131n.<\/strong><\/p>\n<p><!-- \/wp:paragraph --><!-- wp:separator {\"opacity\":\"css\",\"className\":\"is-style-wide\"} --><\/p>\n<hr class=\"wp-block-separator has-css-opacity is-style-wide\" \/>\n<p><!-- \/wp:separator --><!-- wp:list {\"fontSize\":\"normal\"} --><\/p>\n<ul class=\"has-normal-font-size\">\n<li style=\"list-style-type: none;\">\n<ul class=\"has-normal-font-size\"><!-- wp:list-item --><\/ul>\n<\/li>\n<\/ul>\n<ul class=\"has-normal-font-size\">\n<li style=\"list-style-type: none;\">\n<ul class=\"has-normal-font-size\">\n<li>Verimli Yat\u0131r\u0131m<\/li>\n<\/ul>\n<\/li>\n<\/ul>\n<p><!-- \/wp:list-item --><!-- wp:list-item --><\/p>\n<ul class=\"has-normal-font-size\">\n<li style=\"list-style-type: none;\">\n<ul class=\"has-normal-font-size\">\n<li>S\u00fcrd\u00fcr\u00fclebilirlik<\/li>\n<\/ul>\n<\/li>\n<\/ul>\n<p><!-- \/wp:list-item --><!-- wp:list-item --><\/p>\n<ul class=\"has-normal-font-size\">\n<li style=\"list-style-type: none;\">\n<ul class=\"has-normal-font-size\">\n<li>Birlikte B\u00fcy\u00fcmek i\u00e7in<\/li>\n<\/ul>\n<\/li>\n<\/ul>\n<p><!-- \/wp:list-item --><\/p>\n<p><!-- \/wp:list --><!-- wp:buttons {\"align\":\"full\",\"layout\":{\"type\":\"flex\",\"justifyContent\":\"center\",\"orientation\":\"horizontal\"}} --><\/p>\n<div class=\"wp-block-buttons alignfull\">\n<p><!-- wp:button {\"textColor\":\"white\",\"width\":100,\"style\":{\"color\":{\"background\":\"#000000\"},\"border\":{\"radius\":0}}} --><\/p>\n<\/div>\n<\/div>\t\t\t\t\t\t\t\t<\/div>\n\t\t\t\t<\/div>\n\t\t\t\t\t<\/div>\n\t\t\t\t<\/div>\n\t\t\t\t<\/div>\n\t\t","protected":false},"excerpt":{"rendered":"<p>Gezen Online ekibine ula\u015f\u0131n.Franchise ba\u015fvurular\u0131, i\u015f ortakl\u0131\u011f\u0131 teklifleri, tedarik\u00e7i kay\u0131tlar\u0131 veya kurumsal i\u015fbirlikleri i\u00e7in ileti\u015fim kanallar\u0131m\u0131z\u0131 kullanabilirsiniz. Bizimle birlikte yeni [&hellip;]<\/p>\n","protected":false},"author":1,"featured_media":0,"parent":0,"menu_order":0,"comment_status":"closed","ping_status":"closed","template":"elementor_header_footer","meta":{"site-sidebar-layout":"default","site-content-layout":"","ast-site-content-layout":"default","site-content-style":"default","site-sidebar-style":"default","ast-global-header-display":"","ast-banner-title-visibility":"","ast-main-header-display":"","ast-hfb-above-header-display":"","ast-hfb-below-header-display":"","ast-hfb-mobile-header-display":"","site-post-title":"","ast-breadcrumbs-content":"","ast-featured-img":"","footer-sml-layout":"","ast-disable-related-posts":"","theme-transparent-header-meta":"","adv-header-id-meta":"","stick-header-meta":"","header-above-stick-meta":"","header-main-stick-meta":"","header-below-stick-meta":"","astra-migrate-meta-layouts":"default","ast-page-background-enabled":"default","ast-page-background-meta":{"desktop":{"background-color":"var(--ast-global-color-5)","background-image":"","background-repeat":"repeat","background-position":"center center","background-size":"auto","background-attachment":"scroll","background-type":"","background-media":"","overlay-type":"","overlay-color":"","overlay-opacity":"","overlay-gradient":""},"tablet":{"background-color":"","background-image":"","background-repeat":"repeat","background-position":"center center","background-size":"auto","background-attachment":"scroll","background-type":"","background-media":"","overlay-type":"","overlay-color":"","overlay-opacity":"","overlay-gradient":""},"mobile":{"background-color":"","background-image":"","background-repeat":"repeat","background-position":"center center","background-size":"auto","background-attachment":"scroll","background-type":"","background-media":"","overlay-type":"","overlay-color":"","overlay-opacity":"","overlay-gradient":""}},"ast-content-background-meta":{"desktop":{"background-color":"var(--ast-global-color-4)","background-image":"","background-repeat":"repeat","background-position":"center center","background-size":"auto","background-attachment":"scroll","background-type":"","background-media":"","overlay-type":"","overlay-color":"","overlay-opacity":"","overlay-gradient":""},"tablet":{"background-color":"var(--ast-global-color-4)","background-image":"","background-repeat":"repeat","background-position":"center center","background-size":"auto","background-attachment":"scroll","background-type":"","background-media":"","overlay-type":"","overlay-color":"","overlay-opacity":"","overlay-gradient":""},"mobile":{"background-color":"var(--ast-global-color-4)","background-image":"","background-repeat":"repeat","background-position":"center center","background-size":"auto","background-attachment":"scroll","background-type":"","background-media":"","overlay-type":"","overlay-color":"","overlay-opacity":"","overlay-gradient":""}},"_joinchat":[],"footnotes":""},"class_list":["post-2","page","type-page","status-publish","hentry"],"jetpack-related-posts":[],"jetpack_sharing_enabled":true,"_links":{"self":[{"href":"https:\/\/candasmimarlik.com\/group\/gezenonline\/wp-json\/wp\/v2\/pages\/2","targetHints":{"allow":["GET"]}}],"collection":[{"href":"https:\/\/candasmimarlik.com\/group\/gezenonline\/wp-json\/wp\/v2\/pages"}],"about":[{"href":"https:\/\/candasmimarlik.com\/group\/gezenonline\/wp-json\/wp\/v2\/types\/page"}],"author":[{"embeddable":true,"href":"https:\/\/candasmimarlik.com\/group\/gezenonline\/wp-json\/wp\/v2\/users\/1"}],"replies":[{"embeddable":true,"href":"https:\/\/candasmimarlik.com\/group\/gezenonline\/wp-json\/wp\/v2\/comments?post=2"}],"version-history":[{"count":16,"href":"https:\/\/candasmimarlik.com\/group\/gezenonline\/wp-json\/wp\/v2\/pages\/2\/revisions"}],"predecessor-version":[{"id":2219,"href":"https:\/\/candasmimarlik.com\/group\/gezenonline\/wp-json\/wp\/v2\/pages\/2\/revisions\/2219"}],"wp:attachment":[{"href":"https:\/\/candasmimarlik.com\/group\/gezenonline\/wp-json\/wp\/v2\/media?parent=2"}],"curies":[{"name":"wp","href":"https:\/\/api.w.org\/{rel}","templated":true}]}}