{"id":2175,"date":"2025-10-13T15:28:06","date_gmt":"2025-10-13T15:28:06","guid":{"rendered":"https:\/\/candasmimarlik.com\/group\/gezenonline\/?page_id=2175"},"modified":"2025-10-13T16:16:43","modified_gmt":"2025-10-13T16:16:43","slug":"hakkimizda","status":"publish","type":"page","link":"https:\/\/candasmimarlik.com\/group\/gezenonline\/hakkimizda\/","title":{"rendered":"Hakk\u0131m\u0131zda"},"content":{"rendered":"\n<p><strong>Vizyon &amp; Misyon:<\/strong><br>Dijital d\u00f6n\u00fc\u015f\u00fcmle yerel ekonomiyi g\u00fc\u00e7lendirmek, modern i\u015fletmeleri d\u00fc\u015f\u00fck maliyetle b\u00fcy\u00fctebilen s\u00fcrd\u00fcr\u00fclebilir bir sistem kurmak.<br>Gezen Online, merkezden y\u00f6netilen markalar\u0131yla hem giri\u015fimcilere hem t\u00fcketicilere entegre \u00e7\u00f6z\u00fcmler sunar.<\/p>\n\n\n\n<p><strong>\u0130\u015f Modelimiz:<\/strong> \u201c\u00c7ekirdek &amp; \u00c7evre Ekosistemi\u201d<br>Merkezde kendi markalar\u0131m\u0131z yer al\u0131r. \u00c7evredeki \u00fcretici, lojistik ve pazaryeri yap\u0131lar\u0131 ise bu merkeze veri ve deneyim ak\u0131\u015f\u0131 sa\u011flar.<\/p>\n\n\n\n<p><strong>Y\u00f6netim Yakla\u015f\u0131m\u0131:<\/strong><br>Merkezi liderlik, dijital koordinasyon ve yerel uygulama g\u00fcc\u00fcn\u00fc birle\u015ftiriyoruz.<br>Her markay\u0131 ayn\u0131 vizyonla, farkl\u0131 \u00f6l\u00e7eklerde y\u00f6netiyoruz.<\/p>\n\n\n\n<p><\/p>\n","protected":false},"excerpt":{"rendered":"<p>Vizyon &amp; Misyon:Dijital d\u00f6n\u00fc\u015f\u00fcmle yerel ekonomiyi g\u00fc\u00e7lendirmek, modern i\u015fletmeleri d\u00fc\u015f\u00fck maliyetle b\u00fcy\u00fctebilen s\u00fcrd\u00fcr\u00fclebilir bir sistem kurmak.Gezen Online, merkezden y\u00f6netilen markalar\u0131yla [&hellip;]<\/p>\n","protected":false},"author":1,"featured_media":0,"parent":0,"menu_order":0,"comment_status":"closed","ping_status":"closed","template":"","meta":{"site-sidebar-layout":"default","site-content-layout":"","ast-site-content-layout":"default","site-content-style":"default","site-sidebar-style":"default","ast-global-header-display":"","ast-banner-title-visibility":"","ast-main-header-display":"","ast-hfb-above-header-display":"","ast-hfb-below-header-display":"","ast-hfb-mobile-header-display":"","site-post-title":"","ast-breadcrumbs-content":"","ast-featured-img":"","footer-sml-layout":"","ast-disable-related-posts":"","theme-transparent-header-meta":"","adv-header-id-meta":"","stick-header-meta":"","header-above-stick-meta":"","header-main-stick-meta":"","header-below-stick-meta":"","astra-migrate-meta-layouts":"default","ast-page-background-enabled":"default","ast-page-background-meta":{"desktop":{"background-color":"var(--ast-global-color-5)","background-image":"","background-repeat":"repeat","background-position":"center center","background-size":"auto","background-attachment":"scroll","background-type":"","background-media":"","overlay-type":"","overlay-color":"","overlay-opacity":"","overlay-gradient":""},"tablet":{"background-color":"","background-image":"","background-repeat":"repeat","background-position":"center center","background-size":"auto","background-attachment":"scroll","background-type":"","background-media":"","overlay-type":"","overlay-color":"","overlay-opacity":"","overlay-gradient":""},"mobile":{"background-color":"","background-image":"","background-repeat":"repeat","background-position":"center center","background-size":"auto","background-attachment":"scroll","background-type":"","background-media":"","overlay-type":"","overlay-color":"","overlay-opacity":"","overlay-gradient":""}},"ast-content-background-meta":{"desktop":{"background-color":"var(--ast-global-color-4)","background-image":"","background-repeat":"repeat","background-position":"center center","background-size":"auto","background-attachment":"scroll","background-type":"","background-media":"","overlay-type":"","overlay-color":"","overlay-opacity":"","overlay-gradient":""},"tablet":{"background-color":"var(--ast-global-color-4)","background-image":"","background-repeat":"repeat","background-position":"center center","background-size":"auto","background-attachment":"scroll","background-type":"","background-media":"","overlay-type":"","overlay-color":"","overlay-opacity":"","overlay-gradient":""},"mobile":{"background-color":"var(--ast-global-color-4)","background-image":"","background-repeat":"repeat","background-position":"center center","background-size":"auto","background-attachment":"scroll","background-type":"","background-media":"","overlay-type":"","overlay-color":"","overlay-opacity":"","overlay-gradient":""}},"_joinchat":[],"footnotes":""},"class_list":["post-2175","page","type-page","status-publish","hentry"],"jetpack-related-posts":[],"jetpack_sharing_enabled":true,"_links":{"self":[{"href":"https:\/\/candasmimarlik.com\/group\/gezenonline\/wp-json\/wp\/v2\/pages\/2175","targetHints":{"allow":["GET"]}}],"collection":[{"href":"https:\/\/candasmimarlik.com\/group\/gezenonline\/wp-json\/wp\/v2\/pages"}],"about":[{"href":"https:\/\/candasmimarlik.com\/group\/gezenonline\/wp-json\/wp\/v2\/types\/page"}],"author":[{"embeddable":true,"href":"https:\/\/candasmimarlik.com\/group\/gezenonline\/wp-json\/wp\/v2\/users\/1"}],"replies":[{"embeddable":true,"href":"https:\/\/candasmimarlik.com\/group\/gezenonline\/wp-json\/wp\/v2\/comments?post=2175"}],"version-history":[{"count":2,"href":"https:\/\/candasmimarlik.com\/group\/gezenonline\/wp-json\/wp\/v2\/pages\/2175\/revisions"}],"predecessor-version":[{"id":2186,"href":"https:\/\/candasmimarlik.com\/group\/gezenonline\/wp-json\/wp\/v2\/pages\/2175\/revisions\/2186"}],"wp:attachment":[{"href":"https:\/\/candasmimarlik.com\/group\/gezenonline\/wp-json\/wp\/v2\/media?parent=2175"}],"curies":[{"name":"wp","href":"https:\/\/api.w.org\/{rel}","templated":true}]}}