{"id":108,"date":"2024-05-11T21:30:22","date_gmt":"2024-05-11T21:30:22","guid":{"rendered":"https:\/\/candasmimarlik.com\/group\/tarim\/bizimkoy\/?page_id=108"},"modified":"2024-05-11T22:04:00","modified_gmt":"2024-05-11T22:04:00","slug":"yerlesim-nufusu-ve-alan-miktari-analizi","status":"publish","type":"page","link":"https:\/\/candasmimarlik.com\/group\/tarim\/bizimkoy\/?page_id=108","title":{"rendered":"Yerle\u015fim N\u00fcfusu ve Alan Miktar\u0131 Analizi"},"content":{"rendered":"<figure class=\"wp-block-image alignfull size-full\"><img loading=\"lazy\" decoding=\"async\" width=\"700\" height=\"933\" src=\"https:\/\/candasmimarlik.com\/group\/tarim\/bizimkoy\/wp-content\/uploads\/2024\/05\/ciftlik-6.jpeg\" alt=\"\" class=\"wp-image-139\" srcset=\"https:\/\/candasmimarlik.com\/group\/tarim\/bizimkoy\/wp-content\/uploads\/2024\/05\/ciftlik-6.jpeg 700w, https:\/\/candasmimarlik.com\/group\/tarim\/bizimkoy\/wp-content\/uploads\/2024\/05\/ciftlik-6-600x800.jpeg 600w, https:\/\/candasmimarlik.com\/group\/tarim\/bizimkoy\/wp-content\/uploads\/2024\/05\/ciftlik-6-225x300.jpeg 225w\" sizes=\"(max-width: 700px) 100vw, 700px\" \/><\/figure><p>S\u00fcrd\u00fcr\u00fclebilir bir yerle\u015fim projesi i\u00e7in uygun n\u00fcfus b\u00fcy\u00fckl\u00fc\u011f\u00fc ve alan miktar\u0131, bir\u00e7ok fakt\u00f6re ba\u011fl\u0131 olarak de\u011fi\u015febilir. Ancak, genel olarak, s\u00fcrd\u00fcr\u00fclebilir bir topluluk i\u00e7in \u00f6nerilen n\u00fcfus b\u00fcy\u00fckl\u00fc\u011f\u00fc ve alan miktar\u0131 a\u015fa\u011f\u0131daki k\u0131lavuzlara dayanarak belirlenebilir:<\/p><ol><li><strong>N\u00fcfus B\u00fcy\u00fckl\u00fc\u011f\u00fc:<\/strong><ul><li>S\u00fcrd\u00fcr\u00fclebilir bir topluluk i\u00e7in ideal n\u00fcfus b\u00fcy\u00fckl\u00fc\u011f\u00fc genellikle 100 ila 300 aras\u0131nda de\u011fi\u015febilir. Bu, toplulu\u011fun sosyal etkile\u015fimleri, dayan\u0131\u015fmas\u0131 ve karar alma s\u00fcre\u00e7lerinin kat\u0131l\u0131mc\u0131l\u0131\u011f\u0131n\u0131 korumak i\u00e7in uygun bir b\u00fcy\u00fckl\u00fckt\u00fcr.<\/li><\/ul><\/li>\n\n<li><strong>Alan Miktar\u0131:<\/strong><ul><li>Topluluk i\u00e7in gereken alan miktar\u0131, n\u00fcfus b\u00fcy\u00fckl\u00fc\u011f\u00fcne, tar\u0131msal ve di\u011fer faaliyetler i\u00e7in ayr\u0131lacak alanlara, ye\u015fil alanlara ve altyap\u0131 ihtiya\u00e7lar\u0131na ba\u011fl\u0131 olarak de\u011fi\u015fir.<\/li>\n\n<li>Ortalama olarak, s\u00fcrd\u00fcr\u00fclebilir bir topluluk i\u00e7in gereken alan miktar\u0131 genellikle 100 ila 500 d\u00f6n\u00fcm aras\u0131nda olabilir. Ancak, topluluk ihtiya\u00e7lar\u0131na ve proje hedeflerine ba\u011fl\u0131 olarak bu miktar de\u011fi\u015febilir.<\/li><\/ul><\/li><\/ol><p>Bu k\u0131lavuzlar, s\u00fcrd\u00fcr\u00fclebilir bir yerle\u015fim projesi i\u00e7in ba\u015flang\u0131\u00e7 \u200b\u200bnoktas\u0131 olarak kullan\u0131labilir. Ancak, her proje i\u00e7in \u00f6zelle\u015ftirilmi\u015f bir yakla\u015f\u0131m gereklidir. Topluluk ihtiya\u00e7lar\u0131, do\u011fal kaynaklar, tar\u0131msal potansiyel ve di\u011fer fakt\u00f6rler dikkate al\u0131narak n\u00fcfus b\u00fcy\u00fckl\u00fc\u011f\u00fc ve alan miktar\u0131 belirlenmelidir.<\/p><p>Belirledi\u011fimiz alanlarda geli\u015ftirece\u011fimiz projelerle ilgili bilgileri web sayfam\u0131zda payla\u015farak ba\u015fvurular\u0131 alaca\u011f\u0131z.<\/p>","protected":false},"excerpt":{"rendered":"<p>S\u00fcrd\u00fcr\u00fclebilir bir yerle\u015fim projesi i\u00e7in uygun n\u00fcfus b\u00fcy\u00fckl\u00fc\u011f\u00fc ve alan miktar\u0131, bir\u00e7ok fakt\u00f6re ba\u011fl\u0131 olarak de\u011fi\u015febilir. Ancak, genel olarak, s\u00fcrd\u00fcr\u00fclebilir bir topluluk i\u00e7in \u00f6nerilen n\u00fcfus b\u00fcy\u00fckl\u00fc\u011f\u00fc ve alan miktar\u0131 a\u015fa\u011f\u0131daki k\u0131lavuzlara dayanarak belirlenebilir: Bu k\u0131lavuzlar, s\u00fcrd\u00fcr\u00fclebilir bir yerle\u015fim projesi i\u00e7in ba\u015flang\u0131\u00e7 \u200b\u200bnoktas\u0131 olarak kullan\u0131labilir. Ancak, her proje i\u00e7in \u00f6zelle\u015ftirilmi\u015f bir yakla\u015f\u0131m gereklidir. Topluluk ihtiya\u00e7lar\u0131, do\u011fal [&hellip;]<\/p>\n","protected":false},"author":1,"featured_media":0,"parent":0,"menu_order":0,"comment_status":"closed","ping_status":"closed","template":"","meta":{"footnotes":""},"jetpack_sharing_enabled":true,"_links":{"self":[{"href":"https:\/\/candasmimarlik.com\/group\/tarim\/bizimkoy\/index.php?rest_route=\/wp\/v2\/pages\/108"}],"collection":[{"href":"https:\/\/candasmimarlik.com\/group\/tarim\/bizimkoy\/index.php?rest_route=\/wp\/v2\/pages"}],"about":[{"href":"https:\/\/candasmimarlik.com\/group\/tarim\/bizimkoy\/index.php?rest_route=\/wp\/v2\/types\/page"}],"author":[{"embeddable":true,"href":"https:\/\/candasmimarlik.com\/group\/tarim\/bizimkoy\/index.php?rest_route=\/wp\/v2\/users\/1"}],"replies":[{"embeddable":true,"href":"https:\/\/candasmimarlik.com\/group\/tarim\/bizimkoy\/index.php?rest_route=%2Fwp%2Fv2%2Fcomments&post=108"}],"version-history":[{"count":2,"href":"https:\/\/candasmimarlik.com\/group\/tarim\/bizimkoy\/index.php?rest_route=\/wp\/v2\/pages\/108\/revisions"}],"predecessor-version":[{"id":140,"href":"https:\/\/candasmimarlik.com\/group\/tarim\/bizimkoy\/index.php?rest_route=\/wp\/v2\/pages\/108\/revisions\/140"}],"wp:attachment":[{"href":"https:\/\/candasmimarlik.com\/group\/tarim\/bizimkoy\/index.php?rest_route=%2Fwp%2Fv2%2Fmedia&parent=108"}],"curies":[{"name":"wp","href":"https:\/\/api.w.org\/{rel}","templated":true}]}}