{"id":23,"date":"2021-08-25T11:03:25","date_gmt":"2021-08-25T11:03:25","guid":{"rendered":"https:\/\/candasmimarlik.com\/group\/tarim\/bizimkoy\/?page_id=23"},"modified":"2024-05-11T23:12:34","modified_gmt":"2024-05-11T23:12:34","slug":"iletisim","status":"publish","type":"page","link":"https:\/\/candasmimarlik.com\/group\/tarim\/bizimkoy\/?page_id=23","title":{"rendered":"\u0130leti\u015fim"},"content":{"rendered":"<p><strong>CANDA\u015e KIRSAL YA\u015eAM GEL\u0130\u015eT\u0130RME PROJELER\u0130 -MERKEZ OF\u0130S<\/strong><\/p><p>\u00c7engelk\u00f6y Mah Ordu Cad&nbsp; No:1\/B \u00dcsk\u00fcdar-\u0130stanbul<\/p><p>Mernis: 0200045288500001<\/p><p>Tic Sicil No: 273625-5<\/p><p>T: 0 216 422 44 02&nbsp;&nbsp;&nbsp; F: 0 216 422 44 06&nbsp; &nbsp; &nbsp; Mobil: 0 533 663 92 02<\/p><p>Kurumsal WhatsApp :<\/p><p>0 216 422 44 02<\/p><p>bizimkoy@candasmimarlik.com<\/p><div class=\"wpforms-container wpforms-container-full wpforms-block\" id=\"wpforms-242\"><form id=\"wpforms-form-242\" class=\"wpforms-validate wpforms-form wpforms-ajax-form\" data-formid=\"242\" method=\"post\" enctype=\"multipart\/form-data\" action=\"\/group\/tarim\/bizimkoy\/index.php?rest_route=%2Fwp%2Fv2%2Fpages%2F23\" data-token=\"76c3d3f92818d594452adb5b6fbe069f\" data-token-time=\"1776707694\"><div class=\"wpforms-head-container\"><div class=\"wpforms-title\">B\u0130LG\u0130 FORMU <\/div><\/div><noscript class=\"wpforms-error-noscript\">Bu formu bitirebilmek i\u00e7in taray\u0131c\u0131n\u0131zda JavaScript&#039;i etkinle\u015ftirin.<\/noscript><div class=\"wpforms-field-container\"><div id=\"wpforms-242-field_1-container\" class=\"wpforms-field wpforms-field-name\" data-field-id=\"1\"><label class=\"wpforms-field-label\" for=\"wpforms-242-field_1\">Ad Soyad <span class=\"wpforms-required-label\">*<\/span><\/label><div class=\"wpforms-field-row wpforms-field-medium\"><div class=\"wpforms-field-row-block wpforms-first wpforms-one-half\"><input type=\"text\" id=\"wpforms-242-field_1\" class=\"wpforms-field-name-first wpforms-field-required\" name=\"wpforms[fields][1][first]\" required><label for=\"wpforms-242-field_1\" class=\"wpforms-field-sublabel after wpforms-sublabel-hide\">Ad<\/label><\/div><div class=\"wpforms-field-row-block wpforms-one-half\"><input type=\"text\" id=\"wpforms-242-field_1-last\" class=\"wpforms-field-name-last wpforms-field-required\" name=\"wpforms[fields][1][last]\" required><label for=\"wpforms-242-field_1-last\" class=\"wpforms-field-sublabel after wpforms-sublabel-hide\">Soyad<\/label><\/div><\/div><\/div><div id=\"wpforms-242-field_2-container\" class=\"wpforms-field wpforms-field-number\" data-field-id=\"2\"><label class=\"wpforms-field-label\" for=\"wpforms-242-field_2\">Telefon <span class=\"wpforms-required-label\">*<\/span><\/label><input type=\"number\" id=\"wpforms-242-field_2\" class=\"wpforms-field-medium wpforms-field-required\" name=\"wpforms[fields][2]\" step=\"any\" required><\/div><div id=\"wpforms-242-field_4-container\" class=\"wpforms-field wpforms-field-email\" data-field-id=\"4\"><label class=\"wpforms-field-label\" for=\"wpforms-242-field_4\">Email <span class=\"wpforms-required-label\">*<\/span><\/label><input type=\"email\" id=\"wpforms-242-field_4\" class=\"wpforms-field-medium wpforms-field-required\" name=\"wpforms[fields][4]\" spellcheck=\"false\" required><\/div><div id=\"wpforms-242-field_5-container\" class=\"wpforms-field wpforms-field-checkbox\" data-field-id=\"5\"><label class=\"wpforms-field-label\"> Size Ula\u015fabilmemiz \u0130\u00e7in \u0130zniniz  <span class=\"wpforms-required-label\">*<\/span><\/label><ul id=\"wpforms-242-field_5\" class=\"wpforms-field-required\"><li class=\"choice-1 depth-1\"><input type=\"checkbox\" id=\"wpforms-242-field_5_1\" name=\"wpforms[fields][5][]\" value=\"Onayl\u0131yorum\" required ><label class=\"wpforms-field-label-inline\" for=\"wpforms-242-field_5_1\">Onayl\u0131yorum<\/label><\/li><\/ul><div class=\"wpforms-field-description\">Ki\u015fisel Verilerimin 6698 say\u0131l\u0131 Ki\u015fisel Verilerin Korunmas\u0131 Kanunu&#8217;na uygun olarak Canda\u015f Mimarl\u0131k \u0130n\u015faat Ltd \u015eti taraf\u0131ndan, gerekli bilgilerin yasalar gere\u011fince muhafazas\u0131, Canda\u015f Mimarl\u0131k \u0130n\u015faat Ltd \u015eti&#8217;nin \u00fcr\u00fcn \/ hizmet sunmas\u0131, tedarik\u00e7i ya da \u00fcreticilerden \u00fcr\u00fcn ve\/veya hizmet tedariki sa\u011flamas\u0131 ve\/veya bu konuda s\u00f6zle\u015fmeli ya da s\u00f6zle\u015fmesiz ticari ili\u015fkilerin kurulmas\u0131 ve ifa edilmesi, web siteleri ve pazarlama i\u00e7in bilgilerimi kaydetmek, k\u00e2\u011f\u0131t \u00fczerinde veya elektronik ortamda ger\u00e7ekle\u015ftirilecek i\u015f ve i\u015flemlere dayanak olacak bilgi ve belgeleri d\u00fczenlenmesi gibi ama\u00e7lar\u0131n ger\u00e7ekle\u015ftirilmesi i\u00e7in her t\u00fcrl\u00fc kanallar arac\u0131l\u0131\u011f\u0131yla i\u015flenmesine ve kanuni ya da hizmete ve\/veya i\u015f ili\u015fkisine ba\u011fl\u0131 fiili gereklilikler halinde yurti\u00e7i veya yurtd\u0131\u015f\u0131ndaki \u00fc\u00e7\u00fcnc\u00fc ki\u015filere payla\u015f\u0131lmas\u0131na a\u00e7\u0131k r\u0131zamla onay veriyorum. <\/div><\/div><\/div><!-- .wpforms-field-container --><div class=\"wpforms-submit-container\" ><input type=\"hidden\" name=\"wpforms[id]\" value=\"242\"><input type=\"hidden\" name=\"page_title\" value=\"\"><input type=\"hidden\" name=\"page_url\" value=\"https:\/\/candasmimarlik.com\/group\/tarim\/bizimkoy\/index.php?rest_route=\/wp\/v2\/pages\/23\"><input type=\"hidden\" name=\"url_referer\" value=\"\"><button type=\"submit\" name=\"wpforms[submit]\" id=\"wpforms-submit-242\" class=\"wpforms-submit\" data-alt-text=\"G\u00f6nderiliyor\" data-submit-text=\"G\u00f6nder\" aria-live=\"assertive\" value=\"wpforms-submit\">G\u00f6nder<\/button><img loading=\"lazy\" decoding=\"async\" src=\"https:\/\/candasmimarlik.com\/group\/tarim\/bizimkoy\/wp-content\/plugins\/wpforms-lite\/assets\/images\/submit-spin.svg\" class=\"wpforms-submit-spinner\" style=\"display: none;\" width=\"26\" height=\"26\" alt=\"Y\u00fckleniyor\"><\/div><\/form><\/div>  <!-- .wpforms-container -->","protected":false},"excerpt":{"rendered":"<p>CANDA\u015e KIRSAL YA\u015eAM GEL\u0130\u015eT\u0130RME PROJELER\u0130 -MERKEZ OF\u0130S \u00c7engelk\u00f6y Mah Ordu Cad&nbsp; No:1\/B \u00dcsk\u00fcdar-\u0130stanbul Mernis: 0200045288500001 Tic Sicil No: 273625-5 T: 0 216 422 44 02&nbsp;&nbsp;&nbsp; F: 0 216 422 44 06&nbsp; &nbsp; &nbsp; Mobil: 0 533 663 92 02 Kurumsal WhatsApp : 0 216 422 44 02 bizimkoy@candasmimarlik.com<\/p>\n","protected":false},"author":1,"featured_media":0,"parent":0,"menu_order":0,"comment_status":"closed","ping_status":"closed","template":"","meta":{"footnotes":""},"jetpack_sharing_enabled":true,"_links":{"self":[{"href":"https:\/\/candasmimarlik.com\/group\/tarim\/bizimkoy\/index.php?rest_route=\/wp\/v2\/pages\/23"}],"collection":[{"href":"https:\/\/candasmimarlik.com\/group\/tarim\/bizimkoy\/index.php?rest_route=\/wp\/v2\/pages"}],"about":[{"href":"https:\/\/candasmimarlik.com\/group\/tarim\/bizimkoy\/index.php?rest_route=\/wp\/v2\/types\/page"}],"author":[{"embeddable":true,"href":"https:\/\/candasmimarlik.com\/group\/tarim\/bizimkoy\/index.php?rest_route=\/wp\/v2\/users\/1"}],"replies":[{"embeddable":true,"href":"https:\/\/candasmimarlik.com\/group\/tarim\/bizimkoy\/index.php?rest_route=%2Fwp%2Fv2%2Fcomments&post=23"}],"version-history":[{"count":5,"href":"https:\/\/candasmimarlik.com\/group\/tarim\/bizimkoy\/index.php?rest_route=\/wp\/v2\/pages\/23\/revisions"}],"predecessor-version":[{"id":246,"href":"https:\/\/candasmimarlik.com\/group\/tarim\/bizimkoy\/index.php?rest_route=\/wp\/v2\/pages\/23\/revisions\/246"}],"wp:attachment":[{"href":"https:\/\/candasmimarlik.com\/group\/tarim\/bizimkoy\/index.php?rest_route=%2Fwp%2Fv2%2Fmedia&parent=23"}],"curies":[{"name":"wp","href":"https:\/\/api.w.org\/{rel}","templated":true}]}}