{"id":274,"date":"2024-06-20T17:31:25","date_gmt":"2024-06-20T17:31:25","guid":{"rendered":"https:\/\/candasmimarlik.com\/group\/tarim\/bizimkoy\/?page_id=274"},"modified":"2024-06-20T17:47:21","modified_gmt":"2024-06-20T17:47:21","slug":"kaynaklar-ve-isbirlikleri","status":"publish","type":"page","link":"https:\/\/candasmimarlik.com\/group\/tarim\/bizimkoy\/?page_id=274","title":{"rendered":"Kaynaklar ve \u0130\u015fbirlikleri"},"content":{"rendered":"<p><\/p><p><strong>Finansal Kaynaklar:<\/strong> Yat\u0131r\u0131mc\u0131larla g\u00f6r\u00fc\u015fmeler yapmak, devlet destekleri ve fonlardan faydalanmak.<\/p><p><strong>\u0130\u015fbirlikleri:<\/strong> Yerel y\u00f6netimler, \u00fcniversiteler, STK&#8217;lar ve di\u011fer payda\u015flarla stratejik i\u015fbirlikleri geli\u015ftirmek.<\/p>","protected":false},"excerpt":{"rendered":"<p>Finansal Kaynaklar: Yat\u0131r\u0131mc\u0131larla g\u00f6r\u00fc\u015fmeler yapmak, devlet destekleri ve fonlardan faydalanmak. \u0130\u015fbirlikleri: Yerel y\u00f6netimler, \u00fcniversiteler, STK&#8217;lar ve di\u011fer payda\u015flarla stratejik i\u015fbirlikleri geli\u015ftirmek.<\/p>\n","protected":false},"author":1,"featured_media":0,"parent":0,"menu_order":0,"comment_status":"closed","ping_status":"closed","template":"","meta":{"footnotes":""},"jetpack_sharing_enabled":true,"_links":{"self":[{"href":"https:\/\/candasmimarlik.com\/group\/tarim\/bizimkoy\/index.php?rest_route=\/wp\/v2\/pages\/274"}],"collection":[{"href":"https:\/\/candasmimarlik.com\/group\/tarim\/bizimkoy\/index.php?rest_route=\/wp\/v2\/pages"}],"about":[{"href":"https:\/\/candasmimarlik.com\/group\/tarim\/bizimkoy\/index.php?rest_route=\/wp\/v2\/types\/page"}],"author":[{"embeddable":true,"href":"https:\/\/candasmimarlik.com\/group\/tarim\/bizimkoy\/index.php?rest_route=\/wp\/v2\/users\/1"}],"replies":[{"embeddable":true,"href":"https:\/\/candasmimarlik.com\/group\/tarim\/bizimkoy\/index.php?rest_route=%2Fwp%2Fv2%2Fcomments&post=274"}],"version-history":[{"count":2,"href":"https:\/\/candasmimarlik.com\/group\/tarim\/bizimkoy\/index.php?rest_route=\/wp\/v2\/pages\/274\/revisions"}],"predecessor-version":[{"id":292,"href":"https:\/\/candasmimarlik.com\/group\/tarim\/bizimkoy\/index.php?rest_route=\/wp\/v2\/pages\/274\/revisions\/292"}],"wp:attachment":[{"href":"https:\/\/candasmimarlik.com\/group\/tarim\/bizimkoy\/index.php?rest_route=%2Fwp%2Fv2%2Fmedia&parent=274"}],"curies":[{"name":"wp","href":"https:\/\/api.w.org\/{rel}","templated":true}]}}