{"id":283,"date":"2024-06-20T17:34:00","date_gmt":"2024-06-20T17:34:00","guid":{"rendered":"https:\/\/candasmimarlik.com\/group\/tarim\/bizimkoy\/?page_id=283"},"modified":"2024-06-20T17:39:50","modified_gmt":"2024-06-20T17:39:50","slug":"butce-plani","status":"publish","type":"page","link":"https:\/\/candasmimarlik.com\/group\/tarim\/bizimkoy\/?page_id=283","title":{"rendered":"B\u00fct\u00e7e Plan\u0131"},"content":{"rendered":"<p><\/p><h3 class=\"wp-block-heading\">\u00d6rnek B\u00fct\u00e7e (2024)<\/h3><p><strong>A. Yat\u0131r\u0131m Maliyetleri:<\/strong><\/p><ol><li><strong>Arazi Al\u0131m\u0131 ve Geli\u015ftirme:<\/strong><ul><li>Tar\u0131m i\u00e7in kullan\u0131lacak arazi: 50.000 TL\/d\u00f6n\u00fcm x 10 d\u00f6n\u00fcm = 500.000 TL<\/li>\n\n<li>G\u00fcne\u015f enerjisi santrali i\u00e7in kullan\u0131lacak arazi: 150.000 TL\/d\u00f6n\u00fcm x 5 d\u00f6n\u00fcm = 750.000 TL<\/li>\n\n<li>Turizm tesisleri i\u00e7in kullan\u0131lacak arazi: 200.000 TL\/d\u00f6n\u00fcm x 3 d\u00f6n\u00fcm = 600.000 TL<\/li><\/ul><\/li>\n\n<li><strong>Altyap\u0131 ve Ekipman:<\/strong><ul><li>G\u00fcne\u015f enerjisi santrali kurulumu: 3.000.000 TL<\/li>\n\n<li>Tar\u0131m ekipmanlar\u0131 ve sulama sistemleri: 500.000 TL<\/li>\n\n<li>Turizm tesislerinin in\u015faat\u0131 ve donan\u0131m\u0131: 2.000.000 TL<\/li><\/ul><\/li><\/ol><p><strong>Toplam Yat\u0131r\u0131m Maliyetleri: 7.350.000 TL<\/strong><\/p><p><strong>B. \u0130\u015fletme Giderleri ve Personel Giderleri:<\/strong><\/p><ol><li><strong>Elektrik, Su ve Di\u011fer \u0130\u015fletme Giderleri:<\/strong><ul><li>Elektrik ve su giderleri: 75.000 TL\/y\u0131l<\/li>\n\n<li>Bak\u0131m-onar\u0131m giderleri: 150.000 TL\/y\u0131l<\/li><\/ul><\/li>\n\n<li><strong>Personel Giderleri:<\/strong><ul><li>\u0130\u015fletme m\u00fcd\u00fcr\u00fc: 150.000 TL\/y\u0131l<\/li>\n\n<li>Teknik personel (tar\u0131m, enerji, turizm): 400.000 TL\/y\u0131l<\/li><\/ul><\/li><\/ol><p><strong>Toplam \u0130\u015fletme Giderleri ve Personel Giderleri: 775.000 TL\/y\u0131l<\/strong><\/p><p><strong>C. E\u011fitim ve Geli\u015fim Harcamalar\u0131:<\/strong><\/p><ol><li><strong>\u00dcye E\u011fitim Programlar\u0131:<\/strong><ul><li>Kurslar ve seminerler: 150.000 TL\/y\u0131l<\/li>\n\n<li>E\u011fitim materyalleri ve ekipmanlar\u0131: 75.000 TL\/y\u0131l<\/li><\/ul><\/li><\/ol><p><strong>Toplam E\u011fitim ve Geli\u015fim Harcamalar\u0131: 225.000 TL\/y\u0131l<\/strong><\/p><p><strong>D. Pazarlama ve Tan\u0131t\u0131m Harcamalar\u0131:<\/strong><\/p><ol><li><strong>Web sitesi olu\u015fturma ve dijital pazarlama:<\/strong><ul><li>Web sitesi ve hosting: 30.000 TL (bir defal\u0131k)<\/li>\n\n<li>Dijital pazarlama kampanyalar\u0131: 100.000 TL\/y\u0131l<\/li><\/ul><\/li><\/ol><p><strong>Toplam Pazarlama ve Tan\u0131t\u0131m Harcamalar\u0131: 130.000 TL (bir defal\u0131k masraflar hari\u00e7)<\/strong><\/p><h3 class=\"wp-block-heading\">Toplam Tahmini B\u00fct\u00e7e:<\/h3><ul><li><strong>Toplam Yat\u0131r\u0131m Maliyetleri:<\/strong> 7.350.000 TL (bir defal\u0131k harcamalar)<\/li>\n\n<li><strong>Toplam \u0130\u015fletme ve Di\u011fer Harcamalar (y\u0131ll\u0131k):<\/strong> 1.130.000 TL\/y\u0131l<\/li><\/ul>","protected":false},"excerpt":{"rendered":"<p>\u00d6rnek B\u00fct\u00e7e (2024) A. Yat\u0131r\u0131m Maliyetleri: Toplam Yat\u0131r\u0131m Maliyetleri: 7.350.000 TL B. \u0130\u015fletme Giderleri ve Personel Giderleri: Toplam \u0130\u015fletme Giderleri ve Personel Giderleri: 775.000 TL\/y\u0131l C. E\u011fitim ve Geli\u015fim Harcamalar\u0131: Toplam E\u011fitim ve Geli\u015fim Harcamalar\u0131: 225.000 TL\/y\u0131l D. Pazarlama ve Tan\u0131t\u0131m Harcamalar\u0131: Toplam Pazarlama ve Tan\u0131t\u0131m Harcamalar\u0131: 130.000 TL (bir defal\u0131k masraflar hari\u00e7) Toplam Tahmini [&hellip;]<\/p>\n","protected":false},"author":1,"featured_media":0,"parent":0,"menu_order":0,"comment_status":"closed","ping_status":"closed","template":"","meta":{"footnotes":""},"jetpack_sharing_enabled":true,"_links":{"self":[{"href":"https:\/\/candasmimarlik.com\/group\/tarim\/bizimkoy\/index.php?rest_route=\/wp\/v2\/pages\/283"}],"collection":[{"href":"https:\/\/candasmimarlik.com\/group\/tarim\/bizimkoy\/index.php?rest_route=\/wp\/v2\/pages"}],"about":[{"href":"https:\/\/candasmimarlik.com\/group\/tarim\/bizimkoy\/index.php?rest_route=\/wp\/v2\/types\/page"}],"author":[{"embeddable":true,"href":"https:\/\/candasmimarlik.com\/group\/tarim\/bizimkoy\/index.php?rest_route=\/wp\/v2\/users\/1"}],"replies":[{"embeddable":true,"href":"https:\/\/candasmimarlik.com\/group\/tarim\/bizimkoy\/index.php?rest_route=%2Fwp%2Fv2%2Fcomments&post=283"}],"version-history":[{"count":3,"href":"https:\/\/candasmimarlik.com\/group\/tarim\/bizimkoy\/index.php?rest_route=\/wp\/v2\/pages\/283\/revisions"}],"predecessor-version":[{"id":290,"href":"https:\/\/candasmimarlik.com\/group\/tarim\/bizimkoy\/index.php?rest_route=\/wp\/v2\/pages\/283\/revisions\/290"}],"wp:attachment":[{"href":"https:\/\/candasmimarlik.com\/group\/tarim\/bizimkoy\/index.php?rest_route=%2Fwp%2Fv2%2Fmedia&parent=283"}],"curies":[{"name":"wp","href":"https:\/\/api.w.org\/{rel}","templated":true}]}}