{"id":300,"date":"2024-06-20T19:25:54","date_gmt":"2024-06-20T19:25:54","guid":{"rendered":"https:\/\/candasmimarlik.com\/group\/tarim\/bizimkoy\/?page_id=300"},"modified":"2024-06-20T19:29:37","modified_gmt":"2024-06-20T19:29:37","slug":"proje-hedef-bolgeleri","status":"publish","type":"page","link":"https:\/\/candasmimarlik.com\/group\/tarim\/bizimkoy\/?page_id=300","title":{"rendered":"Hedef Lokasyonlar"},"content":{"rendered":"<p><\/p><p><strong>Ege B\u00f6lgesi<\/strong>:<\/p><ul><li><strong>\u0130zmir, Ayd\u0131n, Mu\u011fla<\/strong>: Bu iller hem tar\u0131m ve hayvanc\u0131l\u0131k hem de turizm a\u00e7\u0131s\u0131ndan olduk\u00e7a geli\u015fmi\u015ftir. Ayr\u0131ca, g\u00fcne\u015f enerjisi potansiyeli y\u00fcksektir.<\/li>\n\n<li><strong>Manisa, Denizli<\/strong>: Bu b\u00f6lgeler de tar\u0131m ve hayvanc\u0131l\u0131k i\u00e7in uygun alanlar sunar ve jeotermal enerji kaynaklar\u0131 a\u00e7\u0131s\u0131ndan zengindir.<\/li><\/ul><p><strong>Marmara B\u00f6lgesi<\/strong>:<\/p><ul><li><strong>Bal\u0131kesir<\/strong>: R\u00fczgar enerjisi potansiyeli y\u00fcksektir ve tar\u0131m, hayvanc\u0131l\u0131k ile turizm faaliyetleri i\u00e7in elveri\u015flidir.<\/li>\n\n<li><strong>\u00c7anakkale<\/strong>: Hem r\u00fczgar enerjisi potansiyeli hem de tar\u0131m ve turizm a\u00e7\u0131s\u0131ndan \u00f6nemli bir b\u00f6lgedir.<\/li><\/ul><p><strong>Akdeniz B\u00f6lgesi<\/strong>:<\/p><ul><li><strong>Antalya, Mersin<\/strong>: Turizm a\u00e7\u0131s\u0131ndan cazip olan bu b\u00f6lgeler ayn\u0131 zamanda tar\u0131m ve hayvanc\u0131l\u0131k i\u00e7in uygun arazilere sahiptir. G\u00fcne\u015f enerjisi potansiyeli de y\u00fcksektir.<\/li>\n\n<li><strong>Isparta, Burdur<\/strong>: Tar\u0131m ve hayvanc\u0131l\u0131k faaliyetleri i\u00e7in uygun alanlar sunar ve ayn\u0131 zamanda g\u00fcne\u015f enerjisi potansiyeline sahiptir.<\/li><\/ul><p><strong>\u0130\u00e7 Anadolu B\u00f6lgesi<\/strong>:<\/p><ul><li><strong>Konya<\/strong>: Tar\u0131m ve hayvanc\u0131l\u0131k i\u00e7in geni\u015f arazilere sahip olan Konya, g\u00fcne\u015f enerjisi projeleri i\u00e7in de idealdir.<\/li>\n\n<li><strong>Eski\u015fehir<\/strong>: Tar\u0131m, hayvanc\u0131l\u0131k ve turizm a\u00e7\u0131s\u0131ndan potansiyeli olan bu ilde, yenilenebilir enerji projeleri de geli\u015ftirilebilir.<\/li><\/ul><p><strong>G\u00fcneydo\u011fu Anadolu B\u00f6lgesi<\/strong>:<\/p><ul><li><strong>\u015eanl\u0131urfa<\/strong>: Geni\u015f tar\u0131m arazileri ve y\u00fcksek g\u00fcne\u015f enerjisi potansiyeli ile dikkat \u00e7eker.<\/li>\n\n<li><strong>Diyarbak\u0131r, Gaziantep<\/strong>: Hem tar\u0131m ve hayvanc\u0131l\u0131k hem de g\u00fcne\u015f enerjisi projeleri i\u00e7in uygundur.<\/li><\/ul><p><strong>Do\u011fu Anadolu B\u00f6lgesi<\/strong>:<\/p><ul><li><strong>Elaz\u0131\u011f, Malatya<\/strong>: Tar\u0131m ve hayvanc\u0131l\u0131k faaliyetleri a\u00e7\u0131s\u0131ndan zengin olan bu b\u00f6lgeler, g\u00fcne\u015f enerjisi projeleri i\u00e7in de uygun olabilir.<\/li><\/ul>","protected":false},"excerpt":{"rendered":"<p>Ege B\u00f6lgesi: Marmara B\u00f6lgesi: Akdeniz B\u00f6lgesi: \u0130\u00e7 Anadolu B\u00f6lgesi: G\u00fcneydo\u011fu Anadolu B\u00f6lgesi: Do\u011fu Anadolu B\u00f6lgesi:<\/p>\n","protected":false},"author":1,"featured_media":0,"parent":0,"menu_order":0,"comment_status":"closed","ping_status":"closed","template":"","meta":{"footnotes":""},"jetpack_sharing_enabled":true,"_links":{"self":[{"href":"https:\/\/candasmimarlik.com\/group\/tarim\/bizimkoy\/index.php?rest_route=\/wp\/v2\/pages\/300"}],"collection":[{"href":"https:\/\/candasmimarlik.com\/group\/tarim\/bizimkoy\/index.php?rest_route=\/wp\/v2\/pages"}],"about":[{"href":"https:\/\/candasmimarlik.com\/group\/tarim\/bizimkoy\/index.php?rest_route=\/wp\/v2\/types\/page"}],"author":[{"embeddable":true,"href":"https:\/\/candasmimarlik.com\/group\/tarim\/bizimkoy\/index.php?rest_route=\/wp\/v2\/users\/1"}],"replies":[{"embeddable":true,"href":"https:\/\/candasmimarlik.com\/group\/tarim\/bizimkoy\/index.php?rest_route=%2Fwp%2Fv2%2Fcomments&post=300"}],"version-history":[{"count":2,"href":"https:\/\/candasmimarlik.com\/group\/tarim\/bizimkoy\/index.php?rest_route=\/wp\/v2\/pages\/300\/revisions"}],"predecessor-version":[{"id":304,"href":"https:\/\/candasmimarlik.com\/group\/tarim\/bizimkoy\/index.php?rest_route=\/wp\/v2\/pages\/300\/revisions\/304"}],"wp:attachment":[{"href":"https:\/\/candasmimarlik.com\/group\/tarim\/bizimkoy\/index.php?rest_route=%2Fwp%2Fv2%2Fmedia&parent=300"}],"curies":[{"name":"wp","href":"https:\/\/api.w.org\/{rel}","templated":true}]}}