{"id":307,"date":"2024-06-30T18:50:42","date_gmt":"2024-06-30T18:50:42","guid":{"rendered":"https:\/\/candasmimarlik.com\/group\/tarim\/bizimkoy\/?page_id=307"},"modified":"2024-06-30T19:22:07","modified_gmt":"2024-06-30T19:22:07","slug":"bizimkoy-silivri-projesi-modern-koy-yasami","status":"publish","type":"page","link":"https:\/\/candasmimarlik.com\/group\/tarim\/bizimkoy\/?page_id=307","title":{"rendered":"Bizimk\u00f6y Silivri Projesi: Modern K\u00f6y Ya\u015fam\u0131"},"content":{"rendered":"<p><\/p><figure class=\"wp-block-image size-full is-resized\"><img loading=\"lazy\" decoding=\"async\" width=\"345\" height=\"258\" src=\"https:\/\/candasmimarlik.com\/group\/tarim\/bizimkoy\/wp-content\/uploads\/2024\/06\/image-1.png\" alt=\"\" class=\"wp-image-325\" style=\"width:704px;height:auto\" srcset=\"https:\/\/candasmimarlik.com\/group\/tarim\/bizimkoy\/wp-content\/uploads\/2024\/06\/image-1.png 345w, https:\/\/candasmimarlik.com\/group\/tarim\/bizimkoy\/wp-content\/uploads\/2024\/06\/image-1-300x224.png 300w\" sizes=\"(max-width: 345px) 100vw, 345px\" \/><\/figure><h4 class=\"wp-block-heading\">Bizimk\u00f6y Silivri Projesi ile do\u011fayla i\u00e7 i\u00e7e, modern bir k\u00f6y ya\u015fam\u0131 sunuyoruz. 50 aile ve 150 ki\u015filik toplulu\u011fumuzla Silivri&#8217;nin verimli topraklar\u0131nda s\u00fcrd\u00fcr\u00fclebilir tar\u0131m ve hayvanc\u0131l\u0131\u011f\u0131 hayata ge\u00e7iriyoruz.<\/h4><p><strong>Projemizde Neler Var?<\/strong><\/p><ul><li><strong>Tar\u0131m ve Hayvanc\u0131l\u0131k Tesisleri:<\/strong> Modern tar\u0131m teknikleri ve hayvanc\u0131l\u0131k i\u00e7in en yeni teknolojilerle donat\u0131lm\u0131\u015f tesisler.<\/li>\n\n<li><strong>Konutlar:<\/strong> Her aile i\u00e7in do\u011fa dostu, konforlu ve modern evler.<\/li>\n\n<li><strong>\u00dcretim At\u00f6lyeleri:<\/strong> El sanatlar\u0131 ve yerel \u00fcretim i\u00e7in tam donan\u0131ml\u0131 at\u00f6lyeler.<\/li>\n\n<li><strong>Topluluk Ya\u015fam\u0131:<\/strong> G\u00fc\u00e7l\u00fc bir kom\u00fcnite ruhu ile beraber \u00e7al\u0131\u015fma ve ya\u015fama alanlar\u0131.<\/li><\/ul><p><strong>Neden Bizimk\u00f6y Silivri?<\/strong><\/p><ul><li><strong>Verimli Topraklar:<\/strong> Silivri&#8217;nin bereketli topraklar\u0131yla s\u00fcrd\u00fcr\u00fclebilir tar\u0131m imkan\u0131.<\/li>\n\n<li><strong>Modern Altyap\u0131:<\/strong> Geli\u015fmi\u015f tesisler, konforlu konutlar ve \u00fcretim at\u00f6lyeleri.<\/li>\n\n<li><strong>Devlet Destekleri:<\/strong> TKDK ve di\u011fer devlet te\u015fvikleri ile maliyet avantaj\u0131.<\/li><\/ul><p><strong>Projemize Kat\u0131l\u0131n<\/strong><\/p><p>Bizimk\u00f6y Silivri ailesinin bir par\u00e7as\u0131 olmak i\u00e7in ba\u015fvurun. Detayl\u0131 bilgi ve ba\u015fvuru i\u00e7in a\u015fa\u011f\u0131daki formu doldurup g\u00f6nderin<\/p><div class=\"wpforms-container wpforms-container-full wpforms-block wpforms-block-a2ea1879-5326-47f9-8a26-957b565a3edd\" id=\"wpforms-245\"><form id=\"wpforms-form-245\" class=\"wpforms-validate wpforms-form wpforms-ajax-form\" data-formid=\"245\" method=\"post\" enctype=\"multipart\/form-data\" action=\"\/group\/tarim\/bizimkoy\/index.php?rest_route=%2Fwp%2Fv2%2Fpages%2F307\" data-token=\"aee21f7e5135466f93ea9147f05e5a85\" data-token-time=\"1776701862\"><noscript class=\"wpforms-error-noscript\">Bu formu bitirebilmek i\u00e7in taray\u0131c\u0131n\u0131zda JavaScript&#039;i etkinle\u015ftirin.<\/noscript><div class=\"wpforms-field-container\"><div id=\"wpforms-245-field_1-container\" class=\"wpforms-field wpforms-field-name\" data-field-id=\"1\"><label class=\"wpforms-field-label\" for=\"wpforms-245-field_1\">Ad Soyad <span class=\"wpforms-required-label\">*<\/span><\/label><div class=\"wpforms-field-row wpforms-field-medium\"><div class=\"wpforms-field-row-block wpforms-first wpforms-one-half\"><input type=\"text\" id=\"wpforms-245-field_1\" class=\"wpforms-field-name-first wpforms-field-required\" name=\"wpforms[fields][1][first]\" required><label for=\"wpforms-245-field_1\" class=\"wpforms-field-sublabel after wpforms-sublabel-hide\">Ad<\/label><\/div><div class=\"wpforms-field-row-block wpforms-one-half\"><input type=\"text\" id=\"wpforms-245-field_1-last\" class=\"wpforms-field-name-last wpforms-field-required\" name=\"wpforms[fields][1][last]\" required><label for=\"wpforms-245-field_1-last\" class=\"wpforms-field-sublabel after wpforms-sublabel-hide\">Soyad<\/label><\/div><\/div><\/div><div id=\"wpforms-245-field_3-container\" class=\"wpforms-field wpforms-field-text\" data-field-id=\"3\"><label class=\"wpforms-field-label\" for=\"wpforms-245-field_3\">Meslek <span class=\"wpforms-required-label\">*<\/span><\/label><input type=\"text\" id=\"wpforms-245-field_3\" class=\"wpforms-field-medium wpforms-field-required\" name=\"wpforms[fields][3]\" required><\/div><div id=\"wpforms-245-field_2-container\" class=\"wpforms-field wpforms-field-number\" data-field-id=\"2\"><label class=\"wpforms-field-label\" for=\"wpforms-245-field_2\">Telefon <span class=\"wpforms-required-label\">*<\/span><\/label><input type=\"number\" id=\"wpforms-245-field_2\" class=\"wpforms-field-medium wpforms-field-required\" name=\"wpforms[fields][2]\" step=\"any\" required><\/div><div id=\"wpforms-245-field_4-container\" class=\"wpforms-field wpforms-field-email\" data-field-id=\"4\"><label class=\"wpforms-field-label\" for=\"wpforms-245-field_4\">Email <span class=\"wpforms-required-label\">*<\/span><\/label><input type=\"email\" id=\"wpforms-245-field_4\" class=\"wpforms-field-medium wpforms-field-required\" name=\"wpforms[fields][4]\" spellcheck=\"false\" required><\/div><div id=\"wpforms-245-field_5-container\" class=\"wpforms-field wpforms-field-checkbox\" data-field-id=\"5\"><label class=\"wpforms-field-label\"> Size Ula\u015fabilmemiz \u0130\u00e7in \u0130zniniz  <span class=\"wpforms-required-label\">*<\/span><\/label><ul id=\"wpforms-245-field_5\" class=\"wpforms-field-required\"><li class=\"choice-1 depth-1\"><input type=\"checkbox\" id=\"wpforms-245-field_5_1\" name=\"wpforms[fields][5][]\" value=\"Onayl\u0131yorum\" required ><label class=\"wpforms-field-label-inline\" for=\"wpforms-245-field_5_1\">Onayl\u0131yorum<\/label><\/li><\/ul><div class=\"wpforms-field-description\">Ki\u015fisel Verilerimin 6698 say\u0131l\u0131 Ki\u015fisel Verilerin Korunmas\u0131 Kanunu&#8217;na uygun olarak Canda\u015f Mimarl\u0131k \u0130n\u015faat Ltd \u015eti taraf\u0131ndan, gerekli bilgilerin yasalar gere\u011fince muhafazas\u0131, Canda\u015f Mimarl\u0131k \u0130n\u015faat Ltd \u015eti&#8217;nin \u00fcr\u00fcn \/ hizmet sunmas\u0131, tedarik\u00e7i ya da \u00fcreticilerden \u00fcr\u00fcn ve\/veya hizmet tedariki sa\u011flamas\u0131 ve\/veya bu konuda s\u00f6zle\u015fmeli ya da s\u00f6zle\u015fmesiz ticari ili\u015fkilerin kurulmas\u0131 ve ifa edilmesi, web siteleri ve pazarlama i\u00e7in bilgilerimi kaydetmek, k\u00e2\u011f\u0131t \u00fczerinde veya elektronik ortamda ger\u00e7ekle\u015ftirilecek i\u015f ve i\u015flemlere dayanak olacak bilgi ve belgeleri d\u00fczenlenmesi gibi ama\u00e7lar\u0131n ger\u00e7ekle\u015ftirilmesi i\u00e7in her t\u00fcrl\u00fc kanallar arac\u0131l\u0131\u011f\u0131yla i\u015flenmesine ve kanuni ya da hizmete ve\/veya i\u015f ili\u015fkisine ba\u011fl\u0131 fiili gereklilikler halinde yurti\u00e7i veya yurtd\u0131\u015f\u0131ndaki \u00fc\u00e7\u00fcnc\u00fc ki\u015filere payla\u015f\u0131lmas\u0131na a\u00e7\u0131k r\u0131zamla onay veriyorum. <\/div><\/div><\/div><!-- .wpforms-field-container --><div class=\"wpforms-submit-container\" ><input type=\"hidden\" name=\"wpforms[id]\" value=\"245\"><input type=\"hidden\" name=\"page_title\" value=\"\"><input type=\"hidden\" name=\"page_url\" value=\"https:\/\/candasmimarlik.com\/group\/tarim\/bizimkoy\/index.php?rest_route=\/wp\/v2\/pages\/307\"><input type=\"hidden\" name=\"url_referer\" value=\"\"><button type=\"submit\" name=\"wpforms[submit]\" id=\"wpforms-submit-245\" class=\"wpforms-submit\" data-alt-text=\"G\u00f6nderiliyor\" data-submit-text=\"G\u00f6nder\" aria-live=\"assertive\" value=\"wpforms-submit\">G\u00f6nder<\/button><img loading=\"lazy\" decoding=\"async\" src=\"https:\/\/candasmimarlik.com\/group\/tarim\/bizimkoy\/wp-content\/plugins\/wpforms-lite\/assets\/images\/submit-spin.svg\" class=\"wpforms-submit-spinner\" style=\"display: none;\" width=\"26\" height=\"26\" alt=\"Y\u00fckleniyor\"><\/div><\/form><\/div>  <!-- .wpforms-container --><p><a href=\"https:\/\/candasmimarlik.com\/group\/tarim\/bizimkoy\/?page_id=311\">Bizimk\u00f6y Silivri Projesi: \u00d6rnek Maliyetler ve B\u00fct\u00e7elendirme<\/a><\/p><p><a href=\"https:\/\/candasmimarlik.com\/group\/tarim\/bizimkoy\/?page_id=309\">Uygulama Plan\u0131<\/a><\/p><p><a href=\"https:\/\/candasmimarlik.com\/group\/tarim\/bizimkoy\/?page_id=317\">Aile Ba\u015f\u0131na Detayl\u0131 Maliyet Payla\u015f\u0131m\u0131<\/a><\/p><p><\/p>","protected":false},"excerpt":{"rendered":"<p>Bizimk\u00f6y Silivri Projesi ile do\u011fayla i\u00e7 i\u00e7e, modern bir k\u00f6y ya\u015fam\u0131 sunuyoruz. 50 aile ve 150 ki\u015filik toplulu\u011fumuzla Silivri&#8217;nin verimli topraklar\u0131nda s\u00fcrd\u00fcr\u00fclebilir tar\u0131m ve hayvanc\u0131l\u0131\u011f\u0131 hayata ge\u00e7iriyoruz. Projemizde Neler Var? Neden Bizimk\u00f6y Silivri? Projemize Kat\u0131l\u0131n Bizimk\u00f6y Silivri ailesinin bir par\u00e7as\u0131 olmak i\u00e7in ba\u015fvurun. Detayl\u0131 bilgi ve ba\u015fvuru i\u00e7in a\u015fa\u011f\u0131daki formu doldurup g\u00f6nderin Bizimk\u00f6y Silivri Projesi: [&hellip;]<\/p>\n","protected":false},"author":1,"featured_media":0,"parent":0,"menu_order":0,"comment_status":"closed","ping_status":"closed","template":"","meta":{"footnotes":""},"jetpack_sharing_enabled":true,"_links":{"self":[{"href":"https:\/\/candasmimarlik.com\/group\/tarim\/bizimkoy\/index.php?rest_route=\/wp\/v2\/pages\/307"}],"collection":[{"href":"https:\/\/candasmimarlik.com\/group\/tarim\/bizimkoy\/index.php?rest_route=\/wp\/v2\/pages"}],"about":[{"href":"https:\/\/candasmimarlik.com\/group\/tarim\/bizimkoy\/index.php?rest_route=\/wp\/v2\/types\/page"}],"author":[{"embeddable":true,"href":"https:\/\/candasmimarlik.com\/group\/tarim\/bizimkoy\/index.php?rest_route=\/wp\/v2\/users\/1"}],"replies":[{"embeddable":true,"href":"https:\/\/candasmimarlik.com\/group\/tarim\/bizimkoy\/index.php?rest_route=%2Fwp%2Fv2%2Fcomments&post=307"}],"version-history":[{"count":6,"href":"https:\/\/candasmimarlik.com\/group\/tarim\/bizimkoy\/index.php?rest_route=\/wp\/v2\/pages\/307\/revisions"}],"predecessor-version":[{"id":330,"href":"https:\/\/candasmimarlik.com\/group\/tarim\/bizimkoy\/index.php?rest_route=\/wp\/v2\/pages\/307\/revisions\/330"}],"wp:attachment":[{"href":"https:\/\/candasmimarlik.com\/group\/tarim\/bizimkoy\/index.php?rest_route=%2Fwp%2Fv2%2Fmedia&parent=307"}],"curies":[{"name":"wp","href":"https:\/\/api.w.org\/{rel}","templated":true}]}}