{"id":59,"date":"2024-05-11T20:27:19","date_gmt":"2024-05-11T20:27:19","guid":{"rendered":"https:\/\/candasmimarlik.com\/group\/tarim\/bizimkoy\/?page_id=59"},"modified":"2024-05-11T22:07:01","modified_gmt":"2024-05-11T22:07:01","slug":"misyon-vizyon-ve-degerlerimiz","status":"publish","type":"page","link":"https:\/\/candasmimarlik.com\/group\/tarim\/bizimkoy\/?page_id=59","title":{"rendered":"Misyon, Vizyon ve De\u011ferlerimiz"},"content":{"rendered":"<p><strong>Misyon:<\/strong> Projemizin misyonu, kendi kendimize yeten, \u00e7evreye duyarl\u0131 ve dayan\u0131\u015fma i\u00e7inde ya\u015fayan bir topluluk olu\u015fturmakt\u0131r. S\u00fcrd\u00fcr\u00fclebilir tar\u0131m, yenilenebilir enerji ve adil payla\u015f\u0131m ilkeleri do\u011frultusunda, k\u0131rsal alanda ya\u015fam kalitesini art\u0131rmay\u0131 ve toplumsal refah\u0131 desteklemeyi ama\u00e7l\u0131yoruz.<\/p><p><strong>Vizyon:<\/strong> Vizyonumuz, insanlar\u0131n do\u011fayla uyum i\u00e7inde, sa\u011fl\u0131kl\u0131 ve mutlu bir ya\u015fam s\u00fcrd\u00fcrebilecekleri bir ortam yaratmakt\u0131r. Kendi kendimize yeten, k\u00fcresel ba\u011f\u0131ml\u0131l\u0131\u011f\u0131 azaltan ve toplumsal dayan\u0131\u015fmay\u0131 te\u015fvik eden bir toplum modeli geli\u015ftirerek, gelecek nesillere ya\u015fanabilir bir d\u00fcnya b\u0131rakmay\u0131 hedefliyoruz.<\/p><figure class=\"wp-block-image alignfull size-full\"><img loading=\"lazy\" decoding=\"async\" width=\"735\" height=\"904\" src=\"https:\/\/candasmimarlik.com\/group\/tarim\/bizimkoy\/wp-content\/uploads\/2024\/05\/kirsal2.jpeg\" alt=\"\" class=\"wp-image-141\" srcset=\"https:\/\/candasmimarlik.com\/group\/tarim\/bizimkoy\/wp-content\/uploads\/2024\/05\/kirsal2.jpeg 735w, https:\/\/candasmimarlik.com\/group\/tarim\/bizimkoy\/wp-content\/uploads\/2024\/05\/kirsal2-600x738.jpeg 600w, https:\/\/candasmimarlik.com\/group\/tarim\/bizimkoy\/wp-content\/uploads\/2024\/05\/kirsal2-244x300.jpeg 244w\" sizes=\"(max-width: 735px) 100vw, 735px\" \/><\/figure><p><strong>De\u011ferler:<\/strong><\/p><ol><li><strong>S\u00fcrd\u00fcr\u00fclebilirlik:<\/strong> Do\u011fal kaynaklar\u0131 koruyarak ve dengeli bir \u015fekilde kullanarak, gelecek nesillerin ihtiya\u00e7lar\u0131n\u0131 g\u00f6z \u00f6n\u00fcnde bulunduruyoruz.<\/li>\n\n<li><strong>Dayan\u0131\u015fma:<\/strong> Topluluk i\u00e7inde birbirimize destek olmay\u0131 ve herkesin ihtiya\u00e7lar\u0131n\u0131 kar\u015f\u0131lamay\u0131 \u00f6nemsiyoruz.<\/li>\n\n<li><strong>\u00c7evreye Sayg\u0131:<\/strong> Do\u011fal \u00e7evreyi koruyarak, \u00e7evresel s\u00fcrd\u00fcr\u00fclebilirlik ilkelerini benimsiyor ve uyguluyoruz.<\/li>\n\n<li><strong>Adalet ve E\u015fitlik:<\/strong> Herkesin e\u015fit haklara ve f\u0131rsatlara sahip oldu\u011funa inan\u0131yoruz ve bu de\u011ferler do\u011frultusunda hareket ediyoruz.<\/li>\n\n<li><strong>Kat\u0131l\u0131mc\u0131l\u0131k:<\/strong> Topluluk \u00fcyelerinin fikirlerine ve katk\u0131lar\u0131na de\u011fer veriyor, karar alma s\u00fcre\u00e7lerinde \u015feffaf ve kat\u0131l\u0131mc\u0131 bir yakla\u015f\u0131m benimsiyoruz.<\/li>\n\n<li><strong>Yenilik ve De\u011fi\u015fim:<\/strong> S\u00fcrekli \u00f6\u011frenme ve geli\u015fme yolunda ilerleyerek, yeni fikirleri ve \u00e7\u00f6z\u00fcmleri ke\u015ffetmeye ve uygulamaya a\u00e7\u0131\u011f\u0131z.<\/li><\/ol><p><\/p>","protected":false},"excerpt":{"rendered":"<p>Misyon: Projemizin misyonu, kendi kendimize yeten, \u00e7evreye duyarl\u0131 ve dayan\u0131\u015fma i\u00e7inde ya\u015fayan bir topluluk olu\u015fturmakt\u0131r. S\u00fcrd\u00fcr\u00fclebilir tar\u0131m, yenilenebilir enerji ve adil payla\u015f\u0131m ilkeleri do\u011frultusunda, k\u0131rsal alanda ya\u015fam kalitesini art\u0131rmay\u0131 ve toplumsal refah\u0131 desteklemeyi ama\u00e7l\u0131yoruz. Vizyon: Vizyonumuz, insanlar\u0131n do\u011fayla uyum i\u00e7inde, sa\u011fl\u0131kl\u0131 ve mutlu bir ya\u015fam s\u00fcrd\u00fcrebilecekleri bir ortam yaratmakt\u0131r. Kendi kendimize yeten, k\u00fcresel ba\u011f\u0131ml\u0131l\u0131\u011f\u0131 azaltan [&hellip;]<\/p>\n","protected":false},"author":1,"featured_media":0,"parent":0,"menu_order":0,"comment_status":"closed","ping_status":"closed","template":"","meta":{"footnotes":""},"jetpack_sharing_enabled":true,"_links":{"self":[{"href":"https:\/\/candasmimarlik.com\/group\/tarim\/bizimkoy\/index.php?rest_route=\/wp\/v2\/pages\/59"}],"collection":[{"href":"https:\/\/candasmimarlik.com\/group\/tarim\/bizimkoy\/index.php?rest_route=\/wp\/v2\/pages"}],"about":[{"href":"https:\/\/candasmimarlik.com\/group\/tarim\/bizimkoy\/index.php?rest_route=\/wp\/v2\/types\/page"}],"author":[{"embeddable":true,"href":"https:\/\/candasmimarlik.com\/group\/tarim\/bizimkoy\/index.php?rest_route=\/wp\/v2\/users\/1"}],"replies":[{"embeddable":true,"href":"https:\/\/candasmimarlik.com\/group\/tarim\/bizimkoy\/index.php?rest_route=%2Fwp%2Fv2%2Fcomments&post=59"}],"version-history":[{"count":2,"href":"https:\/\/candasmimarlik.com\/group\/tarim\/bizimkoy\/index.php?rest_route=\/wp\/v2\/pages\/59\/revisions"}],"predecessor-version":[{"id":142,"href":"https:\/\/candasmimarlik.com\/group\/tarim\/bizimkoy\/index.php?rest_route=\/wp\/v2\/pages\/59\/revisions\/142"}],"wp:attachment":[{"href":"https:\/\/candasmimarlik.com\/group\/tarim\/bizimkoy\/index.php?rest_route=%2Fwp%2Fv2%2Fmedia&parent=59"}],"curies":[{"name":"wp","href":"https:\/\/api.w.org\/{rel}","templated":true}]}}