{"id":72,"date":"2024-05-11T21:17:03","date_gmt":"2024-05-11T21:17:03","guid":{"rendered":"https:\/\/candasmimarlik.com\/group\/tarim\/bizimkoy\/?page_id=72"},"modified":"2024-05-11T21:59:27","modified_gmt":"2024-05-11T21:59:27","slug":"etkinlikler","status":"publish","type":"page","link":"https:\/\/candasmimarlik.com\/group\/tarim\/bizimkoy\/?page_id=72","title":{"rendered":"Etkinlikler"},"content":{"rendered":"<figure class=\"wp-block-image alignfull size-full\"><img loading=\"lazy\" decoding=\"async\" width=\"667\" height=\"1000\" src=\"https:\/\/candasmimarlik.com\/group\/tarim\/bizimkoy\/wp-content\/uploads\/2024\/05\/etkinlik2.jpeg\" alt=\"\" class=\"wp-image-133\" srcset=\"https:\/\/candasmimarlik.com\/group\/tarim\/bizimkoy\/wp-content\/uploads\/2024\/05\/etkinlik2.jpeg 667w, https:\/\/candasmimarlik.com\/group\/tarim\/bizimkoy\/wp-content\/uploads\/2024\/05\/etkinlik2-600x900.jpeg 600w, https:\/\/candasmimarlik.com\/group\/tarim\/bizimkoy\/wp-content\/uploads\/2024\/05\/etkinlik2-200x300.jpeg 200w\" sizes=\"(max-width: 667px) 100vw, 667px\" \/><\/figure><figure class=\"wp-block-image alignfull size-large\"><img loading=\"lazy\" decoding=\"async\" width=\"683\" height=\"1024\" src=\"https:\/\/candasmimarlik.com\/group\/tarim\/bizimkoy\/wp-content\/uploads\/2024\/05\/etkinlik5-683x1024.jpeg\" alt=\"\" class=\"wp-image-134\" srcset=\"https:\/\/candasmimarlik.com\/group\/tarim\/bizimkoy\/wp-content\/uploads\/2024\/05\/etkinlik5-683x1024.jpeg 683w, https:\/\/candasmimarlik.com\/group\/tarim\/bizimkoy\/wp-content\/uploads\/2024\/05\/etkinlik5-600x900.jpeg 600w, https:\/\/candasmimarlik.com\/group\/tarim\/bizimkoy\/wp-content\/uploads\/2024\/05\/etkinlik5-200x300.jpeg 200w, https:\/\/candasmimarlik.com\/group\/tarim\/bizimkoy\/wp-content\/uploads\/2024\/05\/etkinlik5.jpeg 720w\" sizes=\"(max-width: 683px) 100vw, 683px\" \/><\/figure><p>Burada k\u00f6y etkinliklerimizi payla\u015faca\u011f\u0131z<\/p>","protected":false},"excerpt":{"rendered":"<p>Burada k\u00f6y etkinliklerimizi payla\u015faca\u011f\u0131z<\/p>\n","protected":false},"author":1,"featured_media":0,"parent":0,"menu_order":0,"comment_status":"closed","ping_status":"closed","template":"","meta":{"footnotes":""},"jetpack_sharing_enabled":true,"_links":{"self":[{"href":"https:\/\/candasmimarlik.com\/group\/tarim\/bizimkoy\/index.php?rest_route=\/wp\/v2\/pages\/72"}],"collection":[{"href":"https:\/\/candasmimarlik.com\/group\/tarim\/bizimkoy\/index.php?rest_route=\/wp\/v2\/pages"}],"about":[{"href":"https:\/\/candasmimarlik.com\/group\/tarim\/bizimkoy\/index.php?rest_route=\/wp\/v2\/types\/page"}],"author":[{"embeddable":true,"href":"https:\/\/candasmimarlik.com\/group\/tarim\/bizimkoy\/index.php?rest_route=\/wp\/v2\/users\/1"}],"replies":[{"embeddable":true,"href":"https:\/\/candasmimarlik.com\/group\/tarim\/bizimkoy\/index.php?rest_route=%2Fwp%2Fv2%2Fcomments&post=72"}],"version-history":[{"count":2,"href":"https:\/\/candasmimarlik.com\/group\/tarim\/bizimkoy\/index.php?rest_route=\/wp\/v2\/pages\/72\/revisions"}],"predecessor-version":[{"id":136,"href":"https:\/\/candasmimarlik.com\/group\/tarim\/bizimkoy\/index.php?rest_route=\/wp\/v2\/pages\/72\/revisions\/136"}],"wp:attachment":[{"href":"https:\/\/candasmimarlik.com\/group\/tarim\/bizimkoy\/index.php?rest_route=%2Fwp%2Fv2%2Fmedia&parent=72"}],"curies":[{"name":"wp","href":"https:\/\/api.w.org\/{rel}","templated":true}]}}