{"id":74,"date":"2024-05-11T21:17:03","date_gmt":"2024-05-11T21:17:03","guid":{"rendered":"https:\/\/candasmimarlik.com\/group\/tarim\/bizimkoy\/?page_id=74"},"modified":"2024-05-11T22:12:14","modified_gmt":"2024-05-11T22:12:14","slug":"toplantilar","status":"publish","type":"page","link":"https:\/\/candasmimarlik.com\/group\/tarim\/bizimkoy\/?page_id=74","title":{"rendered":"Toplant\u0131lar"},"content":{"rendered":"<figure class=\"wp-block-image alignfull size-full\"><img loading=\"lazy\" decoding=\"async\" width=\"735\" height=\"910\" src=\"https:\/\/candasmimarlik.com\/group\/tarim\/bizimkoy\/wp-content\/uploads\/2024\/05\/bahce.jpeg\" alt=\"\" class=\"wp-image-147\" srcset=\"https:\/\/candasmimarlik.com\/group\/tarim\/bizimkoy\/wp-content\/uploads\/2024\/05\/bahce.jpeg 735w, https:\/\/candasmimarlik.com\/group\/tarim\/bizimkoy\/wp-content\/uploads\/2024\/05\/bahce-600x743.jpeg 600w, https:\/\/candasmimarlik.com\/group\/tarim\/bizimkoy\/wp-content\/uploads\/2024\/05\/bahce-242x300.jpeg 242w\" sizes=\"(max-width: 735px) 100vw, 735px\" \/><\/figure><h2 class=\"wp-block-heading\">Bilgilendirme Toplant\u0131lar\u0131m\u0131z\u0131 Buradan Duyuraca\u011f\u0131z<\/h2>","protected":false},"excerpt":{"rendered":"<p>Bilgilendirme Toplant\u0131lar\u0131m\u0131z\u0131 Buradan Duyuraca\u011f\u0131z<\/p>\n","protected":false},"author":1,"featured_media":0,"parent":0,"menu_order":0,"comment_status":"closed","ping_status":"closed","template":"","meta":{"footnotes":""},"jetpack_sharing_enabled":true,"_links":{"self":[{"href":"https:\/\/candasmimarlik.com\/group\/tarim\/bizimkoy\/index.php?rest_route=\/wp\/v2\/pages\/74"}],"collection":[{"href":"https:\/\/candasmimarlik.com\/group\/tarim\/bizimkoy\/index.php?rest_route=\/wp\/v2\/pages"}],"about":[{"href":"https:\/\/candasmimarlik.com\/group\/tarim\/bizimkoy\/index.php?rest_route=\/wp\/v2\/types\/page"}],"author":[{"embeddable":true,"href":"https:\/\/candasmimarlik.com\/group\/tarim\/bizimkoy\/index.php?rest_route=\/wp\/v2\/users\/1"}],"replies":[{"embeddable":true,"href":"https:\/\/candasmimarlik.com\/group\/tarim\/bizimkoy\/index.php?rest_route=%2Fwp%2Fv2%2Fcomments&post=74"}],"version-history":[{"count":2,"href":"https:\/\/candasmimarlik.com\/group\/tarim\/bizimkoy\/index.php?rest_route=\/wp\/v2\/pages\/74\/revisions"}],"predecessor-version":[{"id":149,"href":"https:\/\/candasmimarlik.com\/group\/tarim\/bizimkoy\/index.php?rest_route=\/wp\/v2\/pages\/74\/revisions\/149"}],"wp:attachment":[{"href":"https:\/\/candasmimarlik.com\/group\/tarim\/bizimkoy\/index.php?rest_route=%2Fwp%2Fv2%2Fmedia&parent=74"}],"curies":[{"name":"wp","href":"https:\/\/api.w.org\/{rel}","templated":true}]}}