{"id":75,"date":"2024-05-11T21:17:03","date_gmt":"2024-05-11T21:17:03","guid":{"rendered":"https:\/\/candasmimarlik.com\/group\/tarim\/bizimkoy\/?page_id=75"},"modified":"2024-05-11T21:26:12","modified_gmt":"2024-05-11T21:26:12","slug":"duyurular","status":"publish","type":"page","link":"https:\/\/candasmimarlik.com\/group\/tarim\/bizimkoy\/?page_id=75","title":{"rendered":"Duyurular"},"content":{"rendered":"<div class=\"wp-block-query alignfull is-layout-flow wp-block-query-is-layout-flow\"><div class=\"wp-block-group alignfull\" style=\"padding-top:var(--wp--preset--spacing--40);padding-right:var(--wp--preset--spacing--40);padding-bottom:var(--wp--preset--spacing--40);padding-left:var(--wp--preset--spacing--40)\"><div class=\"wp-block-group__inner-container is-layout-flow wp-block-group-is-layout-flow\"><ul style=\"text-transform:none;\" class=\"wp-block-post-template is-layout-flow wp-block-post-template-is-layout-flow\"><li class=\"wp-block-post post-103 post type-post status-publish format-standard hentry category-duyuru\"><div class=\"wp-block-group is-content-justification-left\"><div class=\"wp-block-group__inner-container is-layout-constrained wp-container-core-group-is-layout-3 wp-block-group-is-layout-constrained\"><div class=\"wp-block-group is-vertical is-layout-flex wp-container-core-group-is-layout-2 wp-block-group-is-layout-flex\" style=\"padding-bottom:var(--wp--preset--spacing--80)\"><div style=\"margin-top:0;margin-right:0;margin-bottom:0;margin-left:0; font-size:0.9rem;letter-spacing:1px;\" class=\"has-text-align-left has-link-color has-text-color has-contrast-color wp-block-post-date wp-elements-5599b62b56904c5408ce764ba1a18b73\"><time datetime=\"2024-05-11T21:23:45+00:00\">5\/11\/2024<\/time><\/div>\n\n<div class=\"wp-block-group\" style=\"margin-top:0;margin-bottom:0\"><div class=\"wp-block-group__inner-container is-layout-constrained wp-block-group-is-layout-constrained\"><h2 style=\"font-size:4.6rem;font-style:normal;font-weight:600;line-height:1;\" class=\"has-link-color has-text-color has-contrast-color wp-block-post-title wp-elements-6c63676d444148112043a3d23d59cf70\"><a href=\"https:\/\/candasmimarlik.com\/group\/tarim\/bizimkoy\/?p=103\" target=\"_self\" >Duyuru: Yerle\u015fim Kurma Projesi Toplant\u0131s\u0131<\/a><\/h2>\n\n<div style=\"line-height:1.7;\" class=\"wp-block-post-excerpt has-small-font-size\"><p class=\"wp-block-post-excerpt__excerpt\">Sevgili Topluluk \u00dcyeleri, Sizleri \u00f6nemli bir giri\u015fime kat\u0131lmaya davet etmekten mutluluk duyuyoruz! K\u0131rsalda Yerle\u015fim Kurma Projesi kapsam\u0131nda, bir araya gelerek k\u0131rsal alanda s\u00fcrd\u00fcr\u00fclebilir bir topluluk olu\u015fturma hedefimizi ger\u00e7ekle\u015ftirmek \u00fczere bir toplant\u0131 d\u00fczenlemeyi planl\u0131yoruz. Bu proje, do\u011fal kaynaklara sayg\u0131 duyan, \u00e7evreye duyarl\u0131, dayan\u0131\u015fma i\u00e7inde ya\u015fayan bir toplumun temellerini atmam\u0131z\u0131 ama\u00e7lamaktad\u0131r. Sizlerin de katk\u0131lar\u0131yla, kendi kendimize yetebilen,&hellip; <\/p><\/div><\/div><\/div><\/div><\/div><\/div><\/li><\/ul><\/div><\/div>\n\n<div class=\"wp-block-group is-content-justification-left\" style=\"margin-top:0;margin-bottom:0;padding-top:0;padding-right:var(--wp--preset--spacing--40);padding-bottom:var(--wp--preset--spacing--40);padding-left:var(--wp--preset--spacing--40)\"><div class=\"wp-block-group__inner-container is-layout-constrained wp-container-core-group-is-layout-5 wp-block-group-is-layout-constrained\"><\/div><\/div><\/div>","protected":false},"excerpt":{"rendered":"","protected":false},"author":1,"featured_media":0,"parent":0,"menu_order":0,"comment_status":"closed","ping_status":"closed","template":"","meta":{"footnotes":""},"jetpack_sharing_enabled":true,"_links":{"self":[{"href":"https:\/\/candasmimarlik.com\/group\/tarim\/bizimkoy\/index.php?rest_route=\/wp\/v2\/pages\/75"}],"collection":[{"href":"https:\/\/candasmimarlik.com\/group\/tarim\/bizimkoy\/index.php?rest_route=\/wp\/v2\/pages"}],"about":[{"href":"https:\/\/candasmimarlik.com\/group\/tarim\/bizimkoy\/index.php?rest_route=\/wp\/v2\/types\/page"}],"author":[{"embeddable":true,"href":"https:\/\/candasmimarlik.com\/group\/tarim\/bizimkoy\/index.php?rest_route=\/wp\/v2\/users\/1"}],"replies":[{"embeddable":true,"href":"https:\/\/candasmimarlik.com\/group\/tarim\/bizimkoy\/index.php?rest_route=%2Fwp%2Fv2%2Fcomments&post=75"}],"version-history":[{"count":2,"href":"https:\/\/candasmimarlik.com\/group\/tarim\/bizimkoy\/index.php?rest_route=\/wp\/v2\/pages\/75\/revisions"}],"predecessor-version":[{"id":106,"href":"https:\/\/candasmimarlik.com\/group\/tarim\/bizimkoy\/index.php?rest_route=\/wp\/v2\/pages\/75\/revisions\/106"}],"wp:attachment":[{"href":"https:\/\/candasmimarlik.com\/group\/tarim\/bizimkoy\/index.php?rest_route=%2Fwp%2Fv2%2Fmedia&parent=75"}],"curies":[{"name":"wp","href":"https:\/\/api.w.org\/{rel}","templated":true}]}}