{"id":280,"date":"2026-03-11T13:46:24","date_gmt":"2026-03-11T13:46:24","guid":{"rendered":"https:\/\/candasmimarlik.com\/group\/tarim\/kooperatif\/?page_id=280"},"modified":"2026-03-11T13:52:35","modified_gmt":"2026-03-11T13:52:35","slug":"duyurulur","status":"publish","type":"page","link":"https:\/\/candasmimarlik.com\/group\/tarim\/kooperatif\/index.php\/duyurulur\/","title":{"rendered":"Duyurular"},"content":{"rendered":"\n<figure class=\"wp-block-image size-large\"><img data-recalc-dims=\"1\" fetchpriority=\"high\" decoding=\"async\" width=\"680\" height=\"850\" src=\"https:\/\/i0.wp.com\/candasmimarlik.com\/group\/tarim\/kooperatif\/wp-content\/uploads\/2026\/03\/WhatsApp-Image-2026-03-11-at-16.30.06.jpeg?resize=680%2C850&#038;ssl=1\" alt=\"\" class=\"wp-image-281\" srcset=\"https:\/\/i0.wp.com\/candasmimarlik.com\/group\/tarim\/kooperatif\/wp-content\/uploads\/2026\/03\/WhatsApp-Image-2026-03-11-at-16.30.06.jpeg?resize=819%2C1024&amp;ssl=1 819w, https:\/\/i0.wp.com\/candasmimarlik.com\/group\/tarim\/kooperatif\/wp-content\/uploads\/2026\/03\/WhatsApp-Image-2026-03-11-at-16.30.06.jpeg?resize=240%2C300&amp;ssl=1 240w, https:\/\/i0.wp.com\/candasmimarlik.com\/group\/tarim\/kooperatif\/wp-content\/uploads\/2026\/03\/WhatsApp-Image-2026-03-11-at-16.30.06.jpeg?resize=768%2C960&amp;ssl=1 768w, https:\/\/i0.wp.com\/candasmimarlik.com\/group\/tarim\/kooperatif\/wp-content\/uploads\/2026\/03\/WhatsApp-Image-2026-03-11-at-16.30.06.jpeg?resize=600%2C750&amp;ssl=1 600w, https:\/\/i0.wp.com\/candasmimarlik.com\/group\/tarim\/kooperatif\/wp-content\/uploads\/2026\/03\/WhatsApp-Image-2026-03-11-at-16.30.06.jpeg?w=1080&amp;ssl=1 1080w\" sizes=\"(max-width: 680px) 100vw, 680px\" \/><\/figure>\n\n\n\n<figure class=\"wp-block-pullquote\"><blockquote><p>13-16 May\u0131s tarihlerinde Fatsa Kapal\u0131 Pazar Yerinde ger\u00e7ekle\u015ftirece\u011fimiz 2. Karadeniz Ordu Tar\u0131m ve F\u0131nd\u0131k fuar\u0131nda sizleri de aram\u0131zda g\u00f6rmekten b\u00fcy\u00fck mutluluk duyar\u0131z. Fuar\u0131m\u0131za servis ile toplu ziyaret\u00e7i kat\u0131l\u0131mlar\u0131nda servis bedeli organizat\u00f6r firma olarak taraf\u0131m\u0131zdan kar\u015f\u0131lanacakt\u0131r. Konuyla ilgili olumlu geri d\u00f6n\u00fc\u015flerinizi bekleriz.\u0130leti\u015fim: 0 533 609 54 62<\/p><\/blockquote><\/figure>\n","protected":false},"excerpt":{"rendered":"<p>13-16 May\u0131s tarihlerinde Fatsa Kapal\u0131 Pazar Yerinde ger\u00e7ekle\u015ftirece\u011fimiz 2. Karadeniz Ordu Tar\u0131m ve F\u0131nd\u0131k fuar\u0131nda sizleri de aram\u0131zda g\u00f6rmekten b\u00fcy\u00fck mutluluk duyar\u0131z. Fuar\u0131m\u0131za servis ile toplu ziyaret\u00e7i kat\u0131l\u0131mlar\u0131nda servis bedeli organizat\u00f6r firma olarak taraf\u0131m\u0131zdan kar\u015f\u0131lanacakt\u0131r. Konuyla ilgili olumlu geri d\u00f6n\u00fc\u015flerinizi bekleriz.\u0130leti\u015fim: 0 533 609 54 62<\/p>\n","protected":false},"author":1,"featured_media":0,"parent":0,"menu_order":0,"comment_status":"closed","ping_status":"closed","template":"","meta":{"footnotes":""},"class_list":["post-280","page","type-page","status-publish","hentry"],"wpcf_dashboard":"<div class=\"woocommerce\"><div class=\"woocommerce-info\">Please log in first? <a class=\"wpneoShowLogin\" href=\"#\">Click here to login<\/a><\/div><div class=\"wpneo_login_form_div\" style=\"display: none;\"><form name=\"loginform\" id=\"loginform\" action=\"https:\/\/candasmimarlik.com\/group\/tarim\/kooperatif\/wp-login.php\" method=\"post\"><p class=\"login-username\">\n\t\t\t\t<label for=\"user_login\">Kullan\u0131c\u0131 ad\u0131 ya da e-posta adresi<\/label>\n\t\t\t\t<input type=\"text\" name=\"log\" id=\"user_login\" autocomplete=\"username\" class=\"input\" value=\"\" size=\"20\" \/>\n\t\t\t<\/p><p class=\"login-password\">\n\t\t\t\t<label for=\"user_pass\">Parola<\/label>\n\t\t\t\t<input type=\"password\" name=\"pwd\" id=\"user_pass\" autocomplete=\"current-password\" spellcheck=\"false\" class=\"input\" value=\"\" size=\"20\" \/>\n\t\t\t<\/p><p class=\"login-remember\"><label><input name=\"rememberme\" type=\"checkbox\" id=\"rememberme\" value=\"forever\" \/> Beni hat\u0131rla<\/label><\/p><p class=\"login-submit\">\n\t\t\t\t<input type=\"submit\" name=\"wp-submit\" id=\"wp-submit\" class=\"button button-primary\" value=\"Oturum a\u00e7\" \/>\n\t\t\t\t<input type=\"hidden\" name=\"redirect_to\" value=\"https:\/\/candasmimarlik.com\/group\/tarim\/kooperatif\/index.php\/wp-json\/wp\/v2\/pages\/280\" \/>\n\t\t\t<\/p><\/form><\/div><\/div>","jetpack_sharing_enabled":true,"_links":{"self":[{"href":"https:\/\/candasmimarlik.com\/group\/tarim\/kooperatif\/index.php\/wp-json\/wp\/v2\/pages\/280","targetHints":{"allow":["GET"]}}],"collection":[{"href":"https:\/\/candasmimarlik.com\/group\/tarim\/kooperatif\/index.php\/wp-json\/wp\/v2\/pages"}],"about":[{"href":"https:\/\/candasmimarlik.com\/group\/tarim\/kooperatif\/index.php\/wp-json\/wp\/v2\/types\/page"}],"author":[{"embeddable":true,"href":"https:\/\/candasmimarlik.com\/group\/tarim\/kooperatif\/index.php\/wp-json\/wp\/v2\/users\/1"}],"replies":[{"embeddable":true,"href":"https:\/\/candasmimarlik.com\/group\/tarim\/kooperatif\/index.php\/wp-json\/wp\/v2\/comments?post=280"}],"version-history":[{"count":2,"href":"https:\/\/candasmimarlik.com\/group\/tarim\/kooperatif\/index.php\/wp-json\/wp\/v2\/pages\/280\/revisions"}],"predecessor-version":[{"id":286,"href":"https:\/\/candasmimarlik.com\/group\/tarim\/kooperatif\/index.php\/wp-json\/wp\/v2\/pages\/280\/revisions\/286"}],"wp:attachment":[{"href":"https:\/\/candasmimarlik.com\/group\/tarim\/kooperatif\/index.php\/wp-json\/wp\/v2\/media?parent=280"}],"curies":[{"name":"wp","href":"https:\/\/api.w.org\/{rel}","templated":true}]}}