{"id":36,"date":"2022-11-15T15:14:12","date_gmt":"2022-11-15T15:14:12","guid":{"rendered":"https:\/\/candasmimarlik.com\/group\/tarim\/kooperatif\/?page_id=36"},"modified":"2022-11-15T15:16:16","modified_gmt":"2022-11-15T15:16:16","slug":"tarimsal-yatirim-projeleri","status":"publish","type":"page","link":"https:\/\/candasmimarlik.com\/group\/tarim\/kooperatif\/index.php\/tarimsal-yatirim-projeleri\/","title":{"rendered":"Tar\u0131msal Yat\u0131r\u0131m Projeleri"},"content":{"rendered":"\n<h2 class=\"wp-block-heading\"><strong><a href=\"https:\/\/candasmimarlik.com\/group\/tarim\/kooperatif\/index.php\/yaban-mersini-uretim-projesi\/\">YABAN MERS\u0130N\u0130 \u00dcRET\u0130M PROJES\u0130<\/a><\/strong><\/h2>\n","protected":false},"excerpt":{"rendered":"<p>YABAN MERS\u0130N\u0130 \u00dcRET\u0130M PROJES\u0130<\/p>\n","protected":false},"author":1,"featured_media":0,"parent":0,"menu_order":0,"comment_status":"closed","ping_status":"closed","template":"","meta":{"footnotes":""},"class_list":["post-36","page","type-page","status-publish","hentry"],"wpcf_dashboard":"<div class=\"woocommerce\"><div class=\"woocommerce-info\">Please log in first? <a class=\"wpneoShowLogin\" href=\"#\">Click here to login<\/a><\/div><div class=\"wpneo_login_form_div\" style=\"display: none;\"><form name=\"loginform\" id=\"loginform\" action=\"https:\/\/candasmimarlik.com\/group\/tarim\/kooperatif\/wp-login.php\" method=\"post\"><p class=\"login-username\">\n\t\t\t\t<label for=\"user_login\">Kullan\u0131c\u0131 ad\u0131 ya da e-posta adresi<\/label>\n\t\t\t\t<input type=\"text\" name=\"log\" id=\"user_login\" autocomplete=\"username\" class=\"input\" value=\"\" size=\"20\" \/>\n\t\t\t<\/p><p class=\"login-password\">\n\t\t\t\t<label for=\"user_pass\">Parola<\/label>\n\t\t\t\t<input type=\"password\" name=\"pwd\" id=\"user_pass\" autocomplete=\"current-password\" spellcheck=\"false\" class=\"input\" value=\"\" size=\"20\" \/>\n\t\t\t<\/p><p class=\"login-remember\"><label><input name=\"rememberme\" type=\"checkbox\" id=\"rememberme\" value=\"forever\" \/> Beni hat\u0131rla<\/label><\/p><p class=\"login-submit\">\n\t\t\t\t<input type=\"submit\" name=\"wp-submit\" id=\"wp-submit\" class=\"button button-primary\" value=\"Oturum a\u00e7\" \/>\n\t\t\t\t<input type=\"hidden\" name=\"redirect_to\" value=\"https:\/\/candasmimarlik.com\/group\/tarim\/kooperatif\/index.php\/wp-json\/wp\/v2\/pages\/36\" \/>\n\t\t\t<\/p><\/form><\/div><\/div>","jetpack_sharing_enabled":true,"_links":{"self":[{"href":"https:\/\/candasmimarlik.com\/group\/tarim\/kooperatif\/index.php\/wp-json\/wp\/v2\/pages\/36","targetHints":{"allow":["GET"]}}],"collection":[{"href":"https:\/\/candasmimarlik.com\/group\/tarim\/kooperatif\/index.php\/wp-json\/wp\/v2\/pages"}],"about":[{"href":"https:\/\/candasmimarlik.com\/group\/tarim\/kooperatif\/index.php\/wp-json\/wp\/v2\/types\/page"}],"author":[{"embeddable":true,"href":"https:\/\/candasmimarlik.com\/group\/tarim\/kooperatif\/index.php\/wp-json\/wp\/v2\/users\/1"}],"replies":[{"embeddable":true,"href":"https:\/\/candasmimarlik.com\/group\/tarim\/kooperatif\/index.php\/wp-json\/wp\/v2\/comments?post=36"}],"version-history":[{"count":3,"href":"https:\/\/candasmimarlik.com\/group\/tarim\/kooperatif\/index.php\/wp-json\/wp\/v2\/pages\/36\/revisions"}],"predecessor-version":[{"id":44,"href":"https:\/\/candasmimarlik.com\/group\/tarim\/kooperatif\/index.php\/wp-json\/wp\/v2\/pages\/36\/revisions\/44"}],"wp:attachment":[{"href":"https:\/\/candasmimarlik.com\/group\/tarim\/kooperatif\/index.php\/wp-json\/wp\/v2\/media?parent=36"}],"curies":[{"name":"wp","href":"https:\/\/api.w.org\/{rel}","templated":true}]}}