{"id":5,"date":"2022-11-13T17:10:21","date_gmt":"2022-11-13T17:10:21","guid":{"rendered":"https:\/\/candasmimarlik.com\/group\/tarim\/kooperatif\/?page_id=5"},"modified":"2024-07-08T22:47:30","modified_gmt":"2024-07-08T22:47:30","slug":"ana-sayfa","status":"publish","type":"page","link":"https:\/\/candasmimarlik.com\/group\/tarim\/kooperatif\/","title":{"rendered":"Kamuoyuna Duyuru"},"content":{"rendered":"\n<p>Yeni bir tar\u0131m devrimine ad\u0131m at\u0131yoruz! Yerel tar\u0131m kooperatifleri kurarak tar\u0131m \u00fcreticilerini g\u00fc\u00e7lendirmek ve t\u00fcketicilere daha kaliteli \u00fcr\u00fcnler sunmak amac\u0131yla yola \u00e7\u0131kt\u0131k. Dijital tar\u0131m kooperatiflerimiz arac\u0131l\u0131\u011f\u0131yla \u00fcretimden paketlemeye, \u00fcr\u00fcn geli\u015ftirmeden sat\u0131\u015fa kadar t\u00fcm s\u00fcre\u00e7leri en verimli \u015fekilde y\u00f6netece\u011fiz.<\/p>\n\n\n\n<figure class=\"wp-block-image size-full\"><img data-recalc-dims=\"1\" fetchpriority=\"high\" decoding=\"async\" width=\"680\" height=\"680\" src=\"https:\/\/i0.wp.com\/candasmimarlik.com\/group\/tarim\/kooperatif\/wp-content\/uploads\/2024\/07\/turk-ciftcisi.jpg?resize=680%2C680&#038;ssl=1\" alt=\"\" class=\"wp-image-250\" srcset=\"https:\/\/i0.wp.com\/candasmimarlik.com\/group\/tarim\/kooperatif\/wp-content\/uploads\/2024\/07\/turk-ciftcisi.jpg?w=1024&amp;ssl=1 1024w, https:\/\/i0.wp.com\/candasmimarlik.com\/group\/tarim\/kooperatif\/wp-content\/uploads\/2024\/07\/turk-ciftcisi.jpg?resize=300%2C300&amp;ssl=1 300w, https:\/\/i0.wp.com\/candasmimarlik.com\/group\/tarim\/kooperatif\/wp-content\/uploads\/2024\/07\/turk-ciftcisi.jpg?resize=150%2C150&amp;ssl=1 150w, https:\/\/i0.wp.com\/candasmimarlik.com\/group\/tarim\/kooperatif\/wp-content\/uploads\/2024\/07\/turk-ciftcisi.jpg?resize=768%2C768&amp;ssl=1 768w, https:\/\/i0.wp.com\/candasmimarlik.com\/group\/tarim\/kooperatif\/wp-content\/uploads\/2024\/07\/turk-ciftcisi.jpg?resize=600%2C600&amp;ssl=1 600w, https:\/\/i0.wp.com\/candasmimarlik.com\/group\/tarim\/kooperatif\/wp-content\/uploads\/2024\/07\/turk-ciftcisi.jpg?resize=100%2C100&amp;ssl=1 100w\" sizes=\"(max-width: 680px) 100vw, 680px\" \/><\/figure>\n\n\n\n<p>Bu projede siz de\u011ferli \u00fcreticilerimizin ve t\u00fcketicilerimizin deste\u011fiyle, tar\u0131m sekt\u00f6r\u00fcnde s\u00fcrd\u00fcr\u00fclebilir ve karl\u0131 bir yap\u0131 olu\u015fturmay\u0131 hedefliyoruz. Siz de bu b\u00fcy\u00fck ailenin bir par\u00e7as\u0131 olmak, kooperatiflerimize \u00fcye olarak faydalar\u0131ndan yararlanmak ve tar\u0131m sekt\u00f6r\u00fcne katk\u0131da bulunmak i\u00e7in bizimle ileti\u015fime ge\u00e7ebilirsiniz.<\/p>\n\n\n\n<p>Ayr\u0131ca, yerel y\u00f6netimler, \u015firketler, di\u011fer kooperatifler ve \u00fcniversitelerle i\u015fbirlikleri yaparak, i\u00e7 ve d\u0131\u015f destek ve hibelerden yararlanmay\u0131 hedefliyoruz. Bu ama\u00e7la, \u00e7e\u015fitli projeler geli\u015ftirerek tar\u0131m sekt\u00f6r\u00fcn\u00fcn geli\u015fimine katk\u0131da bulunaca\u011f\u0131z.<\/p>\n\n\n\n<p>Birlikte daha g\u00fc\u00e7l\u00fc, verimli ve s\u00fcrd\u00fcr\u00fclebilir bir tar\u0131m sekt\u00f6r\u00fc in\u015fa edelim!<\/p>\n\n\n\n<p>Sayg\u0131lar\u0131m\u0131zla,<\/p>\n","protected":false},"excerpt":{"rendered":"<p>Yeni bir tar\u0131m devrimine ad\u0131m at\u0131yoruz! Yerel tar\u0131m kooperatifleri kurarak tar\u0131m \u00fcreticilerini g\u00fc\u00e7lendirmek ve t\u00fcketicilere daha kaliteli \u00fcr\u00fcnler sunmak amac\u0131yla yola \u00e7\u0131kt\u0131k. Dijital tar\u0131m kooperatiflerimiz arac\u0131l\u0131\u011f\u0131yla \u00fcretimden paketlemeye, \u00fcr\u00fcn geli\u015ftirmeden sat\u0131\u015fa kadar t\u00fcm s\u00fcre\u00e7leri en verimli \u015fekilde y\u00f6netece\u011fiz. Bu projede siz de\u011ferli \u00fcreticilerimizin ve t\u00fcketicilerimizin deste\u011fiyle, tar\u0131m sekt\u00f6r\u00fcnde s\u00fcrd\u00fcr\u00fclebilir ve karl\u0131 bir yap\u0131 olu\u015fturmay\u0131 hedefliyoruz. [&hellip;]<\/p>\n","protected":false},"author":1,"featured_media":0,"parent":0,"menu_order":0,"comment_status":"closed","ping_status":"closed","template":"","meta":{"footnotes":""},"class_list":["post-5","page","type-page","status-publish","hentry"],"wpcf_dashboard":"<div class=\"woocommerce\"><div class=\"woocommerce-info\">Please log in first? <a class=\"wpneoShowLogin\" href=\"#\">Click here to login<\/a><\/div><div class=\"wpneo_login_form_div\" style=\"display: none;\"><form name=\"loginform\" id=\"loginform\" action=\"https:\/\/candasmimarlik.com\/group\/tarim\/kooperatif\/wp-login.php\" method=\"post\"><p class=\"login-username\">\n\t\t\t\t<label for=\"user_login\">Kullan\u0131c\u0131 ad\u0131 ya da e-posta adresi<\/label>\n\t\t\t\t<input type=\"text\" name=\"log\" id=\"user_login\" autocomplete=\"username\" class=\"input\" value=\"\" size=\"20\" \/>\n\t\t\t<\/p><p class=\"login-password\">\n\t\t\t\t<label for=\"user_pass\">Parola<\/label>\n\t\t\t\t<input type=\"password\" name=\"pwd\" id=\"user_pass\" autocomplete=\"current-password\" spellcheck=\"false\" class=\"input\" value=\"\" size=\"20\" \/>\n\t\t\t<\/p><p class=\"login-remember\"><label><input name=\"rememberme\" type=\"checkbox\" id=\"rememberme\" value=\"forever\" \/> Beni hat\u0131rla<\/label><\/p><p class=\"login-submit\">\n\t\t\t\t<input type=\"submit\" name=\"wp-submit\" id=\"wp-submit\" class=\"button button-primary\" value=\"Oturum a\u00e7\" \/>\n\t\t\t\t<input type=\"hidden\" name=\"redirect_to\" value=\"https:\/\/candasmimarlik.com\/group\/tarim\/kooperatif\/index.php\/wp-json\/wp\/v2\/pages\/5\" \/>\n\t\t\t<\/p><\/form><\/div><\/div>","jetpack_sharing_enabled":true,"_links":{"self":[{"href":"https:\/\/candasmimarlik.com\/group\/tarim\/kooperatif\/index.php\/wp-json\/wp\/v2\/pages\/5","targetHints":{"allow":["GET"]}}],"collection":[{"href":"https:\/\/candasmimarlik.com\/group\/tarim\/kooperatif\/index.php\/wp-json\/wp\/v2\/pages"}],"about":[{"href":"https:\/\/candasmimarlik.com\/group\/tarim\/kooperatif\/index.php\/wp-json\/wp\/v2\/types\/page"}],"author":[{"embeddable":true,"href":"https:\/\/candasmimarlik.com\/group\/tarim\/kooperatif\/index.php\/wp-json\/wp\/v2\/users\/1"}],"replies":[{"embeddable":true,"href":"https:\/\/candasmimarlik.com\/group\/tarim\/kooperatif\/index.php\/wp-json\/wp\/v2\/comments?post=5"}],"version-history":[{"count":4,"href":"https:\/\/candasmimarlik.com\/group\/tarim\/kooperatif\/index.php\/wp-json\/wp\/v2\/pages\/5\/revisions"}],"predecessor-version":[{"id":251,"href":"https:\/\/candasmimarlik.com\/group\/tarim\/kooperatif\/index.php\/wp-json\/wp\/v2\/pages\/5\/revisions\/251"}],"wp:attachment":[{"href":"https:\/\/candasmimarlik.com\/group\/tarim\/kooperatif\/index.php\/wp-json\/wp\/v2\/media?parent=5"}],"curies":[{"name":"wp","href":"https:\/\/api.w.org\/{rel}","templated":true}]}}