{"id":73,"date":"2024-07-08T18:58:36","date_gmt":"2024-07-08T18:58:36","guid":{"rendered":"https:\/\/candasmimarlik.com\/group\/tarim\/kooperatif\/?page_id=73"},"modified":"2024-07-08T18:58:39","modified_gmt":"2024-07-08T18:58:39","slug":"stratejik-plan","status":"publish","type":"page","link":"https:\/\/candasmimarlik.com\/group\/tarim\/kooperatif\/index.php\/stratejik-plan\/","title":{"rendered":"Stratejik Plan"},"content":{"rendered":"\n<h3 class=\"wp-block-heading\"><strong>Vizyon:<\/strong> T\u00fcrkiye&#8217;nin d\u00f6rt bir yan\u0131nda tar\u0131m \u00fcreticilerinin g\u00fc\u00e7 birli\u011fi yaparak s\u00fcrd\u00fcr\u00fclebilir, verimli ve karl\u0131 bir tar\u0131m sekt\u00f6r\u00fcne katk\u0131da bulunmak.<\/h3>\n\n\n\n<p><strong>Misyon:<\/strong> Dijital tar\u0131m kooperatifleri arac\u0131l\u0131\u011f\u0131yla \u00fcreticilerin birlikte \u00e7al\u0131\u015fmas\u0131n\u0131 sa\u011flamak, \u00fcr\u00fcn kalitesini art\u0131rmak, pazarlama g\u00fcc\u00fcn\u00fc art\u0131rmak ve t\u00fcketicilere daha kaliteli ve uygun fiyatl\u0131 \u00fcr\u00fcnler sunmak.<\/p>\n\n\n\n<p><strong>Hedefler:<\/strong><\/p>\n\n\n\n<ol class=\"wp-block-list\">\n<li>Yerel dijital tar\u0131m kooperatifleri kurmak ve bunlar\u0131 ulusal \u00f6l\u00e7ekte bir \u00fcst dijital tar\u0131m kooperatifine ba\u011flamak.<\/li>\n\n\n\n<li>\u00dcretim, paketleme, \u00fcr\u00fcn geli\u015ftirme ve sat\u0131\u015f-pazarlama s\u00fcre\u00e7lerini kooperatifler arac\u0131l\u0131\u011f\u0131yla y\u00f6netmek.<\/li>\n\n\n\n<li>Tar\u0131m \u00fcreticilerini \u00fcye yaparak kooperatiflerin b\u00fcy\u00fcmesini sa\u011flamak.<\/li>\n\n\n\n<li>T\u00fcketicilerin de kooperatif \u00fcyesi olmas\u0131n\u0131 te\u015fvik etmek.<\/li>\n\n\n\n<li>Dijital platform \u00fczerinden \u00fcretici ve t\u00fcketicileri bir araya getirmek.<\/li>\n\n\n\n<li>Yerel ve ulusal \u00f6l\u00e7ekte bulunan di\u011fer kooperatiflerle, yerel y\u00f6netimlerle, \u015firketlerle ve \u00fcniversitelerle i\u015fbirlikleri yapmak.<\/li>\n\n\n\n<li>\u0130\u00e7 ve d\u0131\u015f destek, hibe kaynaklar\u0131ndan yararlanmak i\u00e7in projeler geli\u015ftirmek.<\/li>\n<\/ol>\n\n\n\n<h3 class=\"wp-block-heading\">Eylem Plan\u0131<\/h3>\n\n\n\n<p><strong>1. Kurulu\u015f ve Yap\u0131land\u0131rma:<\/strong><\/p>\n\n\n\n<ul class=\"wp-block-list\">\n<li>Yerel tar\u0131m \u00fcreticileri ile toplant\u0131lar d\u00fczenleyerek kooperatiflerin faydalar\u0131n\u0131 anlatmak.<\/li>\n\n\n\n<li>Kooperatiflerin yasal olarak kurulmas\u0131 i\u00e7in gerekli ad\u0131mlar\u0131 atmak.<\/li>\n\n\n\n<li>Dijital platformun altyap\u0131s\u0131n\u0131 olu\u015fturmak ve kooperatif \u00fcyelerinin kullan\u0131m\u0131na sunmak.<\/li>\n<\/ul>\n\n\n\n<p><strong>2. \u00dcyelik ve E\u011fitim:<\/strong><\/p>\n\n\n\n<ul class=\"wp-block-list\">\n<li>Tar\u0131m \u00fcreticilerini ve t\u00fcketicileri kooperatiflere \u00fcye yapma kampanyalar\u0131 d\u00fczenlemek.<\/li>\n\n\n\n<li>\u00dcyelere y\u00f6nelik e\u011fitim programlar\u0131 d\u00fczenleyerek kooperatiflerin nas\u0131l i\u015fledi\u011fini ve dijital platformun nas\u0131l kullan\u0131laca\u011f\u0131n\u0131 anlatmak.<\/li>\n<\/ul>\n\n\n\n<p><strong>3. \u00dcretim ve Paketleme:<\/strong><\/p>\n\n\n\n<ul class=\"wp-block-list\">\n<li>\u00dcretim s\u00fcrecinde kalite standartlar\u0131 belirlemek ve uygulanmas\u0131n\u0131 sa\u011flamak.<\/li>\n\n\n\n<li>\u00dcr\u00fcnlerin paketlenmesi i\u00e7in gerekli tesisleri kurmak veya mevcut tesislerle i\u015fbirli\u011fi yapmak.<\/li>\n<\/ul>\n\n\n\n<p><strong>4. \u00dcr\u00fcn Geli\u015ftirme ve Pazarlama:<\/strong><\/p>\n\n\n\n<ul class=\"wp-block-list\">\n<li>Yeni \u00fcr\u00fcn geli\u015ftirme \u00e7al\u0131\u015fmalar\u0131 yapmak ve mevcut \u00fcr\u00fcnlerin kalitesini art\u0131rmak.<\/li>\n\n\n\n<li>Pazarlama stratejileri geli\u015ftirerek \u00fcr\u00fcnlerin daha geni\u015f kitlelere ula\u015fmas\u0131n\u0131 sa\u011flamak.<\/li>\n\n\n\n<li>Dijital platform \u00fczerinden \u00fcr\u00fcnlerin sat\u0131\u015f\u0131n\u0131 ger\u00e7ekle\u015ftirmek.<\/li>\n<\/ul>\n\n\n\n<p><strong>5. \u0130zleme ve De\u011ferlendirme:<\/strong><\/p>\n\n\n\n<ul class=\"wp-block-list\">\n<li>Kooperatiflerin performans\u0131n\u0131 d\u00fczenli olarak izlemek ve de\u011ferlendirmek.<\/li>\n\n\n\n<li>\u00dcyelerden geri bildirim alarak s\u00fcrekli iyile\u015ftirme \u00e7al\u0131\u015fmalar\u0131 yapmak.<\/li>\n<\/ul>\n\n\n\n<p><strong>6. \u0130\u015fbirlikleri ve Projeler:<\/strong><\/p>\n\n\n\n<ul class=\"wp-block-list\">\n<li>Yerel ve ulusal d\u00fczeyde di\u011fer kooperatifler, yerel y\u00f6netimler, \u015firketler ve \u00fcniversiteler ile i\u015fbirli\u011fi anla\u015fmalar\u0131 yapmak.<\/li>\n\n\n\n<li>Bu i\u015fbirlikleri arac\u0131l\u0131\u011f\u0131yla ortak projeler geli\u015ftirmek ve y\u00fcr\u00fctmek.<\/li>\n\n\n\n<li>\u0130\u00e7 ve d\u0131\u015f destek, hibe kaynaklar\u0131ndan yararlanmak i\u00e7in projeler haz\u0131rlamak ve ba\u015fvurular yapmak.<\/li>\n<\/ul>\n\n\n\n<h3 class=\"wp-block-heading\">Optimizasyon Plan\u0131<\/h3>\n\n\n\n<p><strong>1. S\u00fcre\u00e7 Optimizasyonu:<\/strong><\/p>\n\n\n\n<ul class=\"wp-block-list\">\n<li>\u00dcretim, paketleme ve lojistik s\u00fcre\u00e7lerinde verimlili\u011fi art\u0131rmak i\u00e7in teknolojik yenilikler ve en iyi uygulamalar\u0131 kullanmak.<\/li>\n\n\n\n<li>Dijital platform \u00fczerinden anl\u0131k veri takibi yaparak s\u00fcre\u00e7lerin iyile\u015ftirilmesini sa\u011flamak.<\/li>\n<\/ul>\n\n\n\n<p><strong>2. Maliyet Optimizasyonu:<\/strong><\/p>\n\n\n\n<ul class=\"wp-block-list\">\n<li>Maliyetleri d\u00fc\u015f\u00fcrmek i\u00e7in toplu sat\u0131n alma ve ortak kullan\u0131m alanlar\u0131 olu\u015fturmak.<\/li>\n\n\n\n<li>Enerji verimlili\u011fi sa\u011flayacak uygulamalar\u0131 hayata ge\u00e7irmek.<\/li>\n<\/ul>\n\n\n\n<p><strong>3. Kalite Optimizasyonu:<\/strong><\/p>\n\n\n\n<ul class=\"wp-block-list\">\n<li>\u00dcr\u00fcn kalitesini art\u0131rmak i\u00e7in s\u00fcrekli e\u011fitim ve denetim mekanizmalar\u0131 kurmak.<\/li>\n\n\n\n<li>M\u00fc\u015fteri memnuniyetini art\u0131rmak i\u00e7in t\u00fcketici geri bildirimlerini de\u011ferlendirmek ve \u00fcr\u00fcn geli\u015ftirme s\u00fcre\u00e7lerinde kullanmak.<\/li>\n<\/ul>\n","protected":false},"excerpt":{"rendered":"<p>Vizyon: T\u00fcrkiye&#8217;nin d\u00f6rt bir yan\u0131nda tar\u0131m \u00fcreticilerinin g\u00fc\u00e7 birli\u011fi yaparak s\u00fcrd\u00fcr\u00fclebilir, verimli ve karl\u0131 bir tar\u0131m sekt\u00f6r\u00fcne katk\u0131da bulunmak. Misyon: Dijital tar\u0131m kooperatifleri arac\u0131l\u0131\u011f\u0131yla \u00fcreticilerin birlikte \u00e7al\u0131\u015fmas\u0131n\u0131 sa\u011flamak, \u00fcr\u00fcn kalitesini art\u0131rmak, pazarlama g\u00fcc\u00fcn\u00fc art\u0131rmak ve t\u00fcketicilere daha kaliteli ve uygun fiyatl\u0131 \u00fcr\u00fcnler sunmak. Hedefler: Eylem Plan\u0131 1. Kurulu\u015f ve Yap\u0131land\u0131rma: 2. \u00dcyelik ve E\u011fitim: 3. [&hellip;]<\/p>\n","protected":false},"author":1,"featured_media":0,"parent":0,"menu_order":0,"comment_status":"closed","ping_status":"closed","template":"","meta":{"footnotes":""},"class_list":["post-73","page","type-page","status-publish","hentry"],"wpcf_dashboard":"<div class=\"woocommerce\"><div class=\"woocommerce-info\">Please log in first? <a class=\"wpneoShowLogin\" href=\"#\">Click here to login<\/a><\/div><div class=\"wpneo_login_form_div\" style=\"display: none;\"><form name=\"loginform\" id=\"loginform\" action=\"https:\/\/candasmimarlik.com\/group\/tarim\/kooperatif\/wp-login.php\" method=\"post\"><p class=\"login-username\">\n\t\t\t\t<label for=\"user_login\">Kullan\u0131c\u0131 ad\u0131 ya da e-posta adresi<\/label>\n\t\t\t\t<input type=\"text\" name=\"log\" id=\"user_login\" autocomplete=\"username\" class=\"input\" value=\"\" size=\"20\" \/>\n\t\t\t<\/p><p class=\"login-password\">\n\t\t\t\t<label for=\"user_pass\">Parola<\/label>\n\t\t\t\t<input type=\"password\" name=\"pwd\" id=\"user_pass\" autocomplete=\"current-password\" spellcheck=\"false\" class=\"input\" value=\"\" size=\"20\" \/>\n\t\t\t<\/p><p class=\"login-remember\"><label><input name=\"rememberme\" type=\"checkbox\" id=\"rememberme\" value=\"forever\" \/> Beni hat\u0131rla<\/label><\/p><p class=\"login-submit\">\n\t\t\t\t<input type=\"submit\" name=\"wp-submit\" id=\"wp-submit\" class=\"button button-primary\" value=\"Oturum a\u00e7\" \/>\n\t\t\t\t<input type=\"hidden\" name=\"redirect_to\" value=\"https:\/\/candasmimarlik.com\/group\/tarim\/kooperatif\/index.php\/wp-json\/wp\/v2\/pages\/73\" \/>\n\t\t\t<\/p><\/form><\/div><\/div>","jetpack_sharing_enabled":true,"_links":{"self":[{"href":"https:\/\/candasmimarlik.com\/group\/tarim\/kooperatif\/index.php\/wp-json\/wp\/v2\/pages\/73","targetHints":{"allow":["GET"]}}],"collection":[{"href":"https:\/\/candasmimarlik.com\/group\/tarim\/kooperatif\/index.php\/wp-json\/wp\/v2\/pages"}],"about":[{"href":"https:\/\/candasmimarlik.com\/group\/tarim\/kooperatif\/index.php\/wp-json\/wp\/v2\/types\/page"}],"author":[{"embeddable":true,"href":"https:\/\/candasmimarlik.com\/group\/tarim\/kooperatif\/index.php\/wp-json\/wp\/v2\/users\/1"}],"replies":[{"embeddable":true,"href":"https:\/\/candasmimarlik.com\/group\/tarim\/kooperatif\/index.php\/wp-json\/wp\/v2\/comments?post=73"}],"version-history":[{"count":1,"href":"https:\/\/candasmimarlik.com\/group\/tarim\/kooperatif\/index.php\/wp-json\/wp\/v2\/pages\/73\/revisions"}],"predecessor-version":[{"id":74,"href":"https:\/\/candasmimarlik.com\/group\/tarim\/kooperatif\/index.php\/wp-json\/wp\/v2\/pages\/73\/revisions\/74"}],"wp:attachment":[{"href":"https:\/\/candasmimarlik.com\/group\/tarim\/kooperatif\/index.php\/wp-json\/wp\/v2\/media?parent=73"}],"curies":[{"name":"wp","href":"https:\/\/api.w.org\/{rel}","templated":true}]}}