{"id":1541,"date":"2025-12-20T14:19:18","date_gmt":"2025-12-20T14:19:18","guid":{"rendered":"https:\/\/candasmimarlik.com\/group\/tarim\/tarplan\/?page_id=1541"},"modified":"2025-12-20T15:50:41","modified_gmt":"2025-12-20T15:50:41","slug":"%f0%9f%8c%b1-ana-sayfa","status":"publish","type":"page","link":"https:\/\/candasmimarlik.com\/group\/tarim\/tarplan\/","title":{"rendered":"\ud83c\udf31 ANA SAYFA"},"content":{"rendered":"\t\t<div data-elementor-type=\"wp-page\" data-elementor-id=\"1541\" class=\"elementor elementor-1541\">\n\t\t\t\t\t\t<section class=\"elementor-section elementor-top-section elementor-element elementor-element-3f5422e7 elementor-section-boxed elementor-section-height-default elementor-section-height-default\" data-id=\"3f5422e7\" data-element_type=\"section\" data-e-type=\"section\">\n\t\t\t\t\t\t<div class=\"elementor-container elementor-column-gap-default\">\n\t\t\t\t\t<div class=\"elementor-column elementor-col-100 elementor-top-column elementor-element elementor-element-2f8937a\" data-id=\"2f8937a\" data-element_type=\"column\" data-e-type=\"column\">\n\t\t\t<div class=\"elementor-widget-wrap elementor-element-populated\">\n\t\t\t\t\t\t<div class=\"elementor-element elementor-element-7e3b0806 elementor-widget elementor-widget-text-editor\" data-id=\"7e3b0806\" data-element_type=\"widget\" data-e-type=\"widget\" data-widget_type=\"text-editor.default\">\n\t\t\t\t<div class=\"elementor-widget-container\">\n\t\t\t\t\t\t\t\t\t\n<h2 class=\"wp-block-heading\" style=\"text-align: center;\"><strong>Tarplan | Dijital Tar\u0131m Koordinasyon Platformu<\/strong><\/h2>\n\n<h3 class=\"wp-block-heading\" style=\"text-align: center;\"><strong>Tar\u0131mda \u00dcretimi, Hasad\u0131 ve Al\u0131m\u0131 Koordine Eden Dijital Sistem<\/strong><\/h3>\n\n<h3 class=\"wp-block-heading\" style=\"text-align: center;\">\u00a0<\/h3>\n\n<p style=\"text-align: center;\">Tarplan; tar\u0131m \u00fcr\u00fcnlerini listeleyen bir sat\u0131\u015f sitesi de\u011fildir.<br \/>Tarplan, \u00fcretimden hasada, al\u0131m taahh\u00fcd\u00fcnden teslimata kadar s\u00fcreci <strong>\u00f6nceden planlayan ve y\u00f6neten<\/strong> bir dijital koordinasyon platformudur.<\/p>\n\n<p style=\"text-align: center;\">\u00dcretici neyi, ne kadar ve kimin i\u00e7in \u00fcretece\u011fini bilir.<br \/>Al\u0131c\u0131 ne zaman, hangi kalitede \u00fcr\u00fcne ula\u015faca\u011f\u0131n\u0131 bilir.<\/p>\n<hr class=\"wp-block-separator has-alpha-channel-opacity\" \/>\n<h3 class=\"wp-block-heading\" style=\"text-align: center;\">Tarplan Ne Yapar?<\/h3>\n\n<ul class=\"wp-block-list\" style=\"text-align: center;\">\n<li>\u00dcretim takvimlerini g\u00f6r\u00fcn\u00fcr k\u0131lar<\/li>\n\n<li>Al\u0131m niyetlerini \u00f6nceden toplar<\/li>\n\n<li>\u00dcretici ve al\u0131c\u0131y\u0131 plans\u0131z pazarl\u0131ktan \u00e7\u0131kar\u0131r<\/li>\n\n<li>S\u00fcreci kay\u0131t alt\u0131na al\u0131r<\/li>\n\n<li>Belirsizli\u011fi azalt\u0131r, g\u00fcveni art\u0131r\u0131r<\/li>\n<\/ul>\n<hr class=\"wp-block-separator has-alpha-channel-opacity\" \/>\n<h3 class=\"wp-block-heading\" style=\"text-align: center;\">Kimler \u0130\u00e7in?<\/h3>\n\n<ul class=\"wp-block-list\" style=\"text-align: center;\">\n<li>K\u00fc\u00e7\u00fck ve orta \u00f6l\u00e7ekli \u00fcreticiler<\/li>\n\n<li>Marketler, mutfaklar, sanayi al\u0131c\u0131lar\u0131<\/li>\n\n<li>Kooperatifler ve kurumsal yap\u0131lar<\/li>\n<\/ul>\n<hr class=\"wp-block-separator aligncenter has-alpha-channel-opacity\" \/>\n<h3 class=\"wp-block-heading\" style=\"text-align: center;\">\u00a0<\/h3>\n\n<p style=\"text-align: center;\"><strong>\ud83d\udc49 \u00dcretici olarak kat\u0131l<\/strong><br \/><strong>\ud83d\udc49 Al\u0131c\u0131 olarak kat\u0131l<\/strong><\/p>\n\t\t\t\t\t\t\t\t<\/div>\n\t\t\t\t<\/div>\n\t\t\t\t\t<\/div>\n\t\t<\/div>\n\t\t\t\t\t<\/div>\n\t\t<\/section>\n\t\t\t\t<section class=\"elementor-section elementor-top-section elementor-element elementor-element-ed20157 elementor-section-boxed elementor-section-height-default elementor-section-height-default\" data-id=\"ed20157\" data-element_type=\"section\" data-e-type=\"section\">\n\t\t\t\t\t\t<div class=\"elementor-container elementor-column-gap-default\">\n\t\t\t\t\t<div class=\"elementor-column elementor-col-50 elementor-top-column elementor-element elementor-element-3bf112a\" data-id=\"3bf112a\" data-element_type=\"column\" data-e-type=\"column\">\n\t\t\t<div class=\"elementor-widget-wrap elementor-element-populated\">\n\t\t\t\t\t\t<div class=\"elementor-element elementor-element-e89f152 elementor-align-center elementor-widget elementor-widget-button\" data-id=\"e89f152\" data-element_type=\"widget\" data-e-type=\"widget\" data-widget_type=\"button.default\">\n\t\t\t\t<div class=\"elementor-widget-container\">\n\t\t\t\t\t\t\t\t\t<div class=\"elementor-button-wrapper\">\n\t\t\t\t\t<a class=\"elementor-button elementor-button-link elementor-size-sm\" href=\"#\">\n\t\t\t\t\t\t<span class=\"elementor-button-content-wrapper\">\n\t\t\t\t\t\t\t\t\t<span class=\"elementor-button-text\">\u00dcretici olarak kat\u0131l<\/span>\n\t\t\t\t\t<\/span>\n\t\t\t\t\t<\/a>\n\t\t\t\t<\/div>\n\t\t\t\t\t\t\t\t<\/div>\n\t\t\t\t<\/div>\n\t\t\t\t\t<\/div>\n\t\t<\/div>\n\t\t\t\t<div class=\"elementor-column elementor-col-50 elementor-top-column elementor-element elementor-element-fb82b95\" data-id=\"fb82b95\" data-element_type=\"column\" data-e-type=\"column\">\n\t\t\t<div class=\"elementor-widget-wrap elementor-element-populated\">\n\t\t\t\t\t\t<div class=\"elementor-element elementor-element-6b33b71 elementor-align-center elementor-widget elementor-widget-button\" data-id=\"6b33b71\" data-element_type=\"widget\" data-e-type=\"widget\" data-widget_type=\"button.default\">\n\t\t\t\t<div class=\"elementor-widget-container\">\n\t\t\t\t\t\t\t\t\t<div class=\"elementor-button-wrapper\">\n\t\t\t\t\t<a class=\"elementor-button elementor-button-link elementor-size-sm\" href=\"#\">\n\t\t\t\t\t\t<span class=\"elementor-button-content-wrapper\">\n\t\t\t\t\t\t\t\t\t<span class=\"elementor-button-text\">Al\u0131c\u0131 olarak kat\u0131l<\/span>\n\t\t\t\t\t<\/span>\n\t\t\t\t\t<\/a>\n\t\t\t\t<\/div>\n\t\t\t\t\t\t\t\t<\/div>\n\t\t\t\t<\/div>\n\t\t\t\t\t<\/div>\n\t\t<\/div>\n\t\t\t\t\t<\/div>\n\t\t<\/section>\n\t\t\t\t<section class=\"elementor-section elementor-top-section elementor-element elementor-element-b94ee7c elementor-section-boxed elementor-section-height-default elementor-section-height-default\" data-id=\"b94ee7c\" data-element_type=\"section\" data-e-type=\"section\">\n\t\t\t\t\t\t<div class=\"elementor-container elementor-column-gap-default\">\n\t\t\t\t\t<div class=\"elementor-column elementor-col-100 elementor-top-column elementor-element elementor-element-6735360\" data-id=\"6735360\" data-element_type=\"column\" data-e-type=\"column\">\n\t\t\t<div class=\"elementor-widget-wrap elementor-element-populated\">\n\t\t\t\t\t\t<div class=\"elementor-element elementor-element-c4bdf94 elementor-widget elementor-widget-text-editor\" data-id=\"c4bdf94\" data-element_type=\"widget\" data-e-type=\"widget\" data-widget_type=\"text-editor.default\">\n\t\t\t\t<div class=\"elementor-widget-container\">\n\t\t\t\t\t\t\t\t\t<h2><span style=\"color: #ffffff;\">Tarplan Pilot Sezonu Ba\u015flad\u0131<\/span><\/h2>\n<p><span style=\"color: #ffffff;\">2025 Yaz\u2013Sonbahar d\u00f6neminde, s\u0131n\u0131rl\u0131 \u00fcr\u00fcn ve s\u0131n\u0131rl\u0131 kat\u0131l\u0131mc\u0131yla<\/span><br data-start=\"874\" data-end=\"877\" \/><span style=\"color: #ffffff;\">planl\u0131 \u00fcretim ve koordineli al\u0131m modeli sahada uygulan\u0131yor.<\/span><\/p>\n<h3 style=\"text-align: center;\" data-start=\"943\" data-end=\"982\"><span style=\"color: #ffffff;\">\ud83e\uddfa Pilot Sezon Kapsam\u0131 (K\u0131sa &amp; Net)<\/span><\/h3>\n<p style=\"text-align: center;\" data-start=\"984\" data-end=\"1050\"><span style=\"color: #ffffff;\"><strong data-start=\"984\" data-end=\"996\">\u00dcr\u00fcnler:<\/strong><\/span><br data-start=\"996\" data-end=\"999\" \/><span style=\"color: #ffffff;\">Sal\u00e7al\u0131k domates \u00b7 Sofral\u0131k patates \u00b7 Ya\u011fl\u0131k zeytin<\/span><\/p>\n<p style=\"text-align: center;\" data-start=\"1052\" data-end=\"1093\"><span style=\"color: #ffffff;\"><strong data-start=\"1052\" data-end=\"1065\">B\u00f6lgeler:<\/strong><\/span><br data-start=\"1065\" data-end=\"1068\" \/><span style=\"color: #ffffff;\">Manisa \u00b7 \u00d6demi\u015f \u00b7 Akhisar<\/span><\/p>\n<p style=\"text-align: center;\" data-start=\"1095\" data-end=\"1174\"><span style=\"color: #ffffff;\"><strong data-start=\"1095\" data-end=\"1104\">Ama\u00e7:<\/strong><\/span><br data-start=\"1104\" data-end=\"1107\" \/><span style=\"color: #ffffff;\">Hasat \u00f6ncesi planlama \u00b7 Fiyat belirsizli\u011fini azaltma \u00b7 \u015eeffaf s\u00fcre\u00e7<\/span><\/p>\t\t\t\t\t\t\t\t<\/div>\n\t\t\t\t<\/div>\n\t\t\t\t\t<\/div>\n\t\t<\/div>\n\t\t\t\t\t<\/div>\n\t\t<\/section>\n\t\t\t\t<section class=\"elementor-section elementor-top-section elementor-element elementor-element-683fa3f elementor-section-boxed elementor-section-height-default elementor-section-height-default\" data-id=\"683fa3f\" data-element_type=\"section\" data-e-type=\"section\">\n\t\t\t\t\t\t<div class=\"elementor-container elementor-column-gap-default\">\n\t\t\t\t\t<div class=\"elementor-column elementor-col-50 elementor-top-column elementor-element elementor-element-517d611\" data-id=\"517d611\" data-element_type=\"column\" data-e-type=\"column\">\n\t\t\t<div class=\"elementor-widget-wrap elementor-element-populated\">\n\t\t\t\t\t\t<div class=\"elementor-element elementor-element-5e2a2d0 elementor-align-center elementor-widget elementor-widget-button\" data-id=\"5e2a2d0\" data-element_type=\"widget\" data-e-type=\"widget\" data-widget_type=\"button.default\">\n\t\t\t\t<div class=\"elementor-widget-container\">\n\t\t\t\t\t\t\t\t\t<div class=\"elementor-button-wrapper\">\n\t\t\t\t\t<a class=\"elementor-button elementor-button-link elementor-size-sm\" href=\"#\">\n\t\t\t\t\t\t<span class=\"elementor-button-content-wrapper\">\n\t\t\t\t\t\t\t\t\t<span class=\"elementor-button-text\">Pilot Sezonu \u0130ncele<\/span>\n\t\t\t\t\t<\/span>\n\t\t\t\t\t<\/a>\n\t\t\t\t<\/div>\n\t\t\t\t\t\t\t\t<\/div>\n\t\t\t\t<\/div>\n\t\t\t\t\t<\/div>\n\t\t<\/div>\n\t\t\t\t<div class=\"elementor-column elementor-col-50 elementor-top-column elementor-element elementor-element-de718d1\" data-id=\"de718d1\" data-element_type=\"column\" data-e-type=\"column\">\n\t\t\t<div class=\"elementor-widget-wrap elementor-element-populated\">\n\t\t\t\t\t\t<div class=\"elementor-element elementor-element-2bb52eb elementor-align-center elementor-widget elementor-widget-button\" data-id=\"2bb52eb\" data-element_type=\"widget\" data-e-type=\"widget\" data-widget_type=\"button.default\">\n\t\t\t\t<div class=\"elementor-widget-container\">\n\t\t\t\t\t\t\t\t\t<div class=\"elementor-button-wrapper\">\n\t\t\t\t\t<a class=\"elementor-button elementor-button-link elementor-size-sm\" href=\"#\">\n\t\t\t\t\t\t<span class=\"elementor-button-content-wrapper\">\n\t\t\t\t\t\t\t\t\t<span class=\"elementor-button-text\">Kat\u0131l\u0131m Ba\u015fvurusu<\/span>\n\t\t\t\t\t<\/span>\n\t\t\t\t\t<\/a>\n\t\t\t\t<\/div>\n\t\t\t\t\t\t\t\t<\/div>\n\t\t\t\t<\/div>\n\t\t\t\t\t<\/div>\n\t\t<\/div>\n\t\t\t\t\t<\/div>\n\t\t<\/section>\n\t\t\t\t<section class=\"elementor-section elementor-top-section elementor-element elementor-element-260ef57 elementor-section-boxed elementor-section-height-default elementor-section-height-default\" data-id=\"260ef57\" data-element_type=\"section\" data-e-type=\"section\">\n\t\t\t\t\t\t<div class=\"elementor-container elementor-column-gap-default\">\n\t\t\t\t\t<div class=\"elementor-column elementor-col-100 elementor-top-column elementor-element elementor-element-4b109ac\" data-id=\"4b109ac\" data-element_type=\"column\" data-e-type=\"column\">\n\t\t\t<div class=\"elementor-widget-wrap elementor-element-populated\">\n\t\t\t\t\t\t<div class=\"elementor-element elementor-element-3cff9fe elementor-widget elementor-widget-text-editor\" data-id=\"3cff9fe\" data-element_type=\"widget\" data-e-type=\"widget\" data-widget_type=\"text-editor.default\">\n\t\t\t\t<div class=\"elementor-widget-container\">\n\t\t\t\t\t\t\t\t\t<p style=\"text-align: center;\"><span style=\"color: #ffffff;\">Bu pilot sezon, sat\u0131\u015f sitesi de\u011fil;<\/span><br data-start=\"1794\" data-end=\"1797\" \/><span style=\"color: #ffffff;\">\u00fcretim ve al\u0131m koordinasyonunun ger\u00e7ek saha uygulamas\u0131d\u0131r.<\/span><\/p>\t\t\t\t\t\t\t\t<\/div>\n\t\t\t\t<\/div>\n\t\t\t\t\t<\/div>\n\t\t<\/div>\n\t\t\t\t\t<\/div>\n\t\t<\/section>\n\t\t\t\t<\/div>\n\t\t","protected":false},"excerpt":{"rendered":"<p>Tarplan | Dijital Tar\u0131m Koordinasyon Platformu Tar\u0131mda \u00dcretimi, Hasad\u0131 ve Al\u0131m\u0131 Koordine Eden Dijital Sistem \u00a0 Tarplan; tar\u0131m \u00fcr\u00fcnlerini listeleyen bir sat\u0131\u015f sitesi de\u011fildir.Tarplan, \u00fcretimden hasada, al\u0131m taahh\u00fcd\u00fcnden teslimata kadar s\u00fcreci \u00f6nceden planlayan ve y\u00f6neten bir dijital koordinasyon platformudur. \u00dcretici neyi, ne kadar ve kimin i\u00e7in \u00fcretece\u011fini bilir.Al\u0131c\u0131 ne zaman, hangi kalitede \u00fcr\u00fcne ula\u015faca\u011f\u0131n\u0131 bilir. [&hellip;]<\/p>\n","protected":false},"author":1,"featured_media":0,"parent":0,"menu_order":0,"comment_status":"closed","ping_status":"closed","template":"","meta":{"pmpro_default_level":"","site-sidebar-layout":"default","site-content-layout":"","ast-site-content-layout":"default","site-content-style":"default","site-sidebar-style":"default","ast-global-header-display":"","ast-banner-title-visibility":"","ast-main-header-display":"","ast-hfb-above-header-display":"","ast-hfb-below-header-display":"","ast-hfb-mobile-header-display":"","site-post-title":"disabled","ast-breadcrumbs-content":"","ast-featured-img":"","footer-sml-layout":"","ast-disable-related-posts":"","theme-transparent-header-meta":"","adv-header-id-meta":"","stick-header-meta":"","header-above-stick-meta":"","header-main-stick-meta":"","header-below-stick-meta":"","astra-migrate-meta-layouts":"set","ast-page-background-enabled":"default","ast-page-background-meta":{"desktop":{"background-color":"var(--ast-global-color-4)","background-image":"","background-repeat":"repeat","background-position":"center center","background-size":"auto","background-attachment":"scroll","background-type":"","background-media":"","overlay-type":"","overlay-color":"","overlay-opacity":"","overlay-gradient":""},"tablet":{"background-color":"","background-image":"","background-repeat":"repeat","background-position":"center center","background-size":"auto","background-attachment":"scroll","background-type":"","background-media":"","overlay-type":"","overlay-color":"","overlay-opacity":"","overlay-gradient":""},"mobile":{"background-color":"","background-image":"","background-repeat":"repeat","background-position":"center center","background-size":"auto","background-attachment":"scroll","background-type":"","background-media":"","overlay-type":"","overlay-color":"","overlay-opacity":"","overlay-gradient":""}},"ast-content-background-meta":{"desktop":{"background-color":"var(--ast-global-color-5)","background-image":"","background-repeat":"repeat","background-position":"center center","background-size":"auto","background-attachment":"scroll","background-type":"","background-media":"","overlay-type":"","overlay-color":"","overlay-opacity":"","overlay-gradient":""},"tablet":{"background-color":"var(--ast-global-color-5)","background-image":"","background-repeat":"repeat","background-position":"center center","background-size":"auto","background-attachment":"scroll","background-type":"","background-media":"","overlay-type":"","overlay-color":"","overlay-opacity":"","overlay-gradient":""},"mobile":{"background-color":"var(--ast-global-color-5)","background-image":"","background-repeat":"repeat","background-position":"center center","background-size":"auto","background-attachment":"scroll","background-type":"","background-media":"","overlay-type":"","overlay-color":"","overlay-opacity":"","overlay-gradient":""}},"footnotes":""},"class_list":["post-1541","page","type-page","status-publish","hentry","pmpro-has-access"],"jetpack_likes_enabled":true,"jetpack_sharing_enabled":true,"_links":{"self":[{"href":"https:\/\/candasmimarlik.com\/group\/tarim\/tarplan\/index.php?rest_route=\/wp\/v2\/pages\/1541","targetHints":{"allow":["GET"]}}],"collection":[{"href":"https:\/\/candasmimarlik.com\/group\/tarim\/tarplan\/index.php?rest_route=\/wp\/v2\/pages"}],"about":[{"href":"https:\/\/candasmimarlik.com\/group\/tarim\/tarplan\/index.php?rest_route=\/wp\/v2\/types\/page"}],"author":[{"embeddable":true,"href":"https:\/\/candasmimarlik.com\/group\/tarim\/tarplan\/index.php?rest_route=\/wp\/v2\/users\/1"}],"replies":[{"embeddable":true,"href":"https:\/\/candasmimarlik.com\/group\/tarim\/tarplan\/index.php?rest_route=%2Fwp%2Fv2%2Fcomments&post=1541"}],"version-history":[{"count":5,"href":"https:\/\/candasmimarlik.com\/group\/tarim\/tarplan\/index.php?rest_route=\/wp\/v2\/pages\/1541\/revisions"}],"predecessor-version":[{"id":1594,"href":"https:\/\/candasmimarlik.com\/group\/tarim\/tarplan\/index.php?rest_route=\/wp\/v2\/pages\/1541\/revisions\/1594"}],"wp:attachment":[{"href":"https:\/\/candasmimarlik.com\/group\/tarim\/tarplan\/index.php?rest_route=%2Fwp%2Fv2%2Fmedia&parent=1541"}],"curies":[{"name":"wp","href":"https:\/\/api.w.org\/{rel}","templated":true}]}}