{"id":19,"date":"2023-05-26T13:14:44","date_gmt":"2023-05-26T13:14:44","guid":{"rendered":"https:\/\/candasmimarlik.com\/group\/?page_id=19"},"modified":"2024-11-18T13:34:28","modified_gmt":"2024-11-18T13:34:28","slug":"sektorler","status":"publish","type":"page","link":"https:\/\/candasmimarlik.com\/group\/","title":{"rendered":"Sekt\u00f6rler-Markalar\u0131m\u0131z"},"content":{"rendered":"\t\t<div data-elementor-type=\"wp-page\" data-elementor-id=\"19\" class=\"elementor elementor-19\">\n\t\t\t\t<div class=\"elementor-element elementor-element-95acc4a e-grid e-con-boxed e-con e-parent\" data-id=\"95acc4a\" data-element_type=\"container\" data-e-type=\"container\">\n\t\t\t\t\t<div class=\"e-con-inner\">\n\t\t\t\t<div class=\"elementor-element elementor-element-a870a1e elementor-widget elementor-widget-heading\" data-id=\"a870a1e\" data-element_type=\"widget\" data-e-type=\"widget\" data-widget_type=\"heading.default\">\n\t\t\t\t<div class=\"elementor-widget-container\">\n\t\t\t\t\t<h2 class=\"elementor-heading-title elementor-size-default\"><a href=\"https:\/\/candasmimarlik.com\/group\/1277-2\/\">Yap\u0131 \u0130n\u015faat<\/a><\/h2>\t\t\t\t<\/div>\n\t\t\t\t<\/div>\n\t\t\t\t<div class=\"elementor-element elementor-element-16d0a11 elementor-widget elementor-widget-heading\" data-id=\"16d0a11\" data-element_type=\"widget\" data-e-type=\"widget\" data-widget_type=\"heading.default\">\n\t\t\t\t<div class=\"elementor-widget-container\">\n\t\t\t\t\t<h2 class=\"elementor-heading-title elementor-size-default\"><a href=\"https:\/\/candasmimarlik.com\/group\/gida\/\">G\u0131da<\/a><\/h2>\t\t\t\t<\/div>\n\t\t\t\t<\/div>\n\t\t\t\t<div class=\"elementor-element elementor-element-179d5a0 elementor-widget elementor-widget-heading\" data-id=\"179d5a0\" data-element_type=\"widget\" data-e-type=\"widget\" data-widget_type=\"heading.default\">\n\t\t\t\t<div class=\"elementor-widget-container\">\n\t\t\t\t\t<h2 class=\"elementor-heading-title elementor-size-default\"><a href=\"https:\/\/candasmimarlik.com\/group\/candastarim\/\">Tar\u0131m<\/a><\/h2>\t\t\t\t<\/div>\n\t\t\t\t<\/div>\n\t\t\t\t<div class=\"elementor-element elementor-element-8f42870 elementor-widget elementor-widget-heading\" data-id=\"8f42870\" data-element_type=\"widget\" data-e-type=\"widget\" data-widget_type=\"heading.default\">\n\t\t\t\t<div class=\"elementor-widget-container\">\n\t\t\t\t\t<h2 class=\"elementor-heading-title elementor-size-default\"><a href=\"https:\/\/candasmimarlik.com\/group\/turizm\/gezen\/\">Turizm<\/a><\/h2>\t\t\t\t<\/div>\n\t\t\t\t<\/div>\n\t\t\t\t<div class=\"elementor-element elementor-element-7bb5442 elementor-widget elementor-widget-heading\" data-id=\"7bb5442\" data-element_type=\"widget\" data-e-type=\"widget\" data-widget_type=\"heading.default\">\n\t\t\t\t<div class=\"elementor-widget-container\">\n\t\t\t\t\t<h2 class=\"elementor-heading-title elementor-size-default\"><a href=\"https:\/\/candasmimarlik.com\/group\/enerji\/\">Enerji<\/a><\/h2>\t\t\t\t<\/div>\n\t\t\t\t<\/div>\n\t\t\t\t<div class=\"elementor-element elementor-element-3acda05 elementor-widget elementor-widget-heading\" data-id=\"3acda05\" data-element_type=\"widget\" data-e-type=\"widget\" data-widget_type=\"heading.default\">\n\t\t\t\t<div class=\"elementor-widget-container\">\n\t\t\t\t\t<h2 class=\"elementor-heading-title elementor-size-default\"><a href=\"https:\/\/candasmimarlik.com\/group\/teknoloji-bilisim-gelistirme-yonetim\/\">Teknoloji Bili\u015fim<\/a><\/h2>\t\t\t\t<\/div>\n\t\t\t\t<\/div>\n\t\t\t\t\t<\/div>\n\t\t\t\t<\/div>\n\t\t<div class=\"elementor-element elementor-element-4e84175 e-grid e-con-boxed e-con e-parent\" data-id=\"4e84175\" data-element_type=\"container\" data-e-type=\"container\">\n\t\t\t\t\t<div class=\"e-con-inner\">\n\t\t\t\t<div class=\"elementor-element elementor-element-95c8e24 elementor-widget elementor-widget-heading\" data-id=\"95c8e24\" data-element_type=\"widget\" data-e-type=\"widget\" data-widget_type=\"heading.default\">\n\t\t\t\t<div class=\"elementor-widget-container\">\n\t\t\t\t\t<h2 class=\"elementor-heading-title elementor-size-default\"><a href=\"https:\/\/candasmimarlik.com\/group\/candas-medya\/\">Medya Ajans<\/a><\/h2>\t\t\t\t<\/div>\n\t\t\t\t<\/div>\n\t\t\t\t<div class=\"elementor-element elementor-element-76f38b9 elementor-widget elementor-widget-heading\" data-id=\"76f38b9\" data-element_type=\"widget\" data-e-type=\"widget\" data-widget_type=\"heading.default\">\n\t\t\t\t<div class=\"elementor-widget-container\">\n\t\t\t\t\t<h2 class=\"elementor-heading-title elementor-size-default\"><a href=\"https:\/\/candasmimarlik.com\/group\/egitim\/\">E\u011fitim K\u00fclt\u00fcr<\/a><\/h2>\t\t\t\t<\/div>\n\t\t\t\t<\/div>\n\t\t\t\t<div class=\"elementor-element elementor-element-035bcb7 elementor-widget elementor-widget-heading\" data-id=\"035bcb7\" data-element_type=\"widget\" data-e-type=\"widget\" data-widget_type=\"heading.default\">\n\t\t\t\t<div class=\"elementor-widget-container\">\n\t\t\t\t\t<h2 class=\"elementor-heading-title elementor-size-default\"><a href=\"https:\/\/candasmimarlik.com\/group\/dijital-perakende-2\/\">Dijital Perakende<\/a><\/h2>\t\t\t\t<\/div>\n\t\t\t\t<\/div>\n\t\t\t\t\t<\/div>\n\t\t\t\t<\/div>\n\t\t<div class=\"elementor-element elementor-element-171d05e e-flex e-con-boxed e-con e-parent\" data-id=\"171d05e\" data-element_type=\"container\" data-e-type=\"container\">\n\t\t\t\t\t<div class=\"e-con-inner\">\n\t\t\t\t<div class=\"elementor-element elementor-element-2463c4f elementor-widget elementor-widget-text-editor\" data-id=\"2463c4f\" data-element_type=\"widget\" data-e-type=\"widget\" data-widget_type=\"text-editor.default\">\n\t\t\t\t<div class=\"elementor-widget-container\">\n\t\t\t\t\t\t\t\t\t<h2 style=\"text-align: center;\">Gelece\u011finizle Bulu\u015fun!<\/h2><p><!-- \/wp:heading --><!-- wp:buttons {\"layout\":{\"type\":\"flex\",\"justifyContent\":\"center\",\"orientation\":\"horizontal\"}} --><\/p><div class=\"wp-block-buttons\"><p><!-- wp:button {\"width\":50,\"style\":{\"color\":{\"background\":\"#000000\",\"text\":\"#ffffff\"},\"border\":{\"radius\":\"50px\"}}} --><\/p><h5 class=\"wp-block-button has-custom-width wp-block-button__width-50\" style=\"text-align: center;\"><a class=\"wp-block-button__link has-text-color has-background wp-element-button\" style=\"color: #efefef; background-color: #262626;\" href=\"https:\/\/candasmimarlik.com\/group\/iletisim\/\">Bilgi Al\u0131n<\/a><\/h5><\/div>\t\t\t\t\t\t\t\t<\/div>\n\t\t\t\t<\/div>\n\t\t\t\t\t<\/div>\n\t\t\t\t<\/div>\n\t\t\t\t<\/div>\n\t\t","protected":false},"excerpt":{"rendered":"<p>Yap\u0131 \u0130n\u015faat G\u0131da Tar\u0131m Turizm Enerji Teknoloji Bili\u015fim Medya Ajans E\u011fitim K\u00fclt\u00fcr Dijital Perakende Gelece\u011finizle Bulu\u015fun! Bilgi Al\u0131n<\/p>\n","protected":false},"author":1,"featured_media":0,"parent":0,"menu_order":0,"comment_status":"closed","ping_status":"closed","template":"elementor_header_footer","meta":{"_joinchat":[],"footnotes":""},"class_list":["post-19","page","type-page","status-publish","hentry"],"jetpack-related-posts":[],"jetpack_sharing_enabled":true,"_links":{"self":[{"href":"https:\/\/candasmimarlik.com\/group\/wp-json\/wp\/v2\/pages\/19","targetHints":{"allow":["GET"]}}],"collection":[{"href":"https:\/\/candasmimarlik.com\/group\/wp-json\/wp\/v2\/pages"}],"about":[{"href":"https:\/\/candasmimarlik.com\/group\/wp-json\/wp\/v2\/types\/page"}],"author":[{"embeddable":true,"href":"https:\/\/candasmimarlik.com\/group\/wp-json\/wp\/v2\/users\/1"}],"replies":[{"embeddable":true,"href":"https:\/\/candasmimarlik.com\/group\/wp-json\/wp\/v2\/comments?post=19"}],"version-history":[{"count":192,"href":"https:\/\/candasmimarlik.com\/group\/wp-json\/wp\/v2\/pages\/19\/revisions"}],"predecessor-version":[{"id":2185,"href":"https:\/\/candasmimarlik.com\/group\/wp-json\/wp\/v2\/pages\/19\/revisions\/2185"}],"wp:attachment":[{"href":"https:\/\/candasmimarlik.com\/group\/wp-json\/wp\/v2\/media?parent=19"}],"curies":[{"name":"wp","href":"https:\/\/api.w.org\/{rel}","templated":true}]}}