{"id":2238,"date":"2025-01-21T15:31:42","date_gmt":"2025-01-21T15:31:42","guid":{"rendered":"https:\/\/candasmimarlik.com\/group\/?page_id=2238"},"modified":"2025-12-23T12:00:49","modified_gmt":"2025-12-23T12:00:49","slug":"tarim-grubu","status":"publish","type":"page","link":"https:\/\/candasmimarlik.com\/group\/tarim-grubu\/","title":{"rendered":"TARIM GRUBU"},"content":{"rendered":"\t\t<div data-elementor-type=\"wp-page\" data-elementor-id=\"2238\" class=\"elementor elementor-2238\">\n\t\t\t\t<div class=\"elementor-element elementor-element-f11e433 e-grid e-con-boxed e-con e-parent\" data-id=\"f11e433\" data-element_type=\"container\" data-e-type=\"container\">\n\t\t\t\t\t<div class=\"e-con-inner\">\n\t\t\t\t<div class=\"elementor-element elementor-element-6169e86 elementor-widget elementor-widget-image\" data-id=\"6169e86\" data-element_type=\"widget\" data-e-type=\"widget\" data-widget_type=\"image.default\">\n\t\t\t\t<div class=\"elementor-widget-container\">\n\t\t\t\t\t\t\t\t\t\t\t\t\t\t\t\t<a href=\"https:\/\/candasmimarlik.com\/group\/candastarim\/\">\n\t\t\t\t\t\t\t<img fetchpriority=\"high\" decoding=\"async\" width=\"300\" height=\"229\" src=\"https:\/\/i0.wp.com\/candasmimarlik.com\/group\/wp-content\/uploads\/2024\/04\/CANDAS-TARIM.jpg?fit=300%2C229&amp;ssl=1\" class=\"attachment-medium size-medium wp-image-1311\" alt=\"\" srcset=\"https:\/\/i0.wp.com\/candasmimarlik.com\/group\/wp-content\/uploads\/2024\/04\/CANDAS-TARIM.jpg?w=328&amp;ssl=1 328w, https:\/\/i0.wp.com\/candasmimarlik.com\/group\/wp-content\/uploads\/2024\/04\/CANDAS-TARIM.jpg?resize=300%2C229&amp;ssl=1 300w, https:\/\/i0.wp.com\/candasmimarlik.com\/group\/wp-content\/uploads\/2024\/04\/CANDAS-TARIM.jpg?resize=79%2C60&amp;ssl=1 79w\" sizes=\"(max-width: 300px) 100vw, 300px\" \/>\t\t\t\t\t\t\t\t<\/a>\n\t\t\t\t\t\t\t\t\t\t\t\t\t\t\t<\/div>\n\t\t\t\t<\/div>\n\t\t\t\t<div class=\"elementor-element elementor-element-2991abf elementor-widget elementor-widget-image\" data-id=\"2991abf\" data-element_type=\"widget\" data-e-type=\"widget\" data-widget_type=\"image.default\">\n\t\t\t\t<div class=\"elementor-widget-container\">\n\t\t\t\t\t\t\t\t\t\t\t\t\t\t\t\t<a href=\"https:\/\/candasmimarlik.com\/group\/tarim\/tarimplatformu\/\">\n\t\t\t\t\t\t\t<img decoding=\"async\" width=\"300\" height=\"229\" src=\"https:\/\/i0.wp.com\/candasmimarlik.com\/group\/wp-content\/uploads\/2025\/12\/DTP-.jpg?fit=300%2C229&amp;ssl=1\" class=\"attachment-medium size-medium wp-image-2439\" alt=\"\" srcset=\"https:\/\/i0.wp.com\/candasmimarlik.com\/group\/wp-content\/uploads\/2025\/12\/DTP-.jpg?w=328&amp;ssl=1 328w, https:\/\/i0.wp.com\/candasmimarlik.com\/group\/wp-content\/uploads\/2025\/12\/DTP-.jpg?resize=300%2C229&amp;ssl=1 300w\" sizes=\"(max-width: 300px) 100vw, 300px\" \/>\t\t\t\t\t\t\t\t<\/a>\n\t\t\t\t\t\t\t\t\t\t\t\t\t\t\t<\/div>\n\t\t\t\t<\/div>\n\t\t\t\t<div class=\"elementor-element elementor-element-05b5679 elementor-widget elementor-widget-image\" data-id=\"05b5679\" data-element_type=\"widget\" data-e-type=\"widget\" data-widget_type=\"image.default\">\n\t\t\t\t<div class=\"elementor-widget-container\">\n\t\t\t\t\t\t\t\t\t\t\t\t\t\t\t\t<a href=\"https:\/\/candasmimarlik.com\/tarim\/disup\/\">\n\t\t\t\t\t\t\t<img decoding=\"async\" width=\"300\" height=\"300\" src=\"https:\/\/i0.wp.com\/candasmimarlik.com\/group\/wp-content\/uploads\/2025\/12\/disup-logo.jpg?fit=300%2C300&amp;ssl=1\" class=\"attachment-medium size-medium wp-image-2434\" alt=\"\" srcset=\"https:\/\/i0.wp.com\/candasmimarlik.com\/group\/wp-content\/uploads\/2025\/12\/disup-logo.jpg?w=512&amp;ssl=1 512w, https:\/\/i0.wp.com\/candasmimarlik.com\/group\/wp-content\/uploads\/2025\/12\/disup-logo.jpg?resize=300%2C300&amp;ssl=1 300w, https:\/\/i0.wp.com\/candasmimarlik.com\/group\/wp-content\/uploads\/2025\/12\/disup-logo.jpg?resize=150%2C150&amp;ssl=1 150w, https:\/\/i0.wp.com\/candasmimarlik.com\/group\/wp-content\/uploads\/2025\/12\/disup-logo.jpg?resize=468%2C468&amp;ssl=1 468w, https:\/\/i0.wp.com\/candasmimarlik.com\/group\/wp-content\/uploads\/2025\/12\/disup-logo.jpg?resize=100%2C100&amp;ssl=1 100w\" sizes=\"(max-width: 300px) 100vw, 300px\" \/>\t\t\t\t\t\t\t\t<\/a>\n\t\t\t\t\t\t\t\t\t\t\t\t\t\t\t<\/div>\n\t\t\t\t<\/div>\n\t\t\t\t<div class=\"elementor-element elementor-element-f186acd elementor-widget elementor-widget-image\" data-id=\"f186acd\" data-element_type=\"widget\" data-e-type=\"widget\" data-widget_type=\"image.default\">\n\t\t\t\t<div class=\"elementor-widget-container\">\n\t\t\t\t\t\t\t\t\t\t\t\t\t\t\t\t<a href=\"https:\/\/candasmimarlik.com\/tarim\/dijitalhal\/\">\n\t\t\t\t\t\t\t<img loading=\"lazy\" decoding=\"async\" width=\"300\" height=\"229\" src=\"https:\/\/i0.wp.com\/candasmimarlik.com\/group\/wp-content\/uploads\/2025\/12\/DIJITAL-HAL-1.jpg?fit=300%2C229&amp;ssl=1\" class=\"attachment-medium size-medium wp-image-2437\" alt=\"\" srcset=\"https:\/\/i0.wp.com\/candasmimarlik.com\/group\/wp-content\/uploads\/2025\/12\/DIJITAL-HAL-1.jpg?w=328&amp;ssl=1 328w, https:\/\/i0.wp.com\/candasmimarlik.com\/group\/wp-content\/uploads\/2025\/12\/DIJITAL-HAL-1.jpg?resize=300%2C229&amp;ssl=1 300w\" sizes=\"(max-width: 300px) 100vw, 300px\" \/>\t\t\t\t\t\t\t\t<\/a>\n\t\t\t\t\t\t\t\t\t\t\t\t\t\t\t<\/div>\n\t\t\t\t<\/div>\n\t\t\t\t<div class=\"elementor-element elementor-element-270b9f8 elementor-widget elementor-widget-image\" data-id=\"270b9f8\" data-element_type=\"widget\" data-e-type=\"widget\" data-widget_type=\"image.default\">\n\t\t\t\t<div class=\"elementor-widget-container\">\n\t\t\t\t\t\t\t\t\t\t\t\t\t\t\t\t<a href=\"https:\/\/candasmimarlik.com\/tarim\/dijitaltarimpazari\/\">\n\t\t\t\t\t\t\t<img loading=\"lazy\" decoding=\"async\" width=\"300\" height=\"229\" src=\"https:\/\/i0.wp.com\/candasmimarlik.com\/group\/wp-content\/uploads\/2024\/11\/DTP-.jpg?fit=300%2C229&amp;ssl=1\" class=\"attachment-medium size-medium wp-image-2154\" alt=\"\" srcset=\"https:\/\/i0.wp.com\/candasmimarlik.com\/group\/wp-content\/uploads\/2024\/11\/DTP-.jpg?w=328&amp;ssl=1 328w, https:\/\/i0.wp.com\/candasmimarlik.com\/group\/wp-content\/uploads\/2024\/11\/DTP-.jpg?resize=300%2C229&amp;ssl=1 300w\" sizes=\"(max-width: 300px) 100vw, 300px\" \/>\t\t\t\t\t\t\t\t<\/a>\n\t\t\t\t\t\t\t\t\t\t\t\t\t\t\t<\/div>\n\t\t\t\t<\/div>\n\t\t\t\t<div class=\"elementor-element elementor-element-2aef7c4 elementor-widget elementor-widget-image\" data-id=\"2aef7c4\" data-element_type=\"widget\" data-e-type=\"widget\" data-widget_type=\"image.default\">\n\t\t\t\t<div class=\"elementor-widget-container\">\n\t\t\t\t\t\t\t\t\t\t\t\t\t\t\t\t<a href=\"https:\/\/candasmimarlik.com\/tarim\/tarimmarket\/\">\n\t\t\t\t\t\t\t<img loading=\"lazy\" decoding=\"async\" width=\"300\" height=\"229\" src=\"https:\/\/i0.wp.com\/candasmimarlik.com\/group\/wp-content\/uploads\/2025\/12\/DIJITAL-TARIM-MARKET-300x229-1.jpg?fit=300%2C229&amp;ssl=1\" class=\"attachment-medium size-medium wp-image-2440\" alt=\"\" \/>\t\t\t\t\t\t\t\t<\/a>\n\t\t\t\t\t\t\t\t\t\t\t\t\t\t\t<\/div>\n\t\t\t\t<\/div>\n\t\t\t\t<div class=\"elementor-element elementor-element-5157f52 elementor-widget elementor-widget-image\" data-id=\"5157f52\" data-element_type=\"widget\" data-e-type=\"widget\" data-widget_type=\"image.default\">\n\t\t\t\t<div class=\"elementor-widget-container\">\n\t\t\t\t\t\t\t\t\t\t\t\t\t\t\t\t<a href=\"https:\/\/candasmimarlik.com\/group\/tarim\/tpy\">\n\t\t\t\t\t\t\t<img loading=\"lazy\" decoding=\"async\" width=\"180\" height=\"180\" src=\"https:\/\/i0.wp.com\/candasmimarlik.com\/group\/wp-content\/uploads\/2023\/06\/tarim-proje-yatirim.jpg?fit=180%2C180&amp;ssl=1\" class=\"attachment-medium size-medium wp-image-74\" alt=\"\" srcset=\"https:\/\/i0.wp.com\/candasmimarlik.com\/group\/wp-content\/uploads\/2023\/06\/tarim-proje-yatirim.jpg?w=180&amp;ssl=1 180w, https:\/\/i0.wp.com\/candasmimarlik.com\/group\/wp-content\/uploads\/2023\/06\/tarim-proje-yatirim.jpg?resize=150%2C150&amp;ssl=1 150w, https:\/\/i0.wp.com\/candasmimarlik.com\/group\/wp-content\/uploads\/2023\/06\/tarim-proje-yatirim.jpg?resize=60%2C60&amp;ssl=1 60w, https:\/\/i0.wp.com\/candasmimarlik.com\/group\/wp-content\/uploads\/2023\/06\/tarim-proje-yatirim.jpg?resize=100%2C100&amp;ssl=1 100w\" sizes=\"(max-width: 180px) 100vw, 180px\" \/>\t\t\t\t\t\t\t\t<\/a>\n\t\t\t\t\t\t\t\t\t\t\t\t\t\t\t<\/div>\n\t\t\t\t<\/div>\n\t\t\t\t<div class=\"elementor-element elementor-element-e30aadf elementor-widget elementor-widget-image\" data-id=\"e30aadf\" data-element_type=\"widget\" data-e-type=\"widget\" data-widget_type=\"image.default\">\n\t\t\t\t<div class=\"elementor-widget-container\">\n\t\t\t\t\t\t\t\t\t\t\t\t\t\t\t\t<a href=\"https:\/\/candasmimarlik.com\/group\/tarim\/tarplan\/\">\n\t\t\t\t\t\t\t<img loading=\"lazy\" decoding=\"async\" width=\"768\" height=\"256\" src=\"https:\/\/i0.wp.com\/candasmimarlik.com\/group\/wp-content\/uploads\/2025\/12\/TARPLAN-LOGO-1.png?fit=768%2C256&amp;ssl=1\" class=\"attachment-large size-large wp-image-2438\" alt=\"\" srcset=\"https:\/\/i0.wp.com\/candasmimarlik.com\/group\/wp-content\/uploads\/2025\/12\/TARPLAN-LOGO-1.png?w=768&amp;ssl=1 768w, https:\/\/i0.wp.com\/candasmimarlik.com\/group\/wp-content\/uploads\/2025\/12\/TARPLAN-LOGO-1.png?resize=300%2C100&amp;ssl=1 300w, https:\/\/i0.wp.com\/candasmimarlik.com\/group\/wp-content\/uploads\/2025\/12\/TARPLAN-LOGO-1.png?resize=600%2C200&amp;ssl=1 600w\" sizes=\"(max-width: 768px) 100vw, 768px\" \/>\t\t\t\t\t\t\t\t<\/a>\n\t\t\t\t\t\t\t\t\t\t\t\t\t\t\t<\/div>\n\t\t\t\t<\/div>\n\t\t\t\t<div class=\"elementor-element elementor-element-ac991c1 elementor-widget elementor-widget-image\" data-id=\"ac991c1\" data-element_type=\"widget\" data-e-type=\"widget\" data-widget_type=\"image.default\">\n\t\t\t\t<div class=\"elementor-widget-container\">\n\t\t\t\t\t\t\t\t\t\t\t\t\t\t\t\t<a href=\"https:\/\/candasmimarlik.com\/group\/tarim\/dihap\">\n\t\t\t\t\t\t\t<img loading=\"lazy\" decoding=\"async\" width=\"300\" height=\"300\" src=\"https:\/\/i0.wp.com\/candasmimarlik.com\/group\/wp-content\/uploads\/2024\/04\/DIJITAL-HAYVAN-PAZARI-1.jpg?fit=300%2C300&amp;ssl=1\" class=\"attachment-medium size-medium wp-image-1487\" alt=\"\" srcset=\"https:\/\/i0.wp.com\/candasmimarlik.com\/group\/wp-content\/uploads\/2024\/04\/DIJITAL-HAYVAN-PAZARI-1.jpg?w=512&amp;ssl=1 512w, https:\/\/i0.wp.com\/candasmimarlik.com\/group\/wp-content\/uploads\/2024\/04\/DIJITAL-HAYVAN-PAZARI-1.jpg?resize=300%2C300&amp;ssl=1 300w, https:\/\/i0.wp.com\/candasmimarlik.com\/group\/wp-content\/uploads\/2024\/04\/DIJITAL-HAYVAN-PAZARI-1.jpg?resize=150%2C150&amp;ssl=1 150w, https:\/\/i0.wp.com\/candasmimarlik.com\/group\/wp-content\/uploads\/2024\/04\/DIJITAL-HAYVAN-PAZARI-1.jpg?resize=60%2C60&amp;ssl=1 60w, https:\/\/i0.wp.com\/candasmimarlik.com\/group\/wp-content\/uploads\/2024\/04\/DIJITAL-HAYVAN-PAZARI-1.jpg?resize=468%2C468&amp;ssl=1 468w\" sizes=\"(max-width: 300px) 100vw, 300px\" \/>\t\t\t\t\t\t\t\t<\/a>\n\t\t\t\t\t\t\t\t\t\t\t\t\t\t\t<\/div>\n\t\t\t\t<\/div>\n\t\t\t\t<div class=\"elementor-element elementor-element-9c9ba5b elementor-widget elementor-widget-image\" data-id=\"9c9ba5b\" data-element_type=\"widget\" data-e-type=\"widget\" data-widget_type=\"image.default\">\n\t\t\t\t<div class=\"elementor-widget-container\">\n\t\t\t\t\t\t\t\t\t\t\t\t<figure class=\"wp-caption\">\n\t\t\t\t\t\t\t\t\t\t\t<a href=\"https:\/\/candasmimarlik.com\/group\/tarim\/kooperatif\/\">\n\t\t\t\t\t\t\t<img loading=\"lazy\" decoding=\"async\" width=\"300\" height=\"300\" src=\"https:\/\/i0.wp.com\/candasmimarlik.com\/group\/wp-content\/uploads\/2025\/12\/KOOPERATIF.jpg?fit=300%2C300&amp;ssl=1\" class=\"attachment-medium size-medium wp-image-2435\" alt=\"\" srcset=\"https:\/\/i0.wp.com\/candasmimarlik.com\/group\/wp-content\/uploads\/2025\/12\/KOOPERATIF.jpg?w=512&amp;ssl=1 512w, https:\/\/i0.wp.com\/candasmimarlik.com\/group\/wp-content\/uploads\/2025\/12\/KOOPERATIF.jpg?resize=300%2C300&amp;ssl=1 300w, https:\/\/i0.wp.com\/candasmimarlik.com\/group\/wp-content\/uploads\/2025\/12\/KOOPERATIF.jpg?resize=150%2C150&amp;ssl=1 150w, https:\/\/i0.wp.com\/candasmimarlik.com\/group\/wp-content\/uploads\/2025\/12\/KOOPERATIF.jpg?resize=468%2C468&amp;ssl=1 468w, https:\/\/i0.wp.com\/candasmimarlik.com\/group\/wp-content\/uploads\/2025\/12\/KOOPERATIF.jpg?resize=100%2C100&amp;ssl=1 100w\" sizes=\"(max-width: 300px) 100vw, 300px\" \/>\t\t\t\t\t\t\t\t<\/a>\n\t\t\t\t\t\t\t\t\t\t\t<figcaption class=\"widget-image-caption wp-caption-text\">D\u0130J\u0130TAL TARIM KOOPERAT\u0130FLER\u0130<\/figcaption>\n\t\t\t\t\t\t\t\t\t\t<\/figure>\n\t\t\t\t\t\t\t\t\t<\/div>\n\t\t\t\t<\/div>\n\t\t\t\t\t<\/div>\n\t\t\t\t<\/div>\n\t\t<div class=\"elementor-element elementor-element-8a6fc60 e-flex e-con-boxed e-con e-parent\" data-id=\"8a6fc60\" data-element_type=\"container\" data-e-type=\"container\">\n\t\t\t\t\t<div class=\"e-con-inner\">\n\t\t<div class=\"elementor-element elementor-element-860147b e-con-full e-flex e-con e-child\" data-id=\"860147b\" data-element_type=\"container\" data-e-type=\"container\">\n\t\t\t\t<div class=\"elementor-element elementor-element-e9b3992 elementor-widget elementor-widget-image\" data-id=\"e9b3992\" data-element_type=\"widget\" data-e-type=\"widget\" data-widget_type=\"image.default\">\n\t\t\t\t<div class=\"elementor-widget-container\">\n\t\t\t\t\t\t\t\t\t\t\t\t\t\t\t\t<a href=\"https:\/\/candasmimarlik.com\/group\/tarim\/bizimkoy\">\n\t\t\t\t\t\t\t<img loading=\"lazy\" decoding=\"async\" width=\"240\" height=\"240\" src=\"https:\/\/i0.wp.com\/candasmimarlik.com\/group\/wp-content\/uploads\/2025\/12\/BIZIM-KOY-LOGO.jpg?fit=240%2C240&amp;ssl=1\" class=\"attachment-medium size-medium wp-image-2432\" alt=\"\" srcset=\"https:\/\/i0.wp.com\/candasmimarlik.com\/group\/wp-content\/uploads\/2025\/12\/BIZIM-KOY-LOGO.jpg?w=240&amp;ssl=1 240w, https:\/\/i0.wp.com\/candasmimarlik.com\/group\/wp-content\/uploads\/2025\/12\/BIZIM-KOY-LOGO.jpg?resize=150%2C150&amp;ssl=1 150w, https:\/\/i0.wp.com\/candasmimarlik.com\/group\/wp-content\/uploads\/2025\/12\/BIZIM-KOY-LOGO.jpg?resize=100%2C100&amp;ssl=1 100w\" sizes=\"(max-width: 240px) 100vw, 240px\" \/>\t\t\t\t\t\t\t\t<\/a>\n\t\t\t\t\t\t\t\t\t\t\t\t\t\t\t<\/div>\n\t\t\t\t<\/div>\n\t\t\t\t<\/div>\n\t\t<div class=\"elementor-element elementor-element-b6a6ab7 e-con-full e-flex e-con e-child\" data-id=\"b6a6ab7\" data-element_type=\"container\" data-e-type=\"container\">\n\t\t\t\t<\/div>\n\t\t\t\t\t<\/div>\n\t\t\t\t<\/div>\n\t\t\t\t<\/div>\n\t\t","protected":false},"excerpt":{"rendered":"<p>D\u0130J\u0130TAL TARIM KOOPERAT\u0130FLER\u0130<\/p>\n","protected":false},"author":1,"featured_media":0,"parent":0,"menu_order":0,"comment_status":"closed","ping_status":"closed","template":"","meta":{"_joinchat":[],"footnotes":""},"class_list":["post-2238","page","type-page","status-publish","hentry"],"jetpack-related-posts":[],"jetpack_sharing_enabled":true,"_links":{"self":[{"href":"https:\/\/candasmimarlik.com\/group\/wp-json\/wp\/v2\/pages\/2238","targetHints":{"allow":["GET"]}}],"collection":[{"href":"https:\/\/candasmimarlik.com\/group\/wp-json\/wp\/v2\/pages"}],"about":[{"href":"https:\/\/candasmimarlik.com\/group\/wp-json\/wp\/v2\/types\/page"}],"author":[{"embeddable":true,"href":"https:\/\/candasmimarlik.com\/group\/wp-json\/wp\/v2\/users\/1"}],"replies":[{"embeddable":true,"href":"https:\/\/candasmimarlik.com\/group\/wp-json\/wp\/v2\/comments?post=2238"}],"version-history":[{"count":7,"href":"https:\/\/candasmimarlik.com\/group\/wp-json\/wp\/v2\/pages\/2238\/revisions"}],"predecessor-version":[{"id":2443,"href":"https:\/\/candasmimarlik.com\/group\/wp-json\/wp\/v2\/pages\/2238\/revisions\/2443"}],"wp:attachment":[{"href":"https:\/\/candasmimarlik.com\/group\/wp-json\/wp\/v2\/media?parent=2238"}],"curies":[{"name":"wp","href":"https:\/\/api.w.org\/{rel}","templated":true}]}}