{"id":5,"date":"2023-05-26T13:07:10","date_gmt":"2023-05-26T13:07:10","guid":{"rendered":"https:\/\/candasmimarlik.com\/group\/?page_id=5"},"modified":"2024-06-22T11:29:26","modified_gmt":"2024-06-22T11:29:26","slug":"ana-sayfa","status":"publish","type":"page","link":"https:\/\/candasmimarlik.com\/group\/ana-sayfa\/","title":{"rendered":"Ana sayfa"},"content":{"rendered":"\t\t<div data-elementor-type=\"wp-page\" data-elementor-id=\"5\" class=\"elementor elementor-5\">\n\t\t\t\t<div class=\"elementor-element elementor-element-64f6a11 animated-slow e-flex e-con-boxed elementor-invisible e-con e-parent\" data-id=\"64f6a11\" data-element_type=\"container\" data-e-type=\"container\" data-settings=\"{&quot;animation&quot;:&quot;lightSpeedIn&quot;}\">\n\t\t\t\t\t<div class=\"e-con-inner\">\n\t\t\t\t\t<\/div>\n\t\t\t\t<\/div>\n\t\t\t\t<section class=\"elementor-section elementor-top-section elementor-element elementor-element-3ed008cb elementor-section-boxed elementor-section-height-default elementor-section-height-default\" data-id=\"3ed008cb\" data-element_type=\"section\" data-e-type=\"section\">\n\t\t\t\t\t\t<div class=\"elementor-container elementor-column-gap-default\">\n\t\t\t\t\t<div class=\"elementor-column elementor-col-100 elementor-top-column elementor-element elementor-element-679ddc67\" data-id=\"679ddc67\" data-element_type=\"column\" data-e-type=\"column\">\n\t\t\t<div class=\"elementor-widget-wrap elementor-element-populated\">\n\t\t\t\t\t\t<div class=\"elementor-element elementor-element-19379a07 elementor-widget elementor-widget-text-editor\" data-id=\"19379a07\" data-element_type=\"widget\" data-e-type=\"widget\" data-widget_type=\"text-editor.default\">\n\t\t\t\t<div class=\"elementor-widget-container\">\n\t\t\t\t\t\t\t\t\t<p><\/p>\n<h2>Canda\u015f Group&#8217; a Ho\u015f Geldiniz.<\/h2>\n<p><\/p>\n<p>\u015eirketimizin \u00e7al\u0131\u015fma alanlar\u0131 ve birimlerimizle ilgili bilgileri a\u015fa\u011f\u0131da bulabilirsiniz.<\/p>\n<p><\/p>\n<p>\u0130lgili Birimi se\u00e7tikten sonra ileti\u015fim kurman\u0131z\u0131 bekliyoruz.<\/p>\n<p><\/p>\n<h1 class=\"wp-block-heading\">\u0130NOVAT\u0130F PROJELER&#8230;<\/h1>\n<div class=\"wp-block-group\">\n<h2 style=\"text-align: center;\">Yeni Nesil \u0130\u015f Modelleri Geliyor!<\/h2>\n<h3><\/h3>\n<h1>\u2014 Kat\u0131l\u0131n!<\/h1>\n<h3><\/h3>\n<\/div>\n<h3><!-- \/wp:group --><!-- wp:group {\"style\":{\"layout\":{\"selfStretch\":\"fixed\",\"flexSize\":\"340px\"},\"spacing\":{\"blockGap\":\"24px\"}},\"layout\":{\"type\":\"flex\",\"orientation\":\"vertical\",\"verticalAlignment\":\"top\",\"flexWrap\":\"nowrap\"}} --><\/h3>\n<div class=\"wp-block-group\">\n<h3><!-- wp:paragraph {\"style\":{\"layout\":{\"flexSize\":\"330px\"},\"typography\":{\"fontSize\":\"17px\",\"fontStyle\":\"normal\",\"fontWeight\":\"500\",\"lineHeight\":\"1.4\",\"textTransform\":\"none\",\"textDecoration\":\"none\",\"letterSpacing\":\"0px\"}}} --><\/h3>\n<h2 style=\"font-size: 17px; font-style: normal; font-weight: 500; letter-spacing: 0px; line-height: 1.4; text-decoration: none; text-transform: none;\"><strong>Farkl\u0131 Sekt\u00f6rlerde<\/strong><\/h2>\n<h3 style=\"font-size: 17px; font-style: normal; font-weight: 500; letter-spacing: 0px; line-height: 1.4; text-decoration: none; text-transform: none;\"><strong> Yeni Nesil \u0130\u015f Modelleriyle <\/strong><\/h3>\n<h3 style=\"font-size: 17px; font-style: normal; font-weight: 500; letter-spacing: 0px; line-height: 1.4; text-decoration: none; text-transform: none;\"><strong>Daha \u0130yi Kazanmak ve Geli\u015fmek \u0130\u00e7in <\/strong><\/h3>\n<h3 style=\"font-size: 17px; font-style: normal; font-weight: 500; letter-spacing: 0px; line-height: 1.4; text-decoration: none; text-transform: none;\"><strong>Aram\u0131za Kat\u0131l\u0131n.<\/strong><\/h3>\n<h3><!-- \/wp:paragraph --><!-- wp:buttons --><\/h3>\n<div class=\"wp-block-buttons\">\n<h3><!-- wp:button {\"backgroundColor\":\"black\",\"textColor\":\"white\",\"style\":{\"typography\":{\"fontSize\":\"20px\",\"fontStyle\":\"normal\",\"fontWeight\":\"700\",\"textDecoration\":\"none\",\"textTransform\":\"none\",\"letterSpacing\":\"0px\"},\"spacing\":{\"padding\":{\"top\":\"24px\",\"bottom\":\"24px\",\"left\":\"36px\",\"right\":\"36px\"}},\"border\":{\"radius\":\"0px\",\"top\":{\"width\":\"0px\",\"style\":\"none\"},\"right\":{\"width\":\"0px\",\"style\":\"none\"},\"bottom\":{\"width\":\"0px\",\"style\":\"none\"},\"left\":{\"width\":\"0px\",\"style\":\"none\"}}}} --><\/h3>\n<h5><a>Yeni Ba\u015flang\u0131\u00e7 \u0130\u00e7in<\/a><\/h5>\n<h5 style=\"text-align: center;\"><a class=\"wp-block-button__link has-text-color has-background wp-element-button\" style=\"border-radius: 50px; color: #ffffff; background-color: #000000;\" href=\"https:\/\/candasmimarlik.com\/group\/sektorler\/\">Sekt\u00f6rler \u0130\u00e7in T\u0131kla<\/a><\/h5>\n<\/div>\n<\/div>\n<p><!-- \/wp:heading --><!-- wp:image {\"align\":\"wide\",\"id\":43,\"sizeSlug\":\"full\",\"linkDestination\":\"none\"} --><\/p>\n<figure class=\"wp-block-image alignwide size-full\"><img fetchpriority=\"high\" decoding=\"async\" width=\"275\" height=\"183\" data-recalc-dims=\"1\" class=\"wp-image-43\" src=\"https:\/\/i0.wp.com\/candasmimarlik.com\/group\/wp-content\/uploads\/2023\/06\/indir.jpg?w=780&#038;ssl=1\" alt=\"\" srcset=\"https:\/\/i0.wp.com\/candasmimarlik.com\/group\/wp-content\/uploads\/2023\/06\/indir.jpg?w=275&amp;ssl=1 275w, https:\/\/i0.wp.com\/candasmimarlik.com\/group\/wp-content\/uploads\/2023\/06\/indir.jpg?resize=90%2C60&amp;ssl=1 90w\" sizes=\"(max-width: 275px) 100vw, 275px\" \/><\/figure>\n<p><!-- \/wp:image --><!-- wp:paragraph --><\/p>\n<p><!-- \/wp:paragraph --><!-- wp:paragraph --><\/p>\n<p><!-- \/wp:paragraph --><!-- wp:columns {\"verticalAlignment\":\"center\",\"align\":\"wide\"} --><\/p>\n<div class=\"wp-block-columns alignwide are-vertically-aligned-center\">\n<p><!-- wp:column {\"verticalAlignment\":\"center\"} --><\/p>\n<div class=\"wp-block-column is-vertically-aligned-center\">\n<p><!-- wp:paragraph {\"style\":{\"typography\":{\"lineHeight\":\"2\"}}} --><\/p>\n<p style=\"line-height: 2;\"><strong>Merkez Adresimiz:<\/strong><br \/>\u00c7engelk\u00f6y Mah Ordu Cad 1\/B \u00dcsk\u00fcdar\/\u0130STANBUL<\/p>\n<p><!-- \/wp:paragraph --><\/p>\n<\/div>\n<p><!-- \/wp:column --><!-- wp:column {\"verticalAlignment\":\"center\"} --><\/p>\n<div class=\"wp-block-column is-vertically-aligned-center\">\n<p><!-- wp:paragraph {\"style\":{\"typography\":{\"lineHeight\":\"2\"}}} --><\/p>\n<p style=\"line-height: 2;\"><strong>Tel:<\/strong><br \/>90 216 422 44 02<\/p>\n<p><!-- \/wp:paragraph --><\/p>\n<\/div>\n<p><!-- \/wp:column --><!-- wp:column {\"verticalAlignment\":\"center\"} --><\/p>\n<div class=\"wp-block-column is-vertically-aligned-center\">\n<p><!-- wp:buttons --><\/p>\n<div class=\"wp-block-buttons\">\n<p><!-- wp:button {\"width\":100,\"style\":{\"color\":{\"background\":\"#262626\",\"text\":\"#efefef\"}}} --><\/p>\n<div class=\"wp-block-button has-custom-width wp-block-button__width-100\"><a class=\"wp-block-button__link has-text-color has-background wp-element-button\" style=\"color: #efefef; background-color: #262626;\" href=\"https:\/\/candasmimarlik.com\/group\/iletisim\/\">Bilgi Al\u0131n<\/a><\/div>\n<\/div>\n<\/div>\n<\/div>\n<div class=\"wp-block-columns alignwide\" style=\"margin-bottom: 0;\">\n<div class=\"wp-block-column has-text-color has-background has-link-color\" style=\"color: #000000; background-color: #c0ebf1; padding: 2em;\">\n<div class=\"wp-block-buttons alignfull\">\n<div class=\"wp-block-button has-custom-width wp-block-button__width-100\" style=\"text-align: center;\"><strong style=\"background-color: #ffffff;\">\u0130LET\u0130\u015e\u0130M KURUN<\/strong><\/div>\n<\/div>\n<\/div>\n<\/div>\n<div class=\"wp-block-group alignfull has-text-color has-background\" style=\"color: #000000; background-color: #ffffff;\">\n<p><!-- \/wp:paragraph --><!-- wp:heading {\"textAlign\":\"center\",\"style\":{\"typography\":{\"fontSize\":59,\"lineHeight\":\"1.15\"}}} --><\/p>\n<h3 style=\"text-align: center;\">Gelece\u011finizle Bulu\u015fun!<\/h3>\n<p><!-- \/wp:heading --><!-- wp:buttons {\"layout\":{\"type\":\"flex\",\"justifyContent\":\"center\",\"orientation\":\"horizontal\"}} --><\/p>\n<div class=\"wp-block-buttons\">\n<p><!-- wp:button {\"width\":50,\"style\":{\"color\":{\"background\":\"#000000\",\"text\":\"#ffffff\"},\"border\":{\"radius\":\"50px\"}}} --><\/p>\n<div class=\"wp-block-button has-custom-width wp-block-button__width-50\" style=\"text-align: center;\"><a href=\"https:\/\/candasmimarlik.com\/group\/iletisim\/\">Bize ula\u015f\u0131n<\/a><\/div>\n<p><!-- \/wp:button --><\/p>\n<\/div>\n<p><!-- \/wp:buttons --><!-- wp:spacer {\"height\":\"64px\"} --><\/p>\n<\/div>\n<div class=\"wp-block-cover alignfull\" style=\"margin-top: 0; padding: 5vw;\">\n<div class=\"wp-block-cover__inner-container\">\n<div class=\"wp-block-group\">\n<div class=\"wp-block-group\">\u00a0<\/div>\n<div class=\"wp-block-group\">\n<div class=\"wp-block-buttons\">\n<h3 style=\"text-align: center;\">\u00a0<\/h3>\n<p><!-- \/wp:button --><\/p>\n<\/div>\n<p><!-- \/wp:buttons --><\/p>\n<\/div>\n<p><!-- \/wp:group --><\/p>\n<\/div>\n<p><!-- \/wp:group --><\/p>\n<\/div>\n<\/div>\n<p><!-- \/wp:cover --><\/p>\t\t\t\t\t\t\t\t<\/div>\n\t\t\t\t<\/div>\n\t\t\t\t\t<\/div>\n\t\t<\/div>\n\t\t\t\t\t<\/div>\n\t\t<\/section>\n\t\t\t\t<\/div>\n\t\t","protected":false},"excerpt":{"rendered":"<p>Canda\u015f Group&#8217; a Ho\u015f Geldiniz. \u015eirketimizin \u00e7al\u0131\u015fma alanlar\u0131 ve birimlerimizle ilgili bilgileri a\u015fa\u011f\u0131da bulabilirsiniz. \u0130lgili Birimi se\u00e7tikten sonra ileti\u015fim kurman\u0131z\u0131 bekliyoruz. \u0130NOVAT\u0130F PROJELER&#8230; Yeni Nesil \u0130\u015f Modelleri Geliyor! \u2014 Kat\u0131l\u0131n! Farkl\u0131 Sekt\u00f6rlerde Yeni Nesil \u0130\u015f Modelleriyle Daha \u0130yi Kazanmak ve Geli\u015fmek \u0130\u00e7in Aram\u0131za Kat\u0131l\u0131n. Yeni Ba\u015flang\u0131\u00e7 \u0130\u00e7in Sekt\u00f6rler \u0130\u00e7in T\u0131kla Merkez Adresimiz:\u00c7engelk\u00f6y Mah Ordu Cad &hellip; <\/p>\n","protected":false},"author":1,"featured_media":0,"parent":0,"menu_order":0,"comment_status":"closed","ping_status":"closed","template":"elementor_header_footer","meta":{"_joinchat":[],"footnotes":""},"class_list":["post-5","page","type-page","status-publish","hentry"],"jetpack-related-posts":[],"jetpack_sharing_enabled":true,"_links":{"self":[{"href":"https:\/\/candasmimarlik.com\/group\/wp-json\/wp\/v2\/pages\/5","targetHints":{"allow":["GET"]}}],"collection":[{"href":"https:\/\/candasmimarlik.com\/group\/wp-json\/wp\/v2\/pages"}],"about":[{"href":"https:\/\/candasmimarlik.com\/group\/wp-json\/wp\/v2\/types\/page"}],"author":[{"embeddable":true,"href":"https:\/\/candasmimarlik.com\/group\/wp-json\/wp\/v2\/users\/1"}],"replies":[{"embeddable":true,"href":"https:\/\/candasmimarlik.com\/group\/wp-json\/wp\/v2\/comments?post=5"}],"version-history":[{"count":112,"href":"https:\/\/candasmimarlik.com\/group\/wp-json\/wp\/v2\/pages\/5\/revisions"}],"predecessor-version":[{"id":1858,"href":"https:\/\/candasmimarlik.com\/group\/wp-json\/wp\/v2\/pages\/5\/revisions\/1858"}],"wp:attachment":[{"href":"https:\/\/candasmimarlik.com\/group\/wp-json\/wp\/v2\/media?parent=5"}],"curies":[{"name":"wp","href":"https:\/\/api.w.org\/{rel}","templated":true}]}}