{"id":1292,"date":"2026-04-16T11:11:41","date_gmt":"2026-04-16T14:11:41","guid":{"rendered":"https:\/\/candasmimarlik.com\/kentsel\/?page_id=1292"},"modified":"2026-04-21T11:25:38","modified_gmt":"2026-04-21T14:25:38","slug":"uskudar-selimiye-321-ada-1-parsel-kentsel-donusum-projesi","status":"publish","type":"page","link":"https:\/\/candasmimarlik.com\/kentsel\/index.php\/uskudar-selimiye-321-ada-1-parsel-kentsel-donusum-projesi\/","title":{"rendered":"\u00dcsk\u00fcdar Selimiye 321 Ada 1 Parsel Kentsel D\u00f6n\u00fc\u015f\u00fcm Projesi"},"content":{"rendered":"<div class=\"members-access-error\">\n<h2 data-start=\"100\" data-end=\"135\">\ud83d\udd12 Proje Bilgilendirme Uyar\u0131s\u0131<\/h2>\n<p data-start=\"137\" data-end=\"295\">Platformumuzda yer alan <strong data-start=\"161\" data-end=\"196\">kentsel d\u00f6n\u00fc\u015f\u00fcm proje bilgileri<\/strong>, yaln\u0131zca <strong data-start=\"207\" data-end=\"271\">resm\u00ee i\u015f ortakl\u0131\u011f\u0131 s\u00f6zle\u015fmesi imzalanm\u0131\u015f firmalar ve ki\u015filer<\/strong> ile payla\u015f\u0131lmaktad\u0131r.<\/p>\n<p data-start=\"297\" data-end=\"402\">Projeler hakk\u0131nda detayl\u0131 bilgi almak, i\u015f f\u0131rsatlar\u0131ndan yararlanmak ve s\u00fcre\u00e7lere dahil olabilmek i\u00e7in:<\/p>\n<p data-start=\"404\" data-end=\"506\">\ud83d\udc49 \u00d6ncelikle <strong data-start=\"417\" data-end=\"432\">\u00fcye olman\u0131z<\/strong>,<br data-start=\"433\" data-end=\"436\" \/>\ud83d\udc49 Ard\u0131ndan <strong data-start=\"448\" data-end=\"489\">i\u015f ortakl\u0131\u011f\u0131 s\u00f6zle\u015fmesini imzalaman\u0131z<\/strong> gerekmektedir.<\/p>\n<p data-start=\"508\" data-end=\"616\"><strong data-start=\"508\" data-end=\"614\">Bilgilere eri\u015fim hakk\u0131 bulunmayan ki\u015fi veya firmalarla proje i\u00e7erikleri kesinlikle payla\u015f\u0131lmamaktad\u0131r.<\/strong><\/p>\n<\/div>\n","protected":false},"excerpt":{"rendered":"<div class=\"members-access-error\">\n<h2 data-start=\"100\" data-end=\"135\">\ud83d\udd12 Proje Bilgilendirme Uyar\u0131s\u0131<\/h2>\n<p data-start=\"137\" data-end=\"295\">Platformumuzda yer alan <strong data-start=\"161\" data-end=\"196\">kentsel d\u00f6n\u00fc\u015f\u00fcm proje bilgileri<\/strong>, yaln\u0131zca <strong data-start=\"207\" data-end=\"271\">resm\u00ee i\u015f ortakl\u0131\u011f\u0131 s\u00f6zle\u015fmesi imzalanm\u0131\u015f firmalar ve ki\u015filer<\/strong> ile payla\u015f\u0131lmaktad\u0131r.<\/p>\n<p data-start=\"297\" data-end=\"402\">Projeler hakk\u0131nda detayl\u0131 bilgi almak, i\u015f f\u0131rsatlar\u0131ndan yararlanmak ve s\u00fcre\u00e7lere dahil olabilmek i\u00e7in:<\/p>\n<p data-start=\"404\" data-end=\"506\">\ud83d\udc49 \u00d6ncelikle <strong data-start=\"417\" data-end=\"432\">\u00fcye olman\u0131z<\/strong>,<br data-start=\"433\" data-end=\"436\" \/>\ud83d\udc49 Ard\u0131ndan <strong data-start=\"448\" data-end=\"489\">i\u015f ortakl\u0131\u011f\u0131 s\u00f6zle\u015fmesini imzalaman\u0131z<\/strong> gerekmektedir.<\/p>\n<p data-start=\"508\" data-end=\"616\"><strong data-start=\"508\" data-end=\"614\">Bilgilere eri\u015fim hakk\u0131 bulunmayan ki\u015fi veya firmalarla proje i\u00e7erikleri kesinlikle payla\u015f\u0131lmamaktad\u0131r.<\/strong><\/p>\n<\/div>\n","protected":false},"author":1,"featured_media":0,"parent":0,"menu_order":0,"comment_status":"closed","ping_status":"closed","template":"","meta":{"_acf_changed":false,"site-sidebar-layout":"default","site-content-layout":"","ast-site-content-layout":"default","site-content-style":"default","site-sidebar-style":"default","ast-global-header-display":"","ast-banner-title-visibility":"","ast-main-header-display":"","ast-hfb-above-header-display":"","ast-hfb-below-header-display":"","ast-hfb-mobile-header-display":"","site-post-title":"","ast-breadcrumbs-content":"","ast-featured-img":"","footer-sml-layout":"","ast-disable-related-posts":"","theme-transparent-header-meta":"","adv-header-id-meta":"","stick-header-meta":"","header-above-stick-meta":"","header-main-stick-meta":"","header-below-stick-meta":"","astra-migrate-meta-layouts":"default","ast-page-background-enabled":"default","ast-page-background-meta":{"desktop":{"background-color":"var(--ast-global-color-5)","background-image":"","background-repeat":"repeat","background-position":"center center","background-size":"auto","background-attachment":"scroll","background-type":"","background-media":"","overlay-type":"","overlay-color":"","overlay-opacity":"","overlay-gradient":""},"tablet":{"background-color":"","background-image":"","background-repeat":"repeat","background-position":"center center","background-size":"auto","background-attachment":"scroll","background-type":"","background-media":"","overlay-type":"","overlay-color":"","overlay-opacity":"","overlay-gradient":""},"mobile":{"background-color":"","background-image":"","background-repeat":"repeat","background-position":"center center","background-size":"auto","background-attachment":"scroll","background-type":"","background-media":"","overlay-type":"","overlay-color":"","overlay-opacity":"","overlay-gradient":""}},"ast-content-background-meta":{"desktop":{"background-color":"var(--ast-global-color-4)","background-image":"","background-repeat":"repeat","background-position":"center center","background-size":"auto","background-attachment":"scroll","background-type":"","background-media":"","overlay-type":"","overlay-color":"","overlay-opacity":"","overlay-gradient":""},"tablet":{"background-color":"var(--ast-global-color-4)","background-image":"","background-repeat":"repeat","background-position":"center center","background-size":"auto","background-attachment":"scroll","background-type":"","background-media":"","overlay-type":"","overlay-color":"","overlay-opacity":"","overlay-gradient":""},"mobile":{"background-color":"var(--ast-global-color-4)","background-image":"","background-repeat":"repeat","background-position":"center center","background-size":"auto","background-attachment":"scroll","background-type":"","background-media":"","overlay-type":"","overlay-color":"","overlay-opacity":"","overlay-gradient":""}},"_joinchat":[],"footnotes":""},"class_list":["post-1292","page","type-page","status-publish","hentry"],"acf":[],"jetpack-related-posts":[],"jetpack_sharing_enabled":true,"_links":{"self":[{"href":"https:\/\/candasmimarlik.com\/kentsel\/index.php\/wp-json\/wp\/v2\/pages\/1292","targetHints":{"allow":["GET"]}}],"collection":[{"href":"https:\/\/candasmimarlik.com\/kentsel\/index.php\/wp-json\/wp\/v2\/pages"}],"about":[{"href":"https:\/\/candasmimarlik.com\/kentsel\/index.php\/wp-json\/wp\/v2\/types\/page"}],"author":[{"embeddable":true,"href":"https:\/\/candasmimarlik.com\/kentsel\/index.php\/wp-json\/wp\/v2\/users\/1"}],"replies":[{"embeddable":true,"href":"https:\/\/candasmimarlik.com\/kentsel\/index.php\/wp-json\/wp\/v2\/comments?post=1292"}],"version-history":[{"count":5,"href":"https:\/\/candasmimarlik.com\/kentsel\/index.php\/wp-json\/wp\/v2\/pages\/1292\/revisions"}],"predecessor-version":[{"id":1315,"href":"https:\/\/candasmimarlik.com\/kentsel\/index.php\/wp-json\/wp\/v2\/pages\/1292\/revisions\/1315"}],"wp:attachment":[{"href":"https:\/\/candasmimarlik.com\/kentsel\/index.php\/wp-json\/wp\/v2\/media?parent=1292"}],"curies":[{"name":"wp","href":"https:\/\/api.w.org\/{rel}","templated":true}]}}