{"id":323,"date":"2021-07-01T13:59:16","date_gmt":"2021-07-01T13:59:16","guid":{"rendered":"https:\/\/candasmimarlik.com\/kentsel\/?page_id=323"},"modified":"2021-07-01T14:12:16","modified_gmt":"2021-07-01T14:12:16","slug":"kanunlar","status":"publish","type":"page","link":"https:\/\/candasmimarlik.com\/kentsel\/index.php\/kanunlar\/","title":{"rendered":"Kanunlar"},"content":{"rendered":"\n<figure class=\"wp-block-table\"><table><tbody><tr><td><strong>SAYI<\/strong><\/td><td><strong>KANUN<\/strong><\/td><td><strong>Kabul Tarihi<\/strong><\/td><td><strong>Resmi Gazete Tarihi<\/strong><\/td><td><strong>Resmi Gazete Say\u0131s\u0131<\/strong><\/td><\/tr><tr><td>6306<\/td><td><a href=\"https:\/\/candasmimarlik.com\/kentsel\/wp-content\/uploads\/2021\/07\/AFET-RISKI-ALTINDAKI-ALANLARIN-DONUSTURULMESI.pdf\" target=\"_blank\" rel=\"noreferrer noopener\">AFET R\u0130SK\u0130 ALTINDAK\u0130 ALANLARIN D\u00d6N\u00dc\u015eT\u00dcR\u00dcLMES\u0130 HAKKINDA KANUN\u00a0<\/a>(G\u00fcncellenmi\u015f Hali)<\/td><td>16.05.2012<\/td><td>31.05.2012<\/td><td>28309<\/td><\/tr><tr><td>5983<\/td><td><a href=\"https:\/\/candasmimarlik.com\/kentsel\/wp-content\/uploads\/2021\/07\/KOOPERATIFLER-KANUNU-ILE-BAZI-KANUN-VE-KANUN-HUKMUNDE.pdf\" target=\"_blank\" rel=\"noreferrer noopener\">KOOPERAT\u0130FLER KANUNU \u0130LE BAZI KANUN VE KANUN H\u00dcKM\u00dcNDE KARARNAMELERDE DE\u011e\u0130\u015e\u0130KL\u0130K YAPILMASINA DA\u0130R KANUN<\/a><\/td><td>03.06.2010<\/td><td>13.06.2010<\/td><td>27610<\/td><\/tr><tr><td>5543<\/td><td><a href=\"https:\/\/candasmimarlik.com\/kentsel\/wp-content\/uploads\/2021\/07\/ISKAN-KANUNU.docx\" target=\"_blank\" rel=\"noreferrer noopener\">\u0130SKAN KANUNU<\/a><\/td><td>19.09.2006<\/td><td>26.09.2006<\/td><td>26301<\/td><\/tr><tr><td>5393<\/td><td><a href=\"https:\/\/candasmimarlik.com\/kentsel\/wp-content\/uploads\/2021\/07\/BELEDIYE-KANUNU.pdf\" target=\"_blank\" rel=\"noreferrer noopener\">BELED\u0130YE KANUNU<\/a><\/td><td>03.07.2005<\/td><td>13.07.2005<\/td><td>25874<\/td><\/tr><\/tbody><\/table><\/figure>\n","protected":false},"excerpt":{"rendered":"<p>SAYI KANUN Kabul Tarihi Resmi Gazete Tarihi Resmi Gazete Say\u0131s\u0131 6306 AFET R\u0130SK\u0130 ALTINDAK\u0130 ALANLARIN D\u00d6N\u00dc\u015eT\u00dcR\u00dcLMES\u0130 HAKKINDA KANUN\u00a0(G\u00fcncellenmi\u015f Hali) 16.05.2012 [&hellip;]<\/p>\n","protected":false},"author":1,"featured_media":0,"parent":0,"menu_order":0,"comment_status":"closed","ping_status":"closed","template":"","meta":{"_acf_changed":false,"site-sidebar-layout":"default","site-content-layout":"","ast-site-content-layout":"default","site-content-style":"default","site-sidebar-style":"default","ast-global-header-display":"","ast-banner-title-visibility":"","ast-main-header-display":"","ast-hfb-above-header-display":"","ast-hfb-below-header-display":"","ast-hfb-mobile-header-display":"","site-post-title":"","ast-breadcrumbs-content":"","ast-featured-img":"","footer-sml-layout":"","ast-disable-related-posts":"","theme-transparent-header-meta":"","adv-header-id-meta":"","stick-header-meta":"","header-above-stick-meta":"","header-main-stick-meta":"","header-below-stick-meta":"","astra-migrate-meta-layouts":"default","ast-page-background-enabled":"default","ast-page-background-meta":{"desktop":{"background-color":"var(--ast-global-color-5)","background-image":"","background-repeat":"repeat","background-position":"center center","background-size":"auto","background-attachment":"scroll","background-type":"","background-media":"","overlay-type":"","overlay-color":"","overlay-opacity":"","overlay-gradient":""},"tablet":{"background-color":"","background-image":"","background-repeat":"repeat","background-position":"center center","background-size":"auto","background-attachment":"scroll","background-type":"","background-media":"","overlay-type":"","overlay-color":"","overlay-opacity":"","overlay-gradient":""},"mobile":{"background-color":"","background-image":"","background-repeat":"repeat","background-position":"center center","background-size":"auto","background-attachment":"scroll","background-type":"","background-media":"","overlay-type":"","overlay-color":"","overlay-opacity":"","overlay-gradient":""}},"ast-content-background-meta":{"desktop":{"background-color":"var(--ast-global-color-4)","background-image":"","background-repeat":"repeat","background-position":"center center","background-size":"auto","background-attachment":"scroll","background-type":"","background-media":"","overlay-type":"","overlay-color":"","overlay-opacity":"","overlay-gradient":""},"tablet":{"background-color":"var(--ast-global-color-4)","background-image":"","background-repeat":"repeat","background-position":"center center","background-size":"auto","background-attachment":"scroll","background-type":"","background-media":"","overlay-type":"","overlay-color":"","overlay-opacity":"","overlay-gradient":""},"mobile":{"background-color":"var(--ast-global-color-4)","background-image":"","background-repeat":"repeat","background-position":"center center","background-size":"auto","background-attachment":"scroll","background-type":"","background-media":"","overlay-type":"","overlay-color":"","overlay-opacity":"","overlay-gradient":""}},"_joinchat":[],"footnotes":""},"class_list":["post-323","page","type-page","status-publish","hentry"],"acf":[],"jetpack-related-posts":[],"jetpack_sharing_enabled":true,"_links":{"self":[{"href":"https:\/\/candasmimarlik.com\/kentsel\/index.php\/wp-json\/wp\/v2\/pages\/323","targetHints":{"allow":["GET"]}}],"collection":[{"href":"https:\/\/candasmimarlik.com\/kentsel\/index.php\/wp-json\/wp\/v2\/pages"}],"about":[{"href":"https:\/\/candasmimarlik.com\/kentsel\/index.php\/wp-json\/wp\/v2\/types\/page"}],"author":[{"embeddable":true,"href":"https:\/\/candasmimarlik.com\/kentsel\/index.php\/wp-json\/wp\/v2\/users\/1"}],"replies":[{"embeddable":true,"href":"https:\/\/candasmimarlik.com\/kentsel\/index.php\/wp-json\/wp\/v2\/comments?post=323"}],"version-history":[{"count":2,"href":"https:\/\/candasmimarlik.com\/kentsel\/index.php\/wp-json\/wp\/v2\/pages\/323\/revisions"}],"predecessor-version":[{"id":330,"href":"https:\/\/candasmimarlik.com\/kentsel\/index.php\/wp-json\/wp\/v2\/pages\/323\/revisions\/330"}],"wp:attachment":[{"href":"https:\/\/candasmimarlik.com\/kentsel\/index.php\/wp-json\/wp\/v2\/media?parent=323"}],"curies":[{"name":"wp","href":"https:\/\/api.w.org\/{rel}","templated":true}]}}