{"id":322,"date":"2021-03-17T13:00:49","date_gmt":"2021-03-17T13:00:49","guid":{"rendered":"https:\/\/candasmimarlik.com\/candasonline.1\/?post_type=product&#038;p=322"},"modified":"2024-09-14T15:39:38","modified_gmt":"2024-09-14T15:39:38","slug":"clip-in-sistem-gizli-tasiyicili-aluminyum-600x600-mm-tasiyici-profil-sistemi-2","status":"publish","type":"product","link":"https:\/\/candasmimarlik.com\/yapimarket\/product\/clip-in-sistem-gizli-tasiyicili-aluminyum-600x600-mm-tasiyici-profil-sistemi-2\/","title":{"rendered":"Clip \u0130n Sistem (Gizli Ta\u015f\u0131y\u0131c\u0131l\u0131) Al\u00fcminyum 600&#215;600 mm Ta\u015f\u0131y\u0131c\u0131 Profil Sistemi"},"content":{"rendered":"<p><a href=\"https:\/\/i0.wp.com\/candasmimarlik.com\/candasonline.1\/wp-content\/uploads\/2021\/03\/clip-in-detail-1-1.jpg?ssl=1\"><img data-recalc-dims=\"1\" decoding=\"async\" class=\"alignnone size-medium wp-image-323\" src=\"https:\/\/i0.wp.com\/candasmimarlik.com\/candasonline.1\/wp-content\/uploads\/2021\/03\/clip-in-detail-1-1-300x160.jpg?resize=300%2C160&#038;ssl=1\" alt=\"\" width=\"300\" height=\"160\" srcset=\"https:\/\/i0.wp.com\/candasmimarlik.com\/yapimarket\/wp-content\/uploads\/2021\/03\/clip-in-detail-1-1.jpg?resize=300%2C160&amp;ssl=1 300w, https:\/\/i0.wp.com\/candasmimarlik.com\/yapimarket\/wp-content\/uploads\/2021\/03\/clip-in-detail-1-1.jpg?resize=1024%2C545&amp;ssl=1 1024w, https:\/\/i0.wp.com\/candasmimarlik.com\/yapimarket\/wp-content\/uploads\/2021\/03\/clip-in-detail-1-1.jpg?resize=768%2C409&amp;ssl=1 768w, https:\/\/i0.wp.com\/candasmimarlik.com\/yapimarket\/wp-content\/uploads\/2021\/03\/clip-in-detail-1-1.jpg?w=1200&amp;ssl=1 1200w\" sizes=\"(max-width: 300px) 100vw, 300px\" \/><\/a><\/p>\n<p>Clip \u0130n Sistem (Gizli Ta\u015f\u0131y\u0131c\u0131l\u0131) Al\u00fcminyum 600&#215;600 mm 2.5 mm Ta\u015f\u0131y\u0131c\u0131 Profil Sistemidir.<br \/>\n\u00d6l\u00e7\u00fcler: 600&#215;600 mm<\/p>\n<p>Kalite Belgeleri: TSE, CE<\/p>\n<p>1 m2 fiyat\u0131d\u0131r.<\/p>\n<p>Standart Clip-in Sistem, al\u00fcminyum ya da galvaniz plakalar\u0131n \u00fc\u00e7gen kesitli omega ta\u015f\u0131y\u0131c\u0131ya alttan monte edilmesi ile olu\u015fturulur. Bu sistemde ta\u015f\u0131y\u0131c\u0131lar g\u00f6r\u00fcnmez. Oturmal\u0131 ve sarkmal\u0131 sisteme g\u00f6re daha sade ve estetik bir g\u00f6r\u00fcn\u00fcm elde edilir. T\u00fcm paneller birbirinden ba\u011f\u0131ms\u0131z olarak \u00f6zel bir aparatla s\u00f6k\u00fclebilir. B\u00f6ylece mevcut tesisata kolay eri\u015fim imkan\u0131 sa\u011flan\u0131r.<\/p>\n","protected":false},"excerpt":{"rendered":"<p>Clip \u0130n Sistem (Gizli Ta\u015f\u0131y\u0131c\u0131l\u0131) Al\u00fcminyum 600&#215;600 mm 2.5 mm Ta\u015f\u0131y\u0131c\u0131 Profil Sistemidir. \u00d6l\u00e7\u00fcler: 600&#215;600 mm Kalite Belgeleri: TSE, CE 1 m2 fiyat\u0131d\u0131r. Standart Clip-in Sistem, al\u00fcminyum ya da galvaniz plakalar\u0131n \u00fc\u00e7gen kesitli omega ta\u015f\u0131y\u0131c\u0131ya alttan monte edilmesi ile olu\u015fturulur. Bu sistemde ta\u015f\u0131y\u0131c\u0131lar g\u00f6r\u00fcnmez. Oturmal\u0131 ve sarkmal\u0131 sisteme g\u00f6re daha sade ve estetik bir g\u00f6r\u00fcn\u00fcm [&hellip;]<\/p>\n","protected":false},"featured_media":3364,"comment_status":"open","ping_status":"closed","template":"","meta":{"_joinchat":[]},"product_brand":[],"product_cat":[40],"product_tag":[],"class_list":{"0":"post-322","1":"product","2":"type-product","3":"status-publish","4":"has-post-thumbnail","6":"product_cat-uncategorized","8":"first","9":"instock","10":"taxable","11":"shipping-taxable","12":"product-type-simple"},"yoast_head":"<!-- This site is optimized with the Yoast SEO plugin v26.5 - https:\/\/yoast.com\/wordpress\/plugins\/seo\/ -->\n<title>Clip \u0130n Sistem (Gizli Ta\u015f\u0131y\u0131c\u0131l\u0131) Al\u00fcminyum 600x600 mm Ta\u015f\u0131y\u0131c\u0131 Profil Sistemi - Canda\u015f Yap\u0131 Market<\/title>\n<meta name=\"robots\" content=\"index, follow, max-snippet:-1, max-image-preview:large, max-video-preview:-1\" \/>\n<link rel=\"canonical\" href=\"https:\/\/candasmimarlik.com\/yapimarket\/product\/clip-in-sistem-gizli-tasiyicili-aluminyum-600x600-mm-tasiyici-profil-sistemi-2\/\" \/>\n<meta property=\"og:locale\" content=\"tr_TR\" \/>\n<meta property=\"og:type\" content=\"article\" \/>\n<meta property=\"og:title\" content=\"Clip \u0130n Sistem (Gizli Ta\u015f\u0131y\u0131c\u0131l\u0131) Al\u00fcminyum 600x600 mm Ta\u015f\u0131y\u0131c\u0131 Profil Sistemi - Canda\u015f Yap\u0131 Market\" \/>\n<meta property=\"og:description\" content=\"Clip \u0130n Sistem (Gizli Ta\u015f\u0131y\u0131c\u0131l\u0131) Al\u00fcminyum 600&#215;600 mm 2.5 mm Ta\u015f\u0131y\u0131c\u0131 Profil Sistemidir. \u00d6l\u00e7\u00fcler: 600&#215;600 mm Kalite Belgeleri: TSE, CE 1 m2 fiyat\u0131d\u0131r. Standart Clip-in Sistem, al\u00fcminyum ya da galvaniz plakalar\u0131n \u00fc\u00e7gen kesitli omega ta\u015f\u0131y\u0131c\u0131ya alttan monte edilmesi ile olu\u015fturulur. Bu sistemde ta\u015f\u0131y\u0131c\u0131lar g\u00f6r\u00fcnmez. Oturmal\u0131 ve sarkmal\u0131 sisteme g\u00f6re daha sade ve estetik bir g\u00f6r\u00fcn\u00fcm [&hellip;]\" \/>\n<meta property=\"og:url\" content=\"https:\/\/candasmimarlik.com\/yapimarket\/product\/clip-in-sistem-gizli-tasiyicili-aluminyum-600x600-mm-tasiyici-profil-sistemi-2\/\" \/>\n<meta property=\"og:site_name\" content=\"Canda\u015f Yap\u0131 Market\" \/>\n<meta property=\"article:publisher\" content=\"https:\/\/www.facebook.com\/candasonlineyapi\" \/>\n<meta property=\"article:modified_time\" content=\"2024-09-14T15:39:38+00:00\" \/>\n<meta property=\"og:image\" content=\"https:\/\/i0.wp.com\/candasmimarlik.com\/yapimarket\/wp-content\/uploads\/2023\/09\/clip-in-detail-1-1.jpg?fit=1200%2C639&ssl=1\" \/>\n\t<meta property=\"og:image:width\" content=\"1200\" \/>\n\t<meta property=\"og:image:height\" content=\"639\" \/>\n\t<meta property=\"og:image:type\" content=\"image\/jpeg\" \/>\n<meta name=\"twitter:card\" content=\"summary_large_image\" \/>\n<meta name=\"twitter:label1\" content=\"Tahmini okuma s\u00fcresi\" \/>\n\t<meta name=\"twitter:data1\" content=\"1 dakika\" \/>\n<script type=\"application\/ld+json\" class=\"yoast-schema-graph\">{\"@context\":\"https:\/\/schema.org\",\"@graph\":[{\"@type\":\"WebPage\",\"@id\":\"https:\/\/candasmimarlik.com\/yapimarket\/product\/clip-in-sistem-gizli-tasiyicili-aluminyum-600x600-mm-tasiyici-profil-sistemi-2\/\",\"url\":\"https:\/\/candasmimarlik.com\/yapimarket\/product\/clip-in-sistem-gizli-tasiyicili-aluminyum-600x600-mm-tasiyici-profil-sistemi-2\/\",\"name\":\"Clip \u0130n Sistem (Gizli Ta\u015f\u0131y\u0131c\u0131l\u0131) Al\u00fcminyum 600x600 mm Ta\u015f\u0131y\u0131c\u0131 Profil Sistemi - Canda\u015f Yap\u0131 Market\",\"isPartOf\":{\"@id\":\"https:\/\/candasmimarlik.com\/yapimarket\/#website\"},\"primaryImageOfPage\":{\"@id\":\"https:\/\/candasmimarlik.com\/yapimarket\/product\/clip-in-sistem-gizli-tasiyicili-aluminyum-600x600-mm-tasiyici-profil-sistemi-2\/#primaryimage\"},\"image\":{\"@id\":\"https:\/\/candasmimarlik.com\/yapimarket\/product\/clip-in-sistem-gizli-tasiyicili-aluminyum-600x600-mm-tasiyici-profil-sistemi-2\/#primaryimage\"},\"thumbnailUrl\":\"https:\/\/i0.wp.com\/candasmimarlik.com\/yapimarket\/wp-content\/uploads\/2023\/09\/clip-in-detail-1-1.jpg?fit=1200%2C639&ssl=1\",\"datePublished\":\"2021-03-17T13:00:49+00:00\",\"dateModified\":\"2024-09-14T15:39:38+00:00\",\"breadcrumb\":{\"@id\":\"https:\/\/candasmimarlik.com\/yapimarket\/product\/clip-in-sistem-gizli-tasiyicili-aluminyum-600x600-mm-tasiyici-profil-sistemi-2\/#breadcrumb\"},\"inLanguage\":\"tr\",\"potentialAction\":[{\"@type\":\"ReadAction\",\"target\":[\"https:\/\/candasmimarlik.com\/yapimarket\/product\/clip-in-sistem-gizli-tasiyicili-aluminyum-600x600-mm-tasiyici-profil-sistemi-2\/\"]}]},{\"@type\":\"ImageObject\",\"inLanguage\":\"tr\",\"@id\":\"https:\/\/candasmimarlik.com\/yapimarket\/product\/clip-in-sistem-gizli-tasiyicili-aluminyum-600x600-mm-tasiyici-profil-sistemi-2\/#primaryimage\",\"url\":\"https:\/\/i0.wp.com\/candasmimarlik.com\/yapimarket\/wp-content\/uploads\/2023\/09\/clip-in-detail-1-1.jpg?fit=1200%2C639&ssl=1\",\"contentUrl\":\"https:\/\/i0.wp.com\/candasmimarlik.com\/yapimarket\/wp-content\/uploads\/2023\/09\/clip-in-detail-1-1.jpg?fit=1200%2C639&ssl=1\",\"width\":1200,\"height\":639},{\"@type\":\"BreadcrumbList\",\"@id\":\"https:\/\/candasmimarlik.com\/yapimarket\/product\/clip-in-sistem-gizli-tasiyicili-aluminyum-600x600-mm-tasiyici-profil-sistemi-2\/#breadcrumb\",\"itemListElement\":[{\"@type\":\"ListItem\",\"position\":1,\"name\":\"Anasayfa\",\"item\":\"https:\/\/candasmimarlik.com\/yapimarket\/\"},{\"@type\":\"ListItem\",\"position\":2,\"name\":\"Ma\u011faza\",\"item\":\"https:\/\/candasmimarlik.com\/yapimarket\/magaza-2-2\/\"},{\"@type\":\"ListItem\",\"position\":3,\"name\":\"Clip \u0130n Sistem (Gizli Ta\u015f\u0131y\u0131c\u0131l\u0131) Al\u00fcminyum 600&#215;600 mm Ta\u015f\u0131y\u0131c\u0131 Profil Sistemi\"}]},{\"@type\":\"WebSite\",\"@id\":\"https:\/\/candasmimarlik.com\/yapimarket\/#website\",\"url\":\"https:\/\/candasmimarlik.com\/yapimarket\/\",\"name\":\"https:\/\/candasmimarlik.com\/candasonline.1\",\"description\":\"Kolay H\u0131zl\u0131 G&uuml;venli 7\/24 A&ccedil;\u0131k \",\"publisher\":{\"@id\":\"https:\/\/candasmimarlik.com\/yapimarket\/#organization\"},\"potentialAction\":[{\"@type\":\"SearchAction\",\"target\":{\"@type\":\"EntryPoint\",\"urlTemplate\":\"https:\/\/candasmimarlik.com\/yapimarket\/?s={search_term_string}\"},\"query-input\":{\"@type\":\"PropertyValueSpecification\",\"valueRequired\":true,\"valueName\":\"search_term_string\"}}],\"inLanguage\":\"tr\"},{\"@type\":\"Organization\",\"@id\":\"https:\/\/candasmimarlik.com\/yapimarket\/#organization\",\"name\":\"Canda\u015f Online\",\"url\":\"https:\/\/candasmimarlik.com\/yapimarket\/\",\"logo\":{\"@type\":\"ImageObject\",\"inLanguage\":\"tr\",\"@id\":\"https:\/\/candasmimarlik.com\/yapimarket\/#\/schema\/logo\/image\/\",\"url\":\"https:\/\/i0.wp.com\/candasmimarlik.com\/yapimarket\/wp-content\/uploads\/2026\/05\/CANDAS-YAPI-MARKET.jpg?fit=2560%2C1280&ssl=1\",\"contentUrl\":\"https:\/\/i0.wp.com\/candasmimarlik.com\/yapimarket\/wp-content\/uploads\/2026\/05\/CANDAS-YAPI-MARKET.jpg?fit=2560%2C1280&ssl=1\",\"width\":2560,\"height\":1280,\"caption\":\"Canda\u015f Online\"},\"image\":{\"@id\":\"https:\/\/candasmimarlik.com\/yapimarket\/#\/schema\/logo\/image\/\"},\"sameAs\":[\"https:\/\/www.facebook.com\/candasonlineyapi\"]}]}<\/script>\n<!-- \/ Yoast SEO plugin. -->","yoast_head_json":{"title":"Clip \u0130n Sistem (Gizli Ta\u015f\u0131y\u0131c\u0131l\u0131) Al\u00fcminyum 600x600 mm Ta\u015f\u0131y\u0131c\u0131 Profil Sistemi - Canda\u015f Yap\u0131 Market","robots":{"index":"index","follow":"follow","max-snippet":"max-snippet:-1","max-image-preview":"max-image-preview:large","max-video-preview":"max-video-preview:-1"},"canonical":"https:\/\/candasmimarlik.com\/yapimarket\/product\/clip-in-sistem-gizli-tasiyicili-aluminyum-600x600-mm-tasiyici-profil-sistemi-2\/","og_locale":"tr_TR","og_type":"article","og_title":"Clip \u0130n Sistem (Gizli Ta\u015f\u0131y\u0131c\u0131l\u0131) Al\u00fcminyum 600x600 mm Ta\u015f\u0131y\u0131c\u0131 Profil Sistemi - Canda\u015f Yap\u0131 Market","og_description":"Clip \u0130n Sistem (Gizli Ta\u015f\u0131y\u0131c\u0131l\u0131) Al\u00fcminyum 600&#215;600 mm 2.5 mm Ta\u015f\u0131y\u0131c\u0131 Profil Sistemidir. \u00d6l\u00e7\u00fcler: 600&#215;600 mm Kalite Belgeleri: TSE, CE 1 m2 fiyat\u0131d\u0131r. Standart Clip-in Sistem, al\u00fcminyum ya da galvaniz plakalar\u0131n \u00fc\u00e7gen kesitli omega ta\u015f\u0131y\u0131c\u0131ya alttan monte edilmesi ile olu\u015fturulur. Bu sistemde ta\u015f\u0131y\u0131c\u0131lar g\u00f6r\u00fcnmez. Oturmal\u0131 ve sarkmal\u0131 sisteme g\u00f6re daha sade ve estetik bir g\u00f6r\u00fcn\u00fcm [&hellip;]","og_url":"https:\/\/candasmimarlik.com\/yapimarket\/product\/clip-in-sistem-gizli-tasiyicili-aluminyum-600x600-mm-tasiyici-profil-sistemi-2\/","og_site_name":"Canda\u015f Yap\u0131 Market","article_publisher":"https:\/\/www.facebook.com\/candasonlineyapi","article_modified_time":"2024-09-14T15:39:38+00:00","og_image":[{"width":1200,"height":639,"url":"https:\/\/i0.wp.com\/candasmimarlik.com\/yapimarket\/wp-content\/uploads\/2023\/09\/clip-in-detail-1-1.jpg?fit=1200%2C639&ssl=1","type":"image\/jpeg"}],"twitter_card":"summary_large_image","twitter_misc":{"Tahmini okuma s\u00fcresi":"1 dakika"},"schema":{"@context":"https:\/\/schema.org","@graph":[{"@type":"WebPage","@id":"https:\/\/candasmimarlik.com\/yapimarket\/product\/clip-in-sistem-gizli-tasiyicili-aluminyum-600x600-mm-tasiyici-profil-sistemi-2\/","url":"https:\/\/candasmimarlik.com\/yapimarket\/product\/clip-in-sistem-gizli-tasiyicili-aluminyum-600x600-mm-tasiyici-profil-sistemi-2\/","name":"Clip \u0130n Sistem (Gizli Ta\u015f\u0131y\u0131c\u0131l\u0131) Al\u00fcminyum 600x600 mm Ta\u015f\u0131y\u0131c\u0131 Profil Sistemi - Canda\u015f Yap\u0131 Market","isPartOf":{"@id":"https:\/\/candasmimarlik.com\/yapimarket\/#website"},"primaryImageOfPage":{"@id":"https:\/\/candasmimarlik.com\/yapimarket\/product\/clip-in-sistem-gizli-tasiyicili-aluminyum-600x600-mm-tasiyici-profil-sistemi-2\/#primaryimage"},"image":{"@id":"https:\/\/candasmimarlik.com\/yapimarket\/product\/clip-in-sistem-gizli-tasiyicili-aluminyum-600x600-mm-tasiyici-profil-sistemi-2\/#primaryimage"},"thumbnailUrl":"https:\/\/i0.wp.com\/candasmimarlik.com\/yapimarket\/wp-content\/uploads\/2023\/09\/clip-in-detail-1-1.jpg?fit=1200%2C639&ssl=1","datePublished":"2021-03-17T13:00:49+00:00","dateModified":"2024-09-14T15:39:38+00:00","breadcrumb":{"@id":"https:\/\/candasmimarlik.com\/yapimarket\/product\/clip-in-sistem-gizli-tasiyicili-aluminyum-600x600-mm-tasiyici-profil-sistemi-2\/#breadcrumb"},"inLanguage":"tr","potentialAction":[{"@type":"ReadAction","target":["https:\/\/candasmimarlik.com\/yapimarket\/product\/clip-in-sistem-gizli-tasiyicili-aluminyum-600x600-mm-tasiyici-profil-sistemi-2\/"]}]},{"@type":"ImageObject","inLanguage":"tr","@id":"https:\/\/candasmimarlik.com\/yapimarket\/product\/clip-in-sistem-gizli-tasiyicili-aluminyum-600x600-mm-tasiyici-profil-sistemi-2\/#primaryimage","url":"https:\/\/i0.wp.com\/candasmimarlik.com\/yapimarket\/wp-content\/uploads\/2023\/09\/clip-in-detail-1-1.jpg?fit=1200%2C639&ssl=1","contentUrl":"https:\/\/i0.wp.com\/candasmimarlik.com\/yapimarket\/wp-content\/uploads\/2023\/09\/clip-in-detail-1-1.jpg?fit=1200%2C639&ssl=1","width":1200,"height":639},{"@type":"BreadcrumbList","@id":"https:\/\/candasmimarlik.com\/yapimarket\/product\/clip-in-sistem-gizli-tasiyicili-aluminyum-600x600-mm-tasiyici-profil-sistemi-2\/#breadcrumb","itemListElement":[{"@type":"ListItem","position":1,"name":"Anasayfa","item":"https:\/\/candasmimarlik.com\/yapimarket\/"},{"@type":"ListItem","position":2,"name":"Ma\u011faza","item":"https:\/\/candasmimarlik.com\/yapimarket\/magaza-2-2\/"},{"@type":"ListItem","position":3,"name":"Clip \u0130n Sistem (Gizli Ta\u015f\u0131y\u0131c\u0131l\u0131) Al\u00fcminyum 600&#215;600 mm Ta\u015f\u0131y\u0131c\u0131 Profil Sistemi"}]},{"@type":"WebSite","@id":"https:\/\/candasmimarlik.com\/yapimarket\/#website","url":"https:\/\/candasmimarlik.com\/yapimarket\/","name":"https:\/\/candasmimarlik.com\/candasonline.1","description":"Kolay H\u0131zl\u0131 G&uuml;venli 7\/24 A&ccedil;\u0131k ","publisher":{"@id":"https:\/\/candasmimarlik.com\/yapimarket\/#organization"},"potentialAction":[{"@type":"SearchAction","target":{"@type":"EntryPoint","urlTemplate":"https:\/\/candasmimarlik.com\/yapimarket\/?s={search_term_string}"},"query-input":{"@type":"PropertyValueSpecification","valueRequired":true,"valueName":"search_term_string"}}],"inLanguage":"tr"},{"@type":"Organization","@id":"https:\/\/candasmimarlik.com\/yapimarket\/#organization","name":"Canda\u015f Online","url":"https:\/\/candasmimarlik.com\/yapimarket\/","logo":{"@type":"ImageObject","inLanguage":"tr","@id":"https:\/\/candasmimarlik.com\/yapimarket\/#\/schema\/logo\/image\/","url":"https:\/\/i0.wp.com\/candasmimarlik.com\/yapimarket\/wp-content\/uploads\/2026\/05\/CANDAS-YAPI-MARKET.jpg?fit=2560%2C1280&ssl=1","contentUrl":"https:\/\/i0.wp.com\/candasmimarlik.com\/yapimarket\/wp-content\/uploads\/2026\/05\/CANDAS-YAPI-MARKET.jpg?fit=2560%2C1280&ssl=1","width":2560,"height":1280,"caption":"Canda\u015f Online"},"image":{"@id":"https:\/\/candasmimarlik.com\/yapimarket\/#\/schema\/logo\/image\/"},"sameAs":["https:\/\/www.facebook.com\/candasonlineyapi"]}]}},"jetpack_sharing_enabled":true,"_links":{"self":[{"href":"https:\/\/candasmimarlik.com\/yapimarket\/wp-json\/wp\/v2\/product\/322","targetHints":{"allow":["GET"]}}],"collection":[{"href":"https:\/\/candasmimarlik.com\/yapimarket\/wp-json\/wp\/v2\/product"}],"about":[{"href":"https:\/\/candasmimarlik.com\/yapimarket\/wp-json\/wp\/v2\/types\/product"}],"replies":[{"embeddable":true,"href":"https:\/\/candasmimarlik.com\/yapimarket\/wp-json\/wp\/v2\/comments?post=322"}],"wp:featuredmedia":[{"embeddable":true,"href":"https:\/\/candasmimarlik.com\/yapimarket\/wp-json\/wp\/v2\/media\/3364"}],"wp:attachment":[{"href":"https:\/\/candasmimarlik.com\/yapimarket\/wp-json\/wp\/v2\/media?parent=322"}],"wp:term":[{"taxonomy":"product_brand","embeddable":true,"href":"https:\/\/candasmimarlik.com\/yapimarket\/wp-json\/wp\/v2\/product_brand?post=322"},{"taxonomy":"product_cat","embeddable":true,"href":"https:\/\/candasmimarlik.com\/yapimarket\/wp-json\/wp\/v2\/product_cat?post=322"},{"taxonomy":"product_tag","embeddable":true,"href":"https:\/\/candasmimarlik.com\/yapimarket\/wp-json\/wp\/v2\/product_tag?post=322"}],"curies":[{"name":"wp","href":"https:\/\/api.w.org\/{rel}","templated":true}]}}