{"id":4456,"date":"2024-09-14T17:30:18","date_gmt":"2024-09-14T17:30:18","guid":{"rendered":"https:\/\/candasmimarlik.com\/candasonline.1\/?post_type=product&#038;p=4456"},"modified":"2024-09-14T17:30:27","modified_gmt":"2024-09-14T17:30:27","slug":"iq-optima-pvc-zemin-doseme-6","status":"publish","type":"product","link":"https:\/\/candasmimarlik.com\/yapimarket\/product\/iq-optima-pvc-zemin-doseme-6\/","title":{"rendered":"\u0130Q OPTIMA PVC ZEM\u0130N D\u00d6\u015eEME"},"content":{"rendered":"<p><img data-recalc-dims=\"1\" fetchpriority=\"high\" decoding=\"async\" class=\"size-medium wp-image-148\" src=\"https:\/\/i0.wp.com\/zemindoseme.candasmimarlik.com\/wp-content\/uploads\/2021\/08\/IN_HP_iQ_Optima_3242860_001-300x169.jpg?resize=300%2C169\" alt=\"\" width=\"300\" height=\"169\" \/><\/p>\n<div class=\"\" data-v-8e4f490e=\"\" data-v-0079dcc5=\"\">\n<div data-v-07438efc=\"\" data-v-0079dcc5=\"\" data-v-8e4f490e=\"\">\n<div data-v-07438efc=\"\">\n<h1 class=\"title-block__title title-block__collection-product-names\" data-v-07438efc=\"\">iQ Optima<\/h1>\n<\/div>\n<\/div>\n<\/div>\n<div class=\"\" data-v-8e4f490e=\"\" data-v-0079dcc5=\"\">\n<div class=\"information__container\" data-v-a7264072=\"\" data-v-0079dcc5=\"\" data-v-8e4f490e=\"\">\n<div data-v-a7264072=\"\">\n<div class=\"\" data-v-a7264072=\"\">\n<div class=\"designed-text\" data-v-a7264072=\"\">\n<p>\u00c7e\u015fitli formatlar ve aksesuarlar\u0131n yan\u0131nda 64 renkli inan\u0131lmaz bir renk paleti mevcut olan iQ Optima, e\u011fitim ve sa\u011fl\u0131k tesisleri i\u00e7in uyarlanm\u0131\u015f, ger\u00e7ek bir \u00e7oklu \u00e7\u00f6z\u00fcm teklifidir. iQ serisinin bir par\u00e7as\u0131 olan bu koleksiyon, yo\u011fun trafik alanlar\u0131 i\u00e7in \u00fcst\u00fcn leke ve a\u015f\u0131nma direnci ile birlikte a\u015f\u0131r\u0131 dayan\u0131kl\u0131l\u0131k sunar ve piyasadaki en iyi ya\u015fam d\u00f6ng\u00fcs\u00fc maliyetlerinden birine sahiptir. Cilaya gerek duymadan basit bir kuru f\u0131r\u00e7alama y\u00f6ntemi ile orijinal g\u00f6r\u00fcn\u00fcm\u00fc geri yakalan\u0131r.<\/p>\n<\/div>\n<div class=\"information__characteristics__key-features__title\" data-v-a7264072=\"\">ANA \u00d6ZELL\u0130KLER<\/div>\n<div class=\"information__characteristics__key-features__list\" data-v-a7264072=\"\">\n<ul>\n<li>64 renge sahip<\/li>\n<li>Piyasadaki en iyi ya\u015fam d\u00f6ng\u00fcs\u00fc maliyeti<\/li>\n<li>Benzersiz kuru f\u0131r\u00e7alama ile y\u00fczey yenilemesi<\/li>\n<li>\u00c7ok \u00e7\u00f6z\u00fcml\u00fc bir teklifin par\u00e7as\u0131<\/li>\n<\/ul>\n<div class=\"information__characteristics__specification__title\" data-v-a7264072=\"\">TEKN\u0130K VE \u00c7EVRESEL \u00d6ZELL\u0130KLER<\/div>\n<div class=\"information__characteristics__specification__list\" data-v-a7264072=\"\">\n<div class=\"information__characteristics__specification__list__item\" data-v-a7264072=\"\"><span class=\"information__characteristics__specification__list__item__label\" data-v-a7264072=\"\">\u00dcr\u00fcn tipi:\u00a0<\/span><span class=\"information__characteristics__specification__list__item__values\" data-v-a7264072=\"\">Homojen poli (vinil klor\u00fcr) zemin kaplamas\u0131<\/span><\/div>\n<div class=\"information__characteristics__specification__list__item\" data-v-a7264072=\"\"><span class=\"information__characteristics__specification__list__item__label\" data-v-a7264072=\"\">Ticari s\u0131n\u0131fland\u0131rma:\u00a0<\/span><span class=\"information__characteristics__specification__list__item__values\" data-v-a7264072=\"\">34 \u00c7ok A\u011f\u0131r<\/span><\/div>\n<div class=\"information__characteristics__specification__list__item\" data-v-a7264072=\"\"><span class=\"information__characteristics__specification__list__item__label\" data-v-a7264072=\"\">End\u00fcstriyel s\u0131n\u0131fland\u0131rma:\u00a0<\/span><span class=\"information__characteristics__specification__list__item__values\" data-v-a7264072=\"\">43 A\u011f\u0131r<\/span><\/div>\n<div class=\"information__characteristics__specification__list__item\" data-v-a7264072=\"\"><span class=\"information__characteristics__specification__list__item__label\" data-v-a7264072=\"\">Y\u00fczey korumas\u0131:\u00a0<\/span><span class=\"information__characteristics__specification__list__item__values\" data-v-a7264072=\"\">iQ PUR<\/span><\/div>\n<div class=\"information__characteristics__specification__list__item\" data-v-a7264072=\"\"><span class=\"information__characteristics__specification__list__item__label\" data-v-a7264072=\"\">Toplam kal\u0131nl\u0131k:\u00a0<\/span><span class=\"information__characteristics__specification__list__item__values\" data-v-a7264072=\"\">2 mm<\/span><\/div>\n<\/div>\n<\/div>\n<\/div>\n<\/div>\n<div data-v-a7264072=\"\"><\/div>\n<div data-v-a7264072=\"\">STOK SORUNUZ!.<\/div>\n<\/div>\n<div data-v-a7264072=\"\"><\/div>\n<div data-v-a7264072=\"\"><\/div>\n<\/div>\n<div data-v-a7264072=\"\"><\/div>\n","protected":false},"excerpt":{"rendered":"<p>iQ Optima \u00c7e\u015fitli formatlar ve aksesuarlar\u0131n yan\u0131nda 64 renkli inan\u0131lmaz bir renk paleti mevcut olan iQ Optima, e\u011fitim ve sa\u011fl\u0131k tesisleri i\u00e7in uyarlanm\u0131\u015f, ger\u00e7ek bir \u00e7oklu \u00e7\u00f6z\u00fcm teklifidir. iQ serisinin bir par\u00e7as\u0131 olan bu koleksiyon, yo\u011fun trafik alanlar\u0131 i\u00e7in \u00fcst\u00fcn leke ve a\u015f\u0131nma direnci ile birlikte a\u015f\u0131r\u0131 dayan\u0131kl\u0131l\u0131k sunar ve piyasadaki en iyi ya\u015fam d\u00f6ng\u00fcs\u00fc [&hellip;]<\/p>\n","protected":false},"featured_media":3633,"comment_status":"open","ping_status":"closed","template":"","meta":{"_joinchat":[]},"product_brand":[],"product_cat":[40],"product_tag":[],"class_list":{"0":"post-4456","1":"product","2":"type-product","3":"status-publish","4":"has-post-thumbnail","6":"product_cat-uncategorized","8":"first","9":"instock","10":"taxable","11":"shipping-taxable","12":"product-type-simple"},"yoast_head":"<!-- This site is optimized with the Yoast SEO plugin v26.5 - https:\/\/yoast.com\/wordpress\/plugins\/seo\/ -->\n<title>\u0130Q OPTIMA PVC ZEM\u0130N D\u00d6\u015eEME - Canda\u015f Yap\u0131 Market<\/title>\n<meta name=\"robots\" content=\"index, follow, max-snippet:-1, max-image-preview:large, max-video-preview:-1\" \/>\n<link rel=\"canonical\" href=\"https:\/\/candasmimarlik.com\/yapimarket\/product\/iq-optima-pvc-zemin-doseme-6\/\" \/>\n<meta property=\"og:locale\" content=\"tr_TR\" \/>\n<meta property=\"og:type\" content=\"article\" \/>\n<meta property=\"og:title\" content=\"\u0130Q OPTIMA PVC ZEM\u0130N D\u00d6\u015eEME - Canda\u015f Yap\u0131 Market\" \/>\n<meta property=\"og:description\" content=\"iQ Optima \u00c7e\u015fitli formatlar ve aksesuarlar\u0131n yan\u0131nda 64 renkli inan\u0131lmaz bir renk paleti mevcut olan iQ Optima, e\u011fitim ve sa\u011fl\u0131k tesisleri i\u00e7in uyarlanm\u0131\u015f, ger\u00e7ek bir \u00e7oklu \u00e7\u00f6z\u00fcm teklifidir. iQ serisinin bir par\u00e7as\u0131 olan bu koleksiyon, yo\u011fun trafik alanlar\u0131 i\u00e7in \u00fcst\u00fcn leke ve a\u015f\u0131nma direnci ile birlikte a\u015f\u0131r\u0131 dayan\u0131kl\u0131l\u0131k sunar ve piyasadaki en iyi ya\u015fam d\u00f6ng\u00fcs\u00fc [&hellip;]\" \/>\n<meta property=\"og:url\" content=\"https:\/\/candasmimarlik.com\/yapimarket\/product\/iq-optima-pvc-zemin-doseme-6\/\" \/>\n<meta property=\"og:site_name\" content=\"Canda\u015f Yap\u0131 Market\" \/>\n<meta property=\"article:publisher\" content=\"https:\/\/www.facebook.com\/candasonlineyapi\" \/>\n<meta property=\"article:modified_time\" content=\"2024-09-14T17:30:27+00:00\" \/>\n<meta property=\"og:image\" content=\"https:\/\/i0.wp.com\/candasmimarlik.com\/yapimarket\/wp-content\/uploads\/2023\/09\/IN_HP_iQ_Optima_3242860_001-1.jpg?fit=550%2C309&ssl=1\" \/>\n\t<meta property=\"og:image:width\" content=\"550\" \/>\n\t<meta property=\"og:image:height\" content=\"309\" \/>\n\t<meta property=\"og:image:type\" content=\"image\/jpeg\" \/>\n<meta name=\"twitter:card\" content=\"summary_large_image\" \/>\n<meta name=\"twitter:label1\" content=\"Tahmini okuma s\u00fcresi\" \/>\n\t<meta name=\"twitter:data1\" content=\"1 dakika\" \/>\n<script type=\"application\/ld+json\" class=\"yoast-schema-graph\">{\"@context\":\"https:\/\/schema.org\",\"@graph\":[{\"@type\":\"WebPage\",\"@id\":\"https:\/\/candasmimarlik.com\/yapimarket\/product\/iq-optima-pvc-zemin-doseme-6\/\",\"url\":\"https:\/\/candasmimarlik.com\/yapimarket\/product\/iq-optima-pvc-zemin-doseme-6\/\",\"name\":\"\u0130Q OPTIMA PVC ZEM\u0130N D\u00d6\u015eEME - Canda\u015f Yap\u0131 Market\",\"isPartOf\":{\"@id\":\"https:\/\/candasmimarlik.com\/yapimarket\/#website\"},\"primaryImageOfPage\":{\"@id\":\"https:\/\/candasmimarlik.com\/yapimarket\/product\/iq-optima-pvc-zemin-doseme-6\/#primaryimage\"},\"image\":{\"@id\":\"https:\/\/candasmimarlik.com\/yapimarket\/product\/iq-optima-pvc-zemin-doseme-6\/#primaryimage\"},\"thumbnailUrl\":\"https:\/\/i0.wp.com\/candasmimarlik.com\/yapimarket\/wp-content\/uploads\/2023\/09\/IN_HP_iQ_Optima_3242860_001-1.jpg?fit=550%2C309&ssl=1\",\"datePublished\":\"2024-09-14T17:30:18+00:00\",\"dateModified\":\"2024-09-14T17:30:27+00:00\",\"breadcrumb\":{\"@id\":\"https:\/\/candasmimarlik.com\/yapimarket\/product\/iq-optima-pvc-zemin-doseme-6\/#breadcrumb\"},\"inLanguage\":\"tr\",\"potentialAction\":[{\"@type\":\"ReadAction\",\"target\":[\"https:\/\/candasmimarlik.com\/yapimarket\/product\/iq-optima-pvc-zemin-doseme-6\/\"]}]},{\"@type\":\"ImageObject\",\"inLanguage\":\"tr\",\"@id\":\"https:\/\/candasmimarlik.com\/yapimarket\/product\/iq-optima-pvc-zemin-doseme-6\/#primaryimage\",\"url\":\"https:\/\/i0.wp.com\/candasmimarlik.com\/yapimarket\/wp-content\/uploads\/2023\/09\/IN_HP_iQ_Optima_3242860_001-1.jpg?fit=550%2C309&ssl=1\",\"contentUrl\":\"https:\/\/i0.wp.com\/candasmimarlik.com\/yapimarket\/wp-content\/uploads\/2023\/09\/IN_HP_iQ_Optima_3242860_001-1.jpg?fit=550%2C309&ssl=1\",\"width\":550,\"height\":309,\"caption\":\"3242860\"},{\"@type\":\"BreadcrumbList\",\"@id\":\"https:\/\/candasmimarlik.com\/yapimarket\/product\/iq-optima-pvc-zemin-doseme-6\/#breadcrumb\",\"itemListElement\":[{\"@type\":\"ListItem\",\"position\":1,\"name\":\"Anasayfa\",\"item\":\"https:\/\/candasmimarlik.com\/yapimarket\/\"},{\"@type\":\"ListItem\",\"position\":2,\"name\":\"Ma\u011faza\",\"item\":\"https:\/\/candasmimarlik.com\/yapimarket\/magaza-2-2\/\"},{\"@type\":\"ListItem\",\"position\":3,\"name\":\"\u0130Q OPTIMA PVC ZEM\u0130N D\u00d6\u015eEME\"}]},{\"@type\":\"WebSite\",\"@id\":\"https:\/\/candasmimarlik.com\/yapimarket\/#website\",\"url\":\"https:\/\/candasmimarlik.com\/yapimarket\/\",\"name\":\"https:\/\/candasmimarlik.com\/candasonline.1\",\"description\":\"Kolay H\u0131zl\u0131 G&uuml;venli 7\/24 A&ccedil;\u0131k \",\"publisher\":{\"@id\":\"https:\/\/candasmimarlik.com\/yapimarket\/#organization\"},\"potentialAction\":[{\"@type\":\"SearchAction\",\"target\":{\"@type\":\"EntryPoint\",\"urlTemplate\":\"https:\/\/candasmimarlik.com\/yapimarket\/?s={search_term_string}\"},\"query-input\":{\"@type\":\"PropertyValueSpecification\",\"valueRequired\":true,\"valueName\":\"search_term_string\"}}],\"inLanguage\":\"tr\"},{\"@type\":\"Organization\",\"@id\":\"https:\/\/candasmimarlik.com\/yapimarket\/#organization\",\"name\":\"Canda\u015f Online\",\"url\":\"https:\/\/candasmimarlik.com\/yapimarket\/\",\"logo\":{\"@type\":\"ImageObject\",\"inLanguage\":\"tr\",\"@id\":\"https:\/\/candasmimarlik.com\/yapimarket\/#\/schema\/logo\/image\/\",\"url\":\"https:\/\/i0.wp.com\/candasmimarlik.com\/yapimarket\/wp-content\/uploads\/2026\/05\/CANDAS-YAPI-MARKET.jpg?fit=2560%2C1280&ssl=1\",\"contentUrl\":\"https:\/\/i0.wp.com\/candasmimarlik.com\/yapimarket\/wp-content\/uploads\/2026\/05\/CANDAS-YAPI-MARKET.jpg?fit=2560%2C1280&ssl=1\",\"width\":2560,\"height\":1280,\"caption\":\"Canda\u015f Online\"},\"image\":{\"@id\":\"https:\/\/candasmimarlik.com\/yapimarket\/#\/schema\/logo\/image\/\"},\"sameAs\":[\"https:\/\/www.facebook.com\/candasonlineyapi\"]}]}<\/script>\n<!-- \/ Yoast SEO plugin. -->","yoast_head_json":{"title":"\u0130Q OPTIMA PVC ZEM\u0130N D\u00d6\u015eEME - Canda\u015f Yap\u0131 Market","robots":{"index":"index","follow":"follow","max-snippet":"max-snippet:-1","max-image-preview":"max-image-preview:large","max-video-preview":"max-video-preview:-1"},"canonical":"https:\/\/candasmimarlik.com\/yapimarket\/product\/iq-optima-pvc-zemin-doseme-6\/","og_locale":"tr_TR","og_type":"article","og_title":"\u0130Q OPTIMA PVC ZEM\u0130N D\u00d6\u015eEME - Canda\u015f Yap\u0131 Market","og_description":"iQ Optima \u00c7e\u015fitli formatlar ve aksesuarlar\u0131n yan\u0131nda 64 renkli inan\u0131lmaz bir renk paleti mevcut olan iQ Optima, e\u011fitim ve sa\u011fl\u0131k tesisleri i\u00e7in uyarlanm\u0131\u015f, ger\u00e7ek bir \u00e7oklu \u00e7\u00f6z\u00fcm teklifidir. iQ serisinin bir par\u00e7as\u0131 olan bu koleksiyon, yo\u011fun trafik alanlar\u0131 i\u00e7in \u00fcst\u00fcn leke ve a\u015f\u0131nma direnci ile birlikte a\u015f\u0131r\u0131 dayan\u0131kl\u0131l\u0131k sunar ve piyasadaki en iyi ya\u015fam d\u00f6ng\u00fcs\u00fc [&hellip;]","og_url":"https:\/\/candasmimarlik.com\/yapimarket\/product\/iq-optima-pvc-zemin-doseme-6\/","og_site_name":"Canda\u015f Yap\u0131 Market","article_publisher":"https:\/\/www.facebook.com\/candasonlineyapi","article_modified_time":"2024-09-14T17:30:27+00:00","og_image":[{"width":550,"height":309,"url":"https:\/\/i0.wp.com\/candasmimarlik.com\/yapimarket\/wp-content\/uploads\/2023\/09\/IN_HP_iQ_Optima_3242860_001-1.jpg?fit=550%2C309&ssl=1","type":"image\/jpeg"}],"twitter_card":"summary_large_image","twitter_misc":{"Tahmini okuma s\u00fcresi":"1 dakika"},"schema":{"@context":"https:\/\/schema.org","@graph":[{"@type":"WebPage","@id":"https:\/\/candasmimarlik.com\/yapimarket\/product\/iq-optima-pvc-zemin-doseme-6\/","url":"https:\/\/candasmimarlik.com\/yapimarket\/product\/iq-optima-pvc-zemin-doseme-6\/","name":"\u0130Q OPTIMA PVC ZEM\u0130N D\u00d6\u015eEME - Canda\u015f Yap\u0131 Market","isPartOf":{"@id":"https:\/\/candasmimarlik.com\/yapimarket\/#website"},"primaryImageOfPage":{"@id":"https:\/\/candasmimarlik.com\/yapimarket\/product\/iq-optima-pvc-zemin-doseme-6\/#primaryimage"},"image":{"@id":"https:\/\/candasmimarlik.com\/yapimarket\/product\/iq-optima-pvc-zemin-doseme-6\/#primaryimage"},"thumbnailUrl":"https:\/\/i0.wp.com\/candasmimarlik.com\/yapimarket\/wp-content\/uploads\/2023\/09\/IN_HP_iQ_Optima_3242860_001-1.jpg?fit=550%2C309&ssl=1","datePublished":"2024-09-14T17:30:18+00:00","dateModified":"2024-09-14T17:30:27+00:00","breadcrumb":{"@id":"https:\/\/candasmimarlik.com\/yapimarket\/product\/iq-optima-pvc-zemin-doseme-6\/#breadcrumb"},"inLanguage":"tr","potentialAction":[{"@type":"ReadAction","target":["https:\/\/candasmimarlik.com\/yapimarket\/product\/iq-optima-pvc-zemin-doseme-6\/"]}]},{"@type":"ImageObject","inLanguage":"tr","@id":"https:\/\/candasmimarlik.com\/yapimarket\/product\/iq-optima-pvc-zemin-doseme-6\/#primaryimage","url":"https:\/\/i0.wp.com\/candasmimarlik.com\/yapimarket\/wp-content\/uploads\/2023\/09\/IN_HP_iQ_Optima_3242860_001-1.jpg?fit=550%2C309&ssl=1","contentUrl":"https:\/\/i0.wp.com\/candasmimarlik.com\/yapimarket\/wp-content\/uploads\/2023\/09\/IN_HP_iQ_Optima_3242860_001-1.jpg?fit=550%2C309&ssl=1","width":550,"height":309,"caption":"3242860"},{"@type":"BreadcrumbList","@id":"https:\/\/candasmimarlik.com\/yapimarket\/product\/iq-optima-pvc-zemin-doseme-6\/#breadcrumb","itemListElement":[{"@type":"ListItem","position":1,"name":"Anasayfa","item":"https:\/\/candasmimarlik.com\/yapimarket\/"},{"@type":"ListItem","position":2,"name":"Ma\u011faza","item":"https:\/\/candasmimarlik.com\/yapimarket\/magaza-2-2\/"},{"@type":"ListItem","position":3,"name":"\u0130Q OPTIMA PVC ZEM\u0130N D\u00d6\u015eEME"}]},{"@type":"WebSite","@id":"https:\/\/candasmimarlik.com\/yapimarket\/#website","url":"https:\/\/candasmimarlik.com\/yapimarket\/","name":"https:\/\/candasmimarlik.com\/candasonline.1","description":"Kolay H\u0131zl\u0131 G&uuml;venli 7\/24 A&ccedil;\u0131k ","publisher":{"@id":"https:\/\/candasmimarlik.com\/yapimarket\/#organization"},"potentialAction":[{"@type":"SearchAction","target":{"@type":"EntryPoint","urlTemplate":"https:\/\/candasmimarlik.com\/yapimarket\/?s={search_term_string}"},"query-input":{"@type":"PropertyValueSpecification","valueRequired":true,"valueName":"search_term_string"}}],"inLanguage":"tr"},{"@type":"Organization","@id":"https:\/\/candasmimarlik.com\/yapimarket\/#organization","name":"Canda\u015f Online","url":"https:\/\/candasmimarlik.com\/yapimarket\/","logo":{"@type":"ImageObject","inLanguage":"tr","@id":"https:\/\/candasmimarlik.com\/yapimarket\/#\/schema\/logo\/image\/","url":"https:\/\/i0.wp.com\/candasmimarlik.com\/yapimarket\/wp-content\/uploads\/2026\/05\/CANDAS-YAPI-MARKET.jpg?fit=2560%2C1280&ssl=1","contentUrl":"https:\/\/i0.wp.com\/candasmimarlik.com\/yapimarket\/wp-content\/uploads\/2026\/05\/CANDAS-YAPI-MARKET.jpg?fit=2560%2C1280&ssl=1","width":2560,"height":1280,"caption":"Canda\u015f Online"},"image":{"@id":"https:\/\/candasmimarlik.com\/yapimarket\/#\/schema\/logo\/image\/"},"sameAs":["https:\/\/www.facebook.com\/candasonlineyapi"]}]}},"jetpack_sharing_enabled":true,"_links":{"self":[{"href":"https:\/\/candasmimarlik.com\/yapimarket\/wp-json\/wp\/v2\/product\/4456","targetHints":{"allow":["GET"]}}],"collection":[{"href":"https:\/\/candasmimarlik.com\/yapimarket\/wp-json\/wp\/v2\/product"}],"about":[{"href":"https:\/\/candasmimarlik.com\/yapimarket\/wp-json\/wp\/v2\/types\/product"}],"replies":[{"embeddable":true,"href":"https:\/\/candasmimarlik.com\/yapimarket\/wp-json\/wp\/v2\/comments?post=4456"}],"wp:featuredmedia":[{"embeddable":true,"href":"https:\/\/candasmimarlik.com\/yapimarket\/wp-json\/wp\/v2\/media\/3633"}],"wp:attachment":[{"href":"https:\/\/candasmimarlik.com\/yapimarket\/wp-json\/wp\/v2\/media?parent=4456"}],"wp:term":[{"taxonomy":"product_brand","embeddable":true,"href":"https:\/\/candasmimarlik.com\/yapimarket\/wp-json\/wp\/v2\/product_brand?post=4456"},{"taxonomy":"product_cat","embeddable":true,"href":"https:\/\/candasmimarlik.com\/yapimarket\/wp-json\/wp\/v2\/product_cat?post=4456"},{"taxonomy":"product_tag","embeddable":true,"href":"https:\/\/candasmimarlik.com\/yapimarket\/wp-json\/wp\/v2\/product_tag?post=4456"}],"curies":[{"name":"wp","href":"https:\/\/api.w.org\/{rel}","templated":true}]}}