{"id":4621,"date":"2024-09-14T18:10:01","date_gmt":"2024-09-14T18:10:01","guid":{"rendered":"https:\/\/candasmimarlik.com\/candasonline.1\/?post_type=product&#038;p=4621"},"modified":"2024-10-31T19:43:33","modified_gmt":"2024-10-31T19:43:33","slug":"cam-tugla-seffaf-dalga-desenli-mavi-renkli-5","status":"publish","type":"product","link":"https:\/\/candasmimarlik.com\/yapimarket\/product\/cam-tugla-seffaf-dalga-desenli-mavi-renkli-5\/","title":{"rendered":"Cam Tu\u011fla \u015eeffaf Dalga Desenli Mavi Renkli"},"content":{"rendered":"<ul>\n<li>Cam tu\u011fla i\u00e7 mekanlarda ay\u0131r\u0131c\u0131 olarak kullan\u0131lmakta olup,ortam\u0131n dekorasyonunu tamamlarken ortam\u0131n daha ayd\u0131nl\u0131k g\u00f6r\u00fcnmesine olanak sa\u011flar.<\/li>\n<\/ul>\n<p>Teknik \u00d6zellikler<\/p>\n<div id=\"single-prop-0\" class=\"collapse show\" data-parent=\"#single-prop\">\n<div class=\"collapse-inner p-15 px-lg-30\">\n<div class=\"table-responsive\">\n<table class=\"table table-borderless table-layout-fixed table-striped table-hover bg-lg-c255 mb-0\" style=\"height: 266px;\" width=\"876\">\n<tbody>\n<tr>\n<th>\u00d6l\u00e7\u00fc<\/th>\n<td>190x190x80 mm<\/td>\n<\/tr>\n<tr>\n<th>Kullan\u0131m Yeri<\/th>\n<td>\u0130\u00e7 Mekan<\/td>\n<\/tr>\n<tr>\n<th>\u00dcr\u00fcn Hacmi<\/th>\n<td>2,30 kg<\/td>\n<\/tr>\n<tr>\n<th>Renk<\/th>\n<td>Mavi<\/td>\n<\/tr>\n<tr>\n<th>Malzeme<\/th>\n<td>Cam<\/td>\n<\/tr>\n<tr>\n<th>Modeli<\/th>\n<td>Dalga<\/td>\n<\/tr>\n<tr>\n<th>Geni\u015flik<\/th>\n<td>190 mm<\/td>\n<\/tr>\n<tr>\n<th>Y\u00fckseklik<\/th>\n<td>190 mm<\/td>\n<\/tr>\n<tr>\n<th>Derinlik<\/th>\n<td>80 mm<\/td>\n<\/tr>\n<\/tbody>\n<\/table>\n<p>&nbsp;<\/p>\n<\/div>\n<\/div>\n<\/div>\n","protected":false},"excerpt":{"rendered":"<ul>\n<li>Cam tu\u011fla i\u00e7 mekanlarda ay\u0131r\u0131c\u0131 olarak kullan\u0131lmakta olup,ortam\u0131n dekorasyonunu tamamlarken ortam\u0131n daha ayd\u0131nl\u0131k g\u00f6r\u00fcnmesine olanak sa\u011flar.<\/li>\n<\/ul>\n","protected":false},"featured_media":3472,"comment_status":"open","ping_status":"closed","template":"","meta":{"_joinchat":[]},"product_brand":[],"product_cat":[40],"product_tag":[103],"class_list":{"0":"post-4621","1":"product","2":"type-product","3":"status-publish","4":"has-post-thumbnail","6":"product_cat-uncategorized","7":"product_tag-cam-tugla","8":"product_shipping_class-depodan-teslim","10":"first","11":"instock","12":"taxable","13":"shipping-taxable","14":"product-type-simple"},"yoast_head":"<!-- This site is optimized with the Yoast SEO plugin v26.5 - https:\/\/yoast.com\/wordpress\/plugins\/seo\/ -->\n<title>Cam Tu\u011fla \u015eeffaf Dalga Desenli Mavi Renkli - Canda\u015f Yap\u0131 Market<\/title>\n<meta name=\"robots\" content=\"index, follow, max-snippet:-1, max-image-preview:large, max-video-preview:-1\" \/>\n<link rel=\"canonical\" href=\"https:\/\/candasmimarlik.com\/yapimarket\/product\/cam-tugla-seffaf-dalga-desenli-mavi-renkli-5\/\" \/>\n<meta property=\"og:locale\" content=\"tr_TR\" \/>\n<meta property=\"og:type\" content=\"article\" \/>\n<meta property=\"og:title\" content=\"Cam Tu\u011fla \u015eeffaf Dalga Desenli Mavi Renkli - Canda\u015f Yap\u0131 Market\" \/>\n<meta property=\"og:description\" content=\"Cam tu\u011fla i\u00e7 mekanlarda ay\u0131r\u0131c\u0131 olarak kullan\u0131lmakta olup,ortam\u0131n dekorasyonunu tamamlarken ortam\u0131n daha ayd\u0131nl\u0131k g\u00f6r\u00fcnmesine olanak sa\u011flar.\" \/>\n<meta property=\"og:url\" content=\"https:\/\/candasmimarlik.com\/yapimarket\/product\/cam-tugla-seffaf-dalga-desenli-mavi-renkli-5\/\" \/>\n<meta property=\"og:site_name\" content=\"Canda\u015f Yap\u0131 Market\" \/>\n<meta property=\"article:publisher\" content=\"https:\/\/www.facebook.com\/candasonlineyapi\" \/>\n<meta property=\"article:modified_time\" content=\"2024-10-31T19:43:33+00:00\" \/>\n<meta property=\"og:image\" content=\"https:\/\/i0.wp.com\/candasmimarlik.com\/yapimarket\/wp-content\/uploads\/2023\/09\/MAVI-RENKLI-CAM-TUGLA.jpg?fit=900%2C900&ssl=1\" \/>\n\t<meta property=\"og:image:width\" content=\"900\" \/>\n\t<meta property=\"og:image:height\" content=\"900\" \/>\n\t<meta property=\"og:image:type\" content=\"image\/jpeg\" \/>\n<meta name=\"twitter:card\" content=\"summary_large_image\" \/>\n<script type=\"application\/ld+json\" class=\"yoast-schema-graph\">{\"@context\":\"https:\/\/schema.org\",\"@graph\":[{\"@type\":\"WebPage\",\"@id\":\"https:\/\/candasmimarlik.com\/yapimarket\/product\/cam-tugla-seffaf-dalga-desenli-mavi-renkli-5\/\",\"url\":\"https:\/\/candasmimarlik.com\/yapimarket\/product\/cam-tugla-seffaf-dalga-desenli-mavi-renkli-5\/\",\"name\":\"Cam Tu\u011fla \u015eeffaf Dalga Desenli Mavi Renkli - Canda\u015f Yap\u0131 Market\",\"isPartOf\":{\"@id\":\"https:\/\/candasmimarlik.com\/yapimarket\/#website\"},\"primaryImageOfPage\":{\"@id\":\"https:\/\/candasmimarlik.com\/yapimarket\/product\/cam-tugla-seffaf-dalga-desenli-mavi-renkli-5\/#primaryimage\"},\"image\":{\"@id\":\"https:\/\/candasmimarlik.com\/yapimarket\/product\/cam-tugla-seffaf-dalga-desenli-mavi-renkli-5\/#primaryimage\"},\"thumbnailUrl\":\"https:\/\/i0.wp.com\/candasmimarlik.com\/yapimarket\/wp-content\/uploads\/2023\/09\/MAVI-RENKLI-CAM-TUGLA.jpg?fit=900%2C900&ssl=1\",\"datePublished\":\"2024-09-14T18:10:01+00:00\",\"dateModified\":\"2024-10-31T19:43:33+00:00\",\"breadcrumb\":{\"@id\":\"https:\/\/candasmimarlik.com\/yapimarket\/product\/cam-tugla-seffaf-dalga-desenli-mavi-renkli-5\/#breadcrumb\"},\"inLanguage\":\"tr\",\"potentialAction\":[{\"@type\":\"ReadAction\",\"target\":[\"https:\/\/candasmimarlik.com\/yapimarket\/product\/cam-tugla-seffaf-dalga-desenli-mavi-renkli-5\/\"]}]},{\"@type\":\"ImageObject\",\"inLanguage\":\"tr\",\"@id\":\"https:\/\/candasmimarlik.com\/yapimarket\/product\/cam-tugla-seffaf-dalga-desenli-mavi-renkli-5\/#primaryimage\",\"url\":\"https:\/\/i0.wp.com\/candasmimarlik.com\/yapimarket\/wp-content\/uploads\/2023\/09\/MAVI-RENKLI-CAM-TUGLA.jpg?fit=900%2C900&ssl=1\",\"contentUrl\":\"https:\/\/i0.wp.com\/candasmimarlik.com\/yapimarket\/wp-content\/uploads\/2023\/09\/MAVI-RENKLI-CAM-TUGLA.jpg?fit=900%2C900&ssl=1\",\"width\":900,\"height\":900},{\"@type\":\"BreadcrumbList\",\"@id\":\"https:\/\/candasmimarlik.com\/yapimarket\/product\/cam-tugla-seffaf-dalga-desenli-mavi-renkli-5\/#breadcrumb\",\"itemListElement\":[{\"@type\":\"ListItem\",\"position\":1,\"name\":\"Anasayfa\",\"item\":\"https:\/\/candasmimarlik.com\/yapimarket\/\"},{\"@type\":\"ListItem\",\"position\":2,\"name\":\"Ma\u011faza\",\"item\":\"https:\/\/candasmimarlik.com\/yapimarket\/magaza-2-2\/\"},{\"@type\":\"ListItem\",\"position\":3,\"name\":\"Cam Tu\u011fla \u015eeffaf Dalga Desenli Mavi Renkli\"}]},{\"@type\":\"WebSite\",\"@id\":\"https:\/\/candasmimarlik.com\/yapimarket\/#website\",\"url\":\"https:\/\/candasmimarlik.com\/yapimarket\/\",\"name\":\"https:\/\/candasmimarlik.com\/candasonline.1\",\"description\":\"Kolay H\u0131zl\u0131 G&uuml;venli 7\/24 A&ccedil;\u0131k \",\"publisher\":{\"@id\":\"https:\/\/candasmimarlik.com\/yapimarket\/#organization\"},\"potentialAction\":[{\"@type\":\"SearchAction\",\"target\":{\"@type\":\"EntryPoint\",\"urlTemplate\":\"https:\/\/candasmimarlik.com\/yapimarket\/?s={search_term_string}\"},\"query-input\":{\"@type\":\"PropertyValueSpecification\",\"valueRequired\":true,\"valueName\":\"search_term_string\"}}],\"inLanguage\":\"tr\"},{\"@type\":\"Organization\",\"@id\":\"https:\/\/candasmimarlik.com\/yapimarket\/#organization\",\"name\":\"Canda\u015f Online\",\"url\":\"https:\/\/candasmimarlik.com\/yapimarket\/\",\"logo\":{\"@type\":\"ImageObject\",\"inLanguage\":\"tr\",\"@id\":\"https:\/\/candasmimarlik.com\/yapimarket\/#\/schema\/logo\/image\/\",\"url\":\"https:\/\/i0.wp.com\/candasmimarlik.com\/yapimarket\/wp-content\/uploads\/2026\/05\/CANDAS-YAPI-MARKET.jpg?fit=2560%2C1280&ssl=1\",\"contentUrl\":\"https:\/\/i0.wp.com\/candasmimarlik.com\/yapimarket\/wp-content\/uploads\/2026\/05\/CANDAS-YAPI-MARKET.jpg?fit=2560%2C1280&ssl=1\",\"width\":2560,\"height\":1280,\"caption\":\"Canda\u015f Online\"},\"image\":{\"@id\":\"https:\/\/candasmimarlik.com\/yapimarket\/#\/schema\/logo\/image\/\"},\"sameAs\":[\"https:\/\/www.facebook.com\/candasonlineyapi\"]}]}<\/script>\n<!-- \/ Yoast SEO plugin. -->","yoast_head_json":{"title":"Cam Tu\u011fla \u015eeffaf Dalga Desenli Mavi Renkli - Canda\u015f Yap\u0131 Market","robots":{"index":"index","follow":"follow","max-snippet":"max-snippet:-1","max-image-preview":"max-image-preview:large","max-video-preview":"max-video-preview:-1"},"canonical":"https:\/\/candasmimarlik.com\/yapimarket\/product\/cam-tugla-seffaf-dalga-desenli-mavi-renkli-5\/","og_locale":"tr_TR","og_type":"article","og_title":"Cam Tu\u011fla \u015eeffaf Dalga Desenli Mavi Renkli - Canda\u015f Yap\u0131 Market","og_description":"Cam tu\u011fla i\u00e7 mekanlarda ay\u0131r\u0131c\u0131 olarak kullan\u0131lmakta olup,ortam\u0131n dekorasyonunu tamamlarken ortam\u0131n daha ayd\u0131nl\u0131k g\u00f6r\u00fcnmesine olanak sa\u011flar.","og_url":"https:\/\/candasmimarlik.com\/yapimarket\/product\/cam-tugla-seffaf-dalga-desenli-mavi-renkli-5\/","og_site_name":"Canda\u015f Yap\u0131 Market","article_publisher":"https:\/\/www.facebook.com\/candasonlineyapi","article_modified_time":"2024-10-31T19:43:33+00:00","og_image":[{"width":900,"height":900,"url":"https:\/\/i0.wp.com\/candasmimarlik.com\/yapimarket\/wp-content\/uploads\/2023\/09\/MAVI-RENKLI-CAM-TUGLA.jpg?fit=900%2C900&ssl=1","type":"image\/jpeg"}],"twitter_card":"summary_large_image","schema":{"@context":"https:\/\/schema.org","@graph":[{"@type":"WebPage","@id":"https:\/\/candasmimarlik.com\/yapimarket\/product\/cam-tugla-seffaf-dalga-desenli-mavi-renkli-5\/","url":"https:\/\/candasmimarlik.com\/yapimarket\/product\/cam-tugla-seffaf-dalga-desenli-mavi-renkli-5\/","name":"Cam Tu\u011fla \u015eeffaf Dalga Desenli Mavi Renkli - Canda\u015f Yap\u0131 Market","isPartOf":{"@id":"https:\/\/candasmimarlik.com\/yapimarket\/#website"},"primaryImageOfPage":{"@id":"https:\/\/candasmimarlik.com\/yapimarket\/product\/cam-tugla-seffaf-dalga-desenli-mavi-renkli-5\/#primaryimage"},"image":{"@id":"https:\/\/candasmimarlik.com\/yapimarket\/product\/cam-tugla-seffaf-dalga-desenli-mavi-renkli-5\/#primaryimage"},"thumbnailUrl":"https:\/\/i0.wp.com\/candasmimarlik.com\/yapimarket\/wp-content\/uploads\/2023\/09\/MAVI-RENKLI-CAM-TUGLA.jpg?fit=900%2C900&ssl=1","datePublished":"2024-09-14T18:10:01+00:00","dateModified":"2024-10-31T19:43:33+00:00","breadcrumb":{"@id":"https:\/\/candasmimarlik.com\/yapimarket\/product\/cam-tugla-seffaf-dalga-desenli-mavi-renkli-5\/#breadcrumb"},"inLanguage":"tr","potentialAction":[{"@type":"ReadAction","target":["https:\/\/candasmimarlik.com\/yapimarket\/product\/cam-tugla-seffaf-dalga-desenli-mavi-renkli-5\/"]}]},{"@type":"ImageObject","inLanguage":"tr","@id":"https:\/\/candasmimarlik.com\/yapimarket\/product\/cam-tugla-seffaf-dalga-desenli-mavi-renkli-5\/#primaryimage","url":"https:\/\/i0.wp.com\/candasmimarlik.com\/yapimarket\/wp-content\/uploads\/2023\/09\/MAVI-RENKLI-CAM-TUGLA.jpg?fit=900%2C900&ssl=1","contentUrl":"https:\/\/i0.wp.com\/candasmimarlik.com\/yapimarket\/wp-content\/uploads\/2023\/09\/MAVI-RENKLI-CAM-TUGLA.jpg?fit=900%2C900&ssl=1","width":900,"height":900},{"@type":"BreadcrumbList","@id":"https:\/\/candasmimarlik.com\/yapimarket\/product\/cam-tugla-seffaf-dalga-desenli-mavi-renkli-5\/#breadcrumb","itemListElement":[{"@type":"ListItem","position":1,"name":"Anasayfa","item":"https:\/\/candasmimarlik.com\/yapimarket\/"},{"@type":"ListItem","position":2,"name":"Ma\u011faza","item":"https:\/\/candasmimarlik.com\/yapimarket\/magaza-2-2\/"},{"@type":"ListItem","position":3,"name":"Cam Tu\u011fla \u015eeffaf Dalga Desenli Mavi Renkli"}]},{"@type":"WebSite","@id":"https:\/\/candasmimarlik.com\/yapimarket\/#website","url":"https:\/\/candasmimarlik.com\/yapimarket\/","name":"https:\/\/candasmimarlik.com\/candasonline.1","description":"Kolay H\u0131zl\u0131 G&uuml;venli 7\/24 A&ccedil;\u0131k ","publisher":{"@id":"https:\/\/candasmimarlik.com\/yapimarket\/#organization"},"potentialAction":[{"@type":"SearchAction","target":{"@type":"EntryPoint","urlTemplate":"https:\/\/candasmimarlik.com\/yapimarket\/?s={search_term_string}"},"query-input":{"@type":"PropertyValueSpecification","valueRequired":true,"valueName":"search_term_string"}}],"inLanguage":"tr"},{"@type":"Organization","@id":"https:\/\/candasmimarlik.com\/yapimarket\/#organization","name":"Canda\u015f Online","url":"https:\/\/candasmimarlik.com\/yapimarket\/","logo":{"@type":"ImageObject","inLanguage":"tr","@id":"https:\/\/candasmimarlik.com\/yapimarket\/#\/schema\/logo\/image\/","url":"https:\/\/i0.wp.com\/candasmimarlik.com\/yapimarket\/wp-content\/uploads\/2026\/05\/CANDAS-YAPI-MARKET.jpg?fit=2560%2C1280&ssl=1","contentUrl":"https:\/\/i0.wp.com\/candasmimarlik.com\/yapimarket\/wp-content\/uploads\/2026\/05\/CANDAS-YAPI-MARKET.jpg?fit=2560%2C1280&ssl=1","width":2560,"height":1280,"caption":"Canda\u015f Online"},"image":{"@id":"https:\/\/candasmimarlik.com\/yapimarket\/#\/schema\/logo\/image\/"},"sameAs":["https:\/\/www.facebook.com\/candasonlineyapi"]}]}},"jetpack_sharing_enabled":true,"_links":{"self":[{"href":"https:\/\/candasmimarlik.com\/yapimarket\/wp-json\/wp\/v2\/product\/4621","targetHints":{"allow":["GET"]}}],"collection":[{"href":"https:\/\/candasmimarlik.com\/yapimarket\/wp-json\/wp\/v2\/product"}],"about":[{"href":"https:\/\/candasmimarlik.com\/yapimarket\/wp-json\/wp\/v2\/types\/product"}],"replies":[{"embeddable":true,"href":"https:\/\/candasmimarlik.com\/yapimarket\/wp-json\/wp\/v2\/comments?post=4621"}],"wp:featuredmedia":[{"embeddable":true,"href":"https:\/\/candasmimarlik.com\/yapimarket\/wp-json\/wp\/v2\/media\/3472"}],"wp:attachment":[{"href":"https:\/\/candasmimarlik.com\/yapimarket\/wp-json\/wp\/v2\/media?parent=4621"}],"wp:term":[{"taxonomy":"product_brand","embeddable":true,"href":"https:\/\/candasmimarlik.com\/yapimarket\/wp-json\/wp\/v2\/product_brand?post=4621"},{"taxonomy":"product_cat","embeddable":true,"href":"https:\/\/candasmimarlik.com\/yapimarket\/wp-json\/wp\/v2\/product_cat?post=4621"},{"taxonomy":"product_tag","embeddable":true,"href":"https:\/\/candasmimarlik.com\/yapimarket\/wp-json\/wp\/v2\/product_tag?post=4621"}],"curies":[{"name":"wp","href":"https:\/\/api.w.org\/{rel}","templated":true}]}}