{"id":4645,"date":"2024-10-31T19:39:00","date_gmt":"2024-10-31T19:39:00","guid":{"rendered":"https:\/\/candasmimarlik.com\/candasonline.1\/?post_type=product&#038;p=4645"},"modified":"2024-10-31T19:39:00","modified_gmt":"2024-10-31T19:39:00","slug":"floorpan-nova-5","status":"publish","type":"product","link":"https:\/\/candasmimarlik.com\/yapimarket\/product\/floorpan-nova-5\/","title":{"rendered":"FLOORPAN NOVA"},"content":{"rendered":"<div>\n<p>FLOORPAN NOVA Laminat Parke, komple bir yer d\u00f6\u015femesi sistemi olarak Avrupa standartlar\u0131nda 31. S\u0131n\u0131f AC3 se\u00e7ene\u011fiyle \u00fcretilir.<\/p>\n<p>Floorpan Nova; L2C teknolojisinin \u00fcr\u00fcn\u00fc olup 5 y\u0131l garantilidir.<\/p>\n<\/div>\n<div>6mm<\/div>\n","protected":false},"excerpt":{"rendered":"<p>FLOORPAN NOVA Laminat Parke, komple bir yer d\u00f6\u015femesi sistemi olarak Avrupa standartlar\u0131nda 31. S\u0131n\u0131f AC3 se\u00e7ene\u011fiyle \u00fcretilir. Floorpan Nova; L2C teknolojisinin \u00fcr\u00fcn\u00fc olup 5 y\u0131l garantilidir. 6mm<\/p>\n","protected":false},"featured_media":3619,"comment_status":"open","ping_status":"closed","template":"","meta":{"_joinchat":[]},"product_brand":[],"product_cat":[40],"product_tag":[],"class_list":{"0":"post-4645","1":"product","2":"type-product","3":"status-publish","4":"has-post-thumbnail","6":"product_cat-uncategorized","8":"first","9":"instock","10":"taxable","11":"shipping-taxable","12":"product-type-simple"},"yoast_head":"<!-- This site is optimized with the Yoast SEO plugin v26.5 - https:\/\/yoast.com\/wordpress\/plugins\/seo\/ -->\n<title>FLOORPAN NOVA - Canda\u015f Yap\u0131 Market<\/title>\n<meta name=\"robots\" content=\"index, follow, max-snippet:-1, max-image-preview:large, max-video-preview:-1\" \/>\n<link rel=\"canonical\" href=\"https:\/\/candasmimarlik.com\/yapimarket\/product\/floorpan-nova-5\/\" \/>\n<meta property=\"og:locale\" content=\"tr_TR\" \/>\n<meta property=\"og:type\" content=\"article\" \/>\n<meta property=\"og:title\" content=\"FLOORPAN NOVA - Canda\u015f Yap\u0131 Market\" \/>\n<meta property=\"og:description\" content=\"FLOORPAN NOVA Laminat Parke, komple bir yer d\u00f6\u015femesi sistemi olarak Avrupa standartlar\u0131nda 31. S\u0131n\u0131f AC3 se\u00e7ene\u011fiyle \u00fcretilir. Floorpan Nova; L2C teknolojisinin \u00fcr\u00fcn\u00fc olup 5 y\u0131l garantilidir. 6mm\" \/>\n<meta property=\"og:url\" content=\"https:\/\/candasmimarlik.com\/yapimarket\/product\/floorpan-nova-5\/\" \/>\n<meta property=\"og:site_name\" content=\"Canda\u015f Yap\u0131 Market\" \/>\n<meta property=\"article:publisher\" content=\"https:\/\/www.facebook.com\/candasonlineyapi\" \/>\n<meta property=\"og:image\" content=\"https:\/\/i0.wp.com\/candasmimarlik.com\/yapimarket\/wp-content\/uploads\/2023\/09\/fe675eff-c6ff-45c0-b830-2b4da3bff91a_o-411256de-9c90-4501-95c3-1cc0d526df.jpg?fit=1080%2C607&ssl=1\" \/>\n\t<meta property=\"og:image:width\" content=\"1080\" \/>\n\t<meta property=\"og:image:height\" content=\"607\" \/>\n\t<meta property=\"og:image:type\" content=\"image\/jpeg\" \/>\n<meta name=\"twitter:card\" content=\"summary_large_image\" \/>\n<script type=\"application\/ld+json\" class=\"yoast-schema-graph\">{\"@context\":\"https:\/\/schema.org\",\"@graph\":[{\"@type\":\"WebPage\",\"@id\":\"https:\/\/candasmimarlik.com\/yapimarket\/product\/floorpan-nova-5\/\",\"url\":\"https:\/\/candasmimarlik.com\/yapimarket\/product\/floorpan-nova-5\/\",\"name\":\"FLOORPAN NOVA - Canda\u015f Yap\u0131 Market\",\"isPartOf\":{\"@id\":\"https:\/\/candasmimarlik.com\/yapimarket\/#website\"},\"primaryImageOfPage\":{\"@id\":\"https:\/\/candasmimarlik.com\/yapimarket\/product\/floorpan-nova-5\/#primaryimage\"},\"image\":{\"@id\":\"https:\/\/candasmimarlik.com\/yapimarket\/product\/floorpan-nova-5\/#primaryimage\"},\"thumbnailUrl\":\"https:\/\/i0.wp.com\/candasmimarlik.com\/yapimarket\/wp-content\/uploads\/2023\/09\/fe675eff-c6ff-45c0-b830-2b4da3bff91a_o-411256de-9c90-4501-95c3-1cc0d526df.jpg?fit=1080%2C607&ssl=1\",\"datePublished\":\"2024-10-31T19:39:00+00:00\",\"breadcrumb\":{\"@id\":\"https:\/\/candasmimarlik.com\/yapimarket\/product\/floorpan-nova-5\/#breadcrumb\"},\"inLanguage\":\"tr\",\"potentialAction\":[{\"@type\":\"ReadAction\",\"target\":[\"https:\/\/candasmimarlik.com\/yapimarket\/product\/floorpan-nova-5\/\"]}]},{\"@type\":\"ImageObject\",\"inLanguage\":\"tr\",\"@id\":\"https:\/\/candasmimarlik.com\/yapimarket\/product\/floorpan-nova-5\/#primaryimage\",\"url\":\"https:\/\/i0.wp.com\/candasmimarlik.com\/yapimarket\/wp-content\/uploads\/2023\/09\/fe675eff-c6ff-45c0-b830-2b4da3bff91a_o-411256de-9c90-4501-95c3-1cc0d526df.jpg?fit=1080%2C607&ssl=1\",\"contentUrl\":\"https:\/\/i0.wp.com\/candasmimarlik.com\/yapimarket\/wp-content\/uploads\/2023\/09\/fe675eff-c6ff-45c0-b830-2b4da3bff91a_o-411256de-9c90-4501-95c3-1cc0d526df.jpg?fit=1080%2C607&ssl=1\",\"width\":1080,\"height\":607},{\"@type\":\"BreadcrumbList\",\"@id\":\"https:\/\/candasmimarlik.com\/yapimarket\/product\/floorpan-nova-5\/#breadcrumb\",\"itemListElement\":[{\"@type\":\"ListItem\",\"position\":1,\"name\":\"Anasayfa\",\"item\":\"https:\/\/candasmimarlik.com\/yapimarket\/\"},{\"@type\":\"ListItem\",\"position\":2,\"name\":\"Ma\u011faza\",\"item\":\"https:\/\/candasmimarlik.com\/yapimarket\/magaza-2-2\/\"},{\"@type\":\"ListItem\",\"position\":3,\"name\":\"FLOORPAN NOVA\"}]},{\"@type\":\"WebSite\",\"@id\":\"https:\/\/candasmimarlik.com\/yapimarket\/#website\",\"url\":\"https:\/\/candasmimarlik.com\/yapimarket\/\",\"name\":\"https:\/\/candasmimarlik.com\/candasonline.1\",\"description\":\"Kolay H\u0131zl\u0131 G&uuml;venli 7\/24 A&ccedil;\u0131k \",\"publisher\":{\"@id\":\"https:\/\/candasmimarlik.com\/yapimarket\/#organization\"},\"potentialAction\":[{\"@type\":\"SearchAction\",\"target\":{\"@type\":\"EntryPoint\",\"urlTemplate\":\"https:\/\/candasmimarlik.com\/yapimarket\/?s={search_term_string}\"},\"query-input\":{\"@type\":\"PropertyValueSpecification\",\"valueRequired\":true,\"valueName\":\"search_term_string\"}}],\"inLanguage\":\"tr\"},{\"@type\":\"Organization\",\"@id\":\"https:\/\/candasmimarlik.com\/yapimarket\/#organization\",\"name\":\"Canda\u015f Online\",\"url\":\"https:\/\/candasmimarlik.com\/yapimarket\/\",\"logo\":{\"@type\":\"ImageObject\",\"inLanguage\":\"tr\",\"@id\":\"https:\/\/candasmimarlik.com\/yapimarket\/#\/schema\/logo\/image\/\",\"url\":\"https:\/\/i0.wp.com\/candasmimarlik.com\/yapimarket\/wp-content\/uploads\/2026\/05\/CANDAS-YAPI-MARKET.jpg?fit=2560%2C1280&ssl=1\",\"contentUrl\":\"https:\/\/i0.wp.com\/candasmimarlik.com\/yapimarket\/wp-content\/uploads\/2026\/05\/CANDAS-YAPI-MARKET.jpg?fit=2560%2C1280&ssl=1\",\"width\":2560,\"height\":1280,\"caption\":\"Canda\u015f Online\"},\"image\":{\"@id\":\"https:\/\/candasmimarlik.com\/yapimarket\/#\/schema\/logo\/image\/\"},\"sameAs\":[\"https:\/\/www.facebook.com\/candasonlineyapi\"]}]}<\/script>\n<!-- \/ Yoast SEO plugin. -->","yoast_head_json":{"title":"FLOORPAN NOVA - Canda\u015f Yap\u0131 Market","robots":{"index":"index","follow":"follow","max-snippet":"max-snippet:-1","max-image-preview":"max-image-preview:large","max-video-preview":"max-video-preview:-1"},"canonical":"https:\/\/candasmimarlik.com\/yapimarket\/product\/floorpan-nova-5\/","og_locale":"tr_TR","og_type":"article","og_title":"FLOORPAN NOVA - Canda\u015f Yap\u0131 Market","og_description":"FLOORPAN NOVA Laminat Parke, komple bir yer d\u00f6\u015femesi sistemi olarak Avrupa standartlar\u0131nda 31. S\u0131n\u0131f AC3 se\u00e7ene\u011fiyle \u00fcretilir. Floorpan Nova; L2C teknolojisinin \u00fcr\u00fcn\u00fc olup 5 y\u0131l garantilidir. 6mm","og_url":"https:\/\/candasmimarlik.com\/yapimarket\/product\/floorpan-nova-5\/","og_site_name":"Canda\u015f Yap\u0131 Market","article_publisher":"https:\/\/www.facebook.com\/candasonlineyapi","og_image":[{"width":1080,"height":607,"url":"https:\/\/i0.wp.com\/candasmimarlik.com\/yapimarket\/wp-content\/uploads\/2023\/09\/fe675eff-c6ff-45c0-b830-2b4da3bff91a_o-411256de-9c90-4501-95c3-1cc0d526df.jpg?fit=1080%2C607&ssl=1","type":"image\/jpeg"}],"twitter_card":"summary_large_image","schema":{"@context":"https:\/\/schema.org","@graph":[{"@type":"WebPage","@id":"https:\/\/candasmimarlik.com\/yapimarket\/product\/floorpan-nova-5\/","url":"https:\/\/candasmimarlik.com\/yapimarket\/product\/floorpan-nova-5\/","name":"FLOORPAN NOVA - Canda\u015f Yap\u0131 Market","isPartOf":{"@id":"https:\/\/candasmimarlik.com\/yapimarket\/#website"},"primaryImageOfPage":{"@id":"https:\/\/candasmimarlik.com\/yapimarket\/product\/floorpan-nova-5\/#primaryimage"},"image":{"@id":"https:\/\/candasmimarlik.com\/yapimarket\/product\/floorpan-nova-5\/#primaryimage"},"thumbnailUrl":"https:\/\/i0.wp.com\/candasmimarlik.com\/yapimarket\/wp-content\/uploads\/2023\/09\/fe675eff-c6ff-45c0-b830-2b4da3bff91a_o-411256de-9c90-4501-95c3-1cc0d526df.jpg?fit=1080%2C607&ssl=1","datePublished":"2024-10-31T19:39:00+00:00","breadcrumb":{"@id":"https:\/\/candasmimarlik.com\/yapimarket\/product\/floorpan-nova-5\/#breadcrumb"},"inLanguage":"tr","potentialAction":[{"@type":"ReadAction","target":["https:\/\/candasmimarlik.com\/yapimarket\/product\/floorpan-nova-5\/"]}]},{"@type":"ImageObject","inLanguage":"tr","@id":"https:\/\/candasmimarlik.com\/yapimarket\/product\/floorpan-nova-5\/#primaryimage","url":"https:\/\/i0.wp.com\/candasmimarlik.com\/yapimarket\/wp-content\/uploads\/2023\/09\/fe675eff-c6ff-45c0-b830-2b4da3bff91a_o-411256de-9c90-4501-95c3-1cc0d526df.jpg?fit=1080%2C607&ssl=1","contentUrl":"https:\/\/i0.wp.com\/candasmimarlik.com\/yapimarket\/wp-content\/uploads\/2023\/09\/fe675eff-c6ff-45c0-b830-2b4da3bff91a_o-411256de-9c90-4501-95c3-1cc0d526df.jpg?fit=1080%2C607&ssl=1","width":1080,"height":607},{"@type":"BreadcrumbList","@id":"https:\/\/candasmimarlik.com\/yapimarket\/product\/floorpan-nova-5\/#breadcrumb","itemListElement":[{"@type":"ListItem","position":1,"name":"Anasayfa","item":"https:\/\/candasmimarlik.com\/yapimarket\/"},{"@type":"ListItem","position":2,"name":"Ma\u011faza","item":"https:\/\/candasmimarlik.com\/yapimarket\/magaza-2-2\/"},{"@type":"ListItem","position":3,"name":"FLOORPAN NOVA"}]},{"@type":"WebSite","@id":"https:\/\/candasmimarlik.com\/yapimarket\/#website","url":"https:\/\/candasmimarlik.com\/yapimarket\/","name":"https:\/\/candasmimarlik.com\/candasonline.1","description":"Kolay H\u0131zl\u0131 G&uuml;venli 7\/24 A&ccedil;\u0131k ","publisher":{"@id":"https:\/\/candasmimarlik.com\/yapimarket\/#organization"},"potentialAction":[{"@type":"SearchAction","target":{"@type":"EntryPoint","urlTemplate":"https:\/\/candasmimarlik.com\/yapimarket\/?s={search_term_string}"},"query-input":{"@type":"PropertyValueSpecification","valueRequired":true,"valueName":"search_term_string"}}],"inLanguage":"tr"},{"@type":"Organization","@id":"https:\/\/candasmimarlik.com\/yapimarket\/#organization","name":"Canda\u015f Online","url":"https:\/\/candasmimarlik.com\/yapimarket\/","logo":{"@type":"ImageObject","inLanguage":"tr","@id":"https:\/\/candasmimarlik.com\/yapimarket\/#\/schema\/logo\/image\/","url":"https:\/\/i0.wp.com\/candasmimarlik.com\/yapimarket\/wp-content\/uploads\/2026\/05\/CANDAS-YAPI-MARKET.jpg?fit=2560%2C1280&ssl=1","contentUrl":"https:\/\/i0.wp.com\/candasmimarlik.com\/yapimarket\/wp-content\/uploads\/2026\/05\/CANDAS-YAPI-MARKET.jpg?fit=2560%2C1280&ssl=1","width":2560,"height":1280,"caption":"Canda\u015f Online"},"image":{"@id":"https:\/\/candasmimarlik.com\/yapimarket\/#\/schema\/logo\/image\/"},"sameAs":["https:\/\/www.facebook.com\/candasonlineyapi"]}]}},"jetpack_sharing_enabled":true,"_links":{"self":[{"href":"https:\/\/candasmimarlik.com\/yapimarket\/wp-json\/wp\/v2\/product\/4645","targetHints":{"allow":["GET"]}}],"collection":[{"href":"https:\/\/candasmimarlik.com\/yapimarket\/wp-json\/wp\/v2\/product"}],"about":[{"href":"https:\/\/candasmimarlik.com\/yapimarket\/wp-json\/wp\/v2\/types\/product"}],"replies":[{"embeddable":true,"href":"https:\/\/candasmimarlik.com\/yapimarket\/wp-json\/wp\/v2\/comments?post=4645"}],"wp:featuredmedia":[{"embeddable":true,"href":"https:\/\/candasmimarlik.com\/yapimarket\/wp-json\/wp\/v2\/media\/3619"}],"wp:attachment":[{"href":"https:\/\/candasmimarlik.com\/yapimarket\/wp-json\/wp\/v2\/media?parent=4645"}],"wp:term":[{"taxonomy":"product_brand","embeddable":true,"href":"https:\/\/candasmimarlik.com\/yapimarket\/wp-json\/wp\/v2\/product_brand?post=4645"},{"taxonomy":"product_cat","embeddable":true,"href":"https:\/\/candasmimarlik.com\/yapimarket\/wp-json\/wp\/v2\/product_cat?post=4645"},{"taxonomy":"product_tag","embeddable":true,"href":"https:\/\/candasmimarlik.com\/yapimarket\/wp-json\/wp\/v2\/product_tag?post=4645"}],"curies":[{"name":"wp","href":"https:\/\/api.w.org\/{rel}","templated":true}]}}