{"id":4646,"date":"2024-10-31T19:39:00","date_gmt":"2024-10-31T19:39:00","guid":{"rendered":"https:\/\/candasmimarlik.com\/candasonline.1\/?post_type=product&#038;p=4646"},"modified":"2024-10-31T19:39:00","modified_gmt":"2024-10-31T19:39:00","slug":"forbo-sphera-element-pvc-zemin-doseme-malzemesi-5","status":"publish","type":"product","link":"https:\/\/candasmimarlik.com\/yapimarket\/product\/forbo-sphera-element-pvc-zemin-doseme-malzemesi-5\/","title":{"rendered":"FORBO Sphera Element Pvc Zemin D\u00f6\u015feme Malzemesi"},"content":{"rendered":"<p>Forbo Sphera vinil homojen koleksiyonu tasar\u0131m, teknoloji ve performans anlam\u0131nda \u00fcr\u00fcn kategorisine \u00f6nc\u00fcl\u00fck sa\u011flar.<br \/>\nSphera Element, 62 taze, ayd\u0131nl\u0131k ve modern bir renk paleti sunar. Koleksiyon, y\u00f6nlendirme ve s\u0131n\u0131rlama gerektiren alanlar i\u00e7in pastel ve parlak vurgu renkleri yan\u0131nda i\u00e7 mekan son dokunu\u015flar\u0131n\u0131 tamamlayan ah\u015fap ve ta\u015f gibi s\u0131cak ve so\u011fuk n\u00f6tr renkler i\u00e7erir.<\/p>\n<p><strong>Neden Sphera Homojen Vinil Zemin Kaplamas\u0131?<\/strong><br \/>\n\u2022 Fatalat i\u00e7ermez<br \/>\n\u2022 Ye\u015fil enerji ve s\u0131f\u0131r at\u0131k teknolojisi verimli ve s\u00fcrd\u00fcr\u00fclebilir \u00fcretim<br \/>\n\u2022 Lekelere ve \u00e7izilmelere kar\u015f\u0131 dayan\u0131kl\u0131<br \/>\n\u2022 Y\u00fcksek LRV de\u011ferlerine sahip parlak ve doygun tonlar<\/p>\n<div id=\"product-details\">\n<p class=\"h4\">50002\u00a0<span id=\"name\">white neutral grey<\/span><\/p>\n<div class=\"responsive-table\">\n<table>\n<tbody>\n<tr>\n<td>Kal\u0131nl\u0131k<\/td>\n<td>2 mm<\/td>\n<\/tr>\n<tr>\n<td>Uzunluk Geni\u015fli\u011fi<\/td>\n<td>\u00b1 26 m x 200 cm<\/td>\n<\/tr>\n<tr>\n<td>Ncs<\/td>\n<td>S 1500-N<\/td>\n<\/tr>\n<tr>\n<td>Lrv<\/td>\n<td>63%<\/td>\n<\/tr>\n<\/tbody>\n<\/table>\n<p>&nbsp;<\/p>\n<\/div>\n<\/div>\n","protected":false},"excerpt":{"rendered":"<p>Forbo Sphera vinil homojen koleksiyonu tasar\u0131m, teknoloji ve performans anlam\u0131nda \u00fcr\u00fcn kategorisine \u00f6nc\u00fcl\u00fck sa\u011flar. Sphera Element, 62 taze, ayd\u0131nl\u0131k ve modern bir renk paleti sunar. Koleksiyon, y\u00f6nlendirme ve s\u0131n\u0131rlama gerektiren alanlar i\u00e7in pastel ve parlak vurgu renkleri yan\u0131nda i\u00e7 mekan son dokunu\u015flar\u0131n\u0131 tamamlayan ah\u015fap ve ta\u015f gibi s\u0131cak ve so\u011fuk n\u00f6tr renkler i\u00e7erir. Neden Sphera [&hellip;]<\/p>\n","protected":false},"featured_media":3613,"comment_status":"open","ping_status":"closed","template":"","meta":{"_joinchat":[]},"product_brand":[],"product_cat":[162],"product_tag":[],"class_list":{"0":"post-4646","1":"product","2":"type-product","3":"status-publish","4":"has-post-thumbnail","6":"product_cat-yukselen-urunler","8":"first","9":"instock","10":"taxable","11":"shipping-taxable","12":"product-type-simple"},"yoast_head":"<!-- This site is optimized with the Yoast SEO plugin v26.5 - https:\/\/yoast.com\/wordpress\/plugins\/seo\/ -->\n<title>FORBO Sphera Element Pvc Zemin D\u00f6\u015feme Malzemesi - Canda\u015f Yap\u0131 Market<\/title>\n<meta name=\"robots\" content=\"index, follow, max-snippet:-1, max-image-preview:large, max-video-preview:-1\" \/>\n<link rel=\"canonical\" href=\"https:\/\/candasmimarlik.com\/yapimarket\/product\/forbo-sphera-element-pvc-zemin-doseme-malzemesi-5\/\" \/>\n<meta property=\"og:locale\" content=\"tr_TR\" \/>\n<meta property=\"og:type\" content=\"article\" \/>\n<meta property=\"og:title\" content=\"FORBO Sphera Element Pvc Zemin D\u00f6\u015feme Malzemesi - Canda\u015f Yap\u0131 Market\" \/>\n<meta property=\"og:description\" content=\"Forbo Sphera vinil homojen koleksiyonu tasar\u0131m, teknoloji ve performans anlam\u0131nda \u00fcr\u00fcn kategorisine \u00f6nc\u00fcl\u00fck sa\u011flar. Sphera Element, 62 taze, ayd\u0131nl\u0131k ve modern bir renk paleti sunar. Koleksiyon, y\u00f6nlendirme ve s\u0131n\u0131rlama gerektiren alanlar i\u00e7in pastel ve parlak vurgu renkleri yan\u0131nda i\u00e7 mekan son dokunu\u015flar\u0131n\u0131 tamamlayan ah\u015fap ve ta\u015f gibi s\u0131cak ve so\u011fuk n\u00f6tr renkler i\u00e7erir. Neden Sphera [&hellip;]\" \/>\n<meta property=\"og:url\" content=\"https:\/\/candasmimarlik.com\/yapimarket\/product\/forbo-sphera-element-pvc-zemin-doseme-malzemesi-5\/\" \/>\n<meta property=\"og:site_name\" content=\"Canda\u015f Yap\u0131 Market\" \/>\n<meta property=\"article:publisher\" content=\"https:\/\/www.facebook.com\/candasonlineyapi\" \/>\n<meta property=\"og:image\" content=\"https:\/\/i0.wp.com\/candasmimarlik.com\/yapimarket\/wp-content\/uploads\/2023\/09\/1180x664_Sphera_Evolution_Roomshot_50433_B.jpg?fit=1180%2C664&ssl=1\" \/>\n\t<meta property=\"og:image:width\" content=\"1180\" \/>\n\t<meta property=\"og:image:height\" content=\"664\" \/>\n\t<meta property=\"og:image:type\" content=\"image\/jpeg\" \/>\n<meta name=\"twitter:card\" content=\"summary_large_image\" \/>\n<meta name=\"twitter:label1\" content=\"Tahmini okuma s\u00fcresi\" \/>\n\t<meta name=\"twitter:data1\" content=\"1 dakika\" \/>\n<script type=\"application\/ld+json\" class=\"yoast-schema-graph\">{\"@context\":\"https:\/\/schema.org\",\"@graph\":[{\"@type\":\"WebPage\",\"@id\":\"https:\/\/candasmimarlik.com\/yapimarket\/product\/forbo-sphera-element-pvc-zemin-doseme-malzemesi-5\/\",\"url\":\"https:\/\/candasmimarlik.com\/yapimarket\/product\/forbo-sphera-element-pvc-zemin-doseme-malzemesi-5\/\",\"name\":\"FORBO Sphera Element Pvc Zemin D\u00f6\u015feme Malzemesi - Canda\u015f Yap\u0131 Market\",\"isPartOf\":{\"@id\":\"https:\/\/candasmimarlik.com\/yapimarket\/#website\"},\"primaryImageOfPage\":{\"@id\":\"https:\/\/candasmimarlik.com\/yapimarket\/product\/forbo-sphera-element-pvc-zemin-doseme-malzemesi-5\/#primaryimage\"},\"image\":{\"@id\":\"https:\/\/candasmimarlik.com\/yapimarket\/product\/forbo-sphera-element-pvc-zemin-doseme-malzemesi-5\/#primaryimage\"},\"thumbnailUrl\":\"https:\/\/i0.wp.com\/candasmimarlik.com\/yapimarket\/wp-content\/uploads\/2023\/09\/1180x664_Sphera_Evolution_Roomshot_50433_B.jpg?fit=1180%2C664&ssl=1\",\"datePublished\":\"2024-10-31T19:39:00+00:00\",\"breadcrumb\":{\"@id\":\"https:\/\/candasmimarlik.com\/yapimarket\/product\/forbo-sphera-element-pvc-zemin-doseme-malzemesi-5\/#breadcrumb\"},\"inLanguage\":\"tr\",\"potentialAction\":[{\"@type\":\"ReadAction\",\"target\":[\"https:\/\/candasmimarlik.com\/yapimarket\/product\/forbo-sphera-element-pvc-zemin-doseme-malzemesi-5\/\"]}]},{\"@type\":\"ImageObject\",\"inLanguage\":\"tr\",\"@id\":\"https:\/\/candasmimarlik.com\/yapimarket\/product\/forbo-sphera-element-pvc-zemin-doseme-malzemesi-5\/#primaryimage\",\"url\":\"https:\/\/i0.wp.com\/candasmimarlik.com\/yapimarket\/wp-content\/uploads\/2023\/09\/1180x664_Sphera_Evolution_Roomshot_50433_B.jpg?fit=1180%2C664&ssl=1\",\"contentUrl\":\"https:\/\/i0.wp.com\/candasmimarlik.com\/yapimarket\/wp-content\/uploads\/2023\/09\/1180x664_Sphera_Evolution_Roomshot_50433_B.jpg?fit=1180%2C664&ssl=1\",\"width\":1180,\"height\":664},{\"@type\":\"BreadcrumbList\",\"@id\":\"https:\/\/candasmimarlik.com\/yapimarket\/product\/forbo-sphera-element-pvc-zemin-doseme-malzemesi-5\/#breadcrumb\",\"itemListElement\":[{\"@type\":\"ListItem\",\"position\":1,\"name\":\"Anasayfa\",\"item\":\"https:\/\/candasmimarlik.com\/yapimarket\/\"},{\"@type\":\"ListItem\",\"position\":2,\"name\":\"Ma\u011faza\",\"item\":\"https:\/\/candasmimarlik.com\/yapimarket\/magaza-2-2\/\"},{\"@type\":\"ListItem\",\"position\":3,\"name\":\"FORBO Sphera Element Pvc Zemin D\u00f6\u015feme Malzemesi\"}]},{\"@type\":\"WebSite\",\"@id\":\"https:\/\/candasmimarlik.com\/yapimarket\/#website\",\"url\":\"https:\/\/candasmimarlik.com\/yapimarket\/\",\"name\":\"https:\/\/candasmimarlik.com\/candasonline.1\",\"description\":\"Kolay H\u0131zl\u0131 G&uuml;venli 7\/24 A&ccedil;\u0131k \",\"publisher\":{\"@id\":\"https:\/\/candasmimarlik.com\/yapimarket\/#organization\"},\"potentialAction\":[{\"@type\":\"SearchAction\",\"target\":{\"@type\":\"EntryPoint\",\"urlTemplate\":\"https:\/\/candasmimarlik.com\/yapimarket\/?s={search_term_string}\"},\"query-input\":{\"@type\":\"PropertyValueSpecification\",\"valueRequired\":true,\"valueName\":\"search_term_string\"}}],\"inLanguage\":\"tr\"},{\"@type\":\"Organization\",\"@id\":\"https:\/\/candasmimarlik.com\/yapimarket\/#organization\",\"name\":\"Canda\u015f Online\",\"url\":\"https:\/\/candasmimarlik.com\/yapimarket\/\",\"logo\":{\"@type\":\"ImageObject\",\"inLanguage\":\"tr\",\"@id\":\"https:\/\/candasmimarlik.com\/yapimarket\/#\/schema\/logo\/image\/\",\"url\":\"https:\/\/i0.wp.com\/candasmimarlik.com\/yapimarket\/wp-content\/uploads\/2026\/05\/CANDAS-YAPI-MARKET.jpg?fit=2560%2C1280&ssl=1\",\"contentUrl\":\"https:\/\/i0.wp.com\/candasmimarlik.com\/yapimarket\/wp-content\/uploads\/2026\/05\/CANDAS-YAPI-MARKET.jpg?fit=2560%2C1280&ssl=1\",\"width\":2560,\"height\":1280,\"caption\":\"Canda\u015f Online\"},\"image\":{\"@id\":\"https:\/\/candasmimarlik.com\/yapimarket\/#\/schema\/logo\/image\/\"},\"sameAs\":[\"https:\/\/www.facebook.com\/candasonlineyapi\"]}]}<\/script>\n<!-- \/ Yoast SEO plugin. -->","yoast_head_json":{"title":"FORBO Sphera Element Pvc Zemin D\u00f6\u015feme Malzemesi - Canda\u015f Yap\u0131 Market","robots":{"index":"index","follow":"follow","max-snippet":"max-snippet:-1","max-image-preview":"max-image-preview:large","max-video-preview":"max-video-preview:-1"},"canonical":"https:\/\/candasmimarlik.com\/yapimarket\/product\/forbo-sphera-element-pvc-zemin-doseme-malzemesi-5\/","og_locale":"tr_TR","og_type":"article","og_title":"FORBO Sphera Element Pvc Zemin D\u00f6\u015feme Malzemesi - Canda\u015f Yap\u0131 Market","og_description":"Forbo Sphera vinil homojen koleksiyonu tasar\u0131m, teknoloji ve performans anlam\u0131nda \u00fcr\u00fcn kategorisine \u00f6nc\u00fcl\u00fck sa\u011flar. Sphera Element, 62 taze, ayd\u0131nl\u0131k ve modern bir renk paleti sunar. Koleksiyon, y\u00f6nlendirme ve s\u0131n\u0131rlama gerektiren alanlar i\u00e7in pastel ve parlak vurgu renkleri yan\u0131nda i\u00e7 mekan son dokunu\u015flar\u0131n\u0131 tamamlayan ah\u015fap ve ta\u015f gibi s\u0131cak ve so\u011fuk n\u00f6tr renkler i\u00e7erir. Neden Sphera [&hellip;]","og_url":"https:\/\/candasmimarlik.com\/yapimarket\/product\/forbo-sphera-element-pvc-zemin-doseme-malzemesi-5\/","og_site_name":"Canda\u015f Yap\u0131 Market","article_publisher":"https:\/\/www.facebook.com\/candasonlineyapi","og_image":[{"width":1180,"height":664,"url":"https:\/\/i0.wp.com\/candasmimarlik.com\/yapimarket\/wp-content\/uploads\/2023\/09\/1180x664_Sphera_Evolution_Roomshot_50433_B.jpg?fit=1180%2C664&ssl=1","type":"image\/jpeg"}],"twitter_card":"summary_large_image","twitter_misc":{"Tahmini okuma s\u00fcresi":"1 dakika"},"schema":{"@context":"https:\/\/schema.org","@graph":[{"@type":"WebPage","@id":"https:\/\/candasmimarlik.com\/yapimarket\/product\/forbo-sphera-element-pvc-zemin-doseme-malzemesi-5\/","url":"https:\/\/candasmimarlik.com\/yapimarket\/product\/forbo-sphera-element-pvc-zemin-doseme-malzemesi-5\/","name":"FORBO Sphera Element Pvc Zemin D\u00f6\u015feme Malzemesi - Canda\u015f Yap\u0131 Market","isPartOf":{"@id":"https:\/\/candasmimarlik.com\/yapimarket\/#website"},"primaryImageOfPage":{"@id":"https:\/\/candasmimarlik.com\/yapimarket\/product\/forbo-sphera-element-pvc-zemin-doseme-malzemesi-5\/#primaryimage"},"image":{"@id":"https:\/\/candasmimarlik.com\/yapimarket\/product\/forbo-sphera-element-pvc-zemin-doseme-malzemesi-5\/#primaryimage"},"thumbnailUrl":"https:\/\/i0.wp.com\/candasmimarlik.com\/yapimarket\/wp-content\/uploads\/2023\/09\/1180x664_Sphera_Evolution_Roomshot_50433_B.jpg?fit=1180%2C664&ssl=1","datePublished":"2024-10-31T19:39:00+00:00","breadcrumb":{"@id":"https:\/\/candasmimarlik.com\/yapimarket\/product\/forbo-sphera-element-pvc-zemin-doseme-malzemesi-5\/#breadcrumb"},"inLanguage":"tr","potentialAction":[{"@type":"ReadAction","target":["https:\/\/candasmimarlik.com\/yapimarket\/product\/forbo-sphera-element-pvc-zemin-doseme-malzemesi-5\/"]}]},{"@type":"ImageObject","inLanguage":"tr","@id":"https:\/\/candasmimarlik.com\/yapimarket\/product\/forbo-sphera-element-pvc-zemin-doseme-malzemesi-5\/#primaryimage","url":"https:\/\/i0.wp.com\/candasmimarlik.com\/yapimarket\/wp-content\/uploads\/2023\/09\/1180x664_Sphera_Evolution_Roomshot_50433_B.jpg?fit=1180%2C664&ssl=1","contentUrl":"https:\/\/i0.wp.com\/candasmimarlik.com\/yapimarket\/wp-content\/uploads\/2023\/09\/1180x664_Sphera_Evolution_Roomshot_50433_B.jpg?fit=1180%2C664&ssl=1","width":1180,"height":664},{"@type":"BreadcrumbList","@id":"https:\/\/candasmimarlik.com\/yapimarket\/product\/forbo-sphera-element-pvc-zemin-doseme-malzemesi-5\/#breadcrumb","itemListElement":[{"@type":"ListItem","position":1,"name":"Anasayfa","item":"https:\/\/candasmimarlik.com\/yapimarket\/"},{"@type":"ListItem","position":2,"name":"Ma\u011faza","item":"https:\/\/candasmimarlik.com\/yapimarket\/magaza-2-2\/"},{"@type":"ListItem","position":3,"name":"FORBO Sphera Element Pvc Zemin D\u00f6\u015feme Malzemesi"}]},{"@type":"WebSite","@id":"https:\/\/candasmimarlik.com\/yapimarket\/#website","url":"https:\/\/candasmimarlik.com\/yapimarket\/","name":"https:\/\/candasmimarlik.com\/candasonline.1","description":"Kolay H\u0131zl\u0131 G&uuml;venli 7\/24 A&ccedil;\u0131k ","publisher":{"@id":"https:\/\/candasmimarlik.com\/yapimarket\/#organization"},"potentialAction":[{"@type":"SearchAction","target":{"@type":"EntryPoint","urlTemplate":"https:\/\/candasmimarlik.com\/yapimarket\/?s={search_term_string}"},"query-input":{"@type":"PropertyValueSpecification","valueRequired":true,"valueName":"search_term_string"}}],"inLanguage":"tr"},{"@type":"Organization","@id":"https:\/\/candasmimarlik.com\/yapimarket\/#organization","name":"Canda\u015f Online","url":"https:\/\/candasmimarlik.com\/yapimarket\/","logo":{"@type":"ImageObject","inLanguage":"tr","@id":"https:\/\/candasmimarlik.com\/yapimarket\/#\/schema\/logo\/image\/","url":"https:\/\/i0.wp.com\/candasmimarlik.com\/yapimarket\/wp-content\/uploads\/2026\/05\/CANDAS-YAPI-MARKET.jpg?fit=2560%2C1280&ssl=1","contentUrl":"https:\/\/i0.wp.com\/candasmimarlik.com\/yapimarket\/wp-content\/uploads\/2026\/05\/CANDAS-YAPI-MARKET.jpg?fit=2560%2C1280&ssl=1","width":2560,"height":1280,"caption":"Canda\u015f Online"},"image":{"@id":"https:\/\/candasmimarlik.com\/yapimarket\/#\/schema\/logo\/image\/"},"sameAs":["https:\/\/www.facebook.com\/candasonlineyapi"]}]}},"jetpack_sharing_enabled":true,"_links":{"self":[{"href":"https:\/\/candasmimarlik.com\/yapimarket\/wp-json\/wp\/v2\/product\/4646","targetHints":{"allow":["GET"]}}],"collection":[{"href":"https:\/\/candasmimarlik.com\/yapimarket\/wp-json\/wp\/v2\/product"}],"about":[{"href":"https:\/\/candasmimarlik.com\/yapimarket\/wp-json\/wp\/v2\/types\/product"}],"replies":[{"embeddable":true,"href":"https:\/\/candasmimarlik.com\/yapimarket\/wp-json\/wp\/v2\/comments?post=4646"}],"wp:featuredmedia":[{"embeddable":true,"href":"https:\/\/candasmimarlik.com\/yapimarket\/wp-json\/wp\/v2\/media\/3613"}],"wp:attachment":[{"href":"https:\/\/candasmimarlik.com\/yapimarket\/wp-json\/wp\/v2\/media?parent=4646"}],"wp:term":[{"taxonomy":"product_brand","embeddable":true,"href":"https:\/\/candasmimarlik.com\/yapimarket\/wp-json\/wp\/v2\/product_brand?post=4646"},{"taxonomy":"product_cat","embeddable":true,"href":"https:\/\/candasmimarlik.com\/yapimarket\/wp-json\/wp\/v2\/product_cat?post=4646"},{"taxonomy":"product_tag","embeddable":true,"href":"https:\/\/candasmimarlik.com\/yapimarket\/wp-json\/wp\/v2\/product_tag?post=4646"}],"curies":[{"name":"wp","href":"https:\/\/api.w.org\/{rel}","templated":true}]}}