{"id":4653,"date":"2024-10-31T19:39:03","date_gmt":"2024-10-31T19:39:03","guid":{"rendered":"https:\/\/candasmimarlik.com\/candasonline.1\/?post_type=product&#038;p=4653"},"modified":"2024-11-09T15:10:55","modified_gmt":"2024-11-09T15:10:55","slug":"isonem-anti-fire-paint-18-kg-yangin-geciktirici-boya-5","status":"publish","type":"product","link":"https:\/\/candasmimarlik.com\/yapimarket\/product\/isonem-anti-fire-paint-18-kg-yangin-geciktirici-boya-5\/","title":{"rendered":"ISONEM ANTI FIRE PAINT 18 KG YANGIN GEC\u0130KT\u0130R\u0130C\u0130 BOYA"},"content":{"rendered":"<p>Yang\u0131n Geciktirici Son Kat Boya<\/p>\n<p>Yang\u0131n geciktirici, alev almaz, s\u00fcr\u00fclerek uyguland\u0131\u011f\u0131 y\u00fczeyde kuruyarak eksiz bir tabaka olu\u015fturan son kat yang\u0131n boyas\u0131d\u0131r. Direkt alev temas\u0131nda, alev geciktiricidir. Yang\u0131na kar\u015f\u0131 dayan\u0131kl\u0131d\u0131r. Su bazl\u0131d\u0131r, solvent i\u00e7ermez. Elastiktir, hareketlerden etkilenmez. Kuru veya az nemli y\u00fczeylere rahat\u00e7a uygulanabilir. Su ge\u00e7irimsiz olup su buhar\u0131 ge\u00e7irgendir. Bu \u00f6zelli\u011fi sayesinde uyguland\u0131\u011f\u0131 y\u00fczeyin nefes almas\u0131n\u0131 engellemez. \u00d6zel form\u00fcl\u00fc sayesinde kir tutmaz ilk g\u00fcnk\u00fc \u00f6zelli\u011fini uzun y\u0131llar korur. Ah\u015fap, beton, prefabrik ve \u00e7elik yap\u0131larda kullan\u0131ma son derece elveri\u015flidir.<\/p>\n<p>&nbsp;<\/p>\n<p>TEKN\u0130K \u00d6ZELL\u0130KLER<\/p>\n<p>\u00b7\u00a0\u0130\u00e7erik\u00a0: Su bazl\u0131, tek komponent<\/p>\n<p>\u00b7\u00a0Kopma uzamas\u0131 (%, 23\u00b0C)\u00a0: 50<\/p>\n<p>\u00b7\u00a0pH (25\u00b0C)\u00a0: 7.0 \u2013 9.0<\/p>\n<p>\u00b7\u00a0Viskozite (25\u00b0C, mPa.s)\u00a0: 12000 &#8211; 15000<\/p>\n<p>\u00b7\u00a0Yo\u011funluk (25\u00b0C, g\/mL) :\u00a01.40 \u00b1 0,1<\/p>\n<p>\u00b7\u00a0Kat\u0131 Madde Oran\u0131 (A\u011f\u0131rl\u0131k\u00e7a %)\u00a0: 76 \u00b1 2<\/p>\n<p>TSE DENEY ve KAL\u0130BRASYON MERKEZ\u0130 BA\u015eKANLI\u011eI EX LABARATUVARI MUAYENE DENEY\u0130 SONUCUNA G\u00d6RE;\u00a0\u00a0Deney numunesinin yang\u0131n kar\u015f\u0131s\u0131ndaki davran\u0131\u015f EN 13501-1 B (Avrupa s\u0131n\u0131f\u0131na g\u00f6re) test metodunda GE\u00c7T\u0130. Deney numunesinin TS EN ISO 11925-2 g\u00f6re test metodunda;<\/p>\n<ul>\n<li>Numunelerde tutu\u015fma :\u00a0OLMADI<\/li>\n<li>Alev deney s\u00fcresi i\u00e7erisinde 150 mm \u00f6l\u00e7me \u00e7izgisine :\u00a0ULA\u015eMADI<\/li>\n<li>Numunelerde damlama :\u00a0OLMADI<\/li>\n<li>S\u00fczge\u00e7 ka\u011f\u0131d\u0131 :\u00a0YANMADI<\/li>\n<li>Deney numunesinde sadece:\u00a0ER\u0130ME OLDU<\/li>\n<li>Yanal alevin uzun kolda yay\u0131lmas\u0131:\u00a0OLMADI<\/li>\n<li>Ate\u015fli par\u00e7ac\u0131klar veya damlac\u0131klar f&lt;10s ile f&gt;10s:\u00a0OLMADI<\/li>\n<li>Numuneden \u00e7\u0131kan duman\u0131n oda i\u00e7erisine yay\u0131lmas\u0131:\u00a0OLMADI<\/li>\n<\/ul>\n<p>&nbsp;<\/p>\n<p>TSE TEST SONU\u00c7LARININ \u00d6ZET\u0130:<\/p>\n<ul>\n<li>Ortalama FIGRA de\u011feri (W\/s):\u00a017,24<\/li>\n<li>Ortalama THR600s (MJ):\u00a00,93<\/li>\n<li>Ortalama SMORA de\u011feri ( m2\/s2 ):\u00a010,58<\/li>\n<li>Ortalama TSP600s (m\u00b2):\u00a051,86<\/li>\n<li>LFS kenara kadar ( mm ):\u00a0OLMADI<\/li>\n<li>Yanan damlac\u0131klar\/par\u00e7ac\u0131klar&lt;_10s :\u00a0OLMADI<\/li>\n<li><span style=\"vertical-align: inherit;\"><span style=\"vertical-align: inherit;\">Yanan damlac\u0131klar\/par\u00e7ac\u0131klar&lt;_10s :\u00a0OLMADI<\/span><\/span><\/li>\n<\/ul>\n<p>SONU\u00c7: ISONEM ANTI FIRE PAINT\u00a0&#8220;yanmaz boya&#8221; numunesi \u00fczerinde\u00a0TS EN 13823:MART 2010\u00a0standard\u0131na g\u00f6re yap\u0131lan muayene ve deneylerde TS EN ISO 11925-2konulu 02.2012 tarih\/139921nolu meuayene ve deney sonucu TS EN 13501-1\/OCAK 2010\u00c7izelge 1 B S1 d0s\u0131n\u0131f\u0131 kriterlerine\u00a0UYGUNDUR.<\/p>\n<p>Her t\u00fcrl\u00fc s\u0131val\u0131, boyal\u0131 ve boyas\u0131z i\u00e7 ve d\u0131\u015f y\u00fczeylerde<\/p>\n<p>\u00b7 Beton, ah\u015fap ve \u00e7elik yap\u0131larda<\/p>\n<p>\u00b7 \u00c7at\u0131larda, yang\u0131n merdivenlerinde<\/p>\n<p>\u00b7 Yanmazl\u0131k istenen t\u00fcm mekanlarda<\/p>\n<p>\u00b7 Okul, kre\u015f, hastane, tiyatro ve sinema salonlar\u0131nda<\/p>\n<p>\u00b7 Al\u00e7\u0131pan duvar b\u00f6lmeleri ve tavanlarda, bacalarda<\/p>\n<p>\u00b7 Termik santral ve end\u00fcstriyel yap\u0131larda, fabrikalarda<\/p>\n<p>\u00b7 Askeri tesislerde<\/p>\n<p>Y\u00dcZEY HAZIRLI\u011eI:\u00a0ISONEM ANTIFIRE PAINT PLUS uygulanm\u0131\u015f y\u00fczey \u00fczerine koruyucu son kat olarak kullan\u0131l\u0131r. Son kat uygulama i\u00e7in ISONEM ANTIFIRE PAINT tek kat halinde 0,3 &#8211; 0,5 kg\/m\u00b2 sarfiyat ile uygulan\u0131r. Bunun haricinde alev geciktirici olarak kullan\u0131lmak istenirse uygulama \u00f6ncesi y\u00fczeyler temiz olmal\u0131, ya\u011f, kir, \u00e7amur gibi maddelerden ar\u0131nd\u0131r\u0131lmal\u0131, kalkan partik\u00fcller temizlenmelidir.\u00a0Y\u00fczeye uygun astar se\u00e7imi yandaki\u00a0<a href=\"https:\/\/www.isonem.com.tr\/User_Files\/yenipdf\/isonem-anti-fire-paint.pdf\">tabloya *<\/a>\u00a0g\u00f6re yap\u0131l\u0131r. ISONEM UNIVERSAL ASTAR (1:7 Oran\u0131nda su ile seyreltilmi\u015f &#8211; 1 K\u0131s\u0131m Astar, 7 K\u0131s\u0131m Su) izolasyon ve boya astar\u0131 tek kat halinde 100 \u2013 200 g\/m\u00b2 sarfiyatla uygulanmal\u0131d\u0131r. Daha sonra astar 4 saat kurumaya b\u0131rak\u0131l\u0131r. Yan taraftaki\u00a0<a href=\"https:\/\/www.isonem.com.tr\/User_Files\/yenipdf\/isonem-anti-fire-paint.pdf\">tabloya *<\/a>\u00a0g\u00f6re zemin \u00e7e\u015fidine ba\u011fl\u0131 olarak uygun miktarda \u00fcr\u00fcn kullan\u0131lmal\u0131d\u0131r.<\/p>\n<p>UYGULAMA \u015eEKL\u0130:\u00a0: F\u0131r\u00e7a, rulo, yada uygun bir p\u00fcsk\u00fcrt\u00fcc\u00fcyle yap\u0131labilir. \u00dcr\u00fcn kullan\u0131lmadan \u00f6nce homojen bir \u015fekilde kar\u0131\u015ft\u0131r\u0131lmal\u0131, y\u00fczeye 4 saat arayla suland\u0131rmadan iki kat halinde uygulamal\u0131d\u0131r.<\/p>\n<p>SARF\u0130YAT\u00a0: 0,3 &#8211; 0,5 kg\/m\u00b2 (tek kat uygulama)<\/p>\n<p>0,6 &#8211; 1.0 kg\/m\u00b2 (iki kat uygulama)<\/p>\n<p>RENK\u00a0: \u0130stenilen t\u00fcm renklerde \u00fcretilebilmektedir.<\/p>\n<p>AMBALAJ\u00a0: 18 kg PP kova. 18 &#8211; 60 m\u00b2\/kova (uygulamaya g\u00f6re de\u011fi\u015fkenlik g\u00f6stermektedir.<\/p>\n<p>RAF \u00d6MR\u00dc\u00a0: Orijinal, a\u00e7\u0131lmam\u0131\u015f ve hasar g\u00f6rmemi\u015f ambalajlarda depoland\u0131\u011f\u0131 takdirde \u00fcretim tarihinden itibaren 24 ay kullan\u0131ma uygundur.<\/p>\n<p>DEPOLAMA KO\u015eULLARI\u00a0: Kuru ve serin ortamda depolay\u0131n\u0131z.<\/p>\n","protected":false},"excerpt":{"rendered":"<p>Yang\u0131n Geciktirici Son Kat Boya Yang\u0131n geciktirici, alev almaz, s\u00fcr\u00fclerek uyguland\u0131\u011f\u0131 y\u00fczeyde kuruyarak eksiz bir tabaka olu\u015fturan son kat yang\u0131n boyas\u0131d\u0131r. Direkt alev temas\u0131nda, alev geciktiricidir. Yang\u0131na kar\u015f\u0131 dayan\u0131kl\u0131d\u0131r. Su bazl\u0131d\u0131r, solvent i\u00e7ermez. Elastiktir, hareketlerden etkilenmez. Kuru veya az nemli y\u00fczeylere rahat\u00e7a uygulanabilir. Su ge\u00e7irimsiz olup su buhar\u0131 ge\u00e7irgendir. Bu \u00f6zelli\u011fi sayesinde uyguland\u0131\u011f\u0131 y\u00fczeyin nefes [&hellip;]<\/p>\n","protected":false},"featured_media":4084,"comment_status":"open","ping_status":"closed","template":"","meta":{"_joinchat":[]},"product_brand":[],"product_cat":[349],"product_tag":[],"class_list":{"0":"post-4653","1":"product","2":"type-product","3":"status-publish","4":"has-post-thumbnail","6":"product_cat-yangin-geciktirici-boya","8":"first","9":"instock","10":"taxable","11":"shipping-taxable","12":"product-type-simple"},"yoast_head":"<!-- This site is optimized with the Yoast SEO plugin v26.5 - https:\/\/yoast.com\/wordpress\/plugins\/seo\/ -->\n<title>ISONEM ANTI FIRE PAINT 18 KG YANGIN GEC\u0130KT\u0130R\u0130C\u0130 BOYA - Canda\u015f Yap\u0131 Market<\/title>\n<meta name=\"robots\" content=\"index, follow, max-snippet:-1, max-image-preview:large, max-video-preview:-1\" \/>\n<link rel=\"canonical\" href=\"https:\/\/candasmimarlik.com\/yapimarket\/product\/isonem-anti-fire-paint-18-kg-yangin-geciktirici-boya-5\/\" \/>\n<meta property=\"og:locale\" content=\"tr_TR\" \/>\n<meta property=\"og:type\" content=\"article\" \/>\n<meta property=\"og:title\" content=\"ISONEM ANTI FIRE PAINT 18 KG YANGIN GEC\u0130KT\u0130R\u0130C\u0130 BOYA - Canda\u015f Yap\u0131 Market\" \/>\n<meta property=\"og:description\" content=\"Yang\u0131n Geciktirici Son Kat Boya Yang\u0131n geciktirici, alev almaz, s\u00fcr\u00fclerek uyguland\u0131\u011f\u0131 y\u00fczeyde kuruyarak eksiz bir tabaka olu\u015fturan son kat yang\u0131n boyas\u0131d\u0131r. Direkt alev temas\u0131nda, alev geciktiricidir. Yang\u0131na kar\u015f\u0131 dayan\u0131kl\u0131d\u0131r. Su bazl\u0131d\u0131r, solvent i\u00e7ermez. Elastiktir, hareketlerden etkilenmez. Kuru veya az nemli y\u00fczeylere rahat\u00e7a uygulanabilir. Su ge\u00e7irimsiz olup su buhar\u0131 ge\u00e7irgendir. Bu \u00f6zelli\u011fi sayesinde uyguland\u0131\u011f\u0131 y\u00fczeyin nefes [&hellip;]\" \/>\n<meta property=\"og:url\" content=\"https:\/\/candasmimarlik.com\/yapimarket\/product\/isonem-anti-fire-paint-18-kg-yangin-geciktirici-boya-5\/\" \/>\n<meta property=\"og:site_name\" content=\"Canda\u015f Yap\u0131 Market\" \/>\n<meta property=\"article:publisher\" content=\"https:\/\/www.facebook.com\/candasonlineyapi\" \/>\n<meta property=\"article:modified_time\" content=\"2024-11-09T15:10:55+00:00\" \/>\n<meta property=\"og:image\" content=\"https:\/\/i0.wp.com\/candasmimarlik.com\/yapimarket\/wp-content\/uploads\/2024\/09\/isonem-anti-fire-paint.webp?fit=450%2C398&ssl=1\" \/>\n\t<meta property=\"og:image:width\" content=\"450\" \/>\n\t<meta property=\"og:image:height\" content=\"398\" \/>\n\t<meta property=\"og:image:type\" content=\"image\/webp\" \/>\n<meta name=\"twitter:card\" content=\"summary_large_image\" \/>\n<meta name=\"twitter:label1\" content=\"Tahmini okuma s\u00fcresi\" \/>\n\t<meta name=\"twitter:data1\" content=\"3 dakika\" \/>\n<script type=\"application\/ld+json\" class=\"yoast-schema-graph\">{\"@context\":\"https:\/\/schema.org\",\"@graph\":[{\"@type\":\"WebPage\",\"@id\":\"https:\/\/candasmimarlik.com\/yapimarket\/product\/isonem-anti-fire-paint-18-kg-yangin-geciktirici-boya-5\/\",\"url\":\"https:\/\/candasmimarlik.com\/yapimarket\/product\/isonem-anti-fire-paint-18-kg-yangin-geciktirici-boya-5\/\",\"name\":\"ISONEM ANTI FIRE PAINT 18 KG YANGIN GEC\u0130KT\u0130R\u0130C\u0130 BOYA - Canda\u015f Yap\u0131 Market\",\"isPartOf\":{\"@id\":\"https:\/\/candasmimarlik.com\/yapimarket\/#website\"},\"primaryImageOfPage\":{\"@id\":\"https:\/\/candasmimarlik.com\/yapimarket\/product\/isonem-anti-fire-paint-18-kg-yangin-geciktirici-boya-5\/#primaryimage\"},\"image\":{\"@id\":\"https:\/\/candasmimarlik.com\/yapimarket\/product\/isonem-anti-fire-paint-18-kg-yangin-geciktirici-boya-5\/#primaryimage\"},\"thumbnailUrl\":\"https:\/\/i0.wp.com\/candasmimarlik.com\/yapimarket\/wp-content\/uploads\/2024\/09\/isonem-anti-fire-paint.webp?fit=450%2C398&ssl=1\",\"datePublished\":\"2024-10-31T19:39:03+00:00\",\"dateModified\":\"2024-11-09T15:10:55+00:00\",\"breadcrumb\":{\"@id\":\"https:\/\/candasmimarlik.com\/yapimarket\/product\/isonem-anti-fire-paint-18-kg-yangin-geciktirici-boya-5\/#breadcrumb\"},\"inLanguage\":\"tr\",\"potentialAction\":[{\"@type\":\"ReadAction\",\"target\":[\"https:\/\/candasmimarlik.com\/yapimarket\/product\/isonem-anti-fire-paint-18-kg-yangin-geciktirici-boya-5\/\"]}]},{\"@type\":\"ImageObject\",\"inLanguage\":\"tr\",\"@id\":\"https:\/\/candasmimarlik.com\/yapimarket\/product\/isonem-anti-fire-paint-18-kg-yangin-geciktirici-boya-5\/#primaryimage\",\"url\":\"https:\/\/i0.wp.com\/candasmimarlik.com\/yapimarket\/wp-content\/uploads\/2024\/09\/isonem-anti-fire-paint.webp?fit=450%2C398&ssl=1\",\"contentUrl\":\"https:\/\/i0.wp.com\/candasmimarlik.com\/yapimarket\/wp-content\/uploads\/2024\/09\/isonem-anti-fire-paint.webp?fit=450%2C398&ssl=1\",\"width\":450,\"height\":398},{\"@type\":\"BreadcrumbList\",\"@id\":\"https:\/\/candasmimarlik.com\/yapimarket\/product\/isonem-anti-fire-paint-18-kg-yangin-geciktirici-boya-5\/#breadcrumb\",\"itemListElement\":[{\"@type\":\"ListItem\",\"position\":1,\"name\":\"Anasayfa\",\"item\":\"https:\/\/candasmimarlik.com\/yapimarket\/\"},{\"@type\":\"ListItem\",\"position\":2,\"name\":\"Ma\u011faza\",\"item\":\"https:\/\/candasmimarlik.com\/yapimarket\/magaza-2-2\/\"},{\"@type\":\"ListItem\",\"position\":3,\"name\":\"ISONEM ANTI FIRE PAINT 18 KG YANGIN GEC\u0130KT\u0130R\u0130C\u0130 BOYA\"}]},{\"@type\":\"WebSite\",\"@id\":\"https:\/\/candasmimarlik.com\/yapimarket\/#website\",\"url\":\"https:\/\/candasmimarlik.com\/yapimarket\/\",\"name\":\"https:\/\/candasmimarlik.com\/candasonline.1\",\"description\":\"Kolay H\u0131zl\u0131 G&uuml;venli 7\/24 A&ccedil;\u0131k \",\"publisher\":{\"@id\":\"https:\/\/candasmimarlik.com\/yapimarket\/#organization\"},\"potentialAction\":[{\"@type\":\"SearchAction\",\"target\":{\"@type\":\"EntryPoint\",\"urlTemplate\":\"https:\/\/candasmimarlik.com\/yapimarket\/?s={search_term_string}\"},\"query-input\":{\"@type\":\"PropertyValueSpecification\",\"valueRequired\":true,\"valueName\":\"search_term_string\"}}],\"inLanguage\":\"tr\"},{\"@type\":\"Organization\",\"@id\":\"https:\/\/candasmimarlik.com\/yapimarket\/#organization\",\"name\":\"Canda\u015f Online\",\"url\":\"https:\/\/candasmimarlik.com\/yapimarket\/\",\"logo\":{\"@type\":\"ImageObject\",\"inLanguage\":\"tr\",\"@id\":\"https:\/\/candasmimarlik.com\/yapimarket\/#\/schema\/logo\/image\/\",\"url\":\"https:\/\/i0.wp.com\/candasmimarlik.com\/yapimarket\/wp-content\/uploads\/2026\/05\/CANDAS-YAPI-MARKET.jpg?fit=2560%2C1280&ssl=1\",\"contentUrl\":\"https:\/\/i0.wp.com\/candasmimarlik.com\/yapimarket\/wp-content\/uploads\/2026\/05\/CANDAS-YAPI-MARKET.jpg?fit=2560%2C1280&ssl=1\",\"width\":2560,\"height\":1280,\"caption\":\"Canda\u015f Online\"},\"image\":{\"@id\":\"https:\/\/candasmimarlik.com\/yapimarket\/#\/schema\/logo\/image\/\"},\"sameAs\":[\"https:\/\/www.facebook.com\/candasonlineyapi\"]}]}<\/script>\n<!-- \/ Yoast SEO plugin. -->","yoast_head_json":{"title":"ISONEM ANTI FIRE PAINT 18 KG YANGIN GEC\u0130KT\u0130R\u0130C\u0130 BOYA - Canda\u015f Yap\u0131 Market","robots":{"index":"index","follow":"follow","max-snippet":"max-snippet:-1","max-image-preview":"max-image-preview:large","max-video-preview":"max-video-preview:-1"},"canonical":"https:\/\/candasmimarlik.com\/yapimarket\/product\/isonem-anti-fire-paint-18-kg-yangin-geciktirici-boya-5\/","og_locale":"tr_TR","og_type":"article","og_title":"ISONEM ANTI FIRE PAINT 18 KG YANGIN GEC\u0130KT\u0130R\u0130C\u0130 BOYA - Canda\u015f Yap\u0131 Market","og_description":"Yang\u0131n Geciktirici Son Kat Boya Yang\u0131n geciktirici, alev almaz, s\u00fcr\u00fclerek uyguland\u0131\u011f\u0131 y\u00fczeyde kuruyarak eksiz bir tabaka olu\u015fturan son kat yang\u0131n boyas\u0131d\u0131r. Direkt alev temas\u0131nda, alev geciktiricidir. Yang\u0131na kar\u015f\u0131 dayan\u0131kl\u0131d\u0131r. Su bazl\u0131d\u0131r, solvent i\u00e7ermez. Elastiktir, hareketlerden etkilenmez. Kuru veya az nemli y\u00fczeylere rahat\u00e7a uygulanabilir. Su ge\u00e7irimsiz olup su buhar\u0131 ge\u00e7irgendir. Bu \u00f6zelli\u011fi sayesinde uyguland\u0131\u011f\u0131 y\u00fczeyin nefes [&hellip;]","og_url":"https:\/\/candasmimarlik.com\/yapimarket\/product\/isonem-anti-fire-paint-18-kg-yangin-geciktirici-boya-5\/","og_site_name":"Canda\u015f Yap\u0131 Market","article_publisher":"https:\/\/www.facebook.com\/candasonlineyapi","article_modified_time":"2024-11-09T15:10:55+00:00","og_image":[{"width":450,"height":398,"url":"https:\/\/i0.wp.com\/candasmimarlik.com\/yapimarket\/wp-content\/uploads\/2024\/09\/isonem-anti-fire-paint.webp?fit=450%2C398&ssl=1","type":"image\/webp"}],"twitter_card":"summary_large_image","twitter_misc":{"Tahmini okuma s\u00fcresi":"3 dakika"},"schema":{"@context":"https:\/\/schema.org","@graph":[{"@type":"WebPage","@id":"https:\/\/candasmimarlik.com\/yapimarket\/product\/isonem-anti-fire-paint-18-kg-yangin-geciktirici-boya-5\/","url":"https:\/\/candasmimarlik.com\/yapimarket\/product\/isonem-anti-fire-paint-18-kg-yangin-geciktirici-boya-5\/","name":"ISONEM ANTI FIRE PAINT 18 KG YANGIN GEC\u0130KT\u0130R\u0130C\u0130 BOYA - Canda\u015f Yap\u0131 Market","isPartOf":{"@id":"https:\/\/candasmimarlik.com\/yapimarket\/#website"},"primaryImageOfPage":{"@id":"https:\/\/candasmimarlik.com\/yapimarket\/product\/isonem-anti-fire-paint-18-kg-yangin-geciktirici-boya-5\/#primaryimage"},"image":{"@id":"https:\/\/candasmimarlik.com\/yapimarket\/product\/isonem-anti-fire-paint-18-kg-yangin-geciktirici-boya-5\/#primaryimage"},"thumbnailUrl":"https:\/\/i0.wp.com\/candasmimarlik.com\/yapimarket\/wp-content\/uploads\/2024\/09\/isonem-anti-fire-paint.webp?fit=450%2C398&ssl=1","datePublished":"2024-10-31T19:39:03+00:00","dateModified":"2024-11-09T15:10:55+00:00","breadcrumb":{"@id":"https:\/\/candasmimarlik.com\/yapimarket\/product\/isonem-anti-fire-paint-18-kg-yangin-geciktirici-boya-5\/#breadcrumb"},"inLanguage":"tr","potentialAction":[{"@type":"ReadAction","target":["https:\/\/candasmimarlik.com\/yapimarket\/product\/isonem-anti-fire-paint-18-kg-yangin-geciktirici-boya-5\/"]}]},{"@type":"ImageObject","inLanguage":"tr","@id":"https:\/\/candasmimarlik.com\/yapimarket\/product\/isonem-anti-fire-paint-18-kg-yangin-geciktirici-boya-5\/#primaryimage","url":"https:\/\/i0.wp.com\/candasmimarlik.com\/yapimarket\/wp-content\/uploads\/2024\/09\/isonem-anti-fire-paint.webp?fit=450%2C398&ssl=1","contentUrl":"https:\/\/i0.wp.com\/candasmimarlik.com\/yapimarket\/wp-content\/uploads\/2024\/09\/isonem-anti-fire-paint.webp?fit=450%2C398&ssl=1","width":450,"height":398},{"@type":"BreadcrumbList","@id":"https:\/\/candasmimarlik.com\/yapimarket\/product\/isonem-anti-fire-paint-18-kg-yangin-geciktirici-boya-5\/#breadcrumb","itemListElement":[{"@type":"ListItem","position":1,"name":"Anasayfa","item":"https:\/\/candasmimarlik.com\/yapimarket\/"},{"@type":"ListItem","position":2,"name":"Ma\u011faza","item":"https:\/\/candasmimarlik.com\/yapimarket\/magaza-2-2\/"},{"@type":"ListItem","position":3,"name":"ISONEM ANTI FIRE PAINT 18 KG YANGIN GEC\u0130KT\u0130R\u0130C\u0130 BOYA"}]},{"@type":"WebSite","@id":"https:\/\/candasmimarlik.com\/yapimarket\/#website","url":"https:\/\/candasmimarlik.com\/yapimarket\/","name":"https:\/\/candasmimarlik.com\/candasonline.1","description":"Kolay H\u0131zl\u0131 G&uuml;venli 7\/24 A&ccedil;\u0131k ","publisher":{"@id":"https:\/\/candasmimarlik.com\/yapimarket\/#organization"},"potentialAction":[{"@type":"SearchAction","target":{"@type":"EntryPoint","urlTemplate":"https:\/\/candasmimarlik.com\/yapimarket\/?s={search_term_string}"},"query-input":{"@type":"PropertyValueSpecification","valueRequired":true,"valueName":"search_term_string"}}],"inLanguage":"tr"},{"@type":"Organization","@id":"https:\/\/candasmimarlik.com\/yapimarket\/#organization","name":"Canda\u015f Online","url":"https:\/\/candasmimarlik.com\/yapimarket\/","logo":{"@type":"ImageObject","inLanguage":"tr","@id":"https:\/\/candasmimarlik.com\/yapimarket\/#\/schema\/logo\/image\/","url":"https:\/\/i0.wp.com\/candasmimarlik.com\/yapimarket\/wp-content\/uploads\/2026\/05\/CANDAS-YAPI-MARKET.jpg?fit=2560%2C1280&ssl=1","contentUrl":"https:\/\/i0.wp.com\/candasmimarlik.com\/yapimarket\/wp-content\/uploads\/2026\/05\/CANDAS-YAPI-MARKET.jpg?fit=2560%2C1280&ssl=1","width":2560,"height":1280,"caption":"Canda\u015f Online"},"image":{"@id":"https:\/\/candasmimarlik.com\/yapimarket\/#\/schema\/logo\/image\/"},"sameAs":["https:\/\/www.facebook.com\/candasonlineyapi"]}]}},"jetpack_sharing_enabled":true,"_links":{"self":[{"href":"https:\/\/candasmimarlik.com\/yapimarket\/wp-json\/wp\/v2\/product\/4653","targetHints":{"allow":["GET"]}}],"collection":[{"href":"https:\/\/candasmimarlik.com\/yapimarket\/wp-json\/wp\/v2\/product"}],"about":[{"href":"https:\/\/candasmimarlik.com\/yapimarket\/wp-json\/wp\/v2\/types\/product"}],"replies":[{"embeddable":true,"href":"https:\/\/candasmimarlik.com\/yapimarket\/wp-json\/wp\/v2\/comments?post=4653"}],"wp:featuredmedia":[{"embeddable":true,"href":"https:\/\/candasmimarlik.com\/yapimarket\/wp-json\/wp\/v2\/media\/4084"}],"wp:attachment":[{"href":"https:\/\/candasmimarlik.com\/yapimarket\/wp-json\/wp\/v2\/media?parent=4653"}],"wp:term":[{"taxonomy":"product_brand","embeddable":true,"href":"https:\/\/candasmimarlik.com\/yapimarket\/wp-json\/wp\/v2\/product_brand?post=4653"},{"taxonomy":"product_cat","embeddable":true,"href":"https:\/\/candasmimarlik.com\/yapimarket\/wp-json\/wp\/v2\/product_cat?post=4653"},{"taxonomy":"product_tag","embeddable":true,"href":"https:\/\/candasmimarlik.com\/yapimarket\/wp-json\/wp\/v2\/product_tag?post=4653"}],"curies":[{"name":"wp","href":"https:\/\/api.w.org\/{rel}","templated":true}]}}