{"id":518,"date":"2021-03-26T16:51:11","date_gmt":"2021-03-26T16:51:11","guid":{"rendered":"https:\/\/candasmimarlik.com\/candasonline.1\/?post_type=product&#038;p=518"},"modified":"2024-09-14T16:50:35","modified_gmt":"2024-09-14T16:50:35","slug":"cs300-kapi-modulu","status":"publish","type":"product","link":"https:\/\/candasmimarlik.com\/yapimarket\/product\/cs300-kapi-modulu\/","title":{"rendered":"CS300 KAPI MOD\u00dcL\u00dc"},"content":{"rendered":"<table style=\"height: 137px;\" width=\"846\">\n<tbody>\n<tr>\n<td width=\"434\">Sistem kal\u0131nl\u0131\u011f\u0131 30 mm,profil rengi eloksal ya da boyal\u0131,Mod\u00fcl ebatlar\u0131; y\u00fckseklik 2000-2800 mm,standart enler 300,450,600,900,1200 mm,Sistem a\u011f\u0131rl\u0131\u011f\u0131 25-26\u00a0 Kg\/m2,Dikme profili;Galvanize \u00c7elik,Caml\u0131 \u00fcniteler ;Al\u00fcminyum profiller ve 10 mm cam kullan\u0131larak olu\u015fturulan prefabrike monoblok \u00fcnite, Cam Tipi; 10 mm temperli cam ,Kap\u0131 Kasa \u00dcnitesi;Al\u00fcminyum kasa monoblok \u00fcnite ,kanat ve kilit tak\u0131lm\u0131\u015f,Kap\u0131 Kanad\u0131; cam kanat temperli 10 mm ,Kilit; Barelli kilit-al\u0131n paslanmaz \u00e7elik,Kol;Al\u00fcminyum Tesa kol,K\u00f6\u015fe D\u00f6n\u00fc\u015fleri;90 derece \u00f6zel al\u00fcminyum k\u00f6\u015fe profilleri<\/td>\n<\/tr>\n<\/tbody>\n<\/table>\n","protected":false},"excerpt":{"rendered":"<table style=\"height: 224px;\" width=\"812\">\n<tbody>\n<tr>\n<td width=\"434\">Sistem kal\u0131nl\u0131\u011f\u0131 30 mm,profil rengi eloksal ya da boyal\u0131,Mod\u00fcl ebatlar\u0131; y\u00fckseklik 2000-2800 mm,standart enler 300,450,600,900,1200 mm,Sistem a\u011f\u0131rl\u0131\u011f\u0131 25-26\u00a0 Kg\/m2,Dikme profili;Galvanize \u00c7elik,Caml\u0131 \u00fcniteler ;Al\u00fcminyum profiller ve 10 mm cam kullan\u0131larak olu\u015fturulan prefabrike monoblok \u00fcnite, Cam Tipi; 10 mm temperli cam ,Kap\u0131 Kasa \u00dcnitesi;Al\u00fcminyum kasa monoblok \u00fcnite ,kanat ve kilit tak\u0131lm\u0131\u015f,Kap\u0131 Kanad\u0131; cam kanat temperli 10 mm ,Kilit; Barelli kilit-al\u0131n paslanmaz \u00e7elik,Kol;Al\u00fcminyum Tesa kol,K\u00f6\u015fe D\u00f6n\u00fc\u015fleri;90 derece \u00f6zel al\u00fcminyum k\u00f6\u015fe profilleri<\/td>\n<\/tr>\n<\/tbody>\n<\/table>\n","protected":false},"featured_media":3466,"comment_status":"open","ping_status":"closed","template":"","meta":{"_joinchat":[]},"product_brand":[],"product_cat":[40],"product_tag":[],"class_list":{"0":"post-518","1":"product","2":"type-product","3":"status-publish","4":"has-post-thumbnail","6":"product_cat-uncategorized","8":"first","9":"instock","10":"taxable","11":"shipping-taxable","12":"product-type-simple"},"yoast_head":"<!-- This site is optimized with the Yoast SEO plugin v26.5 - https:\/\/yoast.com\/wordpress\/plugins\/seo\/ -->\n<title>CS300 KAPI MOD\u00dcL\u00dc - Canda\u015f Yap\u0131 Market<\/title>\n<meta name=\"robots\" content=\"index, follow, max-snippet:-1, max-image-preview:large, max-video-preview:-1\" \/>\n<link rel=\"canonical\" href=\"https:\/\/candasmimarlik.com\/yapimarket\/product\/cs300-kapi-modulu\/\" \/>\n<meta property=\"og:locale\" content=\"tr_TR\" \/>\n<meta property=\"og:type\" content=\"article\" \/>\n<meta property=\"og:title\" content=\"CS300 KAPI MOD\u00dcL\u00dc - Canda\u015f Yap\u0131 Market\" \/>\n<meta property=\"og:description\" content=\"Sistem kal\u0131nl\u0131\u011f\u0131 30 mm,profil rengi eloksal ya da boyal\u0131,Mod\u00fcl ebatlar\u0131; y\u00fckseklik 2000-2800 mm,standart enler 300,450,600,900,1200 mm,Sistem a\u011f\u0131rl\u0131\u011f\u0131 25-26\u00a0 Kg\/m2,Dikme profili;Galvanize \u00c7elik,Caml\u0131 \u00fcniteler ;Al\u00fcminyum profiller ve 10 mm cam kullan\u0131larak olu\u015fturulan prefabrike monoblok \u00fcnite, Cam Tipi; 10 mm temperli cam ,Kap\u0131 Kasa \u00dcnitesi;Al\u00fcminyum kasa monoblok \u00fcnite ,kanat ve kilit tak\u0131lm\u0131\u015f,Kap\u0131 Kanad\u0131; cam kanat temperli 10 mm ,Kilit; Barelli kilit-al\u0131n paslanmaz \u00e7elik,Kol;Al\u00fcminyum Tesa kol,K\u00f6\u015fe D\u00f6n\u00fc\u015fleri;90 derece \u00f6zel al\u00fcminyum k\u00f6\u015fe profilleri\" \/>\n<meta property=\"og:url\" content=\"https:\/\/candasmimarlik.com\/yapimarket\/product\/cs300-kapi-modulu\/\" \/>\n<meta property=\"og:site_name\" content=\"Canda\u015f Yap\u0131 Market\" \/>\n<meta property=\"article:publisher\" content=\"https:\/\/www.facebook.com\/candasonlineyapi\" \/>\n<meta property=\"article:modified_time\" content=\"2024-09-14T16:50:35+00:00\" \/>\n<meta property=\"og:image\" content=\"https:\/\/i0.wp.com\/candasmimarlik.com\/yapimarket\/wp-content\/uploads\/2023\/09\/38392242.jpg?fit=620%2C667&ssl=1\" \/>\n\t<meta property=\"og:image:width\" content=\"620\" \/>\n\t<meta property=\"og:image:height\" content=\"667\" \/>\n\t<meta property=\"og:image:type\" content=\"image\/jpeg\" \/>\n<meta name=\"twitter:card\" content=\"summary_large_image\" \/>\n<script type=\"application\/ld+json\" class=\"yoast-schema-graph\">{\"@context\":\"https:\/\/schema.org\",\"@graph\":[{\"@type\":\"WebPage\",\"@id\":\"https:\/\/candasmimarlik.com\/yapimarket\/product\/cs300-kapi-modulu\/\",\"url\":\"https:\/\/candasmimarlik.com\/yapimarket\/product\/cs300-kapi-modulu\/\",\"name\":\"CS300 KAPI MOD\u00dcL\u00dc - Canda\u015f Yap\u0131 Market\",\"isPartOf\":{\"@id\":\"https:\/\/candasmimarlik.com\/yapimarket\/#website\"},\"primaryImageOfPage\":{\"@id\":\"https:\/\/candasmimarlik.com\/yapimarket\/product\/cs300-kapi-modulu\/#primaryimage\"},\"image\":{\"@id\":\"https:\/\/candasmimarlik.com\/yapimarket\/product\/cs300-kapi-modulu\/#primaryimage\"},\"thumbnailUrl\":\"https:\/\/i0.wp.com\/candasmimarlik.com\/yapimarket\/wp-content\/uploads\/2023\/09\/38392242.jpg?fit=620%2C667&ssl=1\",\"datePublished\":\"2021-03-26T16:51:11+00:00\",\"dateModified\":\"2024-09-14T16:50:35+00:00\",\"breadcrumb\":{\"@id\":\"https:\/\/candasmimarlik.com\/yapimarket\/product\/cs300-kapi-modulu\/#breadcrumb\"},\"inLanguage\":\"tr\",\"potentialAction\":[{\"@type\":\"ReadAction\",\"target\":[\"https:\/\/candasmimarlik.com\/yapimarket\/product\/cs300-kapi-modulu\/\"]}]},{\"@type\":\"ImageObject\",\"inLanguage\":\"tr\",\"@id\":\"https:\/\/candasmimarlik.com\/yapimarket\/product\/cs300-kapi-modulu\/#primaryimage\",\"url\":\"https:\/\/i0.wp.com\/candasmimarlik.com\/yapimarket\/wp-content\/uploads\/2023\/09\/38392242.jpg?fit=620%2C667&ssl=1\",\"contentUrl\":\"https:\/\/i0.wp.com\/candasmimarlik.com\/yapimarket\/wp-content\/uploads\/2023\/09\/38392242.jpg?fit=620%2C667&ssl=1\",\"width\":620,\"height\":667},{\"@type\":\"BreadcrumbList\",\"@id\":\"https:\/\/candasmimarlik.com\/yapimarket\/product\/cs300-kapi-modulu\/#breadcrumb\",\"itemListElement\":[{\"@type\":\"ListItem\",\"position\":1,\"name\":\"Anasayfa\",\"item\":\"https:\/\/candasmimarlik.com\/yapimarket\/\"},{\"@type\":\"ListItem\",\"position\":2,\"name\":\"Ma\u011faza\",\"item\":\"https:\/\/candasmimarlik.com\/yapimarket\/magaza-2-2\/\"},{\"@type\":\"ListItem\",\"position\":3,\"name\":\"CS300 KAPI MOD\u00dcL\u00dc\"}]},{\"@type\":\"WebSite\",\"@id\":\"https:\/\/candasmimarlik.com\/yapimarket\/#website\",\"url\":\"https:\/\/candasmimarlik.com\/yapimarket\/\",\"name\":\"https:\/\/candasmimarlik.com\/candasonline.1\",\"description\":\"Kolay H\u0131zl\u0131 G&uuml;venli 7\/24 A&ccedil;\u0131k \",\"publisher\":{\"@id\":\"https:\/\/candasmimarlik.com\/yapimarket\/#organization\"},\"potentialAction\":[{\"@type\":\"SearchAction\",\"target\":{\"@type\":\"EntryPoint\",\"urlTemplate\":\"https:\/\/candasmimarlik.com\/yapimarket\/?s={search_term_string}\"},\"query-input\":{\"@type\":\"PropertyValueSpecification\",\"valueRequired\":true,\"valueName\":\"search_term_string\"}}],\"inLanguage\":\"tr\"},{\"@type\":\"Organization\",\"@id\":\"https:\/\/candasmimarlik.com\/yapimarket\/#organization\",\"name\":\"Canda\u015f Online\",\"url\":\"https:\/\/candasmimarlik.com\/yapimarket\/\",\"logo\":{\"@type\":\"ImageObject\",\"inLanguage\":\"tr\",\"@id\":\"https:\/\/candasmimarlik.com\/yapimarket\/#\/schema\/logo\/image\/\",\"url\":\"https:\/\/i0.wp.com\/candasmimarlik.com\/yapimarket\/wp-content\/uploads\/2026\/05\/CANDAS-YAPI-MARKET.jpg?fit=2560%2C1280&ssl=1\",\"contentUrl\":\"https:\/\/i0.wp.com\/candasmimarlik.com\/yapimarket\/wp-content\/uploads\/2026\/05\/CANDAS-YAPI-MARKET.jpg?fit=2560%2C1280&ssl=1\",\"width\":2560,\"height\":1280,\"caption\":\"Canda\u015f Online\"},\"image\":{\"@id\":\"https:\/\/candasmimarlik.com\/yapimarket\/#\/schema\/logo\/image\/\"},\"sameAs\":[\"https:\/\/www.facebook.com\/candasonlineyapi\"]}]}<\/script>\n<!-- \/ Yoast SEO plugin. -->","yoast_head_json":{"title":"CS300 KAPI MOD\u00dcL\u00dc - Canda\u015f Yap\u0131 Market","robots":{"index":"index","follow":"follow","max-snippet":"max-snippet:-1","max-image-preview":"max-image-preview:large","max-video-preview":"max-video-preview:-1"},"canonical":"https:\/\/candasmimarlik.com\/yapimarket\/product\/cs300-kapi-modulu\/","og_locale":"tr_TR","og_type":"article","og_title":"CS300 KAPI MOD\u00dcL\u00dc - Canda\u015f Yap\u0131 Market","og_description":"Sistem kal\u0131nl\u0131\u011f\u0131 30 mm,profil rengi eloksal ya da boyal\u0131,Mod\u00fcl ebatlar\u0131; y\u00fckseklik 2000-2800 mm,standart enler 300,450,600,900,1200 mm,Sistem a\u011f\u0131rl\u0131\u011f\u0131 25-26\u00a0 Kg\/m2,Dikme profili;Galvanize \u00c7elik,Caml\u0131 \u00fcniteler ;Al\u00fcminyum profiller ve 10 mm cam kullan\u0131larak olu\u015fturulan prefabrike monoblok \u00fcnite, Cam Tipi; 10 mm temperli cam ,Kap\u0131 Kasa \u00dcnitesi;Al\u00fcminyum kasa monoblok \u00fcnite ,kanat ve kilit tak\u0131lm\u0131\u015f,Kap\u0131 Kanad\u0131; cam kanat temperli 10 mm ,Kilit; Barelli kilit-al\u0131n paslanmaz \u00e7elik,Kol;Al\u00fcminyum Tesa kol,K\u00f6\u015fe D\u00f6n\u00fc\u015fleri;90 derece \u00f6zel al\u00fcminyum k\u00f6\u015fe profilleri","og_url":"https:\/\/candasmimarlik.com\/yapimarket\/product\/cs300-kapi-modulu\/","og_site_name":"Canda\u015f Yap\u0131 Market","article_publisher":"https:\/\/www.facebook.com\/candasonlineyapi","article_modified_time":"2024-09-14T16:50:35+00:00","og_image":[{"width":620,"height":667,"url":"https:\/\/i0.wp.com\/candasmimarlik.com\/yapimarket\/wp-content\/uploads\/2023\/09\/38392242.jpg?fit=620%2C667&ssl=1","type":"image\/jpeg"}],"twitter_card":"summary_large_image","schema":{"@context":"https:\/\/schema.org","@graph":[{"@type":"WebPage","@id":"https:\/\/candasmimarlik.com\/yapimarket\/product\/cs300-kapi-modulu\/","url":"https:\/\/candasmimarlik.com\/yapimarket\/product\/cs300-kapi-modulu\/","name":"CS300 KAPI MOD\u00dcL\u00dc - Canda\u015f Yap\u0131 Market","isPartOf":{"@id":"https:\/\/candasmimarlik.com\/yapimarket\/#website"},"primaryImageOfPage":{"@id":"https:\/\/candasmimarlik.com\/yapimarket\/product\/cs300-kapi-modulu\/#primaryimage"},"image":{"@id":"https:\/\/candasmimarlik.com\/yapimarket\/product\/cs300-kapi-modulu\/#primaryimage"},"thumbnailUrl":"https:\/\/i0.wp.com\/candasmimarlik.com\/yapimarket\/wp-content\/uploads\/2023\/09\/38392242.jpg?fit=620%2C667&ssl=1","datePublished":"2021-03-26T16:51:11+00:00","dateModified":"2024-09-14T16:50:35+00:00","breadcrumb":{"@id":"https:\/\/candasmimarlik.com\/yapimarket\/product\/cs300-kapi-modulu\/#breadcrumb"},"inLanguage":"tr","potentialAction":[{"@type":"ReadAction","target":["https:\/\/candasmimarlik.com\/yapimarket\/product\/cs300-kapi-modulu\/"]}]},{"@type":"ImageObject","inLanguage":"tr","@id":"https:\/\/candasmimarlik.com\/yapimarket\/product\/cs300-kapi-modulu\/#primaryimage","url":"https:\/\/i0.wp.com\/candasmimarlik.com\/yapimarket\/wp-content\/uploads\/2023\/09\/38392242.jpg?fit=620%2C667&ssl=1","contentUrl":"https:\/\/i0.wp.com\/candasmimarlik.com\/yapimarket\/wp-content\/uploads\/2023\/09\/38392242.jpg?fit=620%2C667&ssl=1","width":620,"height":667},{"@type":"BreadcrumbList","@id":"https:\/\/candasmimarlik.com\/yapimarket\/product\/cs300-kapi-modulu\/#breadcrumb","itemListElement":[{"@type":"ListItem","position":1,"name":"Anasayfa","item":"https:\/\/candasmimarlik.com\/yapimarket\/"},{"@type":"ListItem","position":2,"name":"Ma\u011faza","item":"https:\/\/candasmimarlik.com\/yapimarket\/magaza-2-2\/"},{"@type":"ListItem","position":3,"name":"CS300 KAPI MOD\u00dcL\u00dc"}]},{"@type":"WebSite","@id":"https:\/\/candasmimarlik.com\/yapimarket\/#website","url":"https:\/\/candasmimarlik.com\/yapimarket\/","name":"https:\/\/candasmimarlik.com\/candasonline.1","description":"Kolay H\u0131zl\u0131 G&uuml;venli 7\/24 A&ccedil;\u0131k ","publisher":{"@id":"https:\/\/candasmimarlik.com\/yapimarket\/#organization"},"potentialAction":[{"@type":"SearchAction","target":{"@type":"EntryPoint","urlTemplate":"https:\/\/candasmimarlik.com\/yapimarket\/?s={search_term_string}"},"query-input":{"@type":"PropertyValueSpecification","valueRequired":true,"valueName":"search_term_string"}}],"inLanguage":"tr"},{"@type":"Organization","@id":"https:\/\/candasmimarlik.com\/yapimarket\/#organization","name":"Canda\u015f Online","url":"https:\/\/candasmimarlik.com\/yapimarket\/","logo":{"@type":"ImageObject","inLanguage":"tr","@id":"https:\/\/candasmimarlik.com\/yapimarket\/#\/schema\/logo\/image\/","url":"https:\/\/i0.wp.com\/candasmimarlik.com\/yapimarket\/wp-content\/uploads\/2026\/05\/CANDAS-YAPI-MARKET.jpg?fit=2560%2C1280&ssl=1","contentUrl":"https:\/\/i0.wp.com\/candasmimarlik.com\/yapimarket\/wp-content\/uploads\/2026\/05\/CANDAS-YAPI-MARKET.jpg?fit=2560%2C1280&ssl=1","width":2560,"height":1280,"caption":"Canda\u015f Online"},"image":{"@id":"https:\/\/candasmimarlik.com\/yapimarket\/#\/schema\/logo\/image\/"},"sameAs":["https:\/\/www.facebook.com\/candasonlineyapi"]}]}},"jetpack_sharing_enabled":true,"_links":{"self":[{"href":"https:\/\/candasmimarlik.com\/yapimarket\/wp-json\/wp\/v2\/product\/518","targetHints":{"allow":["GET"]}}],"collection":[{"href":"https:\/\/candasmimarlik.com\/yapimarket\/wp-json\/wp\/v2\/product"}],"about":[{"href":"https:\/\/candasmimarlik.com\/yapimarket\/wp-json\/wp\/v2\/types\/product"}],"replies":[{"embeddable":true,"href":"https:\/\/candasmimarlik.com\/yapimarket\/wp-json\/wp\/v2\/comments?post=518"}],"wp:featuredmedia":[{"embeddable":true,"href":"https:\/\/candasmimarlik.com\/yapimarket\/wp-json\/wp\/v2\/media\/3466"}],"wp:attachment":[{"href":"https:\/\/candasmimarlik.com\/yapimarket\/wp-json\/wp\/v2\/media?parent=518"}],"wp:term":[{"taxonomy":"product_brand","embeddable":true,"href":"https:\/\/candasmimarlik.com\/yapimarket\/wp-json\/wp\/v2\/product_brand?post=518"},{"taxonomy":"product_cat","embeddable":true,"href":"https:\/\/candasmimarlik.com\/yapimarket\/wp-json\/wp\/v2\/product_cat?post=518"},{"taxonomy":"product_tag","embeddable":true,"href":"https:\/\/candasmimarlik.com\/yapimarket\/wp-json\/wp\/v2\/product_tag?post=518"}],"curies":[{"name":"wp","href":"https:\/\/api.w.org\/{rel}","templated":true}]}}