{"id":788,"date":"2021-08-02T18:28:49","date_gmt":"2021-08-02T18:28:49","guid":{"rendered":"https:\/\/candasmimarlik.com\/candasonline.1\/?post_type=product&#038;p=788"},"modified":"2024-09-14T16:51:34","modified_gmt":"2024-09-14T16:51:34","slug":"panel-30-mm-ust-kaplama-aluminyum-folyo-alt-aluminyum-folyo","status":"publish","type":"product","link":"https:\/\/candasmimarlik.com\/yapimarket\/product\/panel-30-mm-ust-kaplama-aluminyum-folyo-alt-aluminyum-folyo\/","title":{"rendered":"PANEL 30 MM \u00dcST KAPLAMA AL\u00dcM\u0130NYUM FOLYO ALT AL\u00dcM\u0130NYUM FOLYO"},"content":{"rendered":"<table style=\"height: 81px;\" width=\"892\">\n<tbody>\n<tr>\n<td width=\"267\">PANEL 30 MM UST AL\u00dcM\u0130NYUM FOLYO\u00a0 ALT AL\u00dcM\u0130NYUM FOLYO\u00a0 30 mm kal\u0131nl\u0131kta y\u00fcksek dayan\u0131ml\u0131 sunta \u00f6zl\u00fc,kenarlar\u0131 sert pvc kenar band\u0131 ile korunan panel.<\/td>\n<\/tr>\n<\/tbody>\n<\/table>\n<p>&nbsp;<\/p>\n<p>&nbsp;<\/p>\n<p>&nbsp;<\/p>\n","protected":false},"excerpt":{"rendered":"<p>PANEL 30 MM UST AL\u00dcM\u0130NYUM FOLYO\u00a0 ALT AL\u00dcM\u0130NYUM FOLYO\u00a0 30 mm kal\u0131nl\u0131kta y\u00fcksek dayan\u0131ml\u0131 sunta \u00f6zl\u00fc,kenarlar\u0131 sert pvc kenar band\u0131 ile korunan panel. &nbsp; &nbsp; &nbsp;<\/p>\n","protected":false},"featured_media":3510,"comment_status":"open","ping_status":"closed","template":"","meta":{"_joinchat":[]},"product_brand":[],"product_cat":[40],"product_tag":[144],"class_list":{"0":"post-788","1":"product","2":"type-product","3":"status-publish","4":"has-post-thumbnail","6":"product_cat-uncategorized","7":"product_tag-panel-30-mm-ust-kaplama-aluminyum-folyo-alt-aluminyum-folyo","9":"first","10":"instock","11":"taxable","12":"shipping-taxable","13":"product-type-simple"},"yoast_head":"<!-- This site is optimized with the Yoast SEO plugin v26.5 - https:\/\/yoast.com\/wordpress\/plugins\/seo\/ -->\n<title>PANEL 30 MM \u00dcST KAPLAMA AL\u00dcM\u0130NYUM FOLYO ALT AL\u00dcM\u0130NYUM FOLYO - Canda\u015f Yap\u0131 Market<\/title>\n<meta name=\"robots\" content=\"index, follow, max-snippet:-1, max-image-preview:large, max-video-preview:-1\" \/>\n<link rel=\"canonical\" href=\"https:\/\/candasmimarlik.com\/yapimarket\/product\/panel-30-mm-ust-kaplama-aluminyum-folyo-alt-aluminyum-folyo\/\" \/>\n<meta property=\"og:locale\" content=\"tr_TR\" \/>\n<meta property=\"og:type\" content=\"article\" \/>\n<meta property=\"og:title\" content=\"PANEL 30 MM \u00dcST KAPLAMA AL\u00dcM\u0130NYUM FOLYO ALT AL\u00dcM\u0130NYUM FOLYO - Canda\u015f Yap\u0131 Market\" \/>\n<meta property=\"og:description\" content=\"PANEL 30 MM UST AL\u00dcM\u0130NYUM FOLYO\u00a0 ALT AL\u00dcM\u0130NYUM FOLYO\u00a0 30 mm kal\u0131nl\u0131kta y\u00fcksek dayan\u0131ml\u0131 sunta \u00f6zl\u00fc,kenarlar\u0131 sert pvc kenar band\u0131 ile korunan panel. &nbsp; &nbsp; &nbsp;\" \/>\n<meta property=\"og:url\" content=\"https:\/\/candasmimarlik.com\/yapimarket\/product\/panel-30-mm-ust-kaplama-aluminyum-folyo-alt-aluminyum-folyo\/\" \/>\n<meta property=\"og:site_name\" content=\"Canda\u015f Yap\u0131 Market\" \/>\n<meta property=\"article:publisher\" content=\"https:\/\/www.facebook.com\/candasonlineyapi\" \/>\n<meta property=\"article:modified_time\" content=\"2024-09-14T16:51:34+00:00\" \/>\n<meta property=\"og:image\" content=\"https:\/\/i0.wp.com\/candasmimarlik.com\/yapimarket\/wp-content\/uploads\/2023\/09\/folyo2.jpg?fit=600%2C450&ssl=1\" \/>\n\t<meta property=\"og:image:width\" content=\"600\" \/>\n\t<meta property=\"og:image:height\" content=\"450\" \/>\n\t<meta property=\"og:image:type\" content=\"image\/jpeg\" \/>\n<meta name=\"twitter:card\" content=\"summary_large_image\" \/>\n<script type=\"application\/ld+json\" class=\"yoast-schema-graph\">{\"@context\":\"https:\/\/schema.org\",\"@graph\":[{\"@type\":\"WebPage\",\"@id\":\"https:\/\/candasmimarlik.com\/yapimarket\/product\/panel-30-mm-ust-kaplama-aluminyum-folyo-alt-aluminyum-folyo\/\",\"url\":\"https:\/\/candasmimarlik.com\/yapimarket\/product\/panel-30-mm-ust-kaplama-aluminyum-folyo-alt-aluminyum-folyo\/\",\"name\":\"PANEL 30 MM \u00dcST KAPLAMA AL\u00dcM\u0130NYUM FOLYO ALT AL\u00dcM\u0130NYUM FOLYO - Canda\u015f Yap\u0131 Market\",\"isPartOf\":{\"@id\":\"https:\/\/candasmimarlik.com\/yapimarket\/#website\"},\"primaryImageOfPage\":{\"@id\":\"https:\/\/candasmimarlik.com\/yapimarket\/product\/panel-30-mm-ust-kaplama-aluminyum-folyo-alt-aluminyum-folyo\/#primaryimage\"},\"image\":{\"@id\":\"https:\/\/candasmimarlik.com\/yapimarket\/product\/panel-30-mm-ust-kaplama-aluminyum-folyo-alt-aluminyum-folyo\/#primaryimage\"},\"thumbnailUrl\":\"https:\/\/i0.wp.com\/candasmimarlik.com\/yapimarket\/wp-content\/uploads\/2023\/09\/folyo2.jpg?fit=600%2C450&ssl=1\",\"datePublished\":\"2021-08-02T18:28:49+00:00\",\"dateModified\":\"2024-09-14T16:51:34+00:00\",\"breadcrumb\":{\"@id\":\"https:\/\/candasmimarlik.com\/yapimarket\/product\/panel-30-mm-ust-kaplama-aluminyum-folyo-alt-aluminyum-folyo\/#breadcrumb\"},\"inLanguage\":\"tr\",\"potentialAction\":[{\"@type\":\"ReadAction\",\"target\":[\"https:\/\/candasmimarlik.com\/yapimarket\/product\/panel-30-mm-ust-kaplama-aluminyum-folyo-alt-aluminyum-folyo\/\"]}]},{\"@type\":\"ImageObject\",\"inLanguage\":\"tr\",\"@id\":\"https:\/\/candasmimarlik.com\/yapimarket\/product\/panel-30-mm-ust-kaplama-aluminyum-folyo-alt-aluminyum-folyo\/#primaryimage\",\"url\":\"https:\/\/i0.wp.com\/candasmimarlik.com\/yapimarket\/wp-content\/uploads\/2023\/09\/folyo2.jpg?fit=600%2C450&ssl=1\",\"contentUrl\":\"https:\/\/i0.wp.com\/candasmimarlik.com\/yapimarket\/wp-content\/uploads\/2023\/09\/folyo2.jpg?fit=600%2C450&ssl=1\",\"width\":600,\"height\":450},{\"@type\":\"BreadcrumbList\",\"@id\":\"https:\/\/candasmimarlik.com\/yapimarket\/product\/panel-30-mm-ust-kaplama-aluminyum-folyo-alt-aluminyum-folyo\/#breadcrumb\",\"itemListElement\":[{\"@type\":\"ListItem\",\"position\":1,\"name\":\"Anasayfa\",\"item\":\"https:\/\/candasmimarlik.com\/yapimarket\/\"},{\"@type\":\"ListItem\",\"position\":2,\"name\":\"Ma\u011faza\",\"item\":\"https:\/\/candasmimarlik.com\/yapimarket\/magaza-2-2\/\"},{\"@type\":\"ListItem\",\"position\":3,\"name\":\"PANEL 30 MM \u00dcST KAPLAMA AL\u00dcM\u0130NYUM FOLYO ALT AL\u00dcM\u0130NYUM FOLYO\"}]},{\"@type\":\"WebSite\",\"@id\":\"https:\/\/candasmimarlik.com\/yapimarket\/#website\",\"url\":\"https:\/\/candasmimarlik.com\/yapimarket\/\",\"name\":\"https:\/\/candasmimarlik.com\/candasonline.1\",\"description\":\"Kolay H\u0131zl\u0131 G&uuml;venli 7\/24 A&ccedil;\u0131k \",\"publisher\":{\"@id\":\"https:\/\/candasmimarlik.com\/yapimarket\/#organization\"},\"potentialAction\":[{\"@type\":\"SearchAction\",\"target\":{\"@type\":\"EntryPoint\",\"urlTemplate\":\"https:\/\/candasmimarlik.com\/yapimarket\/?s={search_term_string}\"},\"query-input\":{\"@type\":\"PropertyValueSpecification\",\"valueRequired\":true,\"valueName\":\"search_term_string\"}}],\"inLanguage\":\"tr\"},{\"@type\":\"Organization\",\"@id\":\"https:\/\/candasmimarlik.com\/yapimarket\/#organization\",\"name\":\"Canda\u015f Online\",\"url\":\"https:\/\/candasmimarlik.com\/yapimarket\/\",\"logo\":{\"@type\":\"ImageObject\",\"inLanguage\":\"tr\",\"@id\":\"https:\/\/candasmimarlik.com\/yapimarket\/#\/schema\/logo\/image\/\",\"url\":\"https:\/\/i0.wp.com\/candasmimarlik.com\/yapimarket\/wp-content\/uploads\/2026\/05\/CANDAS-YAPI-MARKET.jpg?fit=2560%2C1280&ssl=1\",\"contentUrl\":\"https:\/\/i0.wp.com\/candasmimarlik.com\/yapimarket\/wp-content\/uploads\/2026\/05\/CANDAS-YAPI-MARKET.jpg?fit=2560%2C1280&ssl=1\",\"width\":2560,\"height\":1280,\"caption\":\"Canda\u015f Online\"},\"image\":{\"@id\":\"https:\/\/candasmimarlik.com\/yapimarket\/#\/schema\/logo\/image\/\"},\"sameAs\":[\"https:\/\/www.facebook.com\/candasonlineyapi\"]}]}<\/script>\n<!-- \/ Yoast SEO plugin. -->","yoast_head_json":{"title":"PANEL 30 MM \u00dcST KAPLAMA AL\u00dcM\u0130NYUM FOLYO ALT AL\u00dcM\u0130NYUM FOLYO - Canda\u015f Yap\u0131 Market","robots":{"index":"index","follow":"follow","max-snippet":"max-snippet:-1","max-image-preview":"max-image-preview:large","max-video-preview":"max-video-preview:-1"},"canonical":"https:\/\/candasmimarlik.com\/yapimarket\/product\/panel-30-mm-ust-kaplama-aluminyum-folyo-alt-aluminyum-folyo\/","og_locale":"tr_TR","og_type":"article","og_title":"PANEL 30 MM \u00dcST KAPLAMA AL\u00dcM\u0130NYUM FOLYO ALT AL\u00dcM\u0130NYUM FOLYO - Canda\u015f Yap\u0131 Market","og_description":"PANEL 30 MM UST AL\u00dcM\u0130NYUM FOLYO\u00a0 ALT AL\u00dcM\u0130NYUM FOLYO\u00a0 30 mm kal\u0131nl\u0131kta y\u00fcksek dayan\u0131ml\u0131 sunta \u00f6zl\u00fc,kenarlar\u0131 sert pvc kenar band\u0131 ile korunan panel. &nbsp; &nbsp; &nbsp;","og_url":"https:\/\/candasmimarlik.com\/yapimarket\/product\/panel-30-mm-ust-kaplama-aluminyum-folyo-alt-aluminyum-folyo\/","og_site_name":"Canda\u015f Yap\u0131 Market","article_publisher":"https:\/\/www.facebook.com\/candasonlineyapi","article_modified_time":"2024-09-14T16:51:34+00:00","og_image":[{"width":600,"height":450,"url":"https:\/\/i0.wp.com\/candasmimarlik.com\/yapimarket\/wp-content\/uploads\/2023\/09\/folyo2.jpg?fit=600%2C450&ssl=1","type":"image\/jpeg"}],"twitter_card":"summary_large_image","schema":{"@context":"https:\/\/schema.org","@graph":[{"@type":"WebPage","@id":"https:\/\/candasmimarlik.com\/yapimarket\/product\/panel-30-mm-ust-kaplama-aluminyum-folyo-alt-aluminyum-folyo\/","url":"https:\/\/candasmimarlik.com\/yapimarket\/product\/panel-30-mm-ust-kaplama-aluminyum-folyo-alt-aluminyum-folyo\/","name":"PANEL 30 MM \u00dcST KAPLAMA AL\u00dcM\u0130NYUM FOLYO ALT AL\u00dcM\u0130NYUM FOLYO - Canda\u015f Yap\u0131 Market","isPartOf":{"@id":"https:\/\/candasmimarlik.com\/yapimarket\/#website"},"primaryImageOfPage":{"@id":"https:\/\/candasmimarlik.com\/yapimarket\/product\/panel-30-mm-ust-kaplama-aluminyum-folyo-alt-aluminyum-folyo\/#primaryimage"},"image":{"@id":"https:\/\/candasmimarlik.com\/yapimarket\/product\/panel-30-mm-ust-kaplama-aluminyum-folyo-alt-aluminyum-folyo\/#primaryimage"},"thumbnailUrl":"https:\/\/i0.wp.com\/candasmimarlik.com\/yapimarket\/wp-content\/uploads\/2023\/09\/folyo2.jpg?fit=600%2C450&ssl=1","datePublished":"2021-08-02T18:28:49+00:00","dateModified":"2024-09-14T16:51:34+00:00","breadcrumb":{"@id":"https:\/\/candasmimarlik.com\/yapimarket\/product\/panel-30-mm-ust-kaplama-aluminyum-folyo-alt-aluminyum-folyo\/#breadcrumb"},"inLanguage":"tr","potentialAction":[{"@type":"ReadAction","target":["https:\/\/candasmimarlik.com\/yapimarket\/product\/panel-30-mm-ust-kaplama-aluminyum-folyo-alt-aluminyum-folyo\/"]}]},{"@type":"ImageObject","inLanguage":"tr","@id":"https:\/\/candasmimarlik.com\/yapimarket\/product\/panel-30-mm-ust-kaplama-aluminyum-folyo-alt-aluminyum-folyo\/#primaryimage","url":"https:\/\/i0.wp.com\/candasmimarlik.com\/yapimarket\/wp-content\/uploads\/2023\/09\/folyo2.jpg?fit=600%2C450&ssl=1","contentUrl":"https:\/\/i0.wp.com\/candasmimarlik.com\/yapimarket\/wp-content\/uploads\/2023\/09\/folyo2.jpg?fit=600%2C450&ssl=1","width":600,"height":450},{"@type":"BreadcrumbList","@id":"https:\/\/candasmimarlik.com\/yapimarket\/product\/panel-30-mm-ust-kaplama-aluminyum-folyo-alt-aluminyum-folyo\/#breadcrumb","itemListElement":[{"@type":"ListItem","position":1,"name":"Anasayfa","item":"https:\/\/candasmimarlik.com\/yapimarket\/"},{"@type":"ListItem","position":2,"name":"Ma\u011faza","item":"https:\/\/candasmimarlik.com\/yapimarket\/magaza-2-2\/"},{"@type":"ListItem","position":3,"name":"PANEL 30 MM \u00dcST KAPLAMA AL\u00dcM\u0130NYUM FOLYO ALT AL\u00dcM\u0130NYUM FOLYO"}]},{"@type":"WebSite","@id":"https:\/\/candasmimarlik.com\/yapimarket\/#website","url":"https:\/\/candasmimarlik.com\/yapimarket\/","name":"https:\/\/candasmimarlik.com\/candasonline.1","description":"Kolay H\u0131zl\u0131 G&uuml;venli 7\/24 A&ccedil;\u0131k ","publisher":{"@id":"https:\/\/candasmimarlik.com\/yapimarket\/#organization"},"potentialAction":[{"@type":"SearchAction","target":{"@type":"EntryPoint","urlTemplate":"https:\/\/candasmimarlik.com\/yapimarket\/?s={search_term_string}"},"query-input":{"@type":"PropertyValueSpecification","valueRequired":true,"valueName":"search_term_string"}}],"inLanguage":"tr"},{"@type":"Organization","@id":"https:\/\/candasmimarlik.com\/yapimarket\/#organization","name":"Canda\u015f Online","url":"https:\/\/candasmimarlik.com\/yapimarket\/","logo":{"@type":"ImageObject","inLanguage":"tr","@id":"https:\/\/candasmimarlik.com\/yapimarket\/#\/schema\/logo\/image\/","url":"https:\/\/i0.wp.com\/candasmimarlik.com\/yapimarket\/wp-content\/uploads\/2026\/05\/CANDAS-YAPI-MARKET.jpg?fit=2560%2C1280&ssl=1","contentUrl":"https:\/\/i0.wp.com\/candasmimarlik.com\/yapimarket\/wp-content\/uploads\/2026\/05\/CANDAS-YAPI-MARKET.jpg?fit=2560%2C1280&ssl=1","width":2560,"height":1280,"caption":"Canda\u015f Online"},"image":{"@id":"https:\/\/candasmimarlik.com\/yapimarket\/#\/schema\/logo\/image\/"},"sameAs":["https:\/\/www.facebook.com\/candasonlineyapi"]}]}},"jetpack_sharing_enabled":true,"_links":{"self":[{"href":"https:\/\/candasmimarlik.com\/yapimarket\/wp-json\/wp\/v2\/product\/788","targetHints":{"allow":["GET"]}}],"collection":[{"href":"https:\/\/candasmimarlik.com\/yapimarket\/wp-json\/wp\/v2\/product"}],"about":[{"href":"https:\/\/candasmimarlik.com\/yapimarket\/wp-json\/wp\/v2\/types\/product"}],"replies":[{"embeddable":true,"href":"https:\/\/candasmimarlik.com\/yapimarket\/wp-json\/wp\/v2\/comments?post=788"}],"wp:featuredmedia":[{"embeddable":true,"href":"https:\/\/candasmimarlik.com\/yapimarket\/wp-json\/wp\/v2\/media\/3510"}],"wp:attachment":[{"href":"https:\/\/candasmimarlik.com\/yapimarket\/wp-json\/wp\/v2\/media?parent=788"}],"wp:term":[{"taxonomy":"product_brand","embeddable":true,"href":"https:\/\/candasmimarlik.com\/yapimarket\/wp-json\/wp\/v2\/product_brand?post=788"},{"taxonomy":"product_cat","embeddable":true,"href":"https:\/\/candasmimarlik.com\/yapimarket\/wp-json\/wp\/v2\/product_cat?post=788"},{"taxonomy":"product_tag","embeddable":true,"href":"https:\/\/candasmimarlik.com\/yapimarket\/wp-json\/wp\/v2\/product_tag?post=788"}],"curies":[{"name":"wp","href":"https:\/\/api.w.org\/{rel}","templated":true}]}}